{"id":180,"date":"2020-05-25T18:17:07","date_gmt":"2020-05-25T18:17:07","guid":{"rendered":"https:\/\/www.cetys.mx\/trends\/?page_id=180"},"modified":"2020-05-25T19:16:11","modified_gmt":"2020-05-25T19:16:11","slug":"boletin","status":"publish","type":"page","link":"https:\/\/www.cetys.mx\/trends\/boletin\/","title":{"rendered":"Boletin"},"content":{"rendered":"<div class=\"vce-row-container\"><div class=\"vce-row vce-element--has-background vce-row--col-gap-30 vce-row-columns--top vce-row-content--top\" data-vce-full-width=\"true\" id=\"el-2a0d5310\" data-vce-do-apply=\"all el-2a0d5310\"><div class=\"vce-content-background-container\"><\/div><div class=\"vce-row-content\" data-vce-element-content=\"true\" style=\"padding-left: 161.5px; padding-right: 161.5px;\"><div class=\"vce-col vce-col--md-auto vce-col--xs-1 vce-col--xs-last vce-col--xs-first vce-col--sm-last vce-col--sm-first vce-col--md-last vce-col--lg-last vce-col--xl-last vce-col--md-first vce-col--lg-first vce-col--xl-first\" id=\"el-5abdeba0\"><div class=\"vce-col-inner\" data-vce-do-apply=\"border margin background  el-5abdeba0\"><div class=\"vce-content-background-container\"><\/div><div class=\"vce-col-content\" data-vce-element-content=\"true\" data-vce-do-apply=\"padding el-5abdeba0\"><div class=\"vce-text-block\"><div class=\"vce-text-block-wrapper vce\" id=\"el-312bc803\" data-vce-do-apply=\"all el-312bc803\"><p><span style=\"font-size: 24pt; font-weight: bold; font-style: normal;\"><strong>Estemos en contacto<\/strong><\/span><\/p><\/div><\/div><\/div><\/div><\/div><\/div><\/div><\/div><div class=\"vce-row-container\"><div class=\"vce-row vce-row--has-col-background vce-element--has-background vce-row--col-gap-80 vce-row-columns--top vce-row-content--top\" data-vce-full-width=\"true\" id=\"el-3766687a\" data-vce-do-apply=\"all el-3766687a\"><div class=\"vce-content-background-container\"><\/div><div class=\"vce-row-content\" data-vce-element-content=\"true\" style=\"padding-left: 161.5px; padding-right: 161.5px;\"><div class=\"vce-col vce-col--md-auto vce-col--xs-1 vce-col--xs-last vce-col--xs-first vce-col--sm-last vce-col--sm-first vce-col--md-first vce-col--lg-first vce-col--xl-first\" id=\"el-92ddc489\"><div class=\"vce-col-inner\" data-vce-do-apply=\"border margin background  el-92ddc489\"><div class=\"vce-col-content\" data-vce-element-content=\"true\" data-vce-do-apply=\"padding el-92ddc489\"><div class=\"vce-text-block\"><div class=\"vce-text-block-wrapper vce\" id=\"el-cfb18ca1\" data-vce-do-apply=\"all el-cfb18ca1\"><p>&nbsp;<\/p><p><strong><span style=\"font-size: 30pt;\">\u00bfTe gustar\u00eda conocer m\u00e1s y enterarte a tiempo?<\/span><\/strong><\/p><\/div><\/div><div class=\"vce-text-block\"><div class=\"vce-text-block-wrapper vce\" id=\"el-4c44644f\" data-vce-do-apply=\"all el-4c44644f\"><p><strong><span style=\"font-size: 30pt;\">Suscr\u00edbete a nuestro bolet\u00edn.<\/span><\/strong><\/p><\/div><\/div><\/div><\/div><\/div><div class=\"vce-col vce-element--has-background vce-col--md-auto vce-col--xs-1 vce-col--xs-last vce-col--xs-first vce-col--sm-last vce-col--sm-first vce-col--md-last vce-col--lg-last vce-col--xl-last\" id=\"el-a9c8453e\"><div class=\"vce-col-inner\" data-vce-do-apply=\"border margin background  el-a9c8453e\"><div class=\"vce-content-background-container\"><\/div><div class=\"vce-col-content\" data-vce-element-content=\"true\" data-vce-do-apply=\"padding el-a9c8453e\"><div class=\"vce-text-block boletin-form\"><div class=\"vce-text-block-wrapper vce\" id=\"el-4132ea66\" data-vce-do-apply=\"all el-4132ea66\"><p><div class=\"wpcf7 no-js\" id=\"wpcf7-f193-o1\" lang=\"es-MX\" dir=\"ltr\">\n<div class=\"screen-reader-response\"><p role=\"status\" aria-live=\"polite\" aria-atomic=\"true\"><\/p> <ul><\/ul><\/div>\n<form action=\"\/trends\/wp-json\/wp\/v2\/pages\/180#wpcf7-f193-o1\" method=\"post\" class=\"wpcf7-form init\" aria-label=\"Contact form\" novalidate=\"novalidate\" data-status=\"init\">\n<div style=\"display: none;\">\n<input type=\"hidden\" name=\"_wpcf7\" value=\"193\" \/>\n<input type=\"hidden\" name=\"_wpcf7_version\" value=\"5.7.1\" \/>\n<input type=\"hidden\" name=\"_wpcf7_locale\" value=\"es_MX\" \/>\n<input type=\"hidden\" name=\"_wpcf7_unit_tag\" value=\"wpcf7-f193-o1\" \/>\n<input type=\"hidden\" name=\"_wpcf7_container_post\" value=\"0\" \/>\n<input type=\"hidden\" name=\"_wpcf7_posted_data_hash\" value=\"\" \/>\n<\/div>\n<p><span class=\"wpcf7-form-control-wrap\" data-name=\"nombre\"><input size=\"40\" class=\"wpcf7-form-control wpcf7-text wpcf7-validates-as-required\" aria-required=\"true\" aria-invalid=\"false\" placeholder=\"Nombre completo\" value=\"\" type=\"text\" name=\"nombre\" \/><\/span>\n<\/p>\n<p><span class=\"wpcf7-form-control-wrap\" data-name=\"correo\"><input size=\"40\" class=\"wpcf7-form-control wpcf7-text wpcf7-email wpcf7-validates-as-required wpcf7-validates-as-email\" aria-required=\"true\" aria-invalid=\"false\" placeholder=\"Correo electr\u00f3nico\" value=\"\" type=\"email\" name=\"correo\" \/><\/span>\n<\/p>\n<p><span class=\"wpcf7-form-control-wrap\" data-name=\"fecha-nacimiento\"><input class=\"wpcf7-form-control wpcf7-date wpcf7-validates-as-required wpcf7-validates-as-date\" aria-required=\"true\" aria-invalid=\"false\" placeholder=\"Fecha de nacimiento\" value=\"\" type=\"date\" name=\"fecha-nacimiento\" \/><\/span>\n<\/p>\n<p><strong>Queremos que recibas lo que realmente te interesa, elige los temas de los cuales te gustar\u00eda conocer m\u00e1s:<\/strong>\n<\/p>\n<p><span class=\"wpcf7-form-control-wrap\" data-name=\"temas\"><span class=\"wpcf7-form-control wpcf7-checkbox\"><span class=\"wpcf7-list-item first\"><input type=\"checkbox\" name=\"temas[]\" value=\"Emprendimiento\" tabindex=\"\" \/><span class=\"wpcf7-list-item-label\">Emprendimiento<\/span><\/span><span class=\"wpcf7-list-item\"><input type=\"checkbox\" name=\"temas[]\" value=\"Innovaci\u00f3n\" tabindex=\"\" \/><span class=\"wpcf7-list-item-label\">Innovaci\u00f3n<\/span><\/span><span class=\"wpcf7-list-item\"><input type=\"checkbox\" name=\"temas[]\" value=\"Tecnolog\u00eda\" tabindex=\"\" \/><span class=\"wpcf7-list-item-label\">Tecnolog\u00eda<\/span><\/span><span class=\"wpcf7-list-item\"><input type=\"checkbox\" name=\"temas[]\" value=\"Ciencia\" tabindex=\"\" \/><span class=\"wpcf7-list-item-label\">Ciencia<\/span><\/span><span class=\"wpcf7-list-item last\"><input type=\"checkbox\" name=\"temas[]\" value=\"Educaci\u00f3n\" tabindex=\"\" \/><span class=\"wpcf7-list-item-label\">Educaci\u00f3n<\/span><\/span><\/span><\/span>\n<\/p>\n<center>\n\t<p><span class=\"wpcf7-form-control-wrap\" data-name=\"acceptance-167\"><span class=\"wpcf7-form-control wpcf7-acceptance\"><span class=\"wpcf7-list-item\"><label><input type=\"checkbox\" name=\"acceptance-167\" value=\"1\" aria-invalid=\"false\" \/><span class=\"wpcf7-list-item-label\">Acepto los t\u00e9rminos y condiciones<\/span><\/label><\/span><\/span><\/span><br \/>\n<input class=\"wpcf7-form-control has-spinner wpcf7-submit btn-enviar\" type=\"submit\" value=\"Enviar respuestas\" \/>\n\t<\/p>\n<\/center><div class=\"wpcf7-response-output\" aria-hidden=\"true\"><\/div><\/form><\/div><\/p><\/div><\/div><\/div><\/div><\/div><\/div><\/div><\/div>\n","protected":false},"excerpt":{"rendered":"<p>Estemos en contacto&nbsp;\u00bfTe gustar\u00eda conocer m\u00e1s y enterarte a tiempo?Suscr\u00edbete a nuestro bolet\u00edn.<\/p>\n","protected":false},"author":1,"featured_media":0,"parent":0,"menu_order":0,"comment_status":"closed","ping_status":"closed","template":"","meta":[],"acf":[],"yoast_head":"<!-- This site is optimized with the Yoast SEO plugin v19.13 - https:\/\/yoast.com\/wordpress\/plugins\/seo\/ -->\n<title>Boletin - CETYS Trends<\/title>\n<meta name=\"robots\" content=\"index, follow, max-snippet:-1, max-image-preview:large, max-video-preview:-1\" \/>\n<link rel=\"canonical\" href=\"https:\/\/www.cetys.mx\/trends\/boletin\/\" \/>\n<meta property=\"og:locale\" content=\"es_MX\" \/>\n<meta property=\"og:type\" content=\"article\" \/>\n<meta property=\"og:title\" content=\"Boletin - CETYS Trends\" \/>\n<meta property=\"og:description\" content=\"Estemos en contacto&nbsp;\u00bfTe gustar\u00eda conocer m\u00e1s y enterarte a tiempo?Suscr\u00edbete a nuestro bolet\u00edn.\" \/>\n<meta property=\"og:url\" content=\"https:\/\/www.cetys.mx\/trends\/boletin\/\" \/>\n<meta property=\"og:site_name\" content=\"CETYS Trends\" \/>\n<meta property=\"article:modified_time\" content=\"2020-05-25T19:16:11+00:00\" \/>\n<meta name=\"twitter:card\" content=\"summary_large_image\" \/>\n<script type=\"application\/ld+json\" class=\"yoast-schema-graph\">{\"@context\":\"https:\/\/schema.org\",\"@graph\":[{\"@type\":\"WebPage\",\"@id\":\"https:\/\/www.cetys.mx\/trends\/boletin\/\",\"url\":\"https:\/\/www.cetys.mx\/trends\/boletin\/\",\"name\":\"Boletin - CETYS Trends\",\"isPartOf\":{\"@id\":\"https:\/\/www.cetys.mx\/trends\/#website\"},\"datePublished\":\"2020-05-25T18:17:07+00:00\",\"dateModified\":\"2020-05-25T19:16:11+00:00\",\"breadcrumb\":{\"@id\":\"https:\/\/www.cetys.mx\/trends\/boletin\/#breadcrumb\"},\"inLanguage\":\"es-MX\",\"potentialAction\":[{\"@type\":\"ReadAction\",\"target\":[\"https:\/\/www.cetys.mx\/trends\/boletin\/\"]}]},{\"@type\":\"BreadcrumbList\",\"@id\":\"https:\/\/www.cetys.mx\/trends\/boletin\/#breadcrumb\",\"itemListElement\":[{\"@type\":\"ListItem\",\"position\":1,\"name\":\"Home\",\"item\":\"https:\/\/www.cetys.mx\/trends\/\"},{\"@type\":\"ListItem\",\"position\":2,\"name\":\"Boletin\"}]},{\"@type\":\"WebSite\",\"@id\":\"https:\/\/www.cetys.mx\/trends\/#website\",\"url\":\"https:\/\/www.cetys.mx\/trends\/\",\"name\":\"CETYS Trends\",\"description\":\"Noticias, Opini\u00f3n, Blog.\",\"publisher\":{\"@id\":\"https:\/\/www.cetys.mx\/trends\/#organization\"},\"potentialAction\":[{\"@type\":\"SearchAction\",\"target\":{\"@type\":\"EntryPoint\",\"urlTemplate\":\"https:\/\/www.cetys.mx\/trends\/?s={search_term_string}\"},\"query-input\":\"required name=search_term_string\"}],\"inLanguage\":\"es-MX\"},{\"@type\":\"Organization\",\"@id\":\"https:\/\/www.cetys.mx\/trends\/#organization\",\"name\":\"CETYS Trends\",\"url\":\"https:\/\/www.cetys.mx\/trends\/\",\"logo\":{\"@type\":\"ImageObject\",\"inLanguage\":\"es-MX\",\"@id\":\"https:\/\/www.cetys.mx\/trends\/#\/schema\/logo\/image\/\",\"url\":\"https:\/\/www.cetys.mx\/trends\/wp-content\/uploads\/2020\/03\/cetys-trends-logo.png\",\"contentUrl\":\"https:\/\/www.cetys.mx\/trends\/wp-content\/uploads\/2020\/03\/cetys-trends-logo.png\",\"width\":600,\"height\":161,\"caption\":\"CETYS Trends\"},\"image\":{\"@id\":\"https:\/\/www.cetys.mx\/trends\/#\/schema\/logo\/image\/\"}}]}<\/script>\n<!-- \/ Yoast SEO plugin. -->","yoast_head_json":{"title":"Boletin - CETYS Trends","robots":{"index":"index","follow":"follow","max-snippet":"max-snippet:-1","max-image-preview":"max-image-preview:large","max-video-preview":"max-video-preview:-1"},"canonical":"https:\/\/www.cetys.mx\/trends\/boletin\/","og_locale":"es_MX","og_type":"article","og_title":"Boletin - CETYS Trends","og_description":"Estemos en contacto&nbsp;\u00bfTe gustar\u00eda conocer m\u00e1s y enterarte a tiempo?Suscr\u00edbete a nuestro bolet\u00edn.","og_url":"https:\/\/www.cetys.mx\/trends\/boletin\/","og_site_name":"CETYS Trends","article_modified_time":"2020-05-25T19:16:11+00:00","twitter_card":"summary_large_image","schema":{"@context":"https:\/\/schema.org","@graph":[{"@type":"WebPage","@id":"https:\/\/www.cetys.mx\/trends\/boletin\/","url":"https:\/\/www.cetys.mx\/trends\/boletin\/","name":"Boletin - CETYS Trends","isPartOf":{"@id":"https:\/\/www.cetys.mx\/trends\/#website"},"datePublished":"2020-05-25T18:17:07+00:00","dateModified":"2020-05-25T19:16:11+00:00","breadcrumb":{"@id":"https:\/\/www.cetys.mx\/trends\/boletin\/#breadcrumb"},"inLanguage":"es-MX","potentialAction":[{"@type":"ReadAction","target":["https:\/\/www.cetys.mx\/trends\/boletin\/"]}]},{"@type":"BreadcrumbList","@id":"https:\/\/www.cetys.mx\/trends\/boletin\/#breadcrumb","itemListElement":[{"@type":"ListItem","position":1,"name":"Home","item":"https:\/\/www.cetys.mx\/trends\/"},{"@type":"ListItem","position":2,"name":"Boletin"}]},{"@type":"WebSite","@id":"https:\/\/www.cetys.mx\/trends\/#website","url":"https:\/\/www.cetys.mx\/trends\/","name":"CETYS Trends","description":"Noticias, Opini\u00f3n, Blog.","publisher":{"@id":"https:\/\/www.cetys.mx\/trends\/#organization"},"potentialAction":[{"@type":"SearchAction","target":{"@type":"EntryPoint","urlTemplate":"https:\/\/www.cetys.mx\/trends\/?s={search_term_string}"},"query-input":"required name=search_term_string"}],"inLanguage":"es-MX"},{"@type":"Organization","@id":"https:\/\/www.cetys.mx\/trends\/#organization","name":"CETYS Trends","url":"https:\/\/www.cetys.mx\/trends\/","logo":{"@type":"ImageObject","inLanguage":"es-MX","@id":"https:\/\/www.cetys.mx\/trends\/#\/schema\/logo\/image\/","url":"https:\/\/www.cetys.mx\/trends\/wp-content\/uploads\/2020\/03\/cetys-trends-logo.png","contentUrl":"https:\/\/www.cetys.mx\/trends\/wp-content\/uploads\/2020\/03\/cetys-trends-logo.png","width":600,"height":161,"caption":"CETYS Trends"},"image":{"@id":"https:\/\/www.cetys.mx\/trends\/#\/schema\/logo\/image\/"}}]}},"_links":{"self":[{"href":"https:\/\/www.cetys.mx\/trends\/wp-json\/wp\/v2\/pages\/180"}],"collection":[{"href":"https:\/\/www.cetys.mx\/trends\/wp-json\/wp\/v2\/pages"}],"about":[{"href":"https:\/\/www.cetys.mx\/trends\/wp-json\/wp\/v2\/types\/page"}],"author":[{"embeddable":true,"href":"https:\/\/www.cetys.mx\/trends\/wp-json\/wp\/v2\/users\/1"}],"replies":[{"embeddable":true,"href":"https:\/\/www.cetys.mx\/trends\/wp-json\/wp\/v2\/comments?post=180"}],"version-history":[{"count":22,"href":"https:\/\/www.cetys.mx\/trends\/wp-json\/wp\/v2\/pages\/180\/revisions"}],"predecessor-version":[{"id":204,"href":"https:\/\/www.cetys.mx\/trends\/wp-json\/wp\/v2\/pages\/180\/revisions\/204"}],"wp:attachment":[{"href":"https:\/\/www.cetys.mx\/trends\/wp-json\/wp\/v2\/media?parent=180"}],"curies":[{"name":"wp","href":"https:\/\/api.w.org\/{rel}","templated":true}]}}