{"id":67988,"date":"2016-12-12T13:11:25","date_gmt":"2016-12-12T21:11:25","guid":{"rendered":"http:\/\/www.cetys.mx\/noticias\/?page_id=67988"},"modified":"2020-03-11T17:31:32","modified_gmt":"2020-03-12T00:31:32","slug":"cetys-editorial","status":"publish","type":"page","link":"https:\/\/www.cetys.mx\/noticias\/cetys-editorial\/","title":{"rendered":"CETYS Editorial"},"content":{"rendered":"<p>&nbsp;<\/p>\n<div class=\"margcont\">\n<p align=\"center\"><img loading=\"lazy\" decoding=\"async\" src=\"https:\/\/www.cetys.mx\/noticias\/wp-content\/uploads\/2020\/03\/297_CETYSEditorial.jpg\" alt=\"CETYS Editorial\" width=\"700\" height=\"220\" \/><\/p>\n<p>\u00a0<img loading=\"lazy\" decoding=\"async\" src=\"https:\/\/www.cetys.mx\/noticias\/wp-content\/uploads\/2020\/03\/flechitan1-1.gif\" alt=\"\" width=\"20\" height=\"20\" \/> <span style=\"color: #ff9900;\"><span style=\"font-size: large;\">Colecci\u00f3n Editorial de Ciencias Sociales<\/span><\/span><\/p>\n<table border=\"0\" width=\"600\" cellspacing=\"0\" cellpadding=\"0\" align=\"center\">\n<tbody>\n<tr>\n<td valign=\"top\" width=\"72\">\n<div align=\"center\"><img loading=\"lazy\" decoding=\"async\" src=\"https:\/\/www.cetys.mx\/assets\/images\/ed1.jpg\" alt=\"\" width=\"72\" height=\"86\" border=\"0\" \/><\/div>\n<\/td>\n<td valign=\"top\" width=\"432\">\n<div align=\"justify\"><\/div>\n<div align=\"justify\"><span style=\"font-size: larger;\"><strong>Para tocar los silencios del aula (2000)<\/strong><\/span><\/div>\n<div align=\"justify\"><em>Alberto G\u00e1rate<\/em><\/div>\n<\/td>\n<\/tr>\n<\/tbody>\n<\/table>\n<p>&nbsp;<\/p>\n<table border=\"0\" width=\"600\" cellspacing=\"0\" cellpadding=\"0\" align=\"center\">\n<tbody>\n<tr>\n<td valign=\"top\" width=\"72\">\n<div align=\"center\"><img loading=\"lazy\" decoding=\"async\" src=\"https:\/\/www.cetys.mx\/assets\/images\/ed2.jpg\" alt=\"\" width=\"72\" height=\"86\" border=\"0\" \/><\/div>\n<\/td>\n<td valign=\"top\" width=\"432\">\n<div align=\"justify\"><\/div>\n<div align=\"justify\"><span style=\"font-size: larger;\"><strong>Los valores en la posmodernidad (2000)<\/strong><\/span><\/div>\n<div align=\"justify\"><em>Luis Linares<\/em><\/div>\n<\/td>\n<\/tr>\n<\/tbody>\n<\/table>\n<p>&nbsp;<\/p>\n<table border=\"0\" width=\"600\" cellspacing=\"0\" cellpadding=\"0\" align=\"center\">\n<tbody>\n<tr>\n<td valign=\"top\" width=\"72\">\n<div align=\"center\"><img loading=\"lazy\" decoding=\"async\" src=\"https:\/\/www.cetys.mx\/assets\/images\/ed3.jpg\" alt=\"\" width=\"72\" height=\"86\" border=\"0\" \/><\/div>\n<\/td>\n<td valign=\"top\" width=\"432\">\n<div align=\"justify\"><\/div>\n<div align=\"justify\"><span style=\"font-size: larger;\"><strong>La crisis en la Universidad Humanista (2004)<\/strong><\/span><\/div>\n<div align=\"justify\"><em>Luis Olmos<\/em><\/div>\n<\/td>\n<\/tr>\n<\/tbody>\n<\/table>\n<p>&nbsp;<\/p>\n<table border=\"0\" width=\"600\" cellspacing=\"0\" cellpadding=\"0\" align=\"center\">\n<tbody>\n<tr>\n<td valign=\"top\" width=\"72\">\n<div align=\"center\"><img loading=\"lazy\" decoding=\"async\" src=\"https:\/\/www.cetys.mx\/assets\/images\/ed4.jpg\" alt=\"\" width=\"72\" height=\"86\" border=\"0\" \/><\/div>\n<\/td>\n<td valign=\"top\" width=\"432\">\n<div align=\"justify\"><\/div>\n<div align=\"justify\"><span style=\"font-size: larger;\"><strong>Ser-con y ser-para los dem\u00e1s: una exigencia humana ineludible (2007)<\/strong><\/span><\/div>\n<div align=\"justify\"><em>Jes\u00fas Cabrera<br \/>\n<\/em><\/div>\n<\/td>\n<\/tr>\n<\/tbody>\n<\/table>\n<p>&nbsp;<\/p>\n<table border=\"0\" width=\"600\" cellspacing=\"0\" cellpadding=\"0\" align=\"center\">\n<tbody>\n<tr>\n<td valign=\"top\" width=\"72\">\n<div align=\"center\"><a href=\"https:\/\/www.cetys.mx\/userfiles\/editorial\/manual_interior_compaginado.pdf\"><img loading=\"lazy\" decoding=\"async\" src=\"https:\/\/www.cetys.mx\/assets\/images\/editorial\/portada.jpg\" alt=\"\" width=\"72\" height=\"86\" border=\"0\" \/><\/a><\/div>\n<\/td>\n<td valign=\"top\" width=\"432\">\n<div align=\"justify\"><\/div>\n<div align=\"justify\"><span style=\"font-size: larger;\"><strong>Manual de presentaci\u00f3n de trabajos escritos.<\/strong><\/span><\/div>\n<div align=\"justify\"><span style=\"font-size: larger;\"><strong>(2010)<\/strong><\/span><\/div>\n<div align=\"justify\"><em>Coordinaci\u00f3n de Humanidades<br \/>\n<\/em><\/div>\n<\/td>\n<\/tr>\n<\/tbody>\n<\/table>\n<p><img loading=\"lazy\" decoding=\"async\" src=\"https:\/\/www.cetys.mx\/noticias\/wp-content\/uploads\/2020\/03\/flechitan1-1.gif\" alt=\"\" width=\"20\" height=\"20\" \/> <span style=\"color: #ff9900;\"><span style=\"font-size: large;\">Colecci\u00f3n Editorial de Ingenier\u00eda<\/span><\/span><\/p>\n<table border=\"0\" width=\"600\" cellspacing=\"0\" cellpadding=\"0\" align=\"center\">\n<tbody>\n<tr>\n<td valign=\"top\" width=\"72\">\n<div align=\"center\"><img loading=\"lazy\" decoding=\"async\" src=\"https:\/\/www.cetys.mx\/assets\/images\/ed5.jpg\" alt=\"\" width=\"72\" height=\"86\" border=\"0\" \/><\/div>\n<\/td>\n<td valign=\"top\" width=\"432\">\n<div align=\"justify\"><\/div>\n<div align=\"justify\"><span style=\"font-size: larger;\"><strong>Sistemas de Control Secuencial y Fundamentos del PLC\u2019s (2006)<\/strong><\/span><\/div>\n<div align=\"justify\"><em>Jorge Sosa<br \/>\n<\/em><\/div>\n<\/td>\n<\/tr>\n<\/tbody>\n<\/table>\n<p>&nbsp;<\/p>\n<table border=\"0\" width=\"600\" cellspacing=\"0\" cellpadding=\"0\" align=\"center\">\n<tbody>\n<tr>\n<td valign=\"top\" width=\"72\">\n<div align=\"center\"><img loading=\"lazy\" decoding=\"async\" src=\"https:\/\/www.cetys.mx\/assets\/images\/ed6.jpg\" alt=\"\" width=\"72\" height=\"86\" border=\"0\" \/><\/div>\n<\/td>\n<td valign=\"top\" width=\"432\">\n<div align=\"justify\"><\/div>\n<div align=\"justify\"><span style=\"font-size: larger;\"><strong>Simulaci\u00f3n de evento discreto (2007)<\/strong><\/span><\/div>\n<div align=\"justify\"><em>H\u00e9ctor Vargas<br \/>\n<\/em><\/div>\n<\/td>\n<\/tr>\n<\/tbody>\n<\/table>\n<p>&nbsp;<\/p>\n<p><img loading=\"lazy\" decoding=\"async\" src=\"https:\/\/www.cetys.mx\/noticias\/wp-content\/uploads\/2020\/03\/flechitan1-1.gif\" alt=\"\" width=\"20\" height=\"20\" \/> <span style=\"color: #ff9900;\"><span style=\"font-size: large;\">Colecci\u00f3n Editorial de Posgrado<\/span><\/span><\/p>\n<table border=\"0\" width=\"600\" cellspacing=\"0\" cellpadding=\"0\" align=\"center\">\n<tbody>\n<tr>\n<td valign=\"top\" width=\"72\">\n<div align=\"center\"><img loading=\"lazy\" decoding=\"async\" src=\"https:\/\/www.cetys.mx\/assets\/images\/ed7.jpg\" alt=\"\" width=\"72\" height=\"86\" border=\"0\" \/><\/div>\n<\/td>\n<td valign=\"top\" width=\"432\">\n<div align=\"justify\"><\/div>\n<div align=\"justify\"><span style=\"font-size: larger;\"><strong>Universidad, formaci\u00f3n y pr\u00e1ctica docente (2005)<\/strong><\/span><\/div>\n<div align=\"justify\"><em>H\u00e9ctor Vargas Jos\u00e9 Luis Bonilla, Adriana L\u00f3pez, Alberto G\u00e1rate, Elva Carrillo<\/em><\/div>\n<\/td>\n<\/tr>\n<\/tbody>\n<\/table>\n<p>&nbsp;<\/p>\n<table border=\"0\" width=\"600\" cellspacing=\"0\" cellpadding=\"0\" align=\"center\">\n<tbody>\n<tr>\n<td valign=\"top\" width=\"72\">\n<div align=\"center\"><img loading=\"lazy\" decoding=\"async\" src=\"https:\/\/www.cetys.mx\/assets\/images\/ed8.jpg\" alt=\"\" width=\"72\" height=\"86\" border=\"0\" \/><\/div>\n<\/td>\n<td valign=\"top\" width=\"432\">\n<div align=\"justify\"><\/div>\n<div align=\"justify\"><span style=\"font-size: larger;\"><strong>Liderazgo de los rectores en universidades de Am\u00e9rica del Norte (2006)<\/strong><\/span><\/div>\n<div align=\"justify\"><em>Jorge Rocha<br \/>\n<\/em><\/div>\n<\/td>\n<\/tr>\n<\/tbody>\n<\/table>\n<p><img loading=\"lazy\" decoding=\"async\" src=\"https:\/\/www.cetys.mx\/noticias\/wp-content\/uploads\/2020\/03\/flechitan1-1.gif\" alt=\"\" width=\"20\" height=\"20\" \/> <span style=\"color: #ff9900;\"><span style=\"font-size: large;\">Colecci\u00f3n Editorial de Ojo de Agua<br \/>\n<\/span><\/span><\/p>\n<table border=\"0\" width=\"600\" cellspacing=\"0\" cellpadding=\"0\" align=\"center\">\n<tbody>\n<tr>\n<td valign=\"top\" width=\"72\">\n<div align=\"center\"><img loading=\"lazy\" decoding=\"async\" src=\"https:\/\/www.cetys.mx\/assets\/images\/ed9.jpg\" alt=\"\" width=\"72\" height=\"86\" border=\"0\" \/><\/div>\n<\/td>\n<td valign=\"top\" width=\"432\">\n<div align=\"justify\"><\/div>\n<div align=\"justify\"><span style=\"font-size: larger;\"><strong>Traves\u00eda\u00a0 (2005)<\/strong><\/span><\/div>\n<div align=\"justify\"><em>Jos\u00e9 Mendoza<br \/>\n<\/em><\/div>\n<\/td>\n<\/tr>\n<\/tbody>\n<\/table>\n<p>&nbsp;<\/p>\n<p><img loading=\"lazy\" decoding=\"async\" src=\"https:\/\/www.cetys.mx\/noticias\/wp-content\/uploads\/2020\/03\/flechitan1-1.gif\" alt=\"\" width=\"20\" height=\"20\" \/> <span style=\"color: #ff9900;\"><span style=\"font-size: large;\">Colecci\u00f3n Editorial Institucional<\/span><\/span><\/p>\n<table border=\"0\" width=\"600\" cellspacing=\"0\" cellpadding=\"0\" align=\"center\">\n<tbody>\n<tr>\n<td valign=\"top\" width=\"72\">\n<div align=\"center\"><img loading=\"lazy\" decoding=\"async\" src=\"https:\/\/www.cetys.mx\/assets\/images\/ed10.jpg\" alt=\"\" width=\"72\" height=\"86\" border=\"0\" \/><\/div>\n<\/td>\n<td valign=\"top\" width=\"432\">\n<div align=\"justify\"><\/div>\n<div align=\"justify\"><span style=\"font-size: larger;\"><strong>40 A\u00f1os de Historia (2002)<\/strong><\/span><\/div>\n<div align=\"justify\"><em>CETYS<\/em><\/div>\n<\/td>\n<\/tr>\n<\/tbody>\n<\/table>\n<p>&nbsp;<\/p>\n<table border=\"0\" width=\"600\" cellspacing=\"0\" cellpadding=\"0\" align=\"center\">\n<tbody>\n<tr>\n<td valign=\"top\" width=\"72\">\n<div align=\"center\"><img loading=\"lazy\" decoding=\"async\" src=\"https:\/\/www.cetys.mx\/assets\/images\/ed11.jpg\" alt=\"\" width=\"72\" height=\"86\" border=\"0\" \/><\/div>\n<\/td>\n<td valign=\"top\" width=\"432\">\n<div align=\"justify\"><\/div>\n<div align=\"justify\"><span style=\"font-size: larger;\"><strong>Autoevaluaci\u00f3n Institucional (2005)<\/strong><\/span><\/div>\n<div align=\"justify\"><em>CETYS<\/em><\/div>\n<\/td>\n<\/tr>\n<\/tbody>\n<\/table>\n<p>&nbsp;<\/p>\n<\/div>\n<p>&nbsp;<\/p>\n","protected":false},"excerpt":{"rendered":"<p>&nbsp; \u00a0 Colecci\u00f3n Editorial de Ciencias Sociales Para tocar los silencios del aula (2000) Alberto G\u00e1rate &nbsp; Los valores en la posmodernidad&#8230;<\/p>\n","protected":false},"author":5,"featured_media":0,"parent":0,"menu_order":0,"comment_status":"closed","ping_status":"closed","template":"template-landing.php","meta":{"footnotes":""},"class_list":["post-67988","page","type-page","status-publish","hentry"],"yoast_head":"<!-- This site is optimized with the Yoast SEO plugin v27.4 - https:\/\/yoast.com\/product\/yoast-seo-wordpress\/ -->\n<title>CETYS Editorial - CETYS<\/title>\n<meta name=\"robots\" content=\"index, follow, max-snippet:-1, max-image-preview:large, max-video-preview:-1\" \/>\n<link rel=\"canonical\" href=\"https:\/\/www.cetys.mx\/noticias\/cetys-editorial\/\" \/>\n<meta property=\"og:locale\" content=\"es_MX\" \/>\n<meta property=\"og:type\" content=\"article\" \/>\n<meta property=\"og:title\" content=\"CETYS Editorial - CETYS\" \/>\n<meta property=\"og:description\" content=\"&nbsp; \u00a0 Colecci\u00f3n Editorial de Ciencias Sociales Para tocar los silencios del aula (2000) Alberto G\u00e1rate &nbsp; Los valores en la posmodernidad...\" \/>\n<meta property=\"og:url\" content=\"https:\/\/www.cetys.mx\/noticias\/cetys-editorial\/\" \/>\n<meta property=\"og:site_name\" content=\"CETYS\" \/>\n<meta property=\"article:publisher\" content=\"https:\/\/www.facebook.com\/cetysuniversidadmxl\/\" \/>\n<meta property=\"article:modified_time\" content=\"2020-03-12T00:31:32+00:00\" \/>\n<meta property=\"og:image\" content=\"https:\/\/www.cetys.mx\/noticias\/wp-content\/uploads\/2020\/03\/297_CETYSEditorial.jpg\" \/>\n<meta name=\"twitter:card\" content=\"summary_large_image\" \/>\n<meta name=\"twitter:site\" content=\"@cetysuni\" \/>\n<meta name=\"twitter:label1\" content=\"Tiempo de lectura\" \/>\n\t<meta name=\"twitter:data1\" content=\"1 minuto\" \/>\n<script type=\"application\/ld+json\" class=\"yoast-schema-graph\">{\"@context\":\"https:\\\/\\\/schema.org\",\"@graph\":[{\"@type\":\"WebPage\",\"@id\":\"https:\\\/\\\/www.cetys.mx\\\/noticias\\\/cetys-editorial\\\/\",\"url\":\"https:\\\/\\\/www.cetys.mx\\\/noticias\\\/cetys-editorial\\\/\",\"name\":\"CETYS Editorial - CETYS\",\"isPartOf\":{\"@id\":\"https:\\\/\\\/www.cetys.mx\\\/noticias\\\/#website\"},\"primaryImageOfPage\":{\"@id\":\"https:\\\/\\\/www.cetys.mx\\\/noticias\\\/cetys-editorial\\\/#primaryimage\"},\"image\":{\"@id\":\"https:\\\/\\\/www.cetys.mx\\\/noticias\\\/cetys-editorial\\\/#primaryimage\"},\"thumbnailUrl\":\"https:\\\/\\\/www.cetys.mx\\\/noticias\\\/wp-content\\\/uploads\\\/2020\\\/03\\\/297_CETYSEditorial.jpg\",\"datePublished\":\"2016-12-12T21:11:25+00:00\",\"dateModified\":\"2020-03-12T00:31:32+00:00\",\"breadcrumb\":{\"@id\":\"https:\\\/\\\/www.cetys.mx\\\/noticias\\\/cetys-editorial\\\/#breadcrumb\"},\"inLanguage\":\"es\",\"potentialAction\":[{\"@type\":\"ReadAction\",\"target\":[\"https:\\\/\\\/www.cetys.mx\\\/noticias\\\/cetys-editorial\\\/\"]}]},{\"@type\":\"ImageObject\",\"inLanguage\":\"es\",\"@id\":\"https:\\\/\\\/www.cetys.mx\\\/noticias\\\/cetys-editorial\\\/#primaryimage\",\"url\":\"https:\\\/\\\/www.cetys.mx\\\/noticias\\\/wp-content\\\/uploads\\\/2020\\\/03\\\/297_CETYSEditorial.jpg\",\"contentUrl\":\"https:\\\/\\\/www.cetys.mx\\\/noticias\\\/wp-content\\\/uploads\\\/2020\\\/03\\\/297_CETYSEditorial.jpg\",\"width\":1140,\"height\":358},{\"@type\":\"BreadcrumbList\",\"@id\":\"https:\\\/\\\/www.cetys.mx\\\/noticias\\\/cetys-editorial\\\/#breadcrumb\",\"itemListElement\":[{\"@type\":\"ListItem\",\"position\":1,\"name\":\"Inicio\",\"item\":\"https:\\\/\\\/www.cetys.mx\\\/noticias\\\/\"},{\"@type\":\"ListItem\",\"position\":2,\"name\":\"CETYS Editorial\"}]},{\"@type\":\"WebSite\",\"@id\":\"https:\\\/\\\/www.cetys.mx\\\/noticias\\\/#website\",\"url\":\"https:\\\/\\\/www.cetys.mx\\\/noticias\\\/\",\"name\":\"CETYS\",\"description\":\"\",\"potentialAction\":[{\"@type\":\"SearchAction\",\"target\":{\"@type\":\"EntryPoint\",\"urlTemplate\":\"https:\\\/\\\/www.cetys.mx\\\/noticias\\\/?s={search_term_string}\"},\"query-input\":{\"@type\":\"PropertyValueSpecification\",\"valueRequired\":true,\"valueName\":\"search_term_string\"}}],\"inLanguage\":\"es\"}]}<\/script>\n<!-- \/ Yoast SEO plugin. -->","yoast_head_json":{"title":"CETYS Editorial - CETYS","robots":{"index":"index","follow":"follow","max-snippet":"max-snippet:-1","max-image-preview":"max-image-preview:large","max-video-preview":"max-video-preview:-1"},"canonical":"https:\/\/www.cetys.mx\/noticias\/cetys-editorial\/","og_locale":"es_MX","og_type":"article","og_title":"CETYS Editorial - CETYS","og_description":"&nbsp; \u00a0 Colecci\u00f3n Editorial de Ciencias Sociales Para tocar los silencios del aula (2000) Alberto G\u00e1rate &nbsp; Los valores en la posmodernidad...","og_url":"https:\/\/www.cetys.mx\/noticias\/cetys-editorial\/","og_site_name":"CETYS","article_publisher":"https:\/\/www.facebook.com\/cetysuniversidadmxl\/","article_modified_time":"2020-03-12T00:31:32+00:00","og_image":[{"url":"https:\/\/www.cetys.mx\/noticias\/wp-content\/uploads\/2020\/03\/297_CETYSEditorial.jpg","type":"","width":"","height":""}],"twitter_card":"summary_large_image","twitter_site":"@cetysuni","twitter_misc":{"Tiempo de lectura":"1 minuto"},"schema":{"@context":"https:\/\/schema.org","@graph":[{"@type":"WebPage","@id":"https:\/\/www.cetys.mx\/noticias\/cetys-editorial\/","url":"https:\/\/www.cetys.mx\/noticias\/cetys-editorial\/","name":"CETYS Editorial - CETYS","isPartOf":{"@id":"https:\/\/www.cetys.mx\/noticias\/#website"},"primaryImageOfPage":{"@id":"https:\/\/www.cetys.mx\/noticias\/cetys-editorial\/#primaryimage"},"image":{"@id":"https:\/\/www.cetys.mx\/noticias\/cetys-editorial\/#primaryimage"},"thumbnailUrl":"https:\/\/www.cetys.mx\/noticias\/wp-content\/uploads\/2020\/03\/297_CETYSEditorial.jpg","datePublished":"2016-12-12T21:11:25+00:00","dateModified":"2020-03-12T00:31:32+00:00","breadcrumb":{"@id":"https:\/\/www.cetys.mx\/noticias\/cetys-editorial\/#breadcrumb"},"inLanguage":"es","potentialAction":[{"@type":"ReadAction","target":["https:\/\/www.cetys.mx\/noticias\/cetys-editorial\/"]}]},{"@type":"ImageObject","inLanguage":"es","@id":"https:\/\/www.cetys.mx\/noticias\/cetys-editorial\/#primaryimage","url":"https:\/\/www.cetys.mx\/noticias\/wp-content\/uploads\/2020\/03\/297_CETYSEditorial.jpg","contentUrl":"https:\/\/www.cetys.mx\/noticias\/wp-content\/uploads\/2020\/03\/297_CETYSEditorial.jpg","width":1140,"height":358},{"@type":"BreadcrumbList","@id":"https:\/\/www.cetys.mx\/noticias\/cetys-editorial\/#breadcrumb","itemListElement":[{"@type":"ListItem","position":1,"name":"Inicio","item":"https:\/\/www.cetys.mx\/noticias\/"},{"@type":"ListItem","position":2,"name":"CETYS Editorial"}]},{"@type":"WebSite","@id":"https:\/\/www.cetys.mx\/noticias\/#website","url":"https:\/\/www.cetys.mx\/noticias\/","name":"CETYS","description":"","potentialAction":[{"@type":"SearchAction","target":{"@type":"EntryPoint","urlTemplate":"https:\/\/www.cetys.mx\/noticias\/?s={search_term_string}"},"query-input":{"@type":"PropertyValueSpecification","valueRequired":true,"valueName":"search_term_string"}}],"inLanguage":"es"}]}},"_links":{"self":[{"href":"https:\/\/www.cetys.mx\/noticias\/wp-json\/wp\/v2\/pages\/67988","targetHints":{"allow":["GET"]}}],"collection":[{"href":"https:\/\/www.cetys.mx\/noticias\/wp-json\/wp\/v2\/pages"}],"about":[{"href":"https:\/\/www.cetys.mx\/noticias\/wp-json\/wp\/v2\/types\/page"}],"author":[{"embeddable":true,"href":"https:\/\/www.cetys.mx\/noticias\/wp-json\/wp\/v2\/users\/5"}],"replies":[{"embeddable":true,"href":"https:\/\/www.cetys.mx\/noticias\/wp-json\/wp\/v2\/comments?post=67988"}],"version-history":[{"count":0,"href":"https:\/\/www.cetys.mx\/noticias\/wp-json\/wp\/v2\/pages\/67988\/revisions"}],"wp:attachment":[{"href":"https:\/\/www.cetys.mx\/noticias\/wp-json\/wp\/v2\/media?parent=67988"}],"curies":[{"name":"wp","href":"https:\/\/api.w.org\/{rel}","templated":true}]}}