{"id":67979,"date":"2016-12-09T17:56:39","date_gmt":"2016-12-10T01:56:39","guid":{"rendered":"http:\/\/www.cetys.mx\/noticias\/?page_id=67979"},"modified":"2016-12-14T15:34:29","modified_gmt":"2016-12-14T23:34:29","slug":"logotipo-institucional","status":"publish","type":"page","link":"https:\/\/www.cetys.mx\/noticias\/logotipo-institucional\/","title":{"rendered":"Logotipo Institucional"},"content":{"rendered":"<div class=\"margcont\">\n<p align=\"center\"><img loading=\"lazy\" decoding=\"async\" src=\"https:\/\/www.cetys.mx\/userfiles\/plecas\/66_LogotipoInstitucional.jpg\" alt=\"Logotipo de CETYS Universidad\" width=\"700\" height=\"220\" \/><\/p>\n<blockquote>\n<h2><strong><span style=\"color: #ff6600;\">Logotipo Institucional<\/span><\/strong><\/h2>\n<\/blockquote>\n<blockquote><p><span style=\"color: #333333;\"><span class=\"style6\">Este es el logo oficial de CETYS Universidad y las aplicaciones que a continuaci\u00f3n se presentan son las \u00fanicas autorizadas. El formato horizontal del logotipo solamente se utilizar\u00e1 cuando el formato del proyecto y la legibilidad del mismo lo requieran.<br \/>\n<\/span><\/span><span style=\"color: #333333;\"><span class=\"style6\"><strong>Queda estrictamente prohibida la reproducci\u00f3n de este logotipo para cualquier uso comercial no autorizado por CETYS Universidad<\/strong><span class=\"style4\">.<\/span><\/span><\/span><\/p>\n<table border=\"0\" cellspacing=\"0\" cellpadding=\"6\" align=\"center\">\n<tbody>\n<tr>\n<td><img loading=\"lazy\" decoding=\"async\" src=\"\/userfiles\/pantone.jpg\" alt=\"Pantone\" width=\"140\" height=\"85\" \/><\/td>\n<td valign=\"top\">\n<div align=\"left\">\n<p><span style=\"color: #333333;\">Para impresi\u00f3n en separaci\u00f3n de color:<\/span><\/p>\n<p><span style=\"color: #333333;\"><span style=\"color: #ff6600;\"><strong>Versi\u00f3n Oro<\/strong><\/span><strong><br \/>\n<\/strong>PMS Negro y PMS 871<\/span><\/p>\n<p><span style=\"color: #333333;\"><span style=\"color: #ff6600;\"><strong>Versi\u00f3n Amarillo<\/strong><\/span><br \/>\nPMS Negro y PMS 116<\/span><\/p>\n<\/div>\n<\/td>\n<td valign=\"top\">\n<div align=\"left\">\n<p><span style=\"color: #333333;\"><span style=\"color: #ff6600;\"><span style=\"color: #333333;\">Para impresi\u00f3n en selecci\u00f3n de color (CMYK):<\/span><br \/>\n<\/span><br \/>\n<span style=\"color: #ff6600;\"><strong>El color PMS 116 se obtendr\u00e1 de la combinaci\u00f3n:<\/strong><\/span><br \/>\nC=0% M=10% Y=100% K=0%<\/span><\/p>\n<\/div>\n<\/td>\n<\/tr>\n<\/tbody>\n<\/table>\n<p>&nbsp;<\/p><\/blockquote>\n<blockquote>\n<table border=\"0\" width=\"600\" cellspacing=\"0\" cellpadding=\"8\" align=\"center\">\n<tbody>\n<tr>\n<td colspan=\"2\">\n<h4 align=\"center\">Versi\u00f3n Vertical<\/h4>\n<\/td>\n<\/tr>\n<tr>\n<td>\n<div align=\"center\"><a href=\"\/userfiles\/logos\/CETYS_Logo01_20.jpg\"><img decoding=\"async\" src=\"\/userfiles\/LOGO_01_300.jpg\" alt=\"Versi\u00f3n Oro\" border=\"0\" \/><\/a><\/div>\n<\/td>\n<td>\n<div align=\"center\"><a href=\"\/userfiles\/logos\/CETYS_Logo02_20.jpg\"><img decoding=\"async\" src=\"\/userfiles\/LOGO_02_300.jpg\" alt=\"Versi\u00f3n Amarillo\" border=\"0\" \/><\/a><\/div>\n<\/td>\n<\/tr>\n<tr>\n<td>\n<div align=\"center\"><span style=\"color: #333333;\">Versi\u00f3n Oro<\/span><\/div>\n<\/td>\n<td>\n<div align=\"center\"><span style=\"color: #333333;\">Versi\u00f3n Amarillo<\/span><\/div>\n<\/td>\n<\/tr>\n<\/tbody>\n<\/table>\n<\/blockquote>\n<blockquote>\n<table border=\"0\" width=\"600\" cellspacing=\"0\" cellpadding=\"8\" align=\"center\">\n<tbody>\n<tr>\n<td width=\"110\">\n<div align=\"center\"><a href=\"\/userfiles\/logos\/CETYS_Logo04_20.jpg\"><img decoding=\"async\" src=\"\/userfiles\/LOGO_04_300.jpg\" alt=\"Logo 1 tinta Ama\" border=\"0\" \/><\/a><\/div>\n<\/td>\n<td width=\"120\">\n<div align=\"center\"><a href=\"\/userfiles\/logos\/CETYS_Logo05_20.jpg\"><img decoding=\"async\" src=\"\/userfiles\/LOGO_05_300.jpg\" alt=\"Versi\u00f3n 1 tinta Oro Met\u00e1lico\" border=\"0\" \/><\/a><\/div>\n<\/td>\n<td width=\"159\">\n<div align=\"center\"><a href=\"\/userfiles\/logos\/CETYS_Logo06_20.jpg\"><img decoding=\"async\" src=\"\/userfiles\/LOGO_06_300.jpg\" alt=\"Versi\u00f3n blanco sobre negro para prensa\" border=\"0\" \/><\/a><\/div>\n<\/td>\n<td width=\"147\">\n<div align=\"center\"><a href=\"\/userfiles\/logos\/CETYS_Logo07_20.jpg\"><img decoding=\"async\" src=\"\/userfiles\/LOGO_07_300.jpg\" alt=\" Versi\u00f3n negro sobre blanco para prensa\" border=\"0\" \/><\/a><\/div>\n<\/td>\n<\/tr>\n<tr>\n<td>\n<div align=\"center\"><span style=\"color: #333333;\">Versi\u00f3n 1 tinta<br \/>\nAmarillo<\/span><\/div>\n<\/td>\n<td>\n<div align=\"center\"><span style=\"color: #333333;\">Versi\u00f3n 1 tinta<br \/>\nOro Met\u00e1lico<\/span><\/div>\n<\/td>\n<td>\n<div align=\"center\"><span style=\"color: #333333;\">Versi\u00f3n blanco sobre negro<br \/>\npara prensa<\/span><\/div>\n<\/td>\n<td>\n<div align=\"center\"><span style=\"color: #333333;\">Versi\u00f3n negro sobre blanco<br \/>\npara prensa<\/span><\/div>\n<\/td>\n<\/tr>\n<\/tbody>\n<\/table>\n<p><!--\n\n\n<h4>Versi&oacute;n Logotipo con Lema<\/h4>\n\n\n&nbsp;\n\n\n<table cellspacing=\"0\" cellpadding=\"8\" border=\"0\" width=\"600\">\n\n\n<tbody>\n\n\n<tr>\n\n\n<td width=\"110\">\n\n\n<div align=\"center\"><a href=\"\/userfiles\/logos\/CETYS_Logo08_20.jpg\"><img decoding=\"async\" border=\"0\" alt=\"Logo 1 tinta Ama\" src=\"\/userfiles\/LOGO_08_300.jpg\" \/><\/a><\/div>\n\n<\/td>\n\n\n\n\n<td width=\"130\">\n\n\n<div align=\"center\"><a href=\"\/userfiles\/logos\/CETYS_Logo09_20.jpg\"><img decoding=\"async\" border=\"0\" alt=\"Versi&oacute;n 1 tinta Oro Met&aacute;lico\" src=\"\/userfiles\/LOGO_09_300.jpg\" \/><\/a><\/div>\n\n<\/td>\n\n\n\n\n<td width=\"149\">\n\n\n<div align=\"center\"><a href=\"\/userfiles\/logos\/CETYS_Logo10_20.jpg\"><img decoding=\"async\" border=\"0\" alt=\"Versi&oacute;n blanco sobre negro para prensa\" src=\"\/userfiles\/LOGO_10_300.jpg\" \/><\/a><\/div>\n\n<\/td>\n\n\n\n\n<td width=\"147\">\n\n\n<div align=\"center\"><a href=\"\/userfiles\/logos\/CETYS_Logo11_20.jpg\"><img decoding=\"async\" border=\"0\" alt=\" Versi&oacute;n negro sobre blanco para prensa\" src=\"\/userfiles\/LOGO_11_300.jpg\" \/><\/a><\/div>\n\n<\/td>\n\n\n<\/tr>\n\n\n\n\n<tr>\n\n\n<td>\n\n\n<div align=\"center\"><font color=\"#333333\">Versi&oacute;n Amarillo<\/font><\/div>\n\n<\/td>\n\n\n\n\n<td>\n\n\n<div align=\"center\"><font color=\"#333333\">Versi&oacute;n Oro<\/font><\/div>\n\n<\/td>\n\n\n\n\n<td>\n\n\n<div align=\"center\"><font color=\"#333333\">Versi&oacute;n negro sobre blanco\npara prensa<\/font><\/div>\n\n<\/td>\n\n\n\n\n<td>\n\n\n<div align=\"center\"><font color=\"#333333\">Versi&oacute;n blanco sobre negro\npara prensa<\/font><\/div>\n\n<\/td>\n\n\n<\/tr>\n\n\n<\/tbody>\n\n\n<\/table>\n\n\n&nbsp;\n\n\n<table cellspacing=\"0\" cellpadding=\"8\" border=\"0\" width=\"600\">\n\n\n<tbody>\n\n\n<tr>\n\n\n<td width=\"110\">\n\n\n<div align=\"center\"><a href=\"\/userfiles\/logos\/CETYS_Logo12_20.jpg\"><img decoding=\"async\" border=\"0\" alt=\"Logo 1 tinta Ama\" src=\"\/userfiles\/LOGO_12_300.jpg\" \/><\/a><\/div>\n\n<\/td>\n\n\n\n\n<td width=\"130\">\n\n\n<div align=\"center\"><a href=\"\/userfiles\/logos\/CETYS_Logo13_20.jpg\"><img decoding=\"async\" border=\"0\" alt=\"Versi&oacute;n 1 tinta Oro Met&aacute;lico\" src=\"\/userfiles\/LOGO_13_300.jpg\" \/><\/a><\/div>\n\n<\/td>\n\n\n\n\n<td width=\"149\">\n\n\n<div align=\"center\">&nbsp;<\/div>\n\n<\/td>\n\n\n\n\n<td width=\"147\">\n\n\n<div align=\"center\">&nbsp;<\/div>\n\n<\/td>\n\n\n<\/tr>\n\n\n\n\n<tr>\n\n\n<td>\n\n\n<div align=\"center\"><font color=\"#333333\">Versi&oacute;n 1 tinta\nAmarillo<\/font><\/div>\n\n<\/td>\n\n\n\n\n<td>\n\n\n<div align=\"center\"><font color=\"#333333\">Versi&oacute;n 1 tinta\nOro Met&aacute;lico<\/font><\/div>\n\n<\/td>\n\n\n\n\n<td>\n\n\n<div align=\"center\">&nbsp;<\/div>\n\n<\/td>\n\n\n\n\n<td>\n\n\n<div align=\"center\">&nbsp;<\/div>\n\n<\/td>\n\n\n<\/tr>\n\n\n<\/tbody>\n\n\n<\/table>\n\n\n--><\/p>\n<h2><strong><span style=\"color: #000000;\">Mascota Oficial<\/span><\/strong><\/h2>\n<\/blockquote>\n<blockquote><p><span style=\"color: #333333;\"><span class=\"style6\">El proyecto de unificaci\u00f3n de la mascota emblem\u00e1tica del CETYS comenz\u00f3 a inicios del 2015, y a partir del 2016 su uso es oficial. Este esfuerzo se realiz\u00f3 para para fortalecer la imagen e identidad de la instituci\u00f3n como un Sistema. La imagen con la que se cuenta hoy en d\u00eda es m\u00e1s innovadora y vanguardista, y busca transmitir los valores e ideales del CETYS, respondiendo a los retos del futuro.<br \/>\n<\/span><\/span><span style=\"color: #333333;\"><span class=\"style6\"><strong>Queda estrictamente prohibida la reproducci\u00f3n de este logotipo para cualquier uso comercial no autorizado por CETYS Universidad<\/strong><span class=\"style4\">.<\/span><\/span><\/span><\/p>\n<p>&nbsp;<\/p><\/blockquote>\n<table border=\"0\" width=\"600\" cellspacing=\"0\" cellpadding=\"8\" align=\"center\">\n<tbody>\n<tr>\n<td colspan=\"2\">\n<h4 align=\"center\">Firma Deportiva<\/h4>\n<\/td>\n<\/tr>\n<tr>\n<td>\n<div align=\"center\"><a href=\"https:\/\/www.cetys.mx\/userfiles\/logozorro\/FirmaDeportiva_Zorros_Vertical.jpg\" target=\"_blank\"><img loading=\"lazy\" decoding=\"async\" src=\"https:\/\/www.cetys.mx\/userfiles\/logozorro\/FirmaDeportiva_Zorros_Vertical_opt.jpg\" alt=\"\" width=\"108\" height=\"89\" \/><\/a><\/div>\n<\/td>\n<td>\n<div align=\"center\"><a href=\"https:\/\/www.cetys.mx\/userfiles\/logozorro\/FirmaDeportiva_Zorros_UnaTinta_Vertical.jpg\" target=\"_blank\"><img loading=\"lazy\" decoding=\"async\" src=\"https:\/\/www.cetys.mx\/userfiles\/logozorro\/FirmaDeportiva_Zorros_UnaTinta_Vertical_opt.jpg\" alt=\"\" width=\"108\" height=\"89\" \/><\/a><\/div>\n<\/td>\n<\/tr>\n<tr>\n<td>\n<div align=\"center\"><span style=\"color: #333333;\">Versi\u00f3n vertical 3 tintas<\/span><\/div>\n<\/td>\n<td>\n<div align=\"center\"><span style=\"color: #333333;\">Versi\u00f3n vertical 1 tinta<\/span><\/div>\n<\/td>\n<\/tr>\n<\/tbody>\n<\/table>\n<table border=\"0\" width=\"600\" cellspacing=\"0\" cellpadding=\"8\" align=\"center\">\n<tbody>\n<tr>\n<td>\n<div align=\"center\"><a href=\"https:\/\/www.cetys.mx\/userfiles\/logozorro\/FirmaDeportiva_Zorros.jpg\" target=\"_blank\"><img loading=\"lazy\" decoding=\"async\" src=\"https:\/\/www.cetys.mx\/userfiles\/logozorro\/FirmaDeportiva_Zorros_opt.jpg\" alt=\"\" width=\"200\" height=\"56\" \/><\/a><\/div>\n<\/td>\n<td>\n<div align=\"center\"><a href=\"https:\/\/www.cetys.mx\/userfiles\/logozorro\/FirmaDeportiva_Zorros_UnaTinta.jpg\" target=\"_blank\"><img loading=\"lazy\" decoding=\"async\" src=\"https:\/\/www.cetys.mx\/userfiles\/logozorro\/FirmaDeportiva_Zorros_UnaTinta_opt.jpg\" alt=\"\" width=\"200\" height=\"56\" \/><\/a><\/div>\n<\/td>\n<\/tr>\n<tr>\n<td>\n<div align=\"center\"><span style=\"color: #333333;\">Versi\u00f3n horizontal 3 tintas<\/span><\/div>\n<\/td>\n<td>\n<div align=\"center\"><span style=\"color: #333333;\">Versi\u00f3n horizontal 1 tinta<\/span><\/div>\n<\/td>\n<\/tr>\n<\/tbody>\n<\/table>\n<p>&nbsp;<\/p>\n<table border=\"0\" width=\"600\" cellspacing=\"0\" cellpadding=\"8\" align=\"center\">\n<tbody>\n<tr>\n<td colspan=\"2\">\n<h4 align=\"center\">Firma Institucional Deportiva<\/h4>\n<\/td>\n<\/tr>\n<tr>\n<td>\n<div align=\"center\"><a href=\"https:\/\/www.cetys.mx\/userfiles\/logozorro\/FirmaInstitucional_Deportiva_Vertical.jpg\" target=\"_blank\"><img loading=\"lazy\" decoding=\"async\" src=\"https:\/\/www.cetys.mx\/userfiles\/logozorro\/FirmaInstitucional_Deportiva_Vertical_opt.jpg\" alt=\"\" width=\"108\" height=\"89\" \/><\/a><\/div>\n<\/td>\n<td>\n<div align=\"center\"><a href=\"https:\/\/www.cetys.mx\/userfiles\/logozorro\/FirmaInstituciona_UnaTinta_Vertical.jpg\" target=\"_blank\"><img loading=\"lazy\" decoding=\"async\" src=\"https:\/\/www.cetys.mx\/userfiles\/logozorro\/FirmaInstituciona_UnaTinta_Vertical_opt.jpg\" alt=\"\" width=\"108\" height=\"89\" \/><\/a><\/div>\n<\/td>\n<\/tr>\n<tr>\n<td>\n<div align=\"center\"><span style=\"color: #333333;\">Versi\u00f3n vertical 3 tintas<\/span><\/div>\n<\/td>\n<td>\n<div align=\"center\"><span style=\"color: #333333;\">Versi\u00f3n vertical 1 tinta<\/span><\/div>\n<\/td>\n<\/tr>\n<\/tbody>\n<\/table>\n<table border=\"0\" width=\"600\" cellspacing=\"0\" cellpadding=\"8\" align=\"center\">\n<tbody>\n<tr>\n<td>\n<div align=\"center\"><a href=\"https:\/\/www.cetys.mx\/userfiles\/logozorro\/FirmaInstitucional_Deportiva.jpg\" target=\"_blank\"><img loading=\"lazy\" decoding=\"async\" src=\"https:\/\/www.cetys.mx\/userfiles\/logozorro\/FirmaInstitucional_Deportiva_opt.jpg\" alt=\"\" width=\"200\" height=\"56\" \/><\/a><\/div>\n<\/td>\n<td>\n<div align=\"center\"><a href=\"https:\/\/www.cetys.mx\/userfiles\/logozorro\/FirmaInstitucional_UnaTinta.jpg\" target=\"_blank\"><img loading=\"lazy\" decoding=\"async\" src=\"https:\/\/www.cetys.mx\/userfiles\/logozorro\/FirmaInstitucional_UnaTinta_opt.jpg\" alt=\"\" width=\"200\" height=\"56\" \/><\/a><\/div>\n<\/td>\n<\/tr>\n<tr>\n<td>\n<div align=\"center\"><span style=\"color: #333333;\">Versi\u00f3n horizontal 3 tintas<\/span><\/div>\n<\/td>\n<td>\n<div align=\"center\"><span style=\"color: #333333;\">Versi\u00f3n horizontal 1 tinta<\/span><\/div>\n<\/td>\n<\/tr>\n<\/tbody>\n<\/table>\n<p>&nbsp;<\/p>\n<\/div>\n","protected":false},"excerpt":{"rendered":"<p>Logotipo Institucional Este es el logo oficial de CETYS Universidad y las aplicaciones que a continuaci\u00f3n se presentan son las \u00fanicas autorizadas&#8230;.<\/p>\n","protected":false},"author":5,"featured_media":0,"parent":0,"menu_order":0,"comment_status":"closed","ping_status":"closed","template":"template-landing.php","meta":{"footnotes":""},"class_list":["post-67979","page","type-page","status-publish","hentry"],"_links":{"self":[{"href":"https:\/\/www.cetys.mx\/noticias\/wp-json\/wp\/v2\/pages\/67979","targetHints":{"allow":["GET"]}}],"collection":[{"href":"https:\/\/www.cetys.mx\/noticias\/wp-json\/wp\/v2\/pages"}],"about":[{"href":"https:\/\/www.cetys.mx\/noticias\/wp-json\/wp\/v2\/types\/page"}],"author":[{"embeddable":true,"href":"https:\/\/www.cetys.mx\/noticias\/wp-json\/wp\/v2\/users\/5"}],"replies":[{"embeddable":true,"href":"https:\/\/www.cetys.mx\/noticias\/wp-json\/wp\/v2\/comments?post=67979"}],"version-history":[{"count":0,"href":"https:\/\/www.cetys.mx\/noticias\/wp-json\/wp\/v2\/pages\/67979\/revisions"}],"wp:attachment":[{"href":"https:\/\/www.cetys.mx\/noticias\/wp-json\/wp\/v2\/media?parent=67979"}],"curies":[{"name":"wp","href":"https:\/\/api.w.org\/{rel}","templated":true}]}}