{"id":51615,"date":"2016-05-19T16:18:11","date_gmt":"2016-05-19T23:18:11","guid":{"rendered":"http:\/\/vocetys.mx\/?page_id=51615"},"modified":"2016-05-19T16:18:11","modified_gmt":"2016-05-19T23:18:11","slug":"fomentan-mayor-competitividad-en-empresas","status":"publish","type":"page","link":"https:\/\/www.cetys.mx\/noticias\/fomentan-mayor-competitividad-en-empresas\/","title":{"rendered":"Fomentan mayor competitividad en empresas"},"content":{"rendered":"<p>Asumir riesgos, generar estrategias distintivas, un acercamiento con los clientes y generar soluciones, son los principales puntos para lograr que una empresa sea competitivamente exitosa.<\/p>\n<p>&nbsp;<\/p>\n<p>Lo anterior fue se\u00f1alado por el Dr. Francisco V\u00e9lez Torres, Director del Colegio de Administraci\u00f3n y Negocios a nivel Sistema de CETYS Universidad, en la conferencia \u201cEn tiempos de cambio, \u00bfqu\u00e9 se necesita para que mi empresa sea competitiva?\u201d ante invitados por parte de CETYS Universidad campus Ensenada.<\/p>\n<p>&nbsp;<\/p>\n<p>El Dr. V\u00e9lez, resalt\u00f3 que las empresas deben sentirse m\u00e1s confortables en un entorno de cambio, asumir riesgos de una manera racional y calculada, generar estrategias distintivas y diferenciadas, acercarse con sus clientes y convertirse en socios estrat\u00e9gicos de negocios.<\/p>\n<p>&nbsp;<\/p>\n<p>\u201cCon el tema de los clientes las empresas no s\u00f3lo deben de ofrecer productos, si no soluciones integrales, adem\u00e1s de aprovechar las tendencias como \u00e1reas de oportunidad en log\u00edsticas y distribuci\u00f3n, y el uso de m\u00e1s tecnolog\u00eda de informaci\u00f3n\u201d explic\u00f3 Francisco V\u00e9lez.<\/p>\n<p>&nbsp;<\/p>\n<p>Complemento que uno de los principales factores de riesgo para algunas empresas son la falta de globalizaci\u00f3n y no alcanzar el nivel de calidad y sofisticaci\u00f3n de la demanda de vienes y servicios que ya se tiene en el estado.<\/p>\n<p>&nbsp;<\/p>\n<p>\u201cCada vez hay m\u00e1s empresas multinacionales y nacionales importantes aqu\u00ed y todas las empresas que son proveedores de ellas tienen que ofrecer servicios con alto nivel de calidad, las empresas que no logren eso, dif\u00edcilmente podr\u00e1n competir contra los riesgos\u201d aclar\u00f3 el catedr\u00e1tico.<\/p>\n<p>&nbsp;<\/p>\n<p>En el evento se realiz\u00f3 una cercan\u00eda ante la comunidad, proporcionando informaci\u00f3n relevante sobre la carrera gerencial y posgrado que ofrece CETYS Universidad como la Licenciatura en Administraci\u00f3n de Negocios (LAN) y la Maestr\u00eda en Administraci\u00f3n de Negocios (MBA), para m\u00e1s informaci\u00f3n comunicarse al tel\u00e9fono (646) 222 23 00 a la ext. 166 y 128 o visitar la p\u00e1gina <a href=\"https:\/\/www.cetys.mx\/\">https:\/\/www.cetys.mx\/<\/a>.<\/p>\n","protected":false},"excerpt":{"rendered":"<p>Asumir riesgos, generar estrategias distintivas, un acercamiento con los clientes y generar soluciones, son los principales puntos para lograr que una empresa&#8230;<\/p>\n","protected":false},"author":104,"featured_media":51623,"parent":0,"menu_order":0,"comment_status":"closed","ping_status":"closed","template":"","meta":{"footnotes":""},"class_list":["post-51615","page","type-page","status-publish","has-post-thumbnail","hentry"],"_links":{"self":[{"href":"https:\/\/www.cetys.mx\/noticias\/wp-json\/wp\/v2\/pages\/51615","targetHints":{"allow":["GET"]}}],"collection":[{"href":"https:\/\/www.cetys.mx\/noticias\/wp-json\/wp\/v2\/pages"}],"about":[{"href":"https:\/\/www.cetys.mx\/noticias\/wp-json\/wp\/v2\/types\/page"}],"author":[{"embeddable":true,"href":"https:\/\/www.cetys.mx\/noticias\/wp-json\/wp\/v2\/users\/104"}],"replies":[{"embeddable":true,"href":"https:\/\/www.cetys.mx\/noticias\/wp-json\/wp\/v2\/comments?post=51615"}],"version-history":[{"count":0,"href":"https:\/\/www.cetys.mx\/noticias\/wp-json\/wp\/v2\/pages\/51615\/revisions"}],"wp:featuredmedia":[{"embeddable":true,"href":"https:\/\/www.cetys.mx\/noticias\/wp-json\/wp\/v2\/media\/51623"}],"wp:attachment":[{"href":"https:\/\/www.cetys.mx\/noticias\/wp-json\/wp\/v2\/media?parent=51615"}],"curies":[{"name":"wp","href":"https:\/\/api.w.org\/{rel}","templated":true}]}}