{"id":14673,"date":"2016-01-28T17:04:18","date_gmt":"2016-01-29T01:04:18","guid":{"rendered":"http:\/\/vocetys.mx\/?page_id=14673"},"modified":"2016-02-19T18:01:03","modified_gmt":"2016-02-20T02:01:03","slug":"lideres-internacionales-en-emprendimiento-conocen-ventajas-de-cetys-y-bc-en-la-materia","status":"publish","type":"page","link":"https:\/\/www.cetys.mx\/noticias\/lideres-internacionales-en-emprendimiento-conocen-ventajas-de-cetys-y-bc-en-la-materia\/","title":{"rendered":"L\u00cdDERES INTERNACIONALES EN EMPRENDIMIENTO CONOCEN VENTAJAS DE CETYS Y BC EN LA MATERIA"},"content":{"rendered":"<p>M\u00e1s de 80 l\u00edderes internacionales en materia de emprendimiento pudieron conocer las ventajas que ofrece la regi\u00f3n en este tema gracias al recorrido itinerario \u201cBaja California Learning Journey\u201d que ofreci\u00f3 CETYS Universidad, lo que tambi\u00e9n le abri\u00f3 las puertas a la instituci\u00f3n para establecer lazos importantes con acad\u00e9micos de diferentes pa\u00edses para impulsar la educaci\u00f3n emprendedora en sus campus.<\/p>\n<p>El rector del sistema CETYS Universidad, Dr. Fernando Le\u00f3n Garc\u00eda, manifest\u00f3 su benepl\u00e1cito del resultado de este recorrido que se realiz\u00f3 por Tijuana y Ensenada a los l\u00edderes acad\u00e9micos participantes de la Edici\u00f3n 2016 del Congreso de la Asociaci\u00f3n Estadounidense para las Peque\u00f1as Empresas y Emprendimiento (USASBE, por sus siglas en ingl\u00e9s), del que la instituci\u00f3n es patrocinador.<\/p>\n<p>&nbsp;<\/p>\n<p><a href=\"https:\/\/www.cetys.mx\/noticias\/wp-content\/uploads\/2016\/01\/portalvocetys.jpg\"><img loading=\"lazy\" decoding=\"async\" class=\"alignnone size-full wp-image-14674\" src=\"https:\/\/www.cetys.mx\/noticias\/wp-content\/uploads\/2016\/01\/portalvocetys.jpg\" alt=\"portalvocetys\" width=\"958\" height=\"637\" srcset=\"https:\/\/www.cetys.mx\/noticias\/wp-content\/uploads\/2016\/01\/portalvocetys.jpg 958w, https:\/\/www.cetys.mx\/noticias\/wp-content\/uploads\/2016\/01\/portalvocetys-768x511.jpg 768w\" sizes=\"auto, (max-width: 958px) 100vw, 958px\" \/><\/a><\/p>\n<p>En su presentaci\u00f3n ante los acad\u00e9micos en Bodegas del Valle, de la Ruta del Vino en Ensenada, Le\u00f3n Garc\u00eda les habl\u00f3 sobre el \u201cEcosistema Emprendedor\u201d que la instituci\u00f3n ha desarrollado y los avances que se han logrado.<\/p>\n<p>Destac\u00f3 que CETYS es una instituci\u00f3n que busca promover entre sus estudiantes el emprendimiento y la innovaci\u00f3n dentro de un contexto global, de tal forma que participar de una manera intensa e integral con organizaciones como la USASBE permite mostrar las ventajas que ofrece Baja California y M\u00e9xico. De igual forma, a\u00f1adi\u00f3 que propicia establecer lazos importantes con acad\u00e9micos de diferentes pa\u00edses y otras personas ligadas con el emprendimiento que favorezca el fortalecimiento de los programas de intercambio y profesorado de CETYS.<\/p>\n<p>Por su parte, Jessica Ibarra Ramonet, Directora de Zona Costa del CETYS Universidad, quien recibi\u00f3 a los participantes del Congreso USASBE en el campus Ensenada de la instituci\u00f3n, dijo que es la primera vez que salen de su regi\u00f3n para tener una traves\u00eda por la Baja y conocer las ventajas que ofrecen Tijuana, Rosarito y Ensenada. Coment\u00f3 que el congreso se realizar\u00e1 del 8 al 12 de enero, mismo en el que hay 13 diferentes ponencias que profesores de CETYS y otras instituciones que abordan las acciones de emprendimiento que se est\u00e1n desarrollando en esta regi\u00f3n.<\/p>\n<p>&nbsp;<\/p>\n","protected":false},"excerpt":{"rendered":"<p>M\u00e1s de 80 l\u00edderes internacionales en materia de emprendimiento pudieron conocer las ventajas que ofrece la regi\u00f3n en este tema gracias al&#8230;<\/p>\n","protected":false},"author":23,"featured_media":14674,"parent":0,"menu_order":0,"comment_status":"closed","ping_status":"closed","template":"","meta":{"footnotes":""},"class_list":["post-14673","page","type-page","status-publish","has-post-thumbnail","hentry"],"yoast_head":"<!-- This site is optimized with the Yoast SEO plugin v27.4 - https:\/\/yoast.com\/product\/yoast-seo-wordpress\/ -->\n<title>L\u00cdDERES INTERNACIONALES EN EMPRENDIMIENTO CONOCEN VENTAJAS DE CETYS Y BC EN LA MATERIA - CETYS<\/title>\n<meta name=\"robots\" content=\"index, follow, max-snippet:-1, max-image-preview:large, max-video-preview:-1\" \/>\n<link rel=\"canonical\" href=\"https:\/\/www.cetys.mx\/noticias\/lideres-internacionales-en-emprendimiento-conocen-ventajas-de-cetys-y-bc-en-la-materia\/\" \/>\n<meta property=\"og:locale\" content=\"es_MX\" \/>\n<meta property=\"og:type\" content=\"article\" \/>\n<meta property=\"og:title\" content=\"L\u00cdDERES INTERNACIONALES EN EMPRENDIMIENTO CONOCEN VENTAJAS DE CETYS Y BC EN LA MATERIA - CETYS\" \/>\n<meta property=\"og:description\" content=\"M\u00e1s de 80 l\u00edderes internacionales en materia de emprendimiento pudieron conocer las ventajas que ofrece la regi\u00f3n en este tema gracias al...\" \/>\n<meta property=\"og:url\" content=\"https:\/\/www.cetys.mx\/noticias\/lideres-internacionales-en-emprendimiento-conocen-ventajas-de-cetys-y-bc-en-la-materia\/\" \/>\n<meta property=\"og:site_name\" content=\"CETYS\" \/>\n<meta property=\"article:publisher\" content=\"https:\/\/www.facebook.com\/cetysuniversidadmxl\/\" \/>\n<meta property=\"article:modified_time\" content=\"2016-02-20T02:01:03+00:00\" \/>\n<meta property=\"og:image\" content=\"https:\/\/www.cetys.mx\/noticias\/wp-content\/uploads\/2016\/01\/portalvocetys.jpg\" \/>\n\t<meta property=\"og:image:width\" content=\"958\" \/>\n\t<meta property=\"og:image:height\" content=\"637\" \/>\n\t<meta property=\"og:image:type\" content=\"image\/jpeg\" \/>\n<meta name=\"twitter:card\" content=\"summary_large_image\" \/>\n<meta name=\"twitter:site\" content=\"@cetysuni\" \/>\n<meta name=\"twitter:label1\" content=\"Tiempo de lectura\" \/>\n\t<meta name=\"twitter:data1\" content=\"2 minutos\" \/>\n<script type=\"application\/ld+json\" class=\"yoast-schema-graph\">{\"@context\":\"https:\\\/\\\/schema.org\",\"@graph\":[{\"@type\":\"WebPage\",\"@id\":\"https:\\\/\\\/www.cetys.mx\\\/noticias\\\/lideres-internacionales-en-emprendimiento-conocen-ventajas-de-cetys-y-bc-en-la-materia\\\/\",\"url\":\"https:\\\/\\\/www.cetys.mx\\\/noticias\\\/lideres-internacionales-en-emprendimiento-conocen-ventajas-de-cetys-y-bc-en-la-materia\\\/\",\"name\":\"L\u00cdDERES INTERNACIONALES EN EMPRENDIMIENTO CONOCEN VENTAJAS DE CETYS Y BC EN LA MATERIA - CETYS\",\"isPartOf\":{\"@id\":\"https:\\\/\\\/www.cetys.mx\\\/noticias\\\/#website\"},\"primaryImageOfPage\":{\"@id\":\"https:\\\/\\\/www.cetys.mx\\\/noticias\\\/lideres-internacionales-en-emprendimiento-conocen-ventajas-de-cetys-y-bc-en-la-materia\\\/#primaryimage\"},\"image\":{\"@id\":\"https:\\\/\\\/www.cetys.mx\\\/noticias\\\/lideres-internacionales-en-emprendimiento-conocen-ventajas-de-cetys-y-bc-en-la-materia\\\/#primaryimage\"},\"thumbnailUrl\":\"https:\\\/\\\/www.cetys.mx\\\/noticias\\\/wp-content\\\/uploads\\\/2016\\\/01\\\/portalvocetys.jpg\",\"datePublished\":\"2016-01-29T01:04:18+00:00\",\"dateModified\":\"2016-02-20T02:01:03+00:00\",\"breadcrumb\":{\"@id\":\"https:\\\/\\\/www.cetys.mx\\\/noticias\\\/lideres-internacionales-en-emprendimiento-conocen-ventajas-de-cetys-y-bc-en-la-materia\\\/#breadcrumb\"},\"inLanguage\":\"es\",\"potentialAction\":[{\"@type\":\"ReadAction\",\"target\":[\"https:\\\/\\\/www.cetys.mx\\\/noticias\\\/lideres-internacionales-en-emprendimiento-conocen-ventajas-de-cetys-y-bc-en-la-materia\\\/\"]}]},{\"@type\":\"ImageObject\",\"inLanguage\":\"es\",\"@id\":\"https:\\\/\\\/www.cetys.mx\\\/noticias\\\/lideres-internacionales-en-emprendimiento-conocen-ventajas-de-cetys-y-bc-en-la-materia\\\/#primaryimage\",\"url\":\"https:\\\/\\\/www.cetys.mx\\\/noticias\\\/wp-content\\\/uploads\\\/2016\\\/01\\\/portalvocetys.jpg\",\"contentUrl\":\"https:\\\/\\\/www.cetys.mx\\\/noticias\\\/wp-content\\\/uploads\\\/2016\\\/01\\\/portalvocetys.jpg\",\"width\":958,\"height\":637},{\"@type\":\"BreadcrumbList\",\"@id\":\"https:\\\/\\\/www.cetys.mx\\\/noticias\\\/lideres-internacionales-en-emprendimiento-conocen-ventajas-de-cetys-y-bc-en-la-materia\\\/#breadcrumb\",\"itemListElement\":[{\"@type\":\"ListItem\",\"position\":1,\"name\":\"Inicio\",\"item\":\"https:\\\/\\\/www.cetys.mx\\\/noticias\\\/\"},{\"@type\":\"ListItem\",\"position\":2,\"name\":\"L\u00cdDERES INTERNACIONALES EN EMPRENDIMIENTO CONOCEN VENTAJAS DE CETYS Y BC EN LA MATERIA\"}]},{\"@type\":\"WebSite\",\"@id\":\"https:\\\/\\\/www.cetys.mx\\\/noticias\\\/#website\",\"url\":\"https:\\\/\\\/www.cetys.mx\\\/noticias\\\/\",\"name\":\"CETYS\",\"description\":\"\",\"potentialAction\":[{\"@type\":\"SearchAction\",\"target\":{\"@type\":\"EntryPoint\",\"urlTemplate\":\"https:\\\/\\\/www.cetys.mx\\\/noticias\\\/?s={search_term_string}\"},\"query-input\":{\"@type\":\"PropertyValueSpecification\",\"valueRequired\":true,\"valueName\":\"search_term_string\"}}],\"inLanguage\":\"es\"}]}<\/script>\n<!-- \/ Yoast SEO plugin. -->","yoast_head_json":{"title":"L\u00cdDERES INTERNACIONALES EN EMPRENDIMIENTO CONOCEN VENTAJAS DE CETYS Y BC EN LA MATERIA - CETYS","robots":{"index":"index","follow":"follow","max-snippet":"max-snippet:-1","max-image-preview":"max-image-preview:large","max-video-preview":"max-video-preview:-1"},"canonical":"https:\/\/www.cetys.mx\/noticias\/lideres-internacionales-en-emprendimiento-conocen-ventajas-de-cetys-y-bc-en-la-materia\/","og_locale":"es_MX","og_type":"article","og_title":"L\u00cdDERES INTERNACIONALES EN EMPRENDIMIENTO CONOCEN VENTAJAS DE CETYS Y BC EN LA MATERIA - CETYS","og_description":"M\u00e1s de 80 l\u00edderes internacionales en materia de emprendimiento pudieron conocer las ventajas que ofrece la regi\u00f3n en este tema gracias al...","og_url":"https:\/\/www.cetys.mx\/noticias\/lideres-internacionales-en-emprendimiento-conocen-ventajas-de-cetys-y-bc-en-la-materia\/","og_site_name":"CETYS","article_publisher":"https:\/\/www.facebook.com\/cetysuniversidadmxl\/","article_modified_time":"2016-02-20T02:01:03+00:00","og_image":[{"width":958,"height":637,"url":"https:\/\/www.cetys.mx\/noticias\/wp-content\/uploads\/2016\/01\/portalvocetys.jpg","type":"image\/jpeg"}],"twitter_card":"summary_large_image","twitter_site":"@cetysuni","twitter_misc":{"Tiempo de lectura":"2 minutos"},"schema":{"@context":"https:\/\/schema.org","@graph":[{"@type":"WebPage","@id":"https:\/\/www.cetys.mx\/noticias\/lideres-internacionales-en-emprendimiento-conocen-ventajas-de-cetys-y-bc-en-la-materia\/","url":"https:\/\/www.cetys.mx\/noticias\/lideres-internacionales-en-emprendimiento-conocen-ventajas-de-cetys-y-bc-en-la-materia\/","name":"L\u00cdDERES INTERNACIONALES EN EMPRENDIMIENTO CONOCEN VENTAJAS DE CETYS Y BC EN LA MATERIA - CETYS","isPartOf":{"@id":"https:\/\/www.cetys.mx\/noticias\/#website"},"primaryImageOfPage":{"@id":"https:\/\/www.cetys.mx\/noticias\/lideres-internacionales-en-emprendimiento-conocen-ventajas-de-cetys-y-bc-en-la-materia\/#primaryimage"},"image":{"@id":"https:\/\/www.cetys.mx\/noticias\/lideres-internacionales-en-emprendimiento-conocen-ventajas-de-cetys-y-bc-en-la-materia\/#primaryimage"},"thumbnailUrl":"https:\/\/www.cetys.mx\/noticias\/wp-content\/uploads\/2016\/01\/portalvocetys.jpg","datePublished":"2016-01-29T01:04:18+00:00","dateModified":"2016-02-20T02:01:03+00:00","breadcrumb":{"@id":"https:\/\/www.cetys.mx\/noticias\/lideres-internacionales-en-emprendimiento-conocen-ventajas-de-cetys-y-bc-en-la-materia\/#breadcrumb"},"inLanguage":"es","potentialAction":[{"@type":"ReadAction","target":["https:\/\/www.cetys.mx\/noticias\/lideres-internacionales-en-emprendimiento-conocen-ventajas-de-cetys-y-bc-en-la-materia\/"]}]},{"@type":"ImageObject","inLanguage":"es","@id":"https:\/\/www.cetys.mx\/noticias\/lideres-internacionales-en-emprendimiento-conocen-ventajas-de-cetys-y-bc-en-la-materia\/#primaryimage","url":"https:\/\/www.cetys.mx\/noticias\/wp-content\/uploads\/2016\/01\/portalvocetys.jpg","contentUrl":"https:\/\/www.cetys.mx\/noticias\/wp-content\/uploads\/2016\/01\/portalvocetys.jpg","width":958,"height":637},{"@type":"BreadcrumbList","@id":"https:\/\/www.cetys.mx\/noticias\/lideres-internacionales-en-emprendimiento-conocen-ventajas-de-cetys-y-bc-en-la-materia\/#breadcrumb","itemListElement":[{"@type":"ListItem","position":1,"name":"Inicio","item":"https:\/\/www.cetys.mx\/noticias\/"},{"@type":"ListItem","position":2,"name":"L\u00cdDERES INTERNACIONALES EN EMPRENDIMIENTO CONOCEN VENTAJAS DE CETYS Y BC EN LA MATERIA"}]},{"@type":"WebSite","@id":"https:\/\/www.cetys.mx\/noticias\/#website","url":"https:\/\/www.cetys.mx\/noticias\/","name":"CETYS","description":"","potentialAction":[{"@type":"SearchAction","target":{"@type":"EntryPoint","urlTemplate":"https:\/\/www.cetys.mx\/noticias\/?s={search_term_string}"},"query-input":{"@type":"PropertyValueSpecification","valueRequired":true,"valueName":"search_term_string"}}],"inLanguage":"es"}]}},"_links":{"self":[{"href":"https:\/\/www.cetys.mx\/noticias\/wp-json\/wp\/v2\/pages\/14673","targetHints":{"allow":["GET"]}}],"collection":[{"href":"https:\/\/www.cetys.mx\/noticias\/wp-json\/wp\/v2\/pages"}],"about":[{"href":"https:\/\/www.cetys.mx\/noticias\/wp-json\/wp\/v2\/types\/page"}],"author":[{"embeddable":true,"href":"https:\/\/www.cetys.mx\/noticias\/wp-json\/wp\/v2\/users\/23"}],"replies":[{"embeddable":true,"href":"https:\/\/www.cetys.mx\/noticias\/wp-json\/wp\/v2\/comments?post=14673"}],"version-history":[{"count":0,"href":"https:\/\/www.cetys.mx\/noticias\/wp-json\/wp\/v2\/pages\/14673\/revisions"}],"wp:featuredmedia":[{"embeddable":true,"href":"https:\/\/www.cetys.mx\/noticias\/wp-json\/wp\/v2\/media\/14674"}],"wp:attachment":[{"href":"https:\/\/www.cetys.mx\/noticias\/wp-json\/wp\/v2\/media?parent=14673"}],"curies":[{"name":"wp","href":"https:\/\/api.w.org\/{rel}","templated":true}]}}