{"id":1063,"date":"2015-06-17T19:56:23","date_gmt":"2015-06-18T00:56:23","guid":{"rendered":"http:\/\/260.a1d.myftpupload.com\/?page_id=1063"},"modified":"2020-03-23T02:50:12","modified_gmt":"2020-03-23T09:50:12","slug":"recursos-2","status":"publish","type":"page","link":"https:\/\/www.cetys.mx\/noticias\/recursos-2\/","title":{"rendered":"Recursos"},"content":{"rendered":"<section class=\"section  \">\n        <div class=\"row clearfix\">\n            \n\t<div class=\"col-md-12 wpb_column vc_column_container\">\n\t\t<div class=\"wpb_wrapper\">\n\t\t\t\n\t<div class=\"wpb_text_column wpb_content_element \">\n\t\t<div class=\"wpb_wrapper\">\n\t\t\t<h2 class=\"titulos\">Recursos<\/h2>\n<div class=\"texto\">\n<p>Aqu\u00ed encontrar\u00e1s diversos recursos que te ayudar\u00e1n a obtener informaci\u00f3n m\u00e1s espec\u00edfica sobre CETYS y los esfuerzos que realiza el Departamento de Comunicaci\u00f3n para informar a la comunidad sobre la din\u00e1mica institucional.<\/p>\n<p>Si tienes alguna dificultad, no dudes en contactarnos.<\/p>\n<\/div>\n<div class=\"texto\"><\/div>\n<div class=\"texto\"><img loading=\"lazy\" decoding=\"async\" class=\"alignnone wp-image-1077 size-full\" src=\"https:\/\/www.cetys.mx\/noticias\/wp-content\/uploads\/2015\/06\/agenda-icon.png\" alt=\"agenda-icon\" width=\"33\" height=\"34\" \/>\u00a0\u00a0Correo de contacto:\u00a0<b><span lang=\"ES-MX\"><a href=\"mailto:vocetys@cetys.mx\" target=\"_blank\">vocetys@cetys.mx<\/a><\/span><\/b><\/div>\n\n\t\t<\/div> \n\t<\/div> \n\t\t<\/div> \n\t<\/div> \n        <\/div>\n    <\/section><section class=\"section  \">\n        <div class=\"row clearfix\">\n            \n\t<div class=\"col-md-12 wpb_column vc_column_container\">\n\t\t<div class=\"wpb_wrapper\">\n\t\t\t\t<div class=\"vc_row wpb_row vc_inner vc_row-fluid\"  >\n\t<div class=\"vc_col-sm-4 wpb_column vc_column_container \">\n\t\t<div class=\"wpb_wrapper\">\n\t\t\t\n\t<div class=\"wpb_text_column wpb_content_element \">\n\t\t<div class=\"wpb_wrapper\">\n\t\t\t<h3 style=\"text-align: center;\"><img loading=\"lazy\" decoding=\"async\" class=\"aligncenter wp-image-1079 size-full\" src=\"https:\/\/www.cetys.mx\/noticias\/wp-content\/uploads\/2015\/06\/pluma.png\" alt=\"\" width=\"43\" height=\"43\" \/><a href=\"https:\/\/www.vocetys.mx\/?s=&amp;button=\">Notas<br \/>\n<\/a><\/h3>\n<h6>Ent\u00e9rate de todo lo que est\u00e1 pasando en cada uno de los campus del Sistema CETYS Universidad.<\/h6>\n\n\t\t<\/div> \n\t<\/div> \n\t\t<\/div> \n\t<\/div> \n\n\t<div class=\"vc_col-sm-4 wpb_column vc_column_container \">\n\t\t<div class=\"wpb_wrapper\">\n\t\t\t\n\t<div class=\"wpb_text_column wpb_content_element \">\n\t\t<div class=\"wpb_wrapper\">\n\t\t\t<h3 style=\"text-align: center;\"><img loading=\"lazy\" decoding=\"async\" class=\"aligncenter wp-image-1083 size-full\" src=\"https:\/\/www.cetys.mx\/noticias\/wp-content\/uploads\/2015\/06\/microfono.png\" alt=\"\" width=\"37\" height=\"37\" \/><a href=\"https:\/\/www.cetys.mx\/noticias\/category\/sintesis-informativa\/\">S\u00edntesis Informativa<br \/>\n<\/a><\/h3>\n<h6 style=\"text-align: justify;\">Ponte al corriente sobre lo que publican los diversos medios de comunicaci\u00f3n en Baja California sobre el CETYS y sobre el sector educativo.<\/h6>\n<h3 style=\"text-align: center;\"><a href=\"https:\/\/www.cetys.mx\/noticias\/category\/sintesis-informativa\/\">\u00a0<\/a><\/h3>\n\n\t\t<\/div> \n\t<\/div> \n\t\t<\/div> \n\t<\/div> \n\n\t<div class=\"vc_col-sm-4 wpb_column vc_column_container \">\n\t\t<div class=\"wpb_wrapper\">\n\t\t\t\n\t<div class=\"wpb_text_column wpb_content_element \">\n\t\t<div class=\"wpb_wrapper\">\n\t\t\t<h3 style=\"text-align: center;\"><img loading=\"lazy\" decoding=\"async\" class=\"aligncenter wp-image-1076 size-full\" src=\"https:\/\/www.cetys.mx\/noticias\/wp-content\/uploads\/2015\/06\/grafica.png\" alt=\"\" width=\"48\" height=\"44\" \/><a href=\"https:\/\/www.cetys.mx\/cifras-relevantes\/\">Principales Estad\u00edsticas<\/a><\/h3>\n<h6 style=\"text-align: justify;\">\u00bfQuieres conocer m\u00e1s de nosotros? Encuentra toda la informaci\u00f3n actualizada sobre quienes forman parte de Sistema CETYS en sus tres campus: Mexicali, Tijuana y Ensenada.<\/h6>\n\n\t\t<\/div> \n\t<\/div> \n\t\t<\/div> \n\t<\/div> \n<\/div><div class=\"vc_row-full-width\"><\/div>\n\t\t<\/div> \n\t<\/div> \n        <\/div>\n    <\/section><section class=\"section  \">\n        <div class=\"row clearfix\">\n            \n\t<div class=\"col-md-12 wpb_column vc_column_container\">\n\t\t<div class=\"wpb_wrapper\">\n\t\t\t\t<div class=\"vc_row wpb_row vc_inner vc_row-fluid\"  >\n\t<div class=\"vc_col-sm-4 wpb_column vc_column_container \">\n\t\t<div class=\"wpb_wrapper\">\n\t\t\t\n\t<div class=\"wpb_text_column wpb_content_element \">\n\t\t<div class=\"wpb_wrapper\">\n\t\t\t<h3 style=\"text-align: center;\"><a href=\"https:\/\/www.cetys.mx\/noticias\/wp-content\/uploads\/2015\/06\/mano.png\"><img loading=\"lazy\" decoding=\"async\" class=\"wp-image-1081 size-full aligncenter\" src=\"https:\/\/www.cetys.mx\/noticias\/wp-content\/uploads\/2015\/06\/mano.png\" alt=\"\" width=\"46\" height=\"49\" \/><\/a><a href=\"https:\/\/goo.gl\/forms\/pbn0RBSNGki8CDWG2\">\u00bfTienes un evento que deseas se publique?<\/a><\/h3>\n<h6 style=\"text-align: center;\">Si est\u00e1s preparando un evento o incluso si ya pas\u00f3, pero deseas darlo a conocer a la Comunidad CETYS sigue estas <a href=\"https:\/\/goo.gl\/forms\/pbn0RBSNGki8CDWG2\" target=\"_blank\">breves recomendaciones<\/a> para que podamos informarlo.<\/h6>\n\n\t\t<\/div> \n\t<\/div> \n\t\t<\/div> \n\t<\/div> \n\n\t<div class=\"vc_col-sm-4 wpb_column vc_column_container \">\n\t\t<div class=\"wpb_wrapper\">\n\t\t\t\n\t<div class=\"wpb_text_column wpb_content_element \">\n\t\t<div class=\"wpb_wrapper\">\n\t\t\t<h3 style=\"text-align: center;\"><a href=\"https:\/\/www.cetys.mx\/noticias\/wp-content\/uploads\/2015\/06\/ppt.png\"><img loading=\"lazy\" decoding=\"async\" class=\"wp-image-68581 size-full aligncenter\" src=\"https:\/\/www.cetys.mx\/noticias\/wp-content\/uploads\/2015\/06\/ppt.png\" alt=\"\" width=\"64\" height=\"64\" \/><\/a><a href=\"https:\/\/www.cetys.mx\/noticias\/fils\/Templete_2017.pptx\">\u00bfNecesitas Exponer tu idea?<\/a><\/h3>\n<h6 style=\"text-align: center;\">Te facilitamos una plantilla base de Power Point, para que logres un gran impacto al momento de presentar cualquier tema, <a href=\"https:\/\/www.cetys.mx\/noticias\/wp-content\/uploads\/2020\/03\/CETYS_PPT_Template-Espanol-1.pptx\">descarga aqu\u00ed<\/a>.<\/h6>\n\n\t\t<\/div> \n\t<\/div> \n\t\t<\/div> \n\t<\/div> \n\n\t<div class=\"vc_col-sm-4 wpb_column vc_column_container \">\n\t\t<div class=\"wpb_wrapper\">\n\t\t\t\n\t<div class=\"wpb_text_column wpb_content_element \">\n\t\t<div class=\"wpb_wrapper\">\n\t\t\t<h3 style=\"text-align: center;\"><a href=\"https:\/\/www.cetys.mx\/noticias\/wp-content\/uploads\/2015\/06\/newspaper.png\"><img loading=\"lazy\" decoding=\"async\" class=\"alignnone wp-image-70932\" src=\"https:\/\/www.cetys.mx\/noticias\/wp-content\/uploads\/2015\/06\/newspaper.png\" alt=\"newspaper\" width=\"65\" height=\"65\" srcset=\"https:\/\/www.cetys.mx\/noticias\/wp-content\/uploads\/2015\/06\/newspaper.png 512w, https:\/\/www.cetys.mx\/noticias\/wp-content\/uploads\/2015\/06\/newspaper-75x75.png 75w, https:\/\/www.cetys.mx\/noticias\/wp-content\/uploads\/2015\/06\/newspaper-300x300.png 300w\" sizes=\"auto, (max-width: 65px) 100vw, 65px\" \/><\/a><a href=\"https:\/\/www.cetys.mx\/noticias\/wp-content\/uploads\/2015\/06\/ppt.png\"><br \/>\n<\/a><a href=\"https:\/\/www.cetys.mx\/noticias\/cetys-en-la-prensa\/\">CETYS en los medios<\/a><\/h3>\n<h6 style=\"text-align: center;\">Ent\u00e9rate de las noticias donde CETYS Universidad es mencionado a trav\u00e9s de nuestro monitoreo<\/h6>\n\n\t\t<\/div> \n\t<\/div> \n\t\t<\/div> \n\t<\/div> \n<\/div><div class=\"vc_row-full-width\"><\/div>\n\t\t<\/div> \n\t<\/div> \n        <\/div>\n    <\/section><section class=\"section  \">\n        <div class=\"row clearfix\">\n            \n\t<div class=\"col-md-12 wpb_column vc_column_container\">\n\t\t<div class=\"wpb_wrapper\">\n\t\t\t\t<div class=\"vc_row wpb_row vc_inner vc_row-fluid\"  >\n\t<div class=\"vc_col-sm-4 wpb_column vc_column_container \">\n\t\t<div class=\"wpb_wrapper\">\n\t\t\t\n\t<div class=\"wpb_text_column wpb_content_element \">\n\t\t<div class=\"wpb_wrapper\">\n\t\t\t<h3 style=\"text-align: center;\"><a href=\"https:\/\/www.cetys.mx\/noticias\/wp-content\/uploads\/2015\/06\/LOGO_07_300.jpg\"><img loading=\"lazy\" decoding=\"async\" class=\"alignnone wp-image-71092 size-full\" src=\"https:\/\/www.cetys.mx\/noticias\/wp-content\/uploads\/2015\/06\/LOGO_07_300.jpg\" alt=\"\" width=\"92\" height=\"79\" \/><br \/>\n<\/a><a href=\"https:\/\/www.cetys.mx\/noticias\/logotipo-institucional\/\">Logotipo institucional<\/a><\/h3>\n<h6 style=\"text-align: center;\">Adquiere los logotipos oficiales para tu proyecto, colores y pantones.<\/h6>\n\n\t\t<\/div> \n\t<\/div> \n\t\t<\/div> \n\t<\/div> \n\n\t<div class=\"vc_col-sm-4 wpb_column vc_column_container \">\n\t\t<div class=\"wpb_wrapper\">\n\t\t\t\n\t<div class=\"wpb_text_column wpb_content_element \">\n\t\t<div class=\"wpb_wrapper\">\n\t\t\t<p style=\"text-align: center;\"><img loading=\"lazy\" decoding=\"async\" class=\"\" src=\"https:\/\/www.cetys.mx\/noticias\/wp-content\/uploads\/2017\/06\/survey_icon.jpg\" alt=\"\" width=\"49\" height=\"49\" \/><\/p>\n<p style=\"text-align: center;\"><strong><a href=\"https:\/\/goo.gl\/forms\/pbn0RBSNGki8CDWG2\" data-saferedirecturl=\"https:\/\/www.google.com\/url?hl=en&amp;q=https:\/\/goo.gl\/forms\/pbn0RBSNGki8CDWG2&amp;source=gmail&amp;ust=1497033326698000&amp;usg=AFQjCNE8qko6k16Bd2Hu0tZ_rQ1DQl9uCA\">\u00a1Cu\u00e9ntanos tu historia!<\/a><\/strong><\/p>\n<h6 style=\"text-align: center;\"><b><span lang=\"ES-MX\">Queremos saber de tus \u00e9xitos. Comparte los detalles de tus logros, a trav\u00e9s de este breve\u00a0<a href=\"https:\/\/goo.gl\/forms\/pbn0RBSNGki8CDWG2\" target=\"_blank\" data-saferedirecturl=\"https:\/\/www.google.com\/url?hl=en&amp;q=https:\/\/goo.gl\/forms\/pbn0RBSNGki8CDWG2&amp;source=gmail&amp;ust=1507918030089000&amp;usg=AFQjCNFkVObi9uHaPYEK6vftfWQ-qCs7cA\">cuestionario<\/a>. Con ello podremos difundir tu historia en nuestra Comunidad CETYS y el mundo.<\/span><\/b><\/h6>\n\n\t\t<\/div> \n\t<\/div> \n\t\t<\/div> \n\t<\/div> \n\n\t<div class=\"vc_col-sm-4 wpb_column vc_column_container \">\n\t\t<div class=\"wpb_wrapper\">\n\t\t\t\n\t<div class=\"wpb_text_column wpb_content_element \">\n\t\t<div class=\"wpb_wrapper\">\n\t\t\t<h3 style=\"text-align: center;\"><a href=\"https:\/\/www.cetys.mx\/noticias\/wp-content\/uploads\/2017\/07\/politicas-redes-sociales.pdf\" target=\"_blank\"><img loading=\"lazy\" decoding=\"async\" class=\"alignnone wp-image-70932\" src=\"https:\/\/www.cetys.mx\/noticias\/wp-content\/uploads\/2017\/07\/list-1_.png\" alt=\"newspaper\" width=\"65\" height=\"65\" \/><\/a><a href=\"https:\/\/www.cetys.mx\/noticias\/wp-content\/uploads\/2015\/06\/ppt.png\"><br \/>\n<\/a><a href=\"https:\/\/www.cetys.mx\/noticias\/wp-content\/uploads\/2017\/07\/politicas-redes-sociales.pdf\" target=\"_blank\">Reglas para participar en las redes sociales <\/a><\/h3>\n<h6 style=\"text-align: center;\">S\u00edguenos y hagamos, con un buen comportamiento, que nuestra comunidad crezca<\/h6>\n\n\t\t<\/div> \n\t<\/div> \n\t\t<\/div> \n\t<\/div> \n<\/div><div class=\"vc_row-full-width\"><\/div>\n\t\t<\/div> \n\t<\/div> \n        <\/div>\n    <\/section><section class=\"section  \">\n        <div class=\"row clearfix\">\n            \n\t<div class=\"col-md-12 wpb_column vc_column_container\">\n\t\t<div class=\"wpb_wrapper\">\n\t\t\t\n\t<div class=\"wpb_text_column wpb_content_element \">\n\t\t<div class=\"wpb_wrapper\">\n\t\t\t<h2>Publicaciones<\/h2>\n\n\t\t<\/div> \n\t<\/div> \n\t<div class=\"wpb_text_column wpb_content_element \">\n\t\t<div class=\"wpb_wrapper\">\n\t\t\t<table border=\"0\" width=\"100%\" cellspacing=\"5\" cellpadding=\"0\">\n<tbody>\n<tr>\n<td><img decoding=\"async\" src=\"https:\/\/www.cetys.mx\/userfiles\/comunicacioninstitucional\/VocetysIMPRESO.jpg\" alt=\"\" width=\"120\" height=\"\" \/><\/td>\n<td align=\"center\"><strong>IMPRESAS<\/strong><\/td>\n<td align=\"center\">\u00a0<a href=\"https:\/\/www.cetys.mx\/noticias\/arquetipos\/\">Arquetipos<\/a><\/td>\n<td align=\"center\"><a href=\"https:\/\/www.cetys.mx\/noticias\/vocetys-impreso\/\">VoCETYS Impreso<\/a><\/td>\n<td><\/td>\n<td><\/td>\n<td><\/td>\n<\/tr>\n<tr>\n<td colspan=\"7\"><img loading=\"lazy\" decoding=\"async\" src=\"https:\/\/www.cetys.mx\/userfiles\/linea.jpg\" alt=\"\" width=\"700\" height=\"16\" \/><\/td>\n<\/tr>\n<tr>\n<td><\/td>\n<td style=\"text-align: center;\"><\/td>\n<td align=\"center\"><\/td>\n<td align=\"center\"><\/td>\n<td align=\"center\"><\/td>\n<td align=\"center\"><\/td>\n<td align=\"center\"><\/td>\n<\/tr>\n<tr>\n<td colspan=\"7\"><\/td>\n<\/tr>\n<tr>\n<td><img decoding=\"async\" src=\"https:\/\/www.cetys.mx\/userfiles\/comunicacioninstitucional\/coleccionesEDITORIALES.jpg\" alt=\"\" width=\"120\" height=\"\" \/><\/td>\n<td align=\"center\"><strong>COLECCIONES EDITORIALES <\/strong><\/td>\n<td align=\"center\"><a href=\"https:\/\/www.cetys.mx\/noticias\/cetys-editorial\/\">CETYS Editorial<\/a><\/td>\n<td align=\"center\"><a href=\"https:\/\/www.cetys.mx\/noticias\/coleccion-editorial-interinstitucional\/\">Interinstitucional<\/a><\/td>\n<td><\/td>\n<td><\/td>\n<td><\/td>\n<\/tr>\n<\/tbody>\n<\/table>\n\n\t\t<\/div> \n\t<\/div> \n\t\t<\/div> \n\t<\/div> \n        <\/div>\n    <\/section><section class=\"section  \">\n        <div class=\"row clearfix\">\n            \n\t<div class=\"col-md-12 wpb_column vc_column_container\">\n\t\t<div class=\"wpb_wrapper\">\n\t\t\t\t<div class=\"vc_row wpb_row vc_inner vc_row-fluid\"  >\n\t<div class=\"vc_col-sm-12 wpb_column vc_column_container \">\n\t\t<div class=\"wpb_wrapper\">\n\t\t\t\n\t<div class=\"wpb_text_column wpb_content_element \">\n\t\t<div class=\"wpb_wrapper\">\n\t\t\t<h2>Gu\u00eda de Expertos<\/h2>\n<p>La Gu\u00eda de Expertos es una relaci\u00f3n de especialistas en una materia determinada dise\u00f1ada con la finalidad de que la sociedad conozca el potencial de conocimiento que alberga CETYS Universidad y facilitar su labor de divulgaci\u00f3n a los medios de comunicaci\u00f3n.<\/p>\n\n\t\t<\/div> \n\t<\/div> \n\t\t<\/div> \n\t<\/div> \n<\/div><div class=\"vc_row-full-width\"><\/div>\t<div class=\"vc_row wpb_row vc_inner vc_row-fluid\"  >\n\t<div class=\"vc_col-sm-4 wpb_column vc_column_container \">\n\t\t<div class=\"wpb_wrapper\">\n\t\t\t\n\t<div class=\"wpb_text_column wpb_content_element \">\n\t\t<div class=\"wpb_wrapper\">\n\t\t\t<p><strong><a href=\"https:\/\/www.cetys.mx\/userfiles\/guiadeexpertos\/guia-de-expertos-CETYS-Ensenada.pdf\" target=\"_blank\">Campus Ensenada.<\/a><\/strong><\/p>\n\n\t\t<\/div> \n\t<\/div> \n\t\t<\/div> \n\t<\/div> \n\n\t<div class=\"vc_col-sm-4 wpb_column vc_column_container \">\n\t\t<div class=\"wpb_wrapper\">\n\t\t\t\n\t<div class=\"wpb_text_column wpb_content_element \">\n\t\t<div class=\"wpb_wrapper\">\n\t\t\t<p><a href=\"https:\/\/www.cetys.mx\/userfiles\/guiadeexpertos\/guia-de-expertos-CETYS-Mexicali.pdf\" target=\"_blank\"><strong>Campus Mexicali.<\/strong><\/a><\/p>\n\n\t\t<\/div> \n\t<\/div> \n\t\t<\/div> \n\t<\/div> \n\n\t<div class=\"vc_col-sm-4 wpb_column vc_column_container \">\n\t\t<div class=\"wpb_wrapper\">\n\t\t\t\n\t<div class=\"wpb_text_column wpb_content_element \">\n\t\t<div class=\"wpb_wrapper\">\n\t\t\t<p><strong>Campus Tijuana.<\/strong><\/p>\n\n\t\t<\/div> \n\t<\/div> \n\t\t<\/div> \n\t<\/div> \n<\/div><div class=\"vc_row-full-width\"><\/div>\n\t\t<\/div> \n\t<\/div> \n        <\/div>\n    <\/section>\n","protected":false},"excerpt":{"rendered":"Recursos Aqu\u00ed encontrar\u00e1s diversos recursos que te ayudar\u00e1n a obtener informaci\u00f3n m\u00e1s espec\u00edfica sobre CETYS y los esfuerzos que realiza el Departamento...","protected":false},"author":1,"featured_media":0,"parent":0,"menu_order":0,"comment_status":"closed","ping_status":"closed","template":"template-landing.php","meta":{"footnotes":""},"class_list":["post-1063","page","type-page","status-publish","hentry"],"yoast_head":"<!-- This site is optimized with the Yoast SEO plugin v27.4 - https:\/\/yoast.com\/product\/yoast-seo-wordpress\/ -->\n<title>Recursos - CETYS<\/title>\n<meta name=\"robots\" content=\"index, follow, max-snippet:-1, max-image-preview:large, max-video-preview:-1\" \/>\n<link rel=\"canonical\" href=\"https:\/\/www.cetys.mx\/noticias\/recursos-2\/\" \/>\n<meta property=\"og:locale\" content=\"es_MX\" \/>\n<meta property=\"og:type\" content=\"article\" \/>\n<meta property=\"og:title\" content=\"Recursos - CETYS\" \/>\n<meta property=\"og:url\" content=\"https:\/\/www.cetys.mx\/noticias\/recursos-2\/\" \/>\n<meta property=\"og:site_name\" content=\"CETYS\" \/>\n<meta property=\"article:publisher\" content=\"https:\/\/www.facebook.com\/cetysuniversidadmxl\/\" \/>\n<meta property=\"article:modified_time\" content=\"2020-03-23T09:50:12+00:00\" \/>\n<meta property=\"og:image\" content=\"https:\/\/www.cetys.mx\/noticias\/wp-content\/uploads\/2015\/06\/agenda-icon.png\" \/>\n<meta name=\"twitter:card\" content=\"summary_large_image\" \/>\n<meta name=\"twitter:site\" content=\"@cetysuni\" \/>\n<meta name=\"twitter:label1\" content=\"Tiempo de lectura\" \/>\n\t<meta name=\"twitter:data1\" content=\"3 minutos\" \/>\n<script type=\"application\/ld+json\" class=\"yoast-schema-graph\">{\"@context\":\"https:\\\/\\\/schema.org\",\"@graph\":[{\"@type\":\"WebPage\",\"@id\":\"https:\\\/\\\/www.cetys.mx\\\/noticias\\\/recursos-2\\\/\",\"url\":\"https:\\\/\\\/www.cetys.mx\\\/noticias\\\/recursos-2\\\/\",\"name\":\"Recursos - CETYS\",\"isPartOf\":{\"@id\":\"https:\\\/\\\/www.cetys.mx\\\/noticias\\\/#website\"},\"primaryImageOfPage\":{\"@id\":\"https:\\\/\\\/www.cetys.mx\\\/noticias\\\/recursos-2\\\/#primaryimage\"},\"image\":{\"@id\":\"https:\\\/\\\/www.cetys.mx\\\/noticias\\\/recursos-2\\\/#primaryimage\"},\"thumbnailUrl\":\"https:\\\/\\\/www.cetys.mx\\\/noticias\\\/wp-content\\\/uploads\\\/2015\\\/06\\\/agenda-icon.png\",\"datePublished\":\"2015-06-18T00:56:23+00:00\",\"dateModified\":\"2020-03-23T09:50:12+00:00\",\"breadcrumb\":{\"@id\":\"https:\\\/\\\/www.cetys.mx\\\/noticias\\\/recursos-2\\\/#breadcrumb\"},\"inLanguage\":\"es\",\"potentialAction\":[{\"@type\":\"ReadAction\",\"target\":[\"https:\\\/\\\/www.cetys.mx\\\/noticias\\\/recursos-2\\\/\"]}]},{\"@type\":\"ImageObject\",\"inLanguage\":\"es\",\"@id\":\"https:\\\/\\\/www.cetys.mx\\\/noticias\\\/recursos-2\\\/#primaryimage\",\"url\":\"https:\\\/\\\/www.cetys.mx\\\/noticias\\\/wp-content\\\/uploads\\\/2015\\\/06\\\/agenda-icon.png\",\"contentUrl\":\"https:\\\/\\\/www.cetys.mx\\\/noticias\\\/wp-content\\\/uploads\\\/2015\\\/06\\\/agenda-icon.png\",\"width\":33,\"height\":34},{\"@type\":\"BreadcrumbList\",\"@id\":\"https:\\\/\\\/www.cetys.mx\\\/noticias\\\/recursos-2\\\/#breadcrumb\",\"itemListElement\":[{\"@type\":\"ListItem\",\"position\":1,\"name\":\"Inicio\",\"item\":\"https:\\\/\\\/www.cetys.mx\\\/noticias\\\/\"},{\"@type\":\"ListItem\",\"position\":2,\"name\":\"Recursos\"}]},{\"@type\":\"WebSite\",\"@id\":\"https:\\\/\\\/www.cetys.mx\\\/noticias\\\/#website\",\"url\":\"https:\\\/\\\/www.cetys.mx\\\/noticias\\\/\",\"name\":\"CETYS\",\"description\":\"\",\"potentialAction\":[{\"@type\":\"SearchAction\",\"target\":{\"@type\":\"EntryPoint\",\"urlTemplate\":\"https:\\\/\\\/www.cetys.mx\\\/noticias\\\/?s={search_term_string}\"},\"query-input\":{\"@type\":\"PropertyValueSpecification\",\"valueRequired\":true,\"valueName\":\"search_term_string\"}}],\"inLanguage\":\"es\"}]}<\/script>\n<!-- \/ Yoast SEO plugin. -->","yoast_head_json":{"title":"Recursos - CETYS","robots":{"index":"index","follow":"follow","max-snippet":"max-snippet:-1","max-image-preview":"max-image-preview:large","max-video-preview":"max-video-preview:-1"},"canonical":"https:\/\/www.cetys.mx\/noticias\/recursos-2\/","og_locale":"es_MX","og_type":"article","og_title":"Recursos - CETYS","og_url":"https:\/\/www.cetys.mx\/noticias\/recursos-2\/","og_site_name":"CETYS","article_publisher":"https:\/\/www.facebook.com\/cetysuniversidadmxl\/","article_modified_time":"2020-03-23T09:50:12+00:00","og_image":[{"url":"https:\/\/www.cetys.mx\/noticias\/wp-content\/uploads\/2015\/06\/agenda-icon.png","type":"","width":"","height":""}],"twitter_card":"summary_large_image","twitter_site":"@cetysuni","twitter_misc":{"Tiempo de lectura":"3 minutos"},"schema":{"@context":"https:\/\/schema.org","@graph":[{"@type":"WebPage","@id":"https:\/\/www.cetys.mx\/noticias\/recursos-2\/","url":"https:\/\/www.cetys.mx\/noticias\/recursos-2\/","name":"Recursos - CETYS","isPartOf":{"@id":"https:\/\/www.cetys.mx\/noticias\/#website"},"primaryImageOfPage":{"@id":"https:\/\/www.cetys.mx\/noticias\/recursos-2\/#primaryimage"},"image":{"@id":"https:\/\/www.cetys.mx\/noticias\/recursos-2\/#primaryimage"},"thumbnailUrl":"https:\/\/www.cetys.mx\/noticias\/wp-content\/uploads\/2015\/06\/agenda-icon.png","datePublished":"2015-06-18T00:56:23+00:00","dateModified":"2020-03-23T09:50:12+00:00","breadcrumb":{"@id":"https:\/\/www.cetys.mx\/noticias\/recursos-2\/#breadcrumb"},"inLanguage":"es","potentialAction":[{"@type":"ReadAction","target":["https:\/\/www.cetys.mx\/noticias\/recursos-2\/"]}]},{"@type":"ImageObject","inLanguage":"es","@id":"https:\/\/www.cetys.mx\/noticias\/recursos-2\/#primaryimage","url":"https:\/\/www.cetys.mx\/noticias\/wp-content\/uploads\/2015\/06\/agenda-icon.png","contentUrl":"https:\/\/www.cetys.mx\/noticias\/wp-content\/uploads\/2015\/06\/agenda-icon.png","width":33,"height":34},{"@type":"BreadcrumbList","@id":"https:\/\/www.cetys.mx\/noticias\/recursos-2\/#breadcrumb","itemListElement":[{"@type":"ListItem","position":1,"name":"Inicio","item":"https:\/\/www.cetys.mx\/noticias\/"},{"@type":"ListItem","position":2,"name":"Recursos"}]},{"@type":"WebSite","@id":"https:\/\/www.cetys.mx\/noticias\/#website","url":"https:\/\/www.cetys.mx\/noticias\/","name":"CETYS","description":"","potentialAction":[{"@type":"SearchAction","target":{"@type":"EntryPoint","urlTemplate":"https:\/\/www.cetys.mx\/noticias\/?s={search_term_string}"},"query-input":{"@type":"PropertyValueSpecification","valueRequired":true,"valueName":"search_term_string"}}],"inLanguage":"es"}]}},"_links":{"self":[{"href":"https:\/\/www.cetys.mx\/noticias\/wp-json\/wp\/v2\/pages\/1063","targetHints":{"allow":["GET"]}}],"collection":[{"href":"https:\/\/www.cetys.mx\/noticias\/wp-json\/wp\/v2\/pages"}],"about":[{"href":"https:\/\/www.cetys.mx\/noticias\/wp-json\/wp\/v2\/types\/page"}],"author":[{"embeddable":true,"href":"https:\/\/www.cetys.mx\/noticias\/wp-json\/wp\/v2\/users\/1"}],"replies":[{"embeddable":true,"href":"https:\/\/www.cetys.mx\/noticias\/wp-json\/wp\/v2\/comments?post=1063"}],"version-history":[{"count":1,"href":"https:\/\/www.cetys.mx\/noticias\/wp-json\/wp\/v2\/pages\/1063\/revisions"}],"predecessor-version":[{"id":142177,"href":"https:\/\/www.cetys.mx\/noticias\/wp-json\/wp\/v2\/pages\/1063\/revisions\/142177"}],"wp:attachment":[{"href":"https:\/\/www.cetys.mx\/noticias\/wp-json\/wp\/v2\/media?parent=1063"}],"curies":[{"name":"wp","href":"https:\/\/api.w.org\/{rel}","templated":true}]}}