{"id":5727,"date":"2021-08-11T09:45:43","date_gmt":"2021-08-11T16:45:43","guid":{"rendered":"https:\/\/www.cetys.mx\/idiomas\/?page_id=5727"},"modified":"2026-04-22T15:14:06","modified_gmt":"2026-04-22T22:14:06","slug":"toefl-mexicali","status":"publish","type":"page","link":"https:\/\/www.cetys.mx\/idiomas\/toefl-mexicali\/","title":{"rendered":"TOEFL &#8211; Mexicali"},"content":{"rendered":"\t\t<div data-elementor-type=\"wp-page\" data-elementor-id=\"5727\" class=\"elementor elementor-5727\" data-elementor-settings=\"[]\">\n\t\t\t\t\t\t<div class=\"elementor-inner\">\n\t\t\t\t\t\t\t<div class=\"elementor-section-wrap\">\n\t\t\t\t\t\t\t<section class=\"elementor-section elementor-top-section elementor-element elementor-element-4d5f2347 elementor-section-height-min-height elementor-section-items-bottom elementor-section-boxed elementor-section-height-default\" data-id=\"4d5f2347\" data-element_type=\"section\" data-settings=\"{&quot;background_background&quot;:&quot;classic&quot;}\">\n\t\t\t\t\t\t\t<div class=\"elementor-background-overlay\"><\/div>\n\t\t\t\t\t\t\t<div class=\"elementor-container elementor-column-gap-default\">\n\t\t\t\t\t\t\t<div class=\"elementor-row\">\n\t\t\t\t\t<div class=\"elementor-column elementor-col-100 elementor-top-column elementor-element elementor-element-34427c9e\" data-id=\"34427c9e\" data-element_type=\"column\" data-settings=\"{&quot;animation&quot;:&quot;none&quot;}\">\n\t\t\t<div class=\"elementor-column-wrap elementor-element-populated\">\n\t\t\t\t\t\t\t<div class=\"elementor-widget-wrap\">\n\t\t\t\t\t\t<div class=\"elementor-element elementor-element-56dadd5e elementor-invisible elementor-widget elementor-widget-text-editor\" data-id=\"56dadd5e\" data-element_type=\"widget\" data-settings=\"{&quot;_animation&quot;:&quot;fadeInLeft&quot;}\" data-widget_type=\"text-editor.default\">\n\t\t\t\t<div class=\"elementor-widget-container\">\n\t\t\t\t\t\t\t\t<div class=\"elementor-text-editor elementor-clearfix\">\n\t\t\t\t<p style=\"text-align: center;\">campus mexicali<\/p>\t\t\t\t\t<\/div>\n\t\t\t\t\t\t<\/div>\n\t\t\t\t<\/div>\n\t\t\t\t<div class=\"elementor-element elementor-element-2e68486 elementor-invisible elementor-widget elementor-widget-heading\" data-id=\"2e68486\" data-element_type=\"widget\" data-settings=\"{&quot;_animation&quot;:&quot;fadeInUp&quot;,&quot;_animation_delay&quot;:1000}\" data-widget_type=\"heading.default\">\n\t\t\t\t<div class=\"elementor-widget-container\">\n\t\t\t<h1 class=\"elementor-heading-title elementor-size-default\">Aplicaci\u00f3n de TOEFL<\/h1>\t\t<\/div>\n\t\t\t\t<\/div>\n\t\t\t\t<div class=\"elementor-element elementor-element-dbfb723 elementor-widget elementor-widget-text-editor\" data-id=\"dbfb723\" data-element_type=\"widget\" data-widget_type=\"text-editor.default\">\n\t\t\t\t<div class=\"elementor-widget-container\">\n\t\t\t\t\t\t\t\t<div class=\"elementor-text-editor elementor-clearfix\">\n\t\t\t\t<p style=\"text-align: center;\">Obt\u00e9n la certificaci\u00f3n de tu nivel de ingl\u00e9s a trav\u00e9s del examen TOEFL ITP.<\/p>\t\t\t\t\t<\/div>\n\t\t\t\t\t\t<\/div>\n\t\t\t\t<\/div>\n\t\t\t\t<div class=\"elementor-element elementor-element-2fc019a elementor-align-center elementor-mobile-align-center elementor-widget elementor-widget-button\" data-id=\"2fc019a\" data-element_type=\"widget\" data-widget_type=\"button.default\">\n\t\t\t\t<div class=\"elementor-widget-container\">\n\t\t\t\t\t<div class=\"elementor-button-wrapper\">\n\t\t\t<a href=\"#mayores-detalles\" class=\"elementor-button-link elementor-button elementor-size-lg\" role=\"button\">\n\t\t\t\t\t\t<span class=\"elementor-button-content-wrapper\">\n\t\t\t\t\t\t<span class=\"elementor-button-text\">m\u00e1s detalles<\/span>\n\t\t<\/span>\n\t\t\t\t\t<\/a>\n\t\t<\/div>\n\t\t\t\t<\/div>\n\t\t\t\t<\/div>\n\t\t\t\t\t\t<\/div>\n\t\t\t\t\t<\/div>\n\t\t<\/div>\n\t\t\t\t\t\t\t\t<\/div>\n\t\t\t\t\t<\/div>\n\t\t<\/section>\n\t\t\t\t<section class=\"elementor-section elementor-top-section elementor-element elementor-element-a08814a elementor-section-boxed elementor-section-height-default elementor-section-height-default\" data-id=\"a08814a\" data-element_type=\"section\">\n\t\t\t\t\t\t<div class=\"elementor-container elementor-column-gap-default\">\n\t\t\t\t\t\t\t<div class=\"elementor-row\">\n\t\t\t\t\t<div class=\"elementor-column elementor-col-66 elementor-top-column elementor-element elementor-element-710d684\" data-id=\"710d684\" data-element_type=\"column\">\n\t\t\t<div class=\"elementor-column-wrap elementor-element-populated\">\n\t\t\t\t\t\t\t<div class=\"elementor-widget-wrap\">\n\t\t\t\t\t\t<div class=\"elementor-element elementor-element-f5a5f69 elementor-widget elementor-widget-heading\" data-id=\"f5a5f69\" data-element_type=\"widget\" data-widget_type=\"heading.default\">\n\t\t\t\t<div class=\"elementor-widget-container\">\n\t\t\t<h2 class=\"elementor-heading-title elementor-size-default\">TOEFL ITP<\/h2>\t\t<\/div>\n\t\t\t\t<\/div>\n\t\t\t\t<div class=\"elementor-element elementor-element-8ab5228 elementor-widget elementor-widget-image\" data-id=\"8ab5228\" data-element_type=\"widget\" data-widget_type=\"image.default\">\n\t\t\t\t<div class=\"elementor-widget-container\">\n\t\t\t\t\t\t\t\t<div class=\"elementor-image\">\n\t\t\t\t\t\t\t\t\t\t\t\t<img decoding=\"async\" width=\"600\" height=\"338\" src=\"https:\/\/www.cetys.mx\/idiomas\/wp-content\/uploads\/2021\/06\/diplomado-en-ingles.png\" class=\"attachment-large size-large\" alt=\"\" loading=\"lazy\" srcset=\"https:\/\/www.cetys.mx\/idiomas\/wp-content\/uploads\/2021\/06\/diplomado-en-ingles.png 600w, https:\/\/www.cetys.mx\/idiomas\/wp-content\/uploads\/2021\/06\/diplomado-en-ingles-300x169.png 300w\" sizes=\"(max-width: 600px) 100vw, 600px\" \/>\t\t\t\t\t\t\t\t\t\t\t\t\t\t<\/div>\n\t\t\t\t\t\t<\/div>\n\t\t\t\t<\/div>\n\t\t\t\t<div class=\"elementor-element elementor-element-a7150ad elementor-widget elementor-widget-text-editor\" data-id=\"a7150ad\" data-element_type=\"widget\" data-widget_type=\"text-editor.default\">\n\t\t\t\t<div class=\"elementor-widget-container\">\n\t\t\t\t\t\t\t\t<div class=\"elementor-text-editor elementor-clearfix\">\n\t\t\t\t<p>El TOEFL ITP, o Test of English as a Foreign Language &#8211; Institutional Testing Program, es una versi\u00f3n del examen TOEFL dise\u00f1ada para ser utilizada por instituciones educativas, empresas y otras organizaciones para evaluar el nivel de habilidad en ingl\u00e9s de hablantes no nativos.<\/p><p>El TOEFL ITP eval\u00faa las habilidades en tres \u00e1reas principales:<\/p><ol><li><strong>Comprensi\u00f3n auditiva (Listening Comprehension):<\/strong> Mide la capacidad del estudiante para comprender conversaciones y charlas en ingl\u00e9s.<\/li><li><strong>Comprensi\u00f3n de lectura (Structure and Written Expression):<\/strong> Eval\u00faa la habilidad del estudiante para comprender lecturas en ingl\u00e9s y su conocimiento de la gram\u00e1tica y la estructura del idioma.<\/li><li><strong>Expresi\u00f3n escrita (Reading Comprehension):<\/strong> Mide la capacidad del estudiante para escribir en ingl\u00e9s, expresar sus ideas de manera clara y utilizar el vocabulario y la gram\u00e1tica de manera adecuada.<\/li><\/ol>\t\t\t\t\t<\/div>\n\t\t\t\t\t\t<\/div>\n\t\t\t\t<\/div>\n\t\t\t\t<div class=\"elementor-element elementor-element-42c3688 elementor-widget elementor-widget-heading\" data-id=\"42c3688\" data-element_type=\"widget\" data-widget_type=\"heading.default\">\n\t\t\t\t<div class=\"elementor-widget-container\">\n\t\t\t<h2 class=\"elementor-heading-title elementor-size-default\">Pr\u00f3ximas Fechas de Aplicaci\u00f3n<\/h2>\t\t<\/div>\n\t\t\t\t<\/div>\n\t\t\t\t<div class=\"elementor-element elementor-element-5b8a382 elementor-widget elementor-widget-text-editor\" data-id=\"5b8a382\" data-element_type=\"widget\" data-widget_type=\"text-editor.default\">\n\t\t\t\t<div class=\"elementor-widget-container\">\n\t\t\t\t\t\t\t\t<div class=\"elementor-text-editor elementor-clearfix\">\n\t\t\t\t<p><strong>Mayo<\/strong><\/p>\t\t\t\t\t<\/div>\n\t\t\t\t\t\t<\/div>\n\t\t\t\t<\/div>\n\t\t\t\t<div class=\"elementor-element elementor-element-b970c7d elementor-widget elementor-widget-text-editor\" data-id=\"b970c7d\" data-element_type=\"widget\" data-widget_type=\"text-editor.default\">\n\t\t\t\t<div class=\"elementor-widget-container\">\n\t\t\t\t\t\t\t\t<div class=\"elementor-text-editor elementor-clearfix\">\n\t\t\t\t<ul>\n<li>Viernes 8, 10:00 am<\/li><li>Viernes 8, 3:00 pm<\/li><li>Mi\u00e9rcoles 13, 3:00 pm<\/li><li>Viernes 22, 10:00 am<\/li><li>Viernes 22, 3:00 pm<\/li>\n<\/ul>\t\t\t\t\t<\/div>\n\t\t\t\t\t\t<\/div>\n\t\t\t\t<\/div>\n\t\t\t\t\t\t<\/div>\n\t\t\t\t\t<\/div>\n\t\t<\/div>\n\t\t\t\t<div class=\"elementor-column elementor-col-33 elementor-top-column elementor-element elementor-element-159e898\" data-id=\"159e898\" data-element_type=\"column\">\n\t\t\t<div class=\"elementor-column-wrap elementor-element-populated\">\n\t\t\t\t\t\t\t<div class=\"elementor-widget-wrap\">\n\t\t\t\t\t\t<div class=\"elementor-element elementor-element-2d9d7eb elementor-widget elementor-widget-heading\" data-id=\"2d9d7eb\" data-element_type=\"widget\" data-widget_type=\"heading.default\">\n\t\t\t\t<div class=\"elementor-widget-container\">\n\t\t\t<h2 class=\"elementor-heading-title elementor-size-default\">\u00a1Obt\u00e9n m\u00e1s detalles!<\/h2>\t\t<\/div>\n\t\t\t\t<\/div>\n\t\t\t\t<div class=\"elementor-element elementor-element-4faa976 elementor-pagination-position-outside elementor--h-position-center elementor--v-position-middle elementor-widget elementor-widget-slides\" data-id=\"4faa976\" data-element_type=\"widget\" data-settings=\"{&quot;navigation&quot;:&quot;dots&quot;,&quot;autoplay&quot;:&quot;yes&quot;,&quot;pause_on_interaction&quot;:&quot;yes&quot;,&quot;autoplay_speed&quot;:5000,&quot;infinite&quot;:&quot;yes&quot;,&quot;transition&quot;:&quot;slide&quot;,&quot;transition_speed&quot;:500}\" data-widget_type=\"slides.default\">\n\t\t\t\t<div class=\"elementor-widget-container\">\n\t\t\t\t\t<div class=\"elementor-swiper\">\n\t\t\t<div class=\"elementor-slides-wrapper elementor-main-swiper swiper-container\" dir=\"ltr\" data-animation=\"fadeInLeft\">\n\t\t\t\t<div class=\"swiper-wrapper elementor-slides\">\n\t\t\t\t\t<div class=\"elementor-repeater-item-1340874 swiper-slide\"><div class=\"swiper-slide-bg\"><\/div><div class=\"swiper-slide-inner\" ><div class=\"swiper-slide-contents\"><div class=\"elementor-slide-heading\">1<\/div><div class=\"elementor-slide-description\">Solicita informaci\u00f3n acerca de las pr\u00f3ximas fechas disponibles.<\/div><\/div><\/div><\/div><div class=\"elementor-repeater-item-210020f swiper-slide\"><div class=\"swiper-slide-bg\"><\/div><div class=\"swiper-slide-inner\" ><div class=\"swiper-slide-contents\"><div class=\"elementor-slide-heading\">2<\/div><div class=\"elementor-slide-description\">Realiza tu pago y env\u00eda tu comprobante.<\/div><\/div><\/div><\/div><div class=\"elementor-repeater-item-fbc1a39 swiper-slide\"><div class=\"swiper-slide-bg\"><\/div><div class=\"swiper-slide-inner\" ><div class=\"swiper-slide-contents\"><div class=\"elementor-slide-heading\">3<\/div><div class=\"elementor-slide-description\">Llena tu Solicitud de Registro.<\/div><\/div><\/div><\/div><div class=\"elementor-repeater-item-f6c2d45 swiper-slide\"><div class=\"swiper-slide-bg\"><\/div><div class=\"swiper-slide-inner\" ><div class=\"swiper-slide-contents\"><div class=\"elementor-slide-heading\">4<\/div><div class=\"elementor-slide-description\">\u00a1Realiza tu examen!<\/div><\/div><\/div><\/div>\t\t\t\t<\/div>\n\t\t\t\t\t\t\t\t\t\t\t\t\t\t\t<div class=\"swiper-pagination\"><\/div>\n\t\t\t\t\t\t\t\t\t\t\t\t\t\t\t\t\t<\/div>\n\t\t<\/div>\n\t\t\t\t<\/div>\n\t\t\t\t<\/div>\n\t\t\t\t<div class=\"elementor-element elementor-element-db9da2c elementor-widget elementor-widget-text-editor\" data-id=\"db9da2c\" data-element_type=\"widget\" id=\"mayores-detalles\" data-widget_type=\"text-editor.default\">\n\t\t\t\t<div class=\"elementor-widget-container\">\n\t\t\t\t\t\t\t\t<div class=\"elementor-text-editor elementor-clearfix\">\n\t\t\t\t<p style=\"text-align: center;\">\u00a1A\u00fan est\u00e1s a tiempo de registrarte!<\/p>\t\t\t\t\t<\/div>\n\t\t\t\t\t\t<\/div>\n\t\t\t\t<\/div>\n\t\t\t\t<div class=\"elementor-element elementor-element-3b67230 elementor-widget elementor-widget-text-editor\" data-id=\"3b67230\" data-element_type=\"widget\" data-widget_type=\"text-editor.default\">\n\t\t\t\t<div class=\"elementor-widget-container\">\n\t\t\t\t\t\t\t\t<div class=\"elementor-text-editor elementor-clearfix\">\n\t\t\t\t<div id=\"formulatio-crm\">\n    <div class=\"formulario-detalles-cont\">\n        <form id=\"formulatio-contacto-vtiger\" method=\"POST\" action=\"https:\/\/www.cetys.mx\/idiomas\/api-crm\/\">\n            <input type=\"hidden\" name=\"action\" value=\"insertrecord\">\n            <input type=\"hidden\" name=\"contacttype\" value=\"Lead\">\n            <input type=\"hidden\" name=\"pipeline\" value=\"Idiomas\">\n            <input type=\"hidden\" name=\"leadsource\" value=\"Website\">\n            <input id=\"assigned_user_id\" type=\"hidden\" name=\"assigned_user_id\" value=\"11\">\n\n            <input type=\"text\" name=\"firstname\" value=\"\" placeholder=\"Nombre\" required>\n            <input type=\"text\" name=\"lastname\" value=\"\" placeholder=\"Apellidos\" required>\n            <input type=\"text\" name=\"email\" value=\"\" placeholder=\"Correo Electr\u00f3nico\" required>\n            <input type=\"text\" name=\"phone\" value=\"\" placeholder=\"Tel\u00e9fono\" required>\n            <br>\n            <select class=\"chng-id\" name=\"potentialname\" required=\"\" hidden>\n                <option selected>TOEFL ITP<\/option>\n            <\/select>\n            \n            <input type=\"submit\" value=\"ENVIAR\" class=\"btn-detalles btn-envia\">\n        <\/form>\n    <\/div>\n    <div class=\"formulario-resultado-cont noshow\" style=\"display: none;\">\n        <\/p><p>\u00a1Gracias por ponerte en contacto <strong>##Nombre##<\/strong>!<\/p><p>La informaci\u00f3n acerca de nuestro programa\u00a0<strong>##potentialname##<\/strong> ha sido enviada a tu correo electr\u00f3nico.<\/p><p>Pronto nos comunicaremos contigo para aclarar cualquier duda que tengas.<\/p><p>Atte. CETYS Centro de Idiomas Campus Mexicali<\/p><p>(686) 567 37 10<\/p><p>idiomas@cetys.mx<\/p><p>    <\/div>\n    <div class=\"formulario-resultado-cont-error noshow\" style=\"display: none;\">\n        <p>Ha ocurrido un error al enviar tu informaci\u00f3n, vuelve a intentarlo m\u00e1s tarde<\/p>\n    <\/div>\n<\/div>\n\n\n<script type=\"text\/javascript\">\n\n    jQuery(function ($) {\n\n         $('.chng-id').change(function () {\n            var ressel = $(this).val();\n            var idsel = '';\n            if(ressel=='TOEFL ITP'){idsel='7';}\n\n            $('#assigned_user_id').val(idsel);\n\n        });\n\n        $('#formulatio-contacto-vtiger').submit(function( event ) {\n            event.preventDefault();\n            \/\/desactivamos boton\n            $(this).children('.btn-envia').val('Enviando...');\n            $(this).children('.btn-envia').addClass('disabled')\n            \n              var arction_url = $(this).attr('action');\n\n              var settings = {\n                data: $('#formulatio-contacto-vtiger').serialize(),\n                \"url\": arction_url,\n                \"method\": \"POST\",\n              }\n\n              $.ajax(settings).done(function (data) {\n                  var message_obj = data;\n                  console.log(message_obj);\n                  if(message_obj.success==true){\n                    var nombre_interesado = $(\"input[name=firstname]\").val();\n                    var potentialname = $(\"select[name=potentialname]\").val();\n                    var user_id = message_obj.user_id;\n                    var potential_id = message_obj.potential_id;\n                    var newhtml = $('.formulario-resultado-cont').html();\n\n                    \/\/condicional de enlaces\n                     var dobleb = '\\n' +\n                      '<p>Para personas que desean aprender desde cero:\\n' +\n                      '\\n' +\n                      '<a class=\"btn-detalles btn-envia\" href=\"https:\/\/www.cetys.mx\/idiomas\/examen-de-ubicacion-basico-adultos-mexicali\/?oportunidad=##potential_id##\">EXAMEN DE UBICACI\u00d3N B\u00c1SICO<\/a>\\n' +\n                      '\\n' +\n                      '<br>Para personas que ya cuentan con cierto grado de conocimiento:\\n' +\n                      '\\n' +\n                      '<a class=\"btn-detalles btn-envia\" href=\"https:\/\/www.cetys.mx\/idiomas\/examen-de-ubicacion-intermedio-adultos-mexicali\/?oportunidad=##potential_id##\">EXAMEN DE UBICACI\u00d3N INTERMEDIO<\/a><\/p>';\n\n                    var sencillo = '<p><a class=\"btn-detalles btn-envia\" href=\"https:\/\/www.cetys.mx\/idiomas\/examen-de-ubicacion-basico-adultos-mexicali\/?oportunidad=##potential_id##\">EXAMEN DE UBICACI\u00d3N B\u00c1SICO<\/a><\/p><br><br>';\n\n                    if(potentialname==\"Ingl\u00e9s B\u00e1sico\"){\n                        newhtml =   newhtml.replace(\"##COND-EXAMEN##\", sencillo);\n                    }else{\n                        newhtml =   newhtml.replace(\"##COND-EXAMEN##\", dobleb);\n                    }\n\n                    \/\/base\n                    newhtml =   newhtml.replace(\"##Nombre##\", nombre_interesado);\n                    newhtml =   newhtml.replace(\"##potential_id##\", potential_id);\n                    newhtml =   newhtml.replace(\"##potentialname##\", potentialname);\n\n                    \/\/repeticion\n                    newhtml =   newhtml.replace(\"##Nombre##\", nombre_interesado);\n                    newhtml =   newhtml.replace(\"##potential_id##\", potential_id);\n                    newhtml =   newhtml.replace(\"##potentialname##\", potentialname);\n\n\n\n                    $('.formulario-resultado-cont').html(newhtml);\n\n                    $('.formulario-detalles-cont').css(\"display\",'none');\n                    $('.formulario-resultado-cont').css(\"display\",'block');\n                  }else{\n                    $('.formulario-detalles-cont').css(\"display\",'none');\n                    $('.formulario-resultado-cont-error').css(\"display\",'block');\n                  }\n              });\n          });\n    });\n\n<\/script>\n\n\n<style type=\"text\/css\">\n#pedirdetalles{\n\n}\n\n.formulario-detalles-cont{\n\n}\n\n.formulario-detalles-cont label{\n    display: none;\n}\n\n.formulario-detalles-cont input{\n    width: 100%;\n    border: 1px solid #e2e2e2;\n    margin-bottom: 5px;\n    padding: 15px 20px 15px 20px;\n}\n\n\n.formulario-detalles-cont select{\n    width: 100%;\n    padding: 5px;\n    margin-bottom: 5px;\n    border: 1px solid #e2e2e2;\n    padding: 15px 20px 15px 20px;\n}\n\n.formulario-detalles-cont input[name=\"potentialname\"]{\n    display: none;\n}\n\n.formulario-detalles-cont input[type=\"submit\"]{\n        width: 100%;\n    color: #FFF;\n    text-transform: uppercase;\n    font-family: \"Open Sans\";\n    font-weight: 700;\n    letter-spacing: 2px;\n    background-color: #ffc335;\n    border-radius: 150px 150px 150px 150px;\n    padding: 10px 20px 10px 20px;\n    margin-top: 15px;\n\n}\n\n.formulario-detalles-cont input[type=\"checkbox\"]{\n    width: auto;\n}\n\n.formulario-detalles-cont button[type=\"submit\"]{\n    display: block;\n    color: #FFF;\n    background-color: #ffc81f;\n    padding: 10px;\n    text-align: center;\n    text-transform: capitalize;\n    font-weight: bold;\n    font-size: 16px;\n    border: 0px;\n    width: 100%;\n}\n\n<\/style>\t\t\t\t\t<\/div>\n\t\t\t\t\t\t<\/div>\n\t\t\t\t<\/div>\n\t\t\t\t<div class=\"elementor-element elementor-element-5a42f1f elementor-align-justify elementor-widget elementor-widget-button\" data-id=\"5a42f1f\" data-element_type=\"widget\" data-widget_type=\"button.default\">\n\t\t\t\t<div class=\"elementor-widget-container\">\n\t\t\t\t\t<div class=\"elementor-button-wrapper\">\n\t\t\t<a href=\"https:\/\/wa.me\/526865673710?text=\u00a1Hola!%20Me%20gustar\u00eda%20recibir%20informaci\u00f3n%20acerca%20del%20TOEFL%20ITP%20que%20ofrecen%20en%20CETYS%20Centro%20de%20Idiomas%20Campus%20Mexicali.%20Quedo%20en%20espera%20de%20su%20respuesta,%20gracias.\" class=\"elementor-button-link elementor-button elementor-size-sm\" role=\"button\">\n\t\t\t\t\t\t<span class=\"elementor-button-content-wrapper\">\n\t\t\t\t\t\t<span class=\"elementor-button-icon elementor-align-icon-left\">\n\t\t\t\t<i aria-hidden=\"true\" class=\"fab fa-whatsapp\"><\/i>\t\t\t<\/span>\n\t\t\t\t\t\t<span class=\"elementor-button-text\">whatsapp<\/span>\n\t\t<\/span>\n\t\t\t\t\t<\/a>\n\t\t<\/div>\n\t\t\t\t<\/div>\n\t\t\t\t<\/div>\n\t\t\t\t<div class=\"elementor-element elementor-element-7e2c8ad elementor-align-justify elementor-widget elementor-widget-button\" data-id=\"7e2c8ad\" data-element_type=\"widget\" data-widget_type=\"button.default\">\n\t\t\t\t<div class=\"elementor-widget-container\">\n\t\t\t\t\t<div class=\"elementor-button-wrapper\">\n\t\t\t<a href=\"mailto:leznny.gonzalez@cetys.mx?subject=Informaci%C3%B3n%20acerca%20de%20TOEFL&#038;body=%C2%A1Hola!%20Me%20gustar%C3%ADa%20recibir%20mayores%20detalles%20acerca%20de%20las%20pr%C3%B3ximas%20fechas%20de%20aplicacin%20del%20examen%20TOEFL%20que%20se%20ofrece%20en%20CETYS%20Centro%20de%20Idiomas%20Campus%20Mexicali.%20Queda%20en%20espera%20de%20su%20respuesta%2C%20gracias.\" class=\"elementor-button-link elementor-button elementor-size-sm\" role=\"button\">\n\t\t\t\t\t\t<span class=\"elementor-button-content-wrapper\">\n\t\t\t\t\t\t<span class=\"elementor-button-icon elementor-align-icon-left\">\n\t\t\t\t<i aria-hidden=\"true\" class=\"far fa-envelope\"><\/i>\t\t\t<\/span>\n\t\t\t\t\t\t<span class=\"elementor-button-text\">enviar correo<\/span>\n\t\t<\/span>\n\t\t\t\t\t<\/a>\n\t\t<\/div>\n\t\t\t\t<\/div>\n\t\t\t\t<\/div>\n\t\t\t\t<div class=\"elementor-element elementor-element-51138d6 elementor-widget elementor-widget-text-editor\" data-id=\"51138d6\" data-element_type=\"widget\" data-widget_type=\"text-editor.default\">\n\t\t\t\t<div class=\"elementor-widget-container\">\n\t\t\t\t\t\t\t\t<div class=\"elementor-text-editor elementor-clearfix\">\n\t\t\t\t<p style=\"text-align: center;\">\u00bfConoces a alguien que podr\u00eda interesarle esto? \u00a1Comparte!<\/p>\t\t\t\t\t<\/div>\n\t\t\t\t\t\t<\/div>\n\t\t\t\t<\/div>\n\t\t\t\t<div class=\"elementor-element elementor-element-d9b0eee elementor-share-buttons--view-icon elementor-share-buttons--skin-flat elementor-share-buttons--align-center elementor-share-buttons--shape-square elementor-grid-0 elementor-share-buttons--color-official elementor-widget elementor-widget-share-buttons\" data-id=\"d9b0eee\" data-element_type=\"widget\" data-widget_type=\"share-buttons.default\">\n\t\t\t\t<div class=\"elementor-widget-container\">\n\t\t\t\t\t<div class=\"elementor-grid\">\n\t\t\t\t\t\t\t\t<div class=\"elementor-grid-item\">\n\t\t\t\t\t\t<div class=\"elementor-share-btn elementor-share-btn_whatsapp\">\n\t\t\t\t\t\t\t\t\t\t\t\t\t\t\t<span class=\"elementor-share-btn__icon\">\n\t\t\t\t\t\t\t\t<i class=\"fab fa-whatsapp\"\n\t\t\t\t\t\t\t\t   aria-hidden=\"true\"><\/i>\n\t\t\t\t\t\t\t\t<span\n\t\t\t\t\t\t\t\t\tclass=\"elementor-screen-only\">Share on whatsapp<\/span>\n\t\t\t\t\t\t\t<\/span>\n\t\t\t\t\t\t\t\t\t\t\t\t\t\t\t\t\t\t\t\t<\/div>\n\t\t\t\t\t<\/div>\n\t\t\t\t\t\t\t\t\t<div class=\"elementor-grid-item\">\n\t\t\t\t\t\t<div class=\"elementor-share-btn elementor-share-btn_facebook\">\n\t\t\t\t\t\t\t\t\t\t\t\t\t\t\t<span class=\"elementor-share-btn__icon\">\n\t\t\t\t\t\t\t\t<i class=\"fab fa-facebook\"\n\t\t\t\t\t\t\t\t   aria-hidden=\"true\"><\/i>\n\t\t\t\t\t\t\t\t<span\n\t\t\t\t\t\t\t\t\tclass=\"elementor-screen-only\">Share on facebook<\/span>\n\t\t\t\t\t\t\t<\/span>\n\t\t\t\t\t\t\t\t\t\t\t\t\t\t\t\t\t\t\t\t<\/div>\n\t\t\t\t\t<\/div>\n\t\t\t\t\t\t\t\t\t<div class=\"elementor-grid-item\">\n\t\t\t\t\t\t<div class=\"elementor-share-btn elementor-share-btn_email\">\n\t\t\t\t\t\t\t\t\t\t\t\t\t\t\t<span class=\"elementor-share-btn__icon\">\n\t\t\t\t\t\t\t\t<i class=\"fas fa-envelope\"\n\t\t\t\t\t\t\t\t   aria-hidden=\"true\"><\/i>\n\t\t\t\t\t\t\t\t<span\n\t\t\t\t\t\t\t\t\tclass=\"elementor-screen-only\">Share on email<\/span>\n\t\t\t\t\t\t\t<\/span>\n\t\t\t\t\t\t\t\t\t\t\t\t\t\t\t\t\t\t\t\t<\/div>\n\t\t\t\t\t<\/div>\n\t\t\t\t\t\t<\/div>\n\t\t\t\t<\/div>\n\t\t\t\t<\/div>\n\t\t\t\t\t\t<\/div>\n\t\t\t\t\t<\/div>\n\t\t<\/div>\n\t\t\t\t\t\t\t\t<\/div>\n\t\t\t\t\t<\/div>\n\t\t<\/section>\n\t\t\t\t\t\t<\/div>\n\t\t\t\t\t\t<\/div>\n\t\t\t\t\t<\/div>\n\t\t","protected":false},"excerpt":{"rendered":"<p>campus mexicali Aplicaci\u00f3n de TOEFL Obt\u00e9n la certificaci\u00f3n de tu nivel de ingl\u00e9s a trav\u00e9s del examen TOEFL ITP. m\u00e1s detalles TOEFL ITP El TOEFL ITP, o Test of English as a Foreign Language &#8211; Institutional Testing Program, es una versi\u00f3n del examen TOEFL dise\u00f1ada para ser utilizada por instituciones educativas, empresas y otras organizaciones [&hellip;]<\/p>\n","protected":false},"author":1,"featured_media":0,"parent":0,"menu_order":0,"comment_status":"closed","ping_status":"closed","template":"","meta":[],"categories":[],"tags":[8],"acf":[],"_links":{"self":[{"href":"https:\/\/www.cetys.mx\/idiomas\/wp-json\/wp\/v2\/pages\/5727"}],"collection":[{"href":"https:\/\/www.cetys.mx\/idiomas\/wp-json\/wp\/v2\/pages"}],"about":[{"href":"https:\/\/www.cetys.mx\/idiomas\/wp-json\/wp\/v2\/types\/page"}],"author":[{"embeddable":true,"href":"https:\/\/www.cetys.mx\/idiomas\/wp-json\/wp\/v2\/users\/1"}],"replies":[{"embeddable":true,"href":"https:\/\/www.cetys.mx\/idiomas\/wp-json\/wp\/v2\/comments?post=5727"}],"version-history":[{"count":127,"href":"https:\/\/www.cetys.mx\/idiomas\/wp-json\/wp\/v2\/pages\/5727\/revisions"}],"predecessor-version":[{"id":63591,"href":"https:\/\/www.cetys.mx\/idiomas\/wp-json\/wp\/v2\/pages\/5727\/revisions\/63591"}],"wp:attachment":[{"href":"https:\/\/www.cetys.mx\/idiomas\/wp-json\/wp\/v2\/media?parent=5727"}],"wp:term":[{"taxonomy":"category","embeddable":true,"href":"https:\/\/www.cetys.mx\/idiomas\/wp-json\/wp\/v2\/categories?post=5727"},{"taxonomy":"post_tag","embeddable":true,"href":"https:\/\/www.cetys.mx\/idiomas\/wp-json\/wp\/v2\/tags?post=5727"}],"curies":[{"name":"wp","href":"https:\/\/api.w.org\/{rel}","templated":true}]}}