{"id":50717,"date":"2025-06-16T11:43:36","date_gmt":"2025-06-16T18:43:36","guid":{"rendered":"https:\/\/www.cetys.mx\/idiomas\/?page_id=50717"},"modified":"2025-06-17T09:30:11","modified_gmt":"2025-06-17T16:30:11","slug":"corporate-programs-mexicali","status":"publish","type":"page","link":"https:\/\/www.cetys.mx\/idiomas\/corporate-programs-mexicali\/","title":{"rendered":"Corporate Programs &#8211; Mexicali"},"content":{"rendered":"\t\t<div data-elementor-type=\"wp-page\" data-elementor-id=\"50717\" class=\"elementor elementor-50717\" data-elementor-settings=\"[]\">\n\t\t\t\t\t\t<div class=\"elementor-inner\">\n\t\t\t\t\t\t\t<div class=\"elementor-section-wrap\">\n\t\t\t\t\t\t\t<section class=\"elementor-section elementor-top-section elementor-element elementor-element-4d5f2347 elementor-section-height-min-height elementor-section-items-bottom elementor-section-boxed elementor-section-height-default\" data-id=\"4d5f2347\" data-element_type=\"section\" data-settings=\"{&quot;background_background&quot;:&quot;classic&quot;}\">\n\t\t\t\t\t\t\t<div class=\"elementor-background-overlay\"><\/div>\n\t\t\t\t\t\t\t<div class=\"elementor-container elementor-column-gap-default\">\n\t\t\t\t\t\t\t<div class=\"elementor-row\">\n\t\t\t\t\t<div class=\"elementor-column elementor-col-100 elementor-top-column elementor-element elementor-element-34427c9e\" data-id=\"34427c9e\" data-element_type=\"column\" data-settings=\"{&quot;animation&quot;:&quot;none&quot;}\">\n\t\t\t<div class=\"elementor-column-wrap elementor-element-populated\">\n\t\t\t\t\t\t\t<div class=\"elementor-widget-wrap\">\n\t\t\t\t\t\t<div class=\"elementor-element elementor-element-56dadd5e elementor-invisible elementor-widget elementor-widget-text-editor\" data-id=\"56dadd5e\" data-element_type=\"widget\" data-settings=\"{&quot;_animation&quot;:&quot;fadeInLeft&quot;}\" data-widget_type=\"text-editor.default\">\n\t\t\t\t<div class=\"elementor-widget-container\">\n\t\t\t\t\t\t\t\t<div class=\"elementor-text-editor elementor-clearfix\">\n\t\t\t\t<p style=\"text-align: center;\">campus mexicali<\/p>\t\t\t\t\t<\/div>\n\t\t\t\t\t\t<\/div>\n\t\t\t\t<\/div>\n\t\t\t\t<div class=\"elementor-element elementor-element-2e68486 elementor-invisible elementor-widget elementor-widget-heading\" data-id=\"2e68486\" data-element_type=\"widget\" data-settings=\"{&quot;_animation&quot;:&quot;fadeInUp&quot;,&quot;_animation_delay&quot;:1000}\" data-widget_type=\"heading.default\">\n\t\t\t\t<div class=\"elementor-widget-container\">\n\t\t\t<h1 class=\"elementor-heading-title elementor-size-default\">Corporate Programs<\/h1>\t\t<\/div>\n\t\t\t\t<\/div>\n\t\t\t\t<div class=\"elementor-element elementor-element-975c55d elementor-align-center elementor-mobile-align-center elementor-widget elementor-widget-button\" data-id=\"975c55d\" data-element_type=\"widget\" data-widget_type=\"button.default\">\n\t\t\t\t<div class=\"elementor-widget-container\">\n\t\t\t\t\t<div class=\"elementor-button-wrapper\">\n\t\t\t<a href=\"#mayores-detalles\" class=\"elementor-button-link elementor-button elementor-size-lg\" role=\"button\">\n\t\t\t\t\t\t<span class=\"elementor-button-content-wrapper\">\n\t\t\t\t\t\t<span class=\"elementor-button-text\">m\u00e1s detalles<\/span>\n\t\t<\/span>\n\t\t\t\t\t<\/a>\n\t\t<\/div>\n\t\t\t\t<\/div>\n\t\t\t\t<\/div>\n\t\t\t\t\t\t<\/div>\n\t\t\t\t\t<\/div>\n\t\t<\/div>\n\t\t\t\t\t\t\t\t<\/div>\n\t\t\t\t\t<\/div>\n\t\t<\/section>\n\t\t\t\t<section class=\"elementor-section elementor-top-section elementor-element elementor-element-a08814a elementor-section-boxed elementor-section-height-default elementor-section-height-default\" data-id=\"a08814a\" data-element_type=\"section\">\n\t\t\t\t\t\t<div class=\"elementor-container elementor-column-gap-default\">\n\t\t\t\t\t\t\t<div class=\"elementor-row\">\n\t\t\t\t\t<div class=\"elementor-column elementor-col-66 elementor-top-column elementor-element elementor-element-710d684\" data-id=\"710d684\" data-element_type=\"column\">\n\t\t\t<div class=\"elementor-column-wrap elementor-element-populated\">\n\t\t\t\t\t\t\t<div class=\"elementor-widget-wrap\">\n\t\t\t\t\t\t<div class=\"elementor-element elementor-element-f5a5f69 elementor-widget elementor-widget-heading\" data-id=\"f5a5f69\" data-element_type=\"widget\" id=\"corporate-english\" data-widget_type=\"heading.default\">\n\t\t\t\t<div class=\"elementor-widget-container\">\n\t\t\t<h2 class=\"elementor-heading-title elementor-size-default\">Corporate English<\/h2>\t\t<\/div>\n\t\t\t\t<\/div>\n\t\t\t\t<div class=\"elementor-element elementor-element-3d1d9b1 elementor-widget elementor-widget-text-editor\" data-id=\"3d1d9b1\" data-element_type=\"widget\" data-widget_type=\"text-editor.default\">\n\t\t\t\t<div class=\"elementor-widget-container\">\n\t\t\t\t\t\t\t\t<div class=\"elementor-text-editor elementor-clearfix\">\n\t\t\t\t<p><span style=\"color: var( --e-global-color-text ); font-size: 1rem;\">Programa disponible bajo demanda.<\/span><\/p>\t\t\t\t\t<\/div>\n\t\t\t\t\t\t<\/div>\n\t\t\t\t<\/div>\n\t\t\t\t<div class=\"elementor-element elementor-element-7c90cdc elementor-widget elementor-widget-image\" data-id=\"7c90cdc\" data-element_type=\"widget\" data-widget_type=\"image.default\">\n\t\t\t\t<div class=\"elementor-widget-container\">\n\t\t\t\t\t\t\t\t<div class=\"elementor-image\">\n\t\t\t\t\t\t\t\t\t\t\t\t<img decoding=\"async\" width=\"768\" height=\"512\" src=\"https:\/\/www.cetys.mx\/idiomas\/wp-content\/uploads\/2025\/06\/2149085987-768x512.jpg\" class=\"attachment-medium_large size-medium_large\" alt=\"\" loading=\"lazy\" srcset=\"https:\/\/www.cetys.mx\/idiomas\/wp-content\/uploads\/2025\/06\/2149085987-768x512.jpg 768w, https:\/\/www.cetys.mx\/idiomas\/wp-content\/uploads\/2025\/06\/2149085987-300x200.jpg 300w, https:\/\/www.cetys.mx\/idiomas\/wp-content\/uploads\/2025\/06\/2149085987-1024x683.jpg 1024w, https:\/\/www.cetys.mx\/idiomas\/wp-content\/uploads\/2025\/06\/2149085987.jpg 1500w\" sizes=\"(max-width: 768px) 100vw, 768px\" \/>\t\t\t\t\t\t\t\t\t\t\t\t\t\t<\/div>\n\t\t\t\t\t\t<\/div>\n\t\t\t\t<\/div>\n\t\t\t\t<div class=\"elementor-element elementor-element-a7150ad elementor-widget elementor-widget-text-editor\" data-id=\"a7150ad\" data-element_type=\"widget\" data-widget_type=\"text-editor.default\">\n\t\t\t\t<div class=\"elementor-widget-container\">\n\t\t\t\t\t\t\t\t<div class=\"elementor-text-editor elementor-clearfix\">\n\t\t\t\t<p>Es un programa flexible que se puede ofrecer en modalidad presencial o a distancia, en las instalaciones de la empresa o en CETYS, en los horarios que m\u00e1s convengan a la misma.<\/p><p>Dirigido a empresas que busquen ayudar a sus colaboradores a lograr los objetivos en el idioma ingl\u00e9s establecidos por las necesidades de los encargados de capacitaci\u00f3n.<\/p><p><strong>DETALLES<\/strong><\/p><ul><li>15 niveles.<\/li><li>40 horas por nivel.<\/li><li>Se sugieren 4hrs de clase por semana.<\/li><li>Disponible en modalidad presencial (CETYS o empresa) o a distancia (Zoom y Google Classroom).<\/li><\/ul>\t\t\t\t\t<\/div>\n\t\t\t\t\t\t<\/div>\n\t\t\t\t<\/div>\n\t\t\t\t<div class=\"elementor-element elementor-element-f06a161 elementor-widget elementor-widget-heading\" data-id=\"f06a161\" data-element_type=\"widget\" id=\"ingles-para-transportistas\" data-widget_type=\"heading.default\">\n\t\t\t\t<div class=\"elementor-widget-container\">\n\t\t\t<h2 class=\"elementor-heading-title elementor-size-default\">Ingl\u00e9s para Transportistas<\/h2>\t\t<\/div>\n\t\t\t\t<\/div>\n\t\t\t\t<div class=\"elementor-element elementor-element-d246382 elementor-widget elementor-widget-text-editor\" data-id=\"d246382\" data-element_type=\"widget\" data-widget_type=\"text-editor.default\">\n\t\t\t\t<div class=\"elementor-widget-container\">\n\t\t\t\t\t\t\t\t<div class=\"elementor-text-editor elementor-clearfix\">\n\t\t\t\t<p><span style=\"color: var( --e-global-color-text ); font-size: 1rem;\">Programa disponible bajo demanda.<\/span><\/p>\t\t\t\t\t<\/div>\n\t\t\t\t\t\t<\/div>\n\t\t\t\t<\/div>\n\t\t\t\t<div class=\"elementor-element elementor-element-605a7e2 elementor-widget elementor-widget-image\" data-id=\"605a7e2\" data-element_type=\"widget\" data-widget_type=\"image.default\">\n\t\t\t\t<div class=\"elementor-widget-container\">\n\t\t\t\t\t\t\t\t<div class=\"elementor-image\">\n\t\t\t\t\t\t\t\t\t\t\t\t<img decoding=\"async\" width=\"768\" height=\"439\" src=\"https:\/\/www.cetys.mx\/idiomas\/wp-content\/uploads\/2025\/06\/man-working-as-truck-driver-768x439.jpg\" class=\"attachment-medium_large size-medium_large\" alt=\"\" loading=\"lazy\" srcset=\"https:\/\/www.cetys.mx\/idiomas\/wp-content\/uploads\/2025\/06\/man-working-as-truck-driver-768x439.jpg 768w, https:\/\/www.cetys.mx\/idiomas\/wp-content\/uploads\/2025\/06\/man-working-as-truck-driver-300x171.jpg 300w, https:\/\/www.cetys.mx\/idiomas\/wp-content\/uploads\/2025\/06\/man-working-as-truck-driver-1024x585.jpg 1024w, https:\/\/www.cetys.mx\/idiomas\/wp-content\/uploads\/2025\/06\/man-working-as-truck-driver-1536x878.jpg 1536w, https:\/\/www.cetys.mx\/idiomas\/wp-content\/uploads\/2025\/06\/man-working-as-truck-driver-2048x1170.jpg 2048w\" sizes=\"(max-width: 768px) 100vw, 768px\" \/>\t\t\t\t\t\t\t\t\t\t\t\t\t\t<\/div>\n\t\t\t\t\t\t<\/div>\n\t\t\t\t<\/div>\n\t\t\t\t<div class=\"elementor-element elementor-element-8d4adb0 elementor-widget elementor-widget-text-editor\" data-id=\"8d4adb0\" data-element_type=\"widget\" data-widget_type=\"text-editor.default\">\n\t\t\t\t<div class=\"elementor-widget-container\">\n\t\t\t\t\t\t\t\t<div class=\"elementor-text-editor elementor-clearfix\">\n\t\t\t\t<p>Proveer a los participantes con los conocimientos b\u00e1sicos intensivos de <br \/>comunicaci\u00f3n en ingl\u00e9s relevantes a las leyes y reglamentos del Departamento de Transporte de los Estados Unidos que gobiernan la industria de transporte y su aplicaci\u00f3n en la operaci\u00f3n b\u00e1sica de veh\u00edculos comerciales.<\/p><p>Los participantes aprender\u00e1n y aplicar\u00e1n vocabulario que se enfoca en las \u00e1reas b\u00e1sicas de mantenimiento preventivo y procesos de inspecci\u00f3n de tractocamiones de gasolina y diesel al mismo tiempo que desarrollan habilidades comunicativas de un nivel de ingl\u00e9s b\u00e1sico a intermedio<\/p><p><strong>DETALLES<\/strong><\/p><ul><li>4 niveles.<\/li><li>40 horas por nivel.<\/li><li>Bloque 1: Comunicaci\u00f3n B\u00e1sica en Ingl\u00e9s<\/li><li>Bloque 2: Vocabulario T\u00e9cnico para Transportistas<\/li><li>Disponible en modalidad presencial (CETYS o empresa) o a distancia (Zoom y Google Classroom).<\/li><\/ul>\t\t\t\t\t<\/div>\n\t\t\t\t\t\t<\/div>\n\t\t\t\t<\/div>\n\t\t\t\t\t\t<\/div>\n\t\t\t\t\t<\/div>\n\t\t<\/div>\n\t\t\t\t<div class=\"elementor-column elementor-col-33 elementor-top-column elementor-element elementor-element-159e898\" data-id=\"159e898\" data-element_type=\"column\">\n\t\t\t<div class=\"elementor-column-wrap elementor-element-populated\">\n\t\t\t\t\t\t\t<div class=\"elementor-widget-wrap\">\n\t\t\t\t\t\t<div class=\"elementor-element elementor-element-89147fb elementor-widget elementor-widget-heading\" data-id=\"89147fb\" data-element_type=\"widget\" data-widget_type=\"heading.default\">\n\t\t\t\t<div class=\"elementor-widget-container\">\n\t\t\t<h2 class=\"elementor-heading-title elementor-size-default\">\u00a1Obt\u00e9n m\u00e1s detalles!<\/h2>\t\t<\/div>\n\t\t\t\t<\/div>\n\t\t\t\t<div class=\"elementor-element elementor-element-d0cda8f elementor-pagination-position-outside elementor--h-position-center elementor--v-position-middle elementor-widget elementor-widget-slides\" data-id=\"d0cda8f\" data-element_type=\"widget\" id=\"mayores-detalles\" data-settings=\"{&quot;navigation&quot;:&quot;dots&quot;,&quot;autoplay&quot;:&quot;yes&quot;,&quot;pause_on_interaction&quot;:&quot;yes&quot;,&quot;autoplay_speed&quot;:5000,&quot;infinite&quot;:&quot;yes&quot;,&quot;transition&quot;:&quot;slide&quot;,&quot;transition_speed&quot;:500}\" data-widget_type=\"slides.default\">\n\t\t\t\t<div class=\"elementor-widget-container\">\n\t\t\t\t\t<div class=\"elementor-swiper\">\n\t\t\t<div class=\"elementor-slides-wrapper elementor-main-swiper swiper-container\" dir=\"ltr\" data-animation=\"fadeInLeft\">\n\t\t\t\t<div class=\"swiper-wrapper elementor-slides\">\n\t\t\t\t\t<div class=\"elementor-repeater-item-1340874 swiper-slide\"><div class=\"swiper-slide-bg\"><\/div><div class=\"swiper-slide-inner\" ><div class=\"swiper-slide-contents\"><div class=\"elementor-slide-heading\">1<\/div><div class=\"elementor-slide-description\">Solicita informaci\u00f3n del programa de tu inter\u00e9s.<\/div><\/div><\/div><\/div><div class=\"elementor-repeater-item-f6c2d45 swiper-slide\"><div class=\"swiper-slide-bg\"><\/div><div class=\"swiper-slide-inner\" ><div class=\"swiper-slide-contents\"><div class=\"elementor-slide-heading\">2<\/div><div class=\"elementor-slide-description\">Llena tu solicitud de admisi\u00f3n.<\/div><\/div><\/div><\/div><div class=\"elementor-repeater-item-a3cc115 swiper-slide\"><div class=\"swiper-slide-bg\"><\/div><div class=\"swiper-slide-inner\" ><div class=\"swiper-slide-contents\"><div class=\"elementor-slide-heading\">3<\/div><div class=\"elementor-slide-description\">Realiza tu pago de inscripci\u00f3n.<\/div><\/div><\/div><\/div>\t\t\t\t<\/div>\n\t\t\t\t\t\t\t\t\t\t\t\t\t\t\t<div class=\"swiper-pagination\"><\/div>\n\t\t\t\t\t\t\t\t\t\t\t\t\t\t\t\t\t<\/div>\n\t\t<\/div>\n\t\t\t\t<\/div>\n\t\t\t\t<\/div>\n\t\t\t\t<div class=\"elementor-element elementor-element-34d721d elementor-widget elementor-widget-text-editor\" data-id=\"34d721d\" data-element_type=\"widget\" data-widget_type=\"text-editor.default\">\n\t\t\t\t<div class=\"elementor-widget-container\">\n\t\t\t\t\t\t\t\t<div class=\"elementor-text-editor elementor-clearfix\">\n\t\t\t\t<div id=\"formulatio-crm\">\r\n    <div class=\"formulario-detalles-cont\">\r\n        <form id=\"formulatio-contacto-vtiger\" method=\"POST\" action=\"https:\/\/www.cetys.mx\/idiomas\/api-crm\/\">\r\n            <input type=\"hidden\" name=\"action\" value=\"insertrecord\">\r\n            <input type=\"hidden\" name=\"contacttype\" value=\"Lead\">\r\n            <input type=\"hidden\" name=\"pipeline\" value=\"Idiomas\">\r\n            <input type=\"hidden\" name=\"leadsource\" value=\"Website\">\r\n            <input id=\"assigned_user_id\" type=\"hidden\" name=\"assigned_user_id\" value=\"11\">\r\n\r\n            <input type=\"text\" name=\"firstname\" value=\"\" placeholder=\"Nombre\" required>\r\n            <input type=\"text\" name=\"lastname\" value=\"\" placeholder=\"Apellidos\" required>\r\n            <input type=\"text\" name=\"email\" value=\"\" placeholder=\"Correo Electr\u00f3nico\" required>\r\n            <input type=\"text\" name=\"phone\" value=\"\" placeholder=\"Tel\u00e9fono\" required>\r\n            <br>\r\n            <select class=\"chng-id\" name=\"potentialname\" required=\"\">\r\n                <option value=\"\" disabled selected>Selecciona el programa<\/option>\r\n                <option value=\"Corporate English\">Corporate English<\/option>\r\n                <option value=\"Ingl\u00e9s para Transportistas\">Ingl\u00e9s para Transportistas<\/option>\r\n            <\/select>\r\n            \r\n            <input type=\"submit\" value=\"ENVIAR\" class=\"btn-detalles btn-envia\">\r\n        <\/form>\r\n    <\/div>\r\n    <div class=\"formulario-resultado-cont noshow\" style=\"display: none;\">\r\n        <\/p><p>\u00a1Gracias por ponerte en contacto <strong>##Nombre##<\/strong>!<\/p><p>La informaci\u00f3n acerca de nuestro programa\u00a0<strong>##potentialname##<\/strong> ha sido enviada a tu correo electr\u00f3nico.<\/p><p>Pronto nos comunicaremos contigo para aclarar cualquier duda que tengas.<\/p><p>Atte. CETYS Centro de Idiomas Campus Mexicali<\/p><p>(686) 567 37 10<\/p><p>idiomas@cetys.mx<\/p><p>    <\/div>\r\n    <div class=\"formulario-resultado-cont-error noshow\" style=\"display: none;\">\r\n        <p>Ha ocurrido un error al enviar tu informaci\u00f3n, vuelve a intentarlo m\u00e1s tarde<\/p>\r\n    <\/div>\r\n<\/div>\r\n\r\n\r\n<script type=\"text\/javascript\">\r\n\r\n    jQuery(function ($) {\r\n\r\n         $('.chng-id').change(function () {\r\n            var ressel = $(this).val();\r\n            var idsel = '';\r\n            if(ressel=='Corporate English'){idsel='11';}\r\n            if(ressel=='Ingl\u00e9s para Transportistas'){idsel='11';}\r\n\r\n            $('#assigned_user_id').val(idsel);\r\n\r\n        });        \r\n\r\n        $('#formulatio-contacto-vtiger').submit(function( event ) {\r\n            event.preventDefault();\r\n            \/\/desactivamos boton\r\n            $(this).children('.btn-envia').val('Enviando...');\r\n            $(this).children('.btn-envia').addClass('disabled')\r\n            \r\n              var arction_url = $(this).attr('action');\r\n\r\n              var settings = {\r\n                data: $('#formulatio-contacto-vtiger').serialize(),\r\n                \"url\": arction_url,\r\n                \"method\": \"POST\",\r\n              }\r\n\r\n              $.ajax(settings).done(function (data) {\r\n                  var message_obj = data;\r\n                  console.log(message_obj);\r\n                  if(message_obj.success==true){\r\n                    var nombre_interesado = $(\"input[name=firstname]\").val();\r\n                    var potentialname = $(\"select[name=potentialname]\").val();\r\n                    var user_id = message_obj.user_id;\r\n                    var potential_id = message_obj.potential_id;\r\n                    var newhtml = $('.formulario-resultado-cont').html();\r\n\r\n                    \/\/base\r\n                    newhtml =   newhtml.replace(\"##Nombre##\", nombre_interesado);\r\n                    newhtml =   newhtml.replace(\"##potential_id##\", potential_id);\r\n                    newhtml =   newhtml.replace(\"##potentialname##\", potentialname);\r\n\r\n                    \/\/repeticion\r\n                    newhtml =   newhtml.replace(\"##Nombre##\", nombre_interesado);\r\n                    newhtml =   newhtml.replace(\"##potential_id##\", potential_id);\r\n                    newhtml =   newhtml.replace(\"##potentialname##\", potentialname);\r\n\r\n\r\n                    $('.formulario-resultado-cont').html(newhtml);\r\n\r\n                    $('.formulario-detalles-cont').css(\"display\",'none');\r\n                    $('.formulario-resultado-cont').css(\"display\",'block');\r\n                  }else{\r\n                    $('.formulario-detalles-cont').css(\"display\",'none');\r\n                    $('.formulario-resultado-cont-error').css(\"display\",'block');\r\n                  }\r\n              });\r\n          });\r\n    });\r\n\r\n<\/script>\r\n\r\n\r\n<style type=\"text\/css\">\r\n#pedirdetalles{\r\n\r\n}\r\n\r\n.formulario-detalles-cont{\r\n\r\n}\r\n\r\n.formulario-detalles-cont label{\r\n    display: none;\r\n}\r\n\r\n.formulario-detalles-cont input{\r\n    width: 100%;\r\n    border: 1px solid #e2e2e2;\r\n    margin-bottom: 5px;\r\n    padding: 15px 20px 15px 20px;\r\n}\r\n\r\n\r\n.formulario-detalles-cont select{\r\n    width: 100%;\r\n    padding: 5px;\r\n    margin-bottom: 5px;\r\n    border: 1px solid #e2e2e2;\r\n    padding: 15px 20px 15px 20px;\r\n}\r\n\r\n.formulario-detalles-cont input[name=\"potentialname\"]{\r\n    display: none;\r\n}\r\n\r\n.formulario-detalles-cont input[type=\"submit\"]{\r\n        width: 100%;\r\n    color: #FFF;\r\n    text-transform: uppercase;\r\n    font-family: \"Open Sans\";\r\n    font-weight: 700;\r\n    letter-spacing: 2px;\r\n    background-color: #ffc335;\r\n    border-radius: 150px 150px 150px 150px;\r\n    padding: 10px 20px 10px 20px;\r\n    margin-top: 15px;\r\n\r\n}\r\n\r\n.formulario-detalles-cont input[type=\"checkbox\"]{\r\n    width: auto;\r\n}\r\n\r\n.formulario-detalles-cont button[type=\"submit\"]{\r\n    display: block;\r\n    color: #FFF;\r\n    background-color: #ffc81f;\r\n    padding: 10px;\r\n    text-align: center;\r\n    text-transform: capitalize;\r\n    font-weight: bold;\r\n    font-size: 16px;\r\n    border: 0px;\r\n    width: 100%;\r\n}\r\n\r\n<\/style>\t\t\t\t\t<\/div>\n\t\t\t\t\t\t<\/div>\n\t\t\t\t<\/div>\n\t\t\t\t<div class=\"elementor-element elementor-element-d3c91e7 elementor-align-justify elementor-widget elementor-widget-button\" data-id=\"d3c91e7\" data-element_type=\"widget\" data-widget_type=\"button.default\">\n\t\t\t\t<div class=\"elementor-widget-container\">\n\t\t\t\t\t<div class=\"elementor-button-wrapper\">\n\t\t\t<a href=\"https:\/\/wa.me\/526865673710?text=\u00a1Hola!%20Me%20gustar\u00eda%20recibir%20informaci\u00f3n%20acerca%20de%20los%20Corporate%20Programs%20que%20ofrecen%20en%20CETYS%20Centro%20de%20Idiomas%20Campus%20Mexicali.%20Quedo%20en%20espera%20de%20su%20respuesta,%20gracias.\" class=\"elementor-button-link elementor-button elementor-size-sm\" role=\"button\">\n\t\t\t\t\t\t<span class=\"elementor-button-content-wrapper\">\n\t\t\t\t\t\t<span class=\"elementor-button-icon elementor-align-icon-left\">\n\t\t\t\t<i aria-hidden=\"true\" class=\"fab fa-whatsapp\"><\/i>\t\t\t<\/span>\n\t\t\t\t\t\t<span class=\"elementor-button-text\">whatsapp<\/span>\n\t\t<\/span>\n\t\t\t\t\t<\/a>\n\t\t<\/div>\n\t\t\t\t<\/div>\n\t\t\t\t<\/div>\n\t\t\t\t<div class=\"elementor-element elementor-element-6f96310 elementor-widget elementor-widget-text-editor\" data-id=\"6f96310\" data-element_type=\"widget\" data-widget_type=\"text-editor.default\">\n\t\t\t\t<div class=\"elementor-widget-container\">\n\t\t\t\t\t\t\t\t<div class=\"elementor-text-editor elementor-clearfix\">\n\t\t\t\t<p style=\"text-align: center;\">\u00bfConoces a alguien que podr\u00eda interesarle estos programas? \u00a1Comparte!<\/p>\t\t\t\t\t<\/div>\n\t\t\t\t\t\t<\/div>\n\t\t\t\t<\/div>\n\t\t\t\t<div class=\"elementor-element elementor-element-4da3fa8 elementor-share-buttons--view-icon elementor-share-buttons--skin-flat elementor-share-buttons--align-center elementor-share-buttons--shape-square elementor-grid-0 elementor-share-buttons--color-official elementor-widget elementor-widget-share-buttons\" data-id=\"4da3fa8\" data-element_type=\"widget\" data-widget_type=\"share-buttons.default\">\n\t\t\t\t<div class=\"elementor-widget-container\">\n\t\t\t\t\t<div class=\"elementor-grid\">\n\t\t\t\t\t\t\t\t<div class=\"elementor-grid-item\">\n\t\t\t\t\t\t<div class=\"elementor-share-btn elementor-share-btn_whatsapp\">\n\t\t\t\t\t\t\t\t\t\t\t\t\t\t\t<span class=\"elementor-share-btn__icon\">\n\t\t\t\t\t\t\t\t<i class=\"fab fa-whatsapp\"\n\t\t\t\t\t\t\t\t   aria-hidden=\"true\"><\/i>\n\t\t\t\t\t\t\t\t<span\n\t\t\t\t\t\t\t\t\tclass=\"elementor-screen-only\">Share on whatsapp<\/span>\n\t\t\t\t\t\t\t<\/span>\n\t\t\t\t\t\t\t\t\t\t\t\t\t\t\t\t\t\t\t\t<\/div>\n\t\t\t\t\t<\/div>\n\t\t\t\t\t\t\t\t\t<div class=\"elementor-grid-item\">\n\t\t\t\t\t\t<div class=\"elementor-share-btn elementor-share-btn_facebook\">\n\t\t\t\t\t\t\t\t\t\t\t\t\t\t\t<span class=\"elementor-share-btn__icon\">\n\t\t\t\t\t\t\t\t<i class=\"fab fa-facebook\"\n\t\t\t\t\t\t\t\t   aria-hidden=\"true\"><\/i>\n\t\t\t\t\t\t\t\t<span\n\t\t\t\t\t\t\t\t\tclass=\"elementor-screen-only\">Share on facebook<\/span>\n\t\t\t\t\t\t\t<\/span>\n\t\t\t\t\t\t\t\t\t\t\t\t\t\t\t\t\t\t\t\t<\/div>\n\t\t\t\t\t<\/div>\n\t\t\t\t\t\t\t\t\t<div class=\"elementor-grid-item\">\n\t\t\t\t\t\t<div class=\"elementor-share-btn elementor-share-btn_email\">\n\t\t\t\t\t\t\t\t\t\t\t\t\t\t\t<span class=\"elementor-share-btn__icon\">\n\t\t\t\t\t\t\t\t<i class=\"fas fa-envelope\"\n\t\t\t\t\t\t\t\t   aria-hidden=\"true\"><\/i>\n\t\t\t\t\t\t\t\t<span\n\t\t\t\t\t\t\t\t\tclass=\"elementor-screen-only\">Share on email<\/span>\n\t\t\t\t\t\t\t<\/span>\n\t\t\t\t\t\t\t\t\t\t\t\t\t\t\t\t\t\t\t\t<\/div>\n\t\t\t\t\t<\/div>\n\t\t\t\t\t\t<\/div>\n\t\t\t\t<\/div>\n\t\t\t\t<\/div>\n\t\t\t\t\t\t<\/div>\n\t\t\t\t\t<\/div>\n\t\t<\/div>\n\t\t\t\t\t\t\t\t<\/div>\n\t\t\t\t\t<\/div>\n\t\t<\/section>\n\t\t\t\t\t\t<\/div>\n\t\t\t\t\t\t<\/div>\n\t\t\t\t\t<\/div>\n\t\t","protected":false},"excerpt":{"rendered":"<p>campus mexicali Corporate Programs m\u00e1s detalles Corporate English Programa disponible bajo demanda. Es un programa flexible que se puede ofrecer en modalidad presencial o a distancia, en las instalaciones de la empresa o en CETYS, en los horarios que m\u00e1s convengan a la misma. Dirigido a empresas que busquen ayudar a sus colaboradores a lograr [&hellip;]<\/p>\n","protected":false},"author":1,"featured_media":0,"parent":0,"menu_order":0,"comment_status":"closed","ping_status":"closed","template":"","meta":[],"categories":[],"tags":[8],"acf":[],"_links":{"self":[{"href":"https:\/\/www.cetys.mx\/idiomas\/wp-json\/wp\/v2\/pages\/50717"}],"collection":[{"href":"https:\/\/www.cetys.mx\/idiomas\/wp-json\/wp\/v2\/pages"}],"about":[{"href":"https:\/\/www.cetys.mx\/idiomas\/wp-json\/wp\/v2\/types\/page"}],"author":[{"embeddable":true,"href":"https:\/\/www.cetys.mx\/idiomas\/wp-json\/wp\/v2\/users\/1"}],"replies":[{"embeddable":true,"href":"https:\/\/www.cetys.mx\/idiomas\/wp-json\/wp\/v2\/comments?post=50717"}],"version-history":[{"count":37,"href":"https:\/\/www.cetys.mx\/idiomas\/wp-json\/wp\/v2\/pages\/50717\/revisions"}],"predecessor-version":[{"id":50823,"href":"https:\/\/www.cetys.mx\/idiomas\/wp-json\/wp\/v2\/pages\/50717\/revisions\/50823"}],"wp:attachment":[{"href":"https:\/\/www.cetys.mx\/idiomas\/wp-json\/wp\/v2\/media?parent=50717"}],"wp:term":[{"taxonomy":"category","embeddable":true,"href":"https:\/\/www.cetys.mx\/idiomas\/wp-json\/wp\/v2\/categories?post=50717"},{"taxonomy":"post_tag","embeddable":true,"href":"https:\/\/www.cetys.mx\/idiomas\/wp-json\/wp\/v2\/tags?post=50717"}],"curies":[{"name":"wp","href":"https:\/\/api.w.org\/{rel}","templated":true}]}}