{"id":31647,"date":"2024-01-15T10:46:44","date_gmt":"2024-01-15T18:46:44","guid":{"rendered":"https:\/\/www.cetys.mx\/idiomas\/?page_id=31647"},"modified":"2024-12-17T17:40:32","modified_gmt":"2024-12-18T01:40:32","slug":"servicios-adicionales-ensenada-2","status":"publish","type":"page","link":"https:\/\/www.cetys.mx\/idiomas\/servicios-adicionales-ensenada-2\/","title":{"rendered":"Examen TOEFL iTP &#8211; Ensenada"},"content":{"rendered":"\t\t<div data-elementor-type=\"wp-page\" data-elementor-id=\"31647\" class=\"elementor elementor-31647\" data-elementor-settings=\"[]\">\n\t\t\t\t\t\t<div class=\"elementor-inner\">\n\t\t\t\t\t\t\t<div class=\"elementor-section-wrap\">\n\t\t\t\t\t\t\t<section class=\"elementor-section elementor-top-section elementor-element elementor-element-2fbf46e elementor-section-height-min-height elementor-section-items-bottom elementor-section-boxed elementor-section-height-default\" data-id=\"2fbf46e\" data-element_type=\"section\" data-settings=\"{&quot;background_background&quot;:&quot;classic&quot;}\">\n\t\t\t\t\t\t\t<div class=\"elementor-background-overlay\"><\/div>\n\t\t\t\t\t\t\t<div class=\"elementor-container elementor-column-gap-default\">\n\t\t\t\t\t\t\t<div class=\"elementor-row\">\n\t\t\t\t\t<div class=\"elementor-column elementor-col-100 elementor-top-column elementor-element elementor-element-fa784cc\" data-id=\"fa784cc\" data-element_type=\"column\" data-settings=\"{&quot;animation&quot;:&quot;none&quot;}\">\n\t\t\t<div class=\"elementor-column-wrap elementor-element-populated\">\n\t\t\t\t\t\t\t<div class=\"elementor-widget-wrap\">\n\t\t\t\t\t\t<div class=\"elementor-element elementor-element-e4f3d86 elementor-invisible elementor-widget elementor-widget-text-editor\" data-id=\"e4f3d86\" data-element_type=\"widget\" data-settings=\"{&quot;_animation&quot;:&quot;fadeInLeft&quot;}\" data-widget_type=\"text-editor.default\">\n\t\t\t\t<div class=\"elementor-widget-container\">\n\t\t\t\t\t\t\t\t<div class=\"elementor-text-editor elementor-clearfix\">\n\t\t\t\t<p>campus ensenada<\/p>\t\t\t\t\t<\/div>\n\t\t\t\t\t\t<\/div>\n\t\t\t\t<\/div>\n\t\t\t\t<div class=\"elementor-element elementor-element-f84ea5c elementor-invisible elementor-widget elementor-widget-heading\" data-id=\"f84ea5c\" data-element_type=\"widget\" data-settings=\"{&quot;_animation&quot;:&quot;fadeInUp&quot;,&quot;_animation_delay&quot;:1000}\" data-widget_type=\"heading.default\">\n\t\t\t\t<div class=\"elementor-widget-container\">\n\t\t\t<h1 class=\"elementor-heading-title elementor-size-default\">Examen TOEFL iTP<\/h1>\t\t<\/div>\n\t\t\t\t<\/div>\n\t\t\t\t\t\t<\/div>\n\t\t\t\t\t<\/div>\n\t\t<\/div>\n\t\t\t\t\t\t\t\t<\/div>\n\t\t\t\t\t<\/div>\n\t\t<\/section>\n\t\t\t\t<section class=\"elementor-section elementor-top-section elementor-element elementor-element-30e3494 elementor-section-boxed elementor-section-height-default elementor-section-height-default\" data-id=\"30e3494\" data-element_type=\"section\">\n\t\t\t\t\t\t<div class=\"elementor-container elementor-column-gap-default\">\n\t\t\t\t\t\t\t<div class=\"elementor-row\">\n\t\t\t\t\t<div class=\"elementor-column elementor-col-66 elementor-top-column elementor-element elementor-element-8f06f7f\" data-id=\"8f06f7f\" data-element_type=\"column\">\n\t\t\t<div class=\"elementor-column-wrap elementor-element-populated\">\n\t\t\t\t\t\t\t<div class=\"elementor-widget-wrap\">\n\t\t\t\t\t\t<div class=\"elementor-element elementor-element-35b90b1 elementor-widget elementor-widget-heading\" data-id=\"35b90b1\" data-element_type=\"widget\" data-widget_type=\"heading.default\">\n\t\t\t\t<div class=\"elementor-widget-container\">\n\t\t\t<h2 class=\"elementor-heading-title elementor-size-default\">TOEFL iTP<\/h2>\t\t<\/div>\n\t\t\t\t<\/div>\n\t\t\t\t<div class=\"elementor-element elementor-element-a4bac74 elementor-widget elementor-widget-text-editor\" data-id=\"a4bac74\" data-element_type=\"widget\" data-widget_type=\"text-editor.default\">\n\t\t\t\t<div class=\"elementor-widget-container\">\n\t\t\t\t\t\t\t\t<div class=\"elementor-text-editor elementor-clearfix\">\n\t\t\t\t<h6><span style=\"color: var( --e-global-color-text ); font-size: 1rem;\">Servicio anual de aplicaci\u00f3n.\u00a0<\/span>Inversi\u00f3n en 1 sola exhibici\u00f3n :\u00a0<span style=\"font-size: 1rem; font-weight: bolder; color: #7a7a7a;\">$1,400.00 MXN<\/span><\/h6>\t\t\t\t\t<\/div>\n\t\t\t\t\t\t<\/div>\n\t\t\t\t<\/div>\n\t\t\t\t<div class=\"elementor-element elementor-element-9e468e1 elementor-widget elementor-widget-image\" data-id=\"9e468e1\" data-element_type=\"widget\" data-widget_type=\"image.default\">\n\t\t\t\t<div class=\"elementor-widget-container\">\n\t\t\t\t\t\t\t\t<div class=\"elementor-image\">\n\t\t\t\t\t\t\t\t\t\t\t\t<img decoding=\"async\" width=\"800\" height=\"534\" src=\"https:\/\/www.cetys.mx\/idiomas\/wp-content\/uploads\/2024\/06\/TOEFL-iTP-1024x683.jpg\" class=\"attachment-large size-large\" alt=\"\" loading=\"lazy\" srcset=\"https:\/\/www.cetys.mx\/idiomas\/wp-content\/uploads\/2024\/06\/TOEFL-iTP-1024x683.jpg 1024w, https:\/\/www.cetys.mx\/idiomas\/wp-content\/uploads\/2024\/06\/TOEFL-iTP-300x200.jpg 300w, https:\/\/www.cetys.mx\/idiomas\/wp-content\/uploads\/2024\/06\/TOEFL-iTP-768x512.jpg 768w, https:\/\/www.cetys.mx\/idiomas\/wp-content\/uploads\/2024\/06\/TOEFL-iTP-1536x1024.jpg 1536w, https:\/\/www.cetys.mx\/idiomas\/wp-content\/uploads\/2024\/06\/TOEFL-iTP-2048x1365.jpg 2048w\" sizes=\"(max-width: 800px) 100vw, 800px\" \/>\t\t\t\t\t\t\t\t\t\t\t\t\t\t<\/div>\n\t\t\t\t\t\t<\/div>\n\t\t\t\t<\/div>\n\t\t\t\t<div class=\"elementor-element elementor-element-9bae394 elementor-widget elementor-widget-text-editor\" data-id=\"9bae394\" data-element_type=\"widget\" data-widget_type=\"text-editor.default\">\n\t\t\t\t<div class=\"elementor-widget-container\">\n\t\t\t\t\t\t\t\t<div class=\"elementor-text-editor elementor-clearfix\">\n\t\t\t\t<h3><strong>Pr\u00f3ximas fechas de aplicaci\u00f3n 2025<\/strong><\/h3>\t\t\t\t\t<\/div>\n\t\t\t\t\t\t<\/div>\n\t\t\t\t<\/div>\n\t\t\t\t<div class=\"elementor-element elementor-element-c648c65 elementor-widget elementor-widget-text-editor\" data-id=\"c648c65\" data-element_type=\"widget\" data-widget_type=\"text-editor.default\">\n\t\t\t\t<div class=\"elementor-widget-container\">\n\t\t\t\t\t\t\t\t<div class=\"elementor-text-editor elementor-clearfix\">\n\t\t\t\t<ul>\n<li>\n<h5>Por definir pr\u00f3ximamente<\/h5>\n<\/li>\n<\/ul>\t\t\t\t\t<\/div>\n\t\t\t\t\t\t<\/div>\n\t\t\t\t<\/div>\n\t\t\t\t<div class=\"elementor-element elementor-element-6ab69c9 elementor-widget elementor-widget-text-editor\" data-id=\"6ab69c9\" data-element_type=\"widget\" data-widget_type=\"text-editor.default\">\n\t\t\t\t<div class=\"elementor-widget-container\">\n\t\t\t\t\t\t\t\t<div class=\"elementor-text-editor elementor-clearfix\">\n\t\t\t\t<h4><strong>\u00bfQuieres realizar el examen?<\/strong><\/h4>\t\t\t\t\t<\/div>\n\t\t\t\t\t\t<\/div>\n\t\t\t\t<\/div>\n\t\t\t\t<div class=\"elementor-element elementor-element-e0c849e elementor-align-center elementor-widget elementor-widget-button\" data-id=\"e0c849e\" data-element_type=\"widget\" data-widget_type=\"button.default\">\n\t\t\t\t<div class=\"elementor-widget-container\">\n\t\t\t\t\t<div class=\"elementor-button-wrapper\">\n\t\t\t<a href=\"https:\/\/form.jotform.com\/210475265943863\" class=\"elementor-button-link elementor-button elementor-size-sm\" role=\"button\">\n\t\t\t\t\t\t<span class=\"elementor-button-content-wrapper\">\n\t\t\t\t\t\t<span class=\"elementor-button-text\">Reg\u00edstrate aqu\u00ed<\/span>\n\t\t<\/span>\n\t\t\t\t\t<\/a>\n\t\t<\/div>\n\t\t\t\t<\/div>\n\t\t\t\t<\/div>\n\t\t\t\t<div class=\"elementor-element elementor-element-d3e39f8 elementor-widget elementor-widget-spacer\" data-id=\"d3e39f8\" data-element_type=\"widget\" data-widget_type=\"spacer.default\">\n\t\t\t\t<div class=\"elementor-widget-container\">\n\t\t\t\t\t<div class=\"elementor-spacer\">\n\t\t\t<div class=\"elementor-spacer-inner\"><\/div>\n\t\t<\/div>\n\t\t\t\t<\/div>\n\t\t\t\t<\/div>\n\t\t\t\t<div class=\"elementor-element elementor-element-b7165bd elementor-widget elementor-widget-heading\" data-id=\"b7165bd\" data-element_type=\"widget\" data-widget_type=\"heading.default\">\n\t\t\t\t<div class=\"elementor-widget-container\">\n\t\t\t<h2 class=\"elementor-heading-title elementor-size-default\">TOEFL iTP EXPRESS<\/h2>\t\t<\/div>\n\t\t\t\t<\/div>\n\t\t\t\t<div class=\"elementor-element elementor-element-b57e7ab elementor-widget elementor-widget-text-editor\" data-id=\"b57e7ab\" data-element_type=\"widget\" data-widget_type=\"text-editor.default\">\n\t\t\t\t<div class=\"elementor-widget-container\">\n\t\t\t\t\t\t\t\t<div class=\"elementor-text-editor elementor-clearfix\">\n\t\t\t\t<p><span style=\"font-style: normal; font-weight: 400;\">\u00bfNo te resulta conveniente ninguna de las fechas anteriores? \u00a1No te preocupes! Tenemos m\u00e1s opciones para ti:<\/span><\/p>\t\t\t\t\t<\/div>\n\t\t\t\t\t\t<\/div>\n\t\t\t\t<\/div>\n\t\t\t\t<div class=\"elementor-element elementor-element-94bea69 elementor-widget elementor-widget-image\" data-id=\"94bea69\" data-element_type=\"widget\" data-widget_type=\"image.default\">\n\t\t\t\t<div class=\"elementor-widget-container\">\n\t\t\t\t\t\t\t\t<div class=\"elementor-image\">\n\t\t\t\t\t\t\t\t\t\t\t\t<img decoding=\"async\" width=\"800\" height=\"522\" src=\"https:\/\/www.cetys.mx\/idiomas\/wp-content\/uploads\/2024\/06\/calendar-1024x668.jpg\" class=\"attachment-large size-large\" alt=\"\" loading=\"lazy\" srcset=\"https:\/\/www.cetys.mx\/idiomas\/wp-content\/uploads\/2024\/06\/calendar-1024x668.jpg 1024w, https:\/\/www.cetys.mx\/idiomas\/wp-content\/uploads\/2024\/06\/calendar-300x196.jpg 300w, https:\/\/www.cetys.mx\/idiomas\/wp-content\/uploads\/2024\/06\/calendar-768x501.jpg 768w, https:\/\/www.cetys.mx\/idiomas\/wp-content\/uploads\/2024\/06\/calendar-1536x1001.jpg 1536w, https:\/\/www.cetys.mx\/idiomas\/wp-content\/uploads\/2024\/06\/calendar-2048x1335.jpg 2048w\" sizes=\"(max-width: 800px) 100vw, 800px\" \/>\t\t\t\t\t\t\t\t\t\t\t\t\t\t<\/div>\n\t\t\t\t\t\t<\/div>\n\t\t\t\t<\/div>\n\t\t\t\t<div class=\"elementor-element elementor-element-b52ce31 elementor-widget elementor-widget-text-editor\" data-id=\"b52ce31\" data-element_type=\"widget\" data-widget_type=\"text-editor.default\">\n\t\t\t\t<div class=\"elementor-widget-container\">\n\t\t\t\t\t\t\t\t<div class=\"elementor-text-editor elementor-clearfix\">\n\t\t\t\t<p><span style=\"font-style: normal; font-weight: 400;\">En caso que las fechas previamente establecidas no se ajusten a tus necesidades, el <strong>TOEFL ITP EXPRESS<\/strong> puede ser tu mejor opci\u00f3n, se aplica el d\u00eda y en la hora que elijas con\u00a0<strong>previa confirmaci\u00f3n de Coordinaci\u00f3n de Centro de Idiomas<\/strong>.\u00a0<\/span><\/p><ul><li><span style=\"font-style: normal; font-weight: 400;\">\u00a0<\/span><span style=\"color: var( --e-global-color-text ); font-size: 1rem; font-style: normal; font-weight: 400;\">Inversi\u00f3n en 1 sola exhibici\u00f3n:<\/span><span style=\"color: var( --e-global-color-text ); font-size: 1rem; font-weight: bolder; font-style: normal;\">\u00a0$3,420.00 MXN.<\/span><\/li><\/ul><p>\u00a0<\/p><p><span style=\"color: var( --e-global-color-text ); font-size: 1rem;\">NOTA: EXPRESS se refiere \u00fanicamente a la fecha propuesta por el aspirante y no a la rapidez de los resultados. El tiempo estimado para la entrega de los resultados sigue siendo de 12 a 16 d\u00edas h\u00e1biles despu\u00e9s de haber realizado el examen.<\/span><\/p><p><span style=\"font-style: normal; font-weight: 400; color: var( --e-global-color-text ); font-size: 1rem;\">Para cualquier duda o aclaraci\u00f3n, te esperamos en nuestra oficina o bien puedes llamarnos en horario de lunes a viernes de 8:00 am a 1:00 pm y\/o 3:00 a 6:00 pm. S\u00e1bados de 9:00 am a 1:00 pm.<\/span><\/p>\t\t\t\t\t<\/div>\n\t\t\t\t\t\t<\/div>\n\t\t\t\t<\/div>\n\t\t\t\t<div class=\"elementor-element elementor-element-8a8bff9 elementor-widget elementor-widget-text-editor\" data-id=\"8a8bff9\" data-element_type=\"widget\" data-widget_type=\"text-editor.default\">\n\t\t\t\t<div class=\"elementor-widget-container\">\n\t\t\t\t\t\t\t\t<div class=\"elementor-text-editor elementor-clearfix\">\n\t\t\t\t<h4><strong>\u00bfQuieres realizar el examen express?<\/strong><\/h4>\t\t\t\t\t<\/div>\n\t\t\t\t\t\t<\/div>\n\t\t\t\t<\/div>\n\t\t\t\t<div class=\"elementor-element elementor-element-6053716 elementor-align-center elementor-widget elementor-widget-button\" data-id=\"6053716\" data-element_type=\"widget\" data-widget_type=\"button.default\">\n\t\t\t\t<div class=\"elementor-widget-container\">\n\t\t\t\t\t<div class=\"elementor-button-wrapper\">\n\t\t\t<a href=\"https:\/\/form.jotform.com\/210475265943863\" class=\"elementor-button-link elementor-button elementor-size-sm\" role=\"button\">\n\t\t\t\t\t\t<span class=\"elementor-button-content-wrapper\">\n\t\t\t\t\t\t<span class=\"elementor-button-text\">Reg\u00edstrate aqu\u00ed<\/span>\n\t\t<\/span>\n\t\t\t\t\t<\/a>\n\t\t<\/div>\n\t\t\t\t<\/div>\n\t\t\t\t<\/div>\n\t\t\t\t<div class=\"elementor-element elementor-element-dcad4b3 elementor-widget elementor-widget-spacer\" data-id=\"dcad4b3\" data-element_type=\"widget\" data-widget_type=\"spacer.default\">\n\t\t\t\t<div class=\"elementor-widget-container\">\n\t\t\t\t\t<div class=\"elementor-spacer\">\n\t\t\t<div class=\"elementor-spacer-inner\"><\/div>\n\t\t<\/div>\n\t\t\t\t<\/div>\n\t\t\t\t<\/div>\n\t\t\t\t<div class=\"elementor-element elementor-element-7af6a17 elementor-widget elementor-widget-heading\" data-id=\"7af6a17\" data-element_type=\"widget\" data-widget_type=\"heading.default\">\n\t\t\t\t<div class=\"elementor-widget-container\">\n\t\t\t<h2 class=\"elementor-heading-title elementor-size-default\">CURSO PREPARATORIO PARA TOEFL ITP\n<\/h2>\t\t<\/div>\n\t\t\t\t<\/div>\n\t\t\t\t<div class=\"elementor-element elementor-element-ccc7f17 elementor-widget elementor-widget-text-editor\" data-id=\"ccc7f17\" data-element_type=\"widget\" data-widget_type=\"text-editor.default\">\n\t\t\t\t<div class=\"elementor-widget-container\">\n\t\t\t\t\t\t\t\t<div class=\"elementor-text-editor elementor-clearfix\">\n\t\t\t\t<p>Nota:\u00a0<span style=\"background-color: transparent; color: #262626; font-style: normal; font-weight: 400;\">La apertura e inicio del programa est\u00e1 sujeta a reunir el grupo m\u00ednimo de 10 participantes.<\/span><\/p>\t\t\t\t\t<\/div>\n\t\t\t\t\t\t<\/div>\n\t\t\t\t<\/div>\n\t\t\t\t<div class=\"elementor-element elementor-element-75d0cac elementor-widget elementor-widget-image\" data-id=\"75d0cac\" data-element_type=\"widget\" data-widget_type=\"image.default\">\n\t\t\t\t<div class=\"elementor-widget-container\">\n\t\t\t\t\t\t\t\t<div class=\"elementor-image\">\n\t\t\t\t\t\t\t\t\t\t\t\t<img decoding=\"async\" width=\"800\" height=\"800\" src=\"https:\/\/www.cetys.mx\/idiomas\/wp-content\/uploads\/2021\/09\/Cetys-idiomas-TOEFL-1024x1024.jpg\" class=\"attachment-large size-large\" alt=\"\" loading=\"lazy\" srcset=\"https:\/\/www.cetys.mx\/idiomas\/wp-content\/uploads\/2021\/09\/Cetys-idiomas-TOEFL-1024x1024.jpg 1024w, https:\/\/www.cetys.mx\/idiomas\/wp-content\/uploads\/2021\/09\/Cetys-idiomas-TOEFL-300x300.jpg 300w, https:\/\/www.cetys.mx\/idiomas\/wp-content\/uploads\/2021\/09\/Cetys-idiomas-TOEFL-150x150.jpg 150w, https:\/\/www.cetys.mx\/idiomas\/wp-content\/uploads\/2021\/09\/Cetys-idiomas-TOEFL-768x768.jpg 768w, https:\/\/www.cetys.mx\/idiomas\/wp-content\/uploads\/2021\/09\/Cetys-idiomas-TOEFL.jpg 1200w\" sizes=\"(max-width: 800px) 100vw, 800px\" \/>\t\t\t\t\t\t\t\t\t\t\t\t\t\t<\/div>\n\t\t\t\t\t\t<\/div>\n\t\t\t\t<\/div>\n\t\t\t\t<div class=\"elementor-element elementor-element-70fd38b elementor-widget elementor-widget-text-editor\" data-id=\"70fd38b\" data-element_type=\"widget\" data-widget_type=\"text-editor.default\">\n\t\t\t\t<div class=\"elementor-widget-container\">\n\t\t\t\t\t\t\t\t<div class=\"elementor-text-editor elementor-clearfix\">\n\t\t\t\t<div><span style=\"font-family: trebuchet ms, sans-serif;\">Nuestro curso est\u00e1 especialmente dise\u00f1ado para ayudarte a desarrollarlas estrategias necesarias que te permitan aprovechar al m\u00e1ximo tus habilidades en el idioma ingl\u00e9s para acreditar el examen TOEFL ITP con la mejor puntuaci\u00f3n.&nbsp;<\/span><\/div>\n<div><span style=\"font-family: trebuchet ms, sans-serif;\">&nbsp;<\/span><\/div>\n<div>\n<div><b>DETALLES<\/b><\/div><div><b>MODALIDAD E-ROOM:<\/b><\/div>\n<div>\n<div><span style=\"font-family: trebuchet ms, sans-serif;\"><b>Duraci\u00f3n del curso: 40 horas.<\/b><\/span><\/div>\n<div><span style=\"font-family: trebuchet ms, sans-serif;\"><b>4 horas clase a la semana por Zoom&nbsp;<\/b><\/span><\/div>\n<div><span style=\"font-family: trebuchet ms, sans-serif;\"><b>Horario: Martes y Jueves de 4:00 a 6:00 pm<\/b><\/span><\/div>\n<h3><span style=\"font-family: trebuchet ms, sans-serif;\"><b>Inversi\u00f3n por nivel: $10,100.00 M.N.&nbsp;<\/b><\/span><\/h3>\n<\/div>\n<div>\n<div>\n<h5><strong><span style=\"font-family: trebuchet ms, sans-serif;\">\u00bfC\u00f3mo me inscribo?<\/span><\/strong><\/h5>\n<div><span style=\"font-family: trebuchet ms, sans-serif;\"><b>&nbsp;<\/b><\/span><\/div>\n<div><b>1.- Llenar tus datos en el siguiente enlace:<\/b><\/div>\n<div>\n<h4><strong><a href=\"https:\/\/form.jotform.com\/210475265943863\">Solicitud de registro&nbsp;<\/a><\/strong><\/h4>\n<\/div>\n<div><b><span style=\"font-family: trebuchet ms, sans-serif;\">2.- Solicitar entrevista para complementar examen de ubicaci\u00f3n (Sin costo).<\/span><\/b><\/div>\n<div><b><span style=\"font-family: trebuchet ms, sans-serif;\">&nbsp;<\/span><\/b><b style=\"color: var( --e-global-color-text ); font-size: 1rem;\"><span style=\"font-family: trebuchet ms, sans-serif;\">&nbsp;<\/span><\/b><\/div>\n<\/div>\n<div><strong><span style=\"font-family: trebuchet ms, sans-serif;\">BENEFICIOS&nbsp;ADICIONALES:&nbsp;<\/span><\/strong><\/div>\n<div><b><span style=\"font-family: trebuchet ms, sans-serif;\">&nbsp;<\/span><\/b><\/div>\n<div>\n<ul>\n<li><span style=\"font-family: trebuchet ms, sans-serif;\">Trato personalizado.&nbsp;<\/span><\/li>\n<li><span style=\"font-family: trebuchet ms, sans-serif;\">Curso 100% en Ingl\u00e9s.<\/span><\/li>\n<li><span style=\"font-family: trebuchet ms, sans-serif;\">Maestros altamente capacitados.<\/span><\/li>\n<\/ul>\n<\/div>\n<\/div>\n<\/div>\t\t\t\t\t<\/div>\n\t\t\t\t\t\t<\/div>\n\t\t\t\t<\/div>\n\t\t\t\t\t\t<\/div>\n\t\t\t\t\t<\/div>\n\t\t<\/div>\n\t\t\t\t<div class=\"elementor-column elementor-col-33 elementor-top-column elementor-element elementor-element-22538a8\" data-id=\"22538a8\" data-element_type=\"column\">\n\t\t\t<div class=\"elementor-column-wrap elementor-element-populated\">\n\t\t\t\t\t\t\t<div class=\"elementor-widget-wrap\">\n\t\t\t\t\t\t<div class=\"elementor-element elementor-element-ef9571b elementor-widget elementor-widget-heading\" data-id=\"ef9571b\" data-element_type=\"widget\" data-widget_type=\"heading.default\">\n\t\t\t\t<div class=\"elementor-widget-container\">\n\t\t\t<h2 class=\"elementor-heading-title elementor-size-default\">\u00a1Pide informes!<\/h2>\t\t<\/div>\n\t\t\t\t<\/div>\n\t\t\t\t<div class=\"elementor-element elementor-element-d985957 elementor-widget elementor-widget-text-editor\" data-id=\"d985957\" data-element_type=\"widget\" data-widget_type=\"text-editor.default\">\n\t\t\t\t<div class=\"elementor-widget-container\">\n\t\t\t\t\t\t\t\t<div class=\"elementor-text-editor elementor-clearfix\">\n\t\t\t\t<p style=\"text-align: center;\">\u00bfConoces a alguien que podr\u00eda interesarle estos programas? \u00a1Comparte!<\/p>\t\t\t\t\t<\/div>\n\t\t\t\t\t\t<\/div>\n\t\t\t\t<\/div>\n\t\t\t\t<div class=\"elementor-element elementor-element-e082905 elementor-share-buttons--view-icon elementor-share-buttons--skin-flat elementor-share-buttons--align-center elementor-share-buttons--shape-square elementor-grid-0 elementor-share-buttons--color-official elementor-widget elementor-widget-share-buttons\" data-id=\"e082905\" data-element_type=\"widget\" data-widget_type=\"share-buttons.default\">\n\t\t\t\t<div class=\"elementor-widget-container\">\n\t\t\t\t\t<div class=\"elementor-grid\">\n\t\t\t\t\t\t\t\t<div class=\"elementor-grid-item\">\n\t\t\t\t\t\t<div class=\"elementor-share-btn elementor-share-btn_whatsapp\">\n\t\t\t\t\t\t\t\t\t\t\t\t\t\t\t<span class=\"elementor-share-btn__icon\">\n\t\t\t\t\t\t\t\t<i class=\"fab fa-whatsapp\"\n\t\t\t\t\t\t\t\t   aria-hidden=\"true\"><\/i>\n\t\t\t\t\t\t\t\t<span\n\t\t\t\t\t\t\t\t\tclass=\"elementor-screen-only\">Share on whatsapp<\/span>\n\t\t\t\t\t\t\t<\/span>\n\t\t\t\t\t\t\t\t\t\t\t\t\t\t\t\t\t\t\t\t<\/div>\n\t\t\t\t\t<\/div>\n\t\t\t\t\t\t\t\t\t<div class=\"elementor-grid-item\">\n\t\t\t\t\t\t<div class=\"elementor-share-btn elementor-share-btn_facebook\">\n\t\t\t\t\t\t\t\t\t\t\t\t\t\t\t<span class=\"elementor-share-btn__icon\">\n\t\t\t\t\t\t\t\t<i class=\"fab fa-facebook\"\n\t\t\t\t\t\t\t\t   aria-hidden=\"true\"><\/i>\n\t\t\t\t\t\t\t\t<span\n\t\t\t\t\t\t\t\t\tclass=\"elementor-screen-only\">Share on facebook<\/span>\n\t\t\t\t\t\t\t<\/span>\n\t\t\t\t\t\t\t\t\t\t\t\t\t\t\t\t\t\t\t\t<\/div>\n\t\t\t\t\t<\/div>\n\t\t\t\t\t\t\t\t\t<div class=\"elementor-grid-item\">\n\t\t\t\t\t\t<div class=\"elementor-share-btn elementor-share-btn_email\">\n\t\t\t\t\t\t\t\t\t\t\t\t\t\t\t<span class=\"elementor-share-btn__icon\">\n\t\t\t\t\t\t\t\t<i class=\"fas fa-envelope\"\n\t\t\t\t\t\t\t\t   aria-hidden=\"true\"><\/i>\n\t\t\t\t\t\t\t\t<span\n\t\t\t\t\t\t\t\t\tclass=\"elementor-screen-only\">Share on email<\/span>\n\t\t\t\t\t\t\t<\/span>\n\t\t\t\t\t\t\t\t\t\t\t\t\t\t\t\t\t\t\t\t<\/div>\n\t\t\t\t\t<\/div>\n\t\t\t\t\t\t<\/div>\n\t\t\t\t<\/div>\n\t\t\t\t<\/div>\n\t\t\t\t\t\t<\/div>\n\t\t\t\t\t<\/div>\n\t\t<\/div>\n\t\t\t\t\t\t\t\t<\/div>\n\t\t\t\t\t<\/div>\n\t\t<\/section>\n\t\t\t\t\t\t<\/div>\n\t\t\t\t\t\t<\/div>\n\t\t\t\t\t<\/div>\n\t\t","protected":false},"excerpt":{"rendered":"<p>campus ensenada Examen TOEFL iTP TOEFL iTP Servicio anual de aplicaci\u00f3n.\u00a0Inversi\u00f3n en 1 sola exhibici\u00f3n :\u00a0$1,400.00 MXN Pr\u00f3ximas fechas de aplicaci\u00f3n 2025 Por definir pr\u00f3ximamente \u00bfQuieres realizar el examen? Reg\u00edstrate aqu\u00ed TOEFL iTP EXPRESS \u00bfNo te resulta conveniente ninguna de las fechas anteriores? \u00a1No te preocupes! Tenemos m\u00e1s opciones para ti: En caso que las [&hellip;]<\/p>\n","protected":false},"author":4,"featured_media":0,"parent":0,"menu_order":0,"comment_status":"closed","ping_status":"closed","template":"","meta":[],"categories":[],"tags":[13],"acf":[],"_links":{"self":[{"href":"https:\/\/www.cetys.mx\/idiomas\/wp-json\/wp\/v2\/pages\/31647"}],"collection":[{"href":"https:\/\/www.cetys.mx\/idiomas\/wp-json\/wp\/v2\/pages"}],"about":[{"href":"https:\/\/www.cetys.mx\/idiomas\/wp-json\/wp\/v2\/types\/page"}],"author":[{"embeddable":true,"href":"https:\/\/www.cetys.mx\/idiomas\/wp-json\/wp\/v2\/users\/4"}],"replies":[{"embeddable":true,"href":"https:\/\/www.cetys.mx\/idiomas\/wp-json\/wp\/v2\/comments?post=31647"}],"version-history":[{"count":16,"href":"https:\/\/www.cetys.mx\/idiomas\/wp-json\/wp\/v2\/pages\/31647\/revisions"}],"predecessor-version":[{"id":44054,"href":"https:\/\/www.cetys.mx\/idiomas\/wp-json\/wp\/v2\/pages\/31647\/revisions\/44054"}],"wp:attachment":[{"href":"https:\/\/www.cetys.mx\/idiomas\/wp-json\/wp\/v2\/media?parent=31647"}],"wp:term":[{"taxonomy":"category","embeddable":true,"href":"https:\/\/www.cetys.mx\/idiomas\/wp-json\/wp\/v2\/categories?post=31647"},{"taxonomy":"post_tag","embeddable":true,"href":"https:\/\/www.cetys.mx\/idiomas\/wp-json\/wp\/v2\/tags?post=31647"}],"curies":[{"name":"wp","href":"https:\/\/api.w.org\/{rel}","templated":true}]}}