{"id":2049,"date":"2021-06-03T06:40:33","date_gmt":"2021-06-03T06:40:33","guid":{"rendered":"https:\/\/cetyscentrodeidiomas.manifestomarketing.mx\/?page_id=2049"},"modified":"2021-07-30T16:58:21","modified_gmt":"2021-07-30T23:58:21","slug":"examen-adolescentes-mexicali","status":"publish","type":"page","link":"https:\/\/www.cetys.mx\/idiomas\/examen-adolescentes-mexicali\/","title":{"rendered":"Examen Adolescentes &#8211; Mexicali"},"content":{"rendered":"\t\t<div data-elementor-type=\"wp-page\" data-elementor-id=\"2049\" class=\"elementor elementor-2049\" data-elementor-settings=\"[]\">\n\t\t\t\t\t\t<div class=\"elementor-inner\">\n\t\t\t\t\t\t\t<div class=\"elementor-section-wrap\">\n\t\t\t\t\t\t\t<section class=\"elementor-section elementor-top-section elementor-element elementor-element-a6940f2 elementor-section-boxed elementor-section-height-default elementor-section-height-default\" data-id=\"a6940f2\" data-element_type=\"section\">\n\t\t\t\t\t\t<div class=\"elementor-container elementor-column-gap-default\">\n\t\t\t\t\t\t\t<div class=\"elementor-row\">\n\t\t\t\t\t<div class=\"elementor-column elementor-col-100 elementor-top-column elementor-element elementor-element-08683ec\" data-id=\"08683ec\" data-element_type=\"column\">\n\t\t\t<div class=\"elementor-column-wrap elementor-element-populated\">\n\t\t\t\t\t\t\t<div class=\"elementor-widget-wrap\">\n\t\t\t\t\t\t<div class=\"elementor-element elementor-element-910b407 elementor-widget elementor-widget-heading\" data-id=\"910b407\" data-element_type=\"widget\" data-widget_type=\"heading.default\">\n\t\t\t\t<div class=\"elementor-widget-container\">\n\t\t\t<h2 class=\"elementor-heading-title elementor-size-default\">\u00a1Conoce tu nivel de ingl\u00e9s!<\/h2>\t\t<\/div>\n\t\t\t\t<\/div>\n\t\t\t\t<div class=\"elementor-element elementor-element-87a9623 elementor-widget elementor-widget-text-editor\" data-id=\"87a9623\" data-element_type=\"widget\" data-widget_type=\"text-editor.default\">\n\t\t\t\t<div class=\"elementor-widget-container\">\n\t\t\t\t\t\t\t\t<div class=\"elementor-text-editor elementor-clearfix\">\n\t\t\t\t<p>Este sencillo examen est\u00e1 dise\u00f1ado para conocer de una manera general el nivel de conocimiento del idioma ingles para adolescentes entre los 12 y 17 a\u00f1os.<\/p>\t\t\t\t\t<\/div>\n\t\t\t\t\t\t<\/div>\n\t\t\t\t<\/div>\n\t\t\t\t\t\t<\/div>\n\t\t\t\t\t<\/div>\n\t\t<\/div>\n\t\t\t\t\t\t\t\t<\/div>\n\t\t\t\t\t<\/div>\n\t\t<\/section>\n\t\t\t\t<section class=\"elementor-section elementor-top-section elementor-element elementor-element-5eee035 elementor-section-height-min-height elementor-section-boxed elementor-section-height-default elementor-section-items-middle\" data-id=\"5eee035\" data-element_type=\"section\">\n\t\t\t\t\t\t<div class=\"elementor-container elementor-column-gap-default\">\n\t\t\t\t\t\t\t<div class=\"elementor-row\">\n\t\t\t\t\t<div class=\"elementor-column elementor-col-100 elementor-top-column elementor-element elementor-element-0ced384\" data-id=\"0ced384\" data-element_type=\"column\">\n\t\t\t<div class=\"elementor-column-wrap elementor-element-populated\">\n\t\t\t\t\t\t\t<div class=\"elementor-widget-wrap\">\n\t\t\t\t\t\t<div class=\"elementor-element elementor-element-9c76279 elementor-widget elementor-widget-text-editor\" data-id=\"9c76279\" data-element_type=\"widget\" data-widget_type=\"text-editor.default\">\n\t\t\t\t<div class=\"elementor-widget-container\">\n\t\t\t\t\t\t\t\t<div class=\"elementor-text-editor elementor-clearfix\">\n\t\t\t\t    <link href=\"https:\/\/cdn.jsdelivr.net\/npm\/bootstrap@5.0.0-beta2\/dist\/css\/bootstrap.min.css\" rel=\"stylesheet\" integrity=\"sha384-BmbxuPwQa2lc\/FVzBcNJ7UAyJxM6wuqIj61tLrc4wSX0szH\/Ev+nYRRuWlolflfl\" crossorigin=\"anonymous\">\n    <script src=\"https:\/\/cdn.jsdelivr.net\/npm\/bootstrap@5.0.0-beta2\/dist\/js\/bootstrap.bundle.min.js\" integrity=\"sha384-b5kHyXgcpbZJO\/tY9Ul7kGkf1S0CWuKcCD38l8YkeH8z8QjE0GmW1gYU5S9FOnJ0\" crossorigin=\"anonymous\"><\/script>\n    <script\n          src=\"https:\/\/code.jquery.com\/jquery-2.2.4.min.js\"\n          integrity=\"sha256-BbhdlvQf\/xTY9gja0Dq3HiwQF8LaCRTXxZKRutelT44=\"\n          crossorigin=\"anonymous\"><\/script>\n\n    <form id=\"formulario_examen\" method=\"POST\" action=\"\">\n\n    <div class=\"container\">\n        <div class=\"row page-examen page-1\">\n            <div class=\"col-md-12 pt-1\">\n\n                <div class=\"pregunta-row\">\n                    <label>Nombre: *<\/label>\n                    <input type=\"text\" name=\"nombre\" required=\"\">\n                <\/div>\n                <div class=\"pregunta-row\">\n                    <label>Correo Electr\u00f3nico: *<\/label>\n                    <input type=\"email\" name=\"correo\" required=\"\">\n                <\/div>\n                <div class=\"pregunta-row\">\n                    <label>Tel\u00e9fono: *<\/label>\n                    <input type=\"phone\" name=\"telefono\" required=\"\">\n                <\/div>\n\n                <div class=\"pregunta-row\">\n                    <p><input id=\"acepto\" type=\"checkbox\" class=\"\"> Acepto las <a target=\"_new\" href=\"https:\/\/www.cetys.mx\/aviso-de-privacidad\">pol\u00edticas de privacidad<\/a> del sitio<\/p>\n                <\/div>\n\n            <\/div>\n        <\/div>\n\n        <div class=\"row page-examen page-2\" style=\"display: none;\">\n            <div class=\"col-md-12 pt-1\">\n                \n                <div class=\"pregunta-row\">\n                    <label>How old are you? *<\/label>\n                    <div class=\"opcion-res\"><input type=\"radio\" name=\"pregunta-1\" value=\"I have 15 years old.\"> I have 15 years old.<\/div>\n                    <div class=\"opcion-res\"><input type=\"radio\" name=\"pregunta-1\" value=\"I am 15 years old\"> I am 15 years old<\/div>\n                    <div class=\"opcion-res\"><input type=\"radio\" name=\"pregunta-1\" value=\"I have year old\"> I have year old<\/div>\n                    <div class=\"opcion-res\"><input type=\"radio\" name=\"pregunta-1\" value=\"I am 15 year old\"> I am 15 year old<\/div>\n                <\/div>\n                <div class=\"pregunta-row\">\n                    <label>Did you ______ any new movies yesterday? *<\/label>\n                    <div class=\"opcion-res\"><input type=\"radio\" name=\"pregunta-2\" value=\"download\"> download<\/div>\n                    <div class=\"opcion-res\"><input type=\"radio\" name=\"pregunta-2\" value=\"downloads\"> downloads<\/div>\n                    <div class=\"opcion-res\"><input type=\"radio\" name=\"pregunta-2\" value=\"downloaded\"> downloaded<\/div>\n                    <div class=\"opcion-res\"><input type=\"radio\" name=\"pregunta-2\" value=\"download it\"> download it<\/div>\n                <\/div>\n                <div class=\"pregunta-row\">\n                    <label>Marina didn&#8217;t do the homework yesterday because she ___ tired. *<\/label>\n                    <div class=\"opcion-res\"><input type=\"radio\" name=\"pregunta-3\" value=\"was\"> was<\/div>\n                    <div class=\"opcion-res\"><input type=\"radio\" name=\"pregunta-3\" value=\"were\"> were<\/div>\n                    <div class=\"opcion-res\"><input type=\"radio\" name=\"pregunta-3\" value=\"is\"> is<\/div>\n                    <div class=\"opcion-res\"><input type=\"radio\" name=\"pregunta-3\" value=\"wasn't\"> wasn&#8217;t<\/div>\n                <\/div>\n                <div class=\"pregunta-row\">\n                    <label>Karla isn&#8217;t used to _______ up at 5 am. *<\/label>\n                    <div class=\"opcion-res\"><input type=\"radio\" name=\"pregunta-4\" value=\"waking\"> waking<\/div>\n                    <div class=\"opcion-res\"><input type=\"radio\" name=\"pregunta-4\" value=\"wake\"> wake<\/div>\n                    <div class=\"opcion-res\"><input type=\"radio\" name=\"pregunta-4\" value=\"wakes\"> wakes<\/div>\n                    <div class=\"opcion-res\"><input type=\"radio\" name=\"pregunta-4\" value=\"woke\"> woke<\/div>\n                <\/div>\n                 <div class=\"pregunta-row\">\n                    <label>I don&#8217;t  have ______ to wear. *<\/label>\n                    <div class=\"opcion-res\"><input type=\"radio\" name=\"pregunta-5\" value=\"anything\"> anything<\/div>\n                    <div class=\"opcion-res\"><input type=\"radio\" name=\"pregunta-5\" value=\"nothing\"> nothing<\/div>\n                    <div class=\"opcion-res\"><input type=\"radio\" name=\"pregunta-5\" value=\"something\"> something<\/div>\n                    <div class=\"opcion-res\"><input type=\"radio\" name=\"pregunta-5\" value=\"someone\"> someone<\/div>\n                <\/div>\n                 <div class=\"pregunta-row\">\n                    <label>Jorge is the man _____ dog I take for a walk every morning. *<\/label>\n                    <div class=\"opcion-res\"><input type=\"radio\" name=\"pregunta-6\" value=\"that\"> that<\/div>\n                    <div class=\"opcion-res\"><input type=\"radio\" name=\"pregunta-6\" value=\"who\"> who<\/div>\n                    <div class=\"opcion-res\"><input type=\"radio\" name=\"pregunta-6\" value=\"whose\"> whose<\/div>\n                    <div class=\"opcion-res\"><input type=\"radio\" name=\"pregunta-6\" value=\"which\"> which<\/div>\n                <\/div>\n                 <div class=\"pregunta-row\">\n                    <label>Marissa ______ asleep an hour ago. *<\/label>\n                    <div class=\"opcion-res\"><input type=\"radio\" name=\"pregunta-7\" value=\"fells\"> fells<\/div>\n                    <div class=\"opcion-res\"><input type=\"radio\" name=\"pregunta-7\" value=\"fell\"> fell<\/div>\n                    <div class=\"opcion-res\"><input type=\"radio\" name=\"pregunta-7\" value=\"felt\"> felt<\/div>\n                    <div class=\"opcion-res\"><input type=\"radio\" name=\"pregunta-7\" value=\"falled\"> falled<\/div>\n                <\/div>\n                <div class=\"pregunta-row\">\n                    <label>Jackie doesn&#8217;t like pizza. __________? *<\/label>\n                    <div class=\"opcion-res\"><input type=\"radio\" name=\"pregunta-8\" value=\"no?\"> no?<\/div>\n                    <div class=\"opcion-res\"><input type=\"radio\" name=\"pregunta-8\" value=\"don't she?\"> don&#8217;t she?<\/div>\n                    <div class=\"opcion-res\"><input type=\"radio\" name=\"pregunta-8\" value=\"doesn't she?\"> doesn&#8217;t she?<\/div>\n                    <div class=\"opcion-res\"><input type=\"radio\" name=\"pregunta-8\" value=\"does she?\"> does she?<\/div>\n                <\/div>\n                <div class=\"pregunta-row\">\n                    <label>My dad can speak English. *<\/label>\n                    <div class=\"opcion-res\"><input type=\"radio\" name=\"pregunta-9\" value=\"So can mine.\"> So can mine.<\/div>\n                    <div class=\"opcion-res\"><input type=\"radio\" name=\"pregunta-9\" value=\"Neither can mine.\"> Neither can mine.<\/div>\n                    <div class=\"opcion-res\"><input type=\"radio\" name=\"pregunta-9\" value=\"Mine can't either.\"> Mine can&#8217;t either.<\/div>\n                <\/div>\n                <div class=\"pregunta-row\">\n                    <label>I fell down, but luckily I didn&#8217;t hurt ________. *<\/label>\n                    <div class=\"opcion-res\"><input type=\"radio\" name=\"pregunta-10\" value=\"me\"> me<\/div>\n                    <div class=\"opcion-res\"><input type=\"radio\" name=\"pregunta-10\" value=\"I\"> I<\/div>\n                    <div class=\"opcion-res\"><input type=\"radio\" name=\"pregunta-10\" value=\"myself\"> myself<\/div>\n                <\/div>\n                <div class=\"pregunta-row\">\n                    <label>Juan always goes out _____ the evenings. *<\/label>\n                    <div class=\"opcion-res\"><input type=\"radio\" name=\"pregunta-11\" value=\"on\"> on<\/div>\n                    <div class=\"opcion-res\"><input type=\"radio\" name=\"pregunta-11\" value=\"in\"> in<\/div>\n                    <div class=\"opcion-res\"><input type=\"radio\" name=\"pregunta-11\" value=\"at\"> at<\/div>\n                <\/div>\n                <div class=\"pregunta-row\">\n                    <label>My brother _____ to eat apples. *<\/label>\n                    <div class=\"opcion-res\"><input type=\"radio\" name=\"pregunta-12\" value=\"doesn't like\"> doesn&#8217;t like<\/div>\n                    <div class=\"opcion-res\"><input type=\"radio\" name=\"pregunta-12\" value=\"doesn't likes\"> doesn&#8217;t likes<\/div>\n                    <div class=\"opcion-res\"><input type=\"radio\" name=\"pregunta-12\" value=\"don't like\"> don&#8217;t like<\/div>\n                <\/div>\n                <div class=\"pregunta-row\">\n                    <label> ________ an OXXO near your house? *<\/label>\n                    <div class=\"opcion-res\"><input type=\"radio\" name=\"pregunta-13\" value=\"Are there\"> Are there<\/div>\n                    <div class=\"opcion-res\"><input type=\"radio\" name=\"pregunta-13\" value=\"There are\"> There are<\/div>\n                    <div class=\"opcion-res\"><input type=\"radio\" name=\"pregunta-13\" value=\"Is there\"> Is there<\/div>\n                    <div class=\"opcion-res\"><input type=\"radio\" name=\"pregunta-13\" value=\"There is\"> There is<\/div>\n                <\/div>\n                <div class=\"pregunta-row\">\n                    <label>My cousin goes to school by bus because it&#8217;s the ______ way to get there. *<\/label>\n                    <div class=\"opcion-res\"><input type=\"radio\" name=\"pregunta-14\" value=\"cheap\"> cheap<\/div>\n                    <div class=\"opcion-res\"><input type=\"radio\" name=\"pregunta-14\" value=\"cheaper\"> cheaper<\/div>\n                    <div class=\"opcion-res\"><input type=\"radio\" name=\"pregunta-14\" value=\"cheapest\"> cheapest<\/div>\n                <\/div>\n                <div class=\"pregunta-row\">\n                    <label>If I had a lot of money, I ________a brand new car. *<\/label>\n                    <div class=\"opcion-res\"><input type=\"radio\" name=\"pregunta-15\" value=\"buy\"> buy<\/div>\n                    <div class=\"opcion-res\"><input type=\"radio\" name=\"pregunta-15\" value=\"will buy\"> will buy<\/div>\n                    <div class=\"opcion-res\"><input type=\"radio\" name=\"pregunta-15\" value=\"would buy\"> would buy<\/div>\n                    <div class=\"opcion-res\"><input type=\"radio\" name=\"pregunta-15\" value=\"bought\"> bought<\/div>\n                <\/div>\n                <div class=\"pregunta-row\">\n                    <label>If I had known you were here, I ______. *<\/label>\n                    <div class=\"opcion-res\"><input type=\"radio\" name=\"pregunta-16\" value=\"won't have come\"> won&#8217;t have come<\/div>\n                    <div class=\"opcion-res\"><input type=\"radio\" name=\"pregunta-16\" value=\"wouldn't  have come\"> wouldn&#8217;t  have come<\/div>\n                    <div class=\"opcion-res\"><input type=\"radio\" name=\"pregunta-16\" value=\"didn't have come\"> didn&#8217;t have come<\/div>\n                    <div class=\"opcion-res\"><input type=\"radio\" name=\"pregunta-16\" value=\"wouldn't come\"> wouldn&#8217;t come<\/div>\n                <\/div>\n                <div class=\"pregunta-row\">\n                    <label>I enjoy _____ video games. *<\/label>\n                    <div class=\"opcion-res\"><input type=\"radio\" name=\"pregunta-17\" value=\"to play\"> to play<\/div>\n                    <div class=\"opcion-res\"><input type=\"radio\" name=\"pregunta-17\" value=\"play\"> play<\/div>\n                    <div class=\"opcion-res\"><input type=\"radio\" name=\"pregunta-17\" value=\"playing\"> playing<\/div>\n                    <div class=\"opcion-res\"><input type=\"radio\" name=\"pregunta-17\" value=\"to playing\"> to playing<\/div>\n                <\/div>\n                <div class=\"pregunta-row\">\n                    <label>Luis ____ like working out a lot. He goes to the gym every day, even weekends. *<\/label>\n                    <div class=\"opcion-res\"><input type=\"radio\" name=\"pregunta-18\" value=\"must\"> must<\/div>\n                    <div class=\"opcion-res\"><input type=\"radio\" name=\"pregunta-18\" value=\"might\"> might<\/div>\n                    <div class=\"opcion-res\"><input type=\"radio\" name=\"pregunta-18\" value=\"can\"> can<\/div>\n                    <div class=\"opcion-res\"><input type=\"radio\" name=\"pregunta-18\" value=\"all of the above\"> all of the above<\/div>\n                <\/div>\n                <div class=\"pregunta-row\">\n                    <label>I&#8217;ve decided _______ a new video game. *<\/label>\n                    <div class=\"opcion-res\"><input type=\"radio\" name=\"pregunta-19\" value=\"to buy\"> to buy<\/div>\n                    <div class=\"opcion-res\"><input type=\"radio\" name=\"pregunta-19\" value=\"buy\"> buy<\/div>\n                    <div class=\"opcion-res\"><input type=\"radio\" name=\"pregunta-19\" value=\"buying\"> buying<\/div>\n                    <div class=\"opcion-res\"><input type=\"radio\" name=\"pregunta-19\" value=\"to buying\"> to buying<\/div>\n                <\/div>\n                <div class=\"pregunta-row\">\n                    <label>Luisa: &#8221; I can&#8217;t find my backapack&#8221;  What did she say? *<\/label>\n                    <div class=\"opcion-res\"><input type=\"radio\" name=\"pregunta-20\" value=\"She said she couldn't find her backpack.\"> She said she couldn&#8217;t find her backpack.<\/div>\n                    <div class=\"opcion-res\"><input type=\"radio\" name=\"pregunta-20\" value=\"She said she couldn't found her backpack.\"> She said she couldn&#8217;t found her backpack.<\/div>\n                    <div class=\"opcion-res\"><input type=\"radio\" name=\"pregunta-20\" value=\"She said she can't find her backpack.\"> She said she can&#8217;t find her backpack.<\/div>\n                    <div class=\"opcion-res\"><input type=\"radio\" name=\"pregunta-20\" value=\"She said she can't found her backpack.\"> She said she can&#8217;t found her backpack.<\/div>\n                <\/div>\n\n\n            <\/div>\n        <\/div>\n\n\n        <div id=\"page-fin\" class=\"row page-examen page-fin\" style=\"display: none;\">\n            <div class=\"col-md-12 pt-1\">\n                <p>\n                    Enviando resultados&#8230;\n                <\/p>\n            <\/div>\n        <\/div>\n\n        <div class=\"row controls\">\n            <div class=\"col-md-4 pt-1\">\n                <a id=\"anterior\" style=\"display: none;\" href=\"#anterior\" class=\"btn btn-info\">Anterior<\/a>&nbsp;\n                <a id=\"siguiente\" style=\"display: none;\" href=\"#siguiente\" class=\"btn btn-success\">Siguiente<\/a>\n                <a id=\"enviar\" style=\"display: none;\" href=\"#enviar\" class=\"btn btn-success\">Enviar Examen<\/a>\n            <\/div>\n        <\/div>\n\n    <\/div>\n    <\/form>\n    <style type=\"text\/css\">\n        \n        .pregunta-row, .info-row{\n            padding: 10px;\n            border-radius: 5px;\n            border: 1px solid #000;\n            margin-bottom: 10px;\n        }\n\n        .pregunta-row label, .info-row label{\n            font-weight: bold;\n            font-size: 16px;\n            width: 100%;\n            margin-bottom: 10px;\n        }\n\n        .opcion-res{\n            padding-bottom: 5px;\n        }\n\n        .progress-cont{\n            width: 100%;\n            height: 5px;\n            background-color: #cbcbcb;\n            border-radius: 10px;\n            overflow: hidden;\n        }\n\n        .progress-bar{\n            width: 15%;\n            height: 5px;\n            border-radius: 10px;\n            background-color: #82a8fa;\n        }\n\n        .message-question{\n            color: #ff8400;\n            font-weight: bold;\n        }\n\n        .lista_llamada_hora{\n            list-style: none;\n        }\n\n    <\/style>\n    <script>\n        var pagina = 1;\n\n        $('#acepto').click(function(){\n            if($(this).is(':checked')){\n                $('#siguiente').css('display','');\n\n            }else{\n                $('#siguiente').css('display','none');\n\n            }\n        });\n\n        $('.pregunta-row').each(function( index ) {\n            $(this).append('<div class=\"message-question\"><\/div>');\n        });\n\n        $('#siguiente').click(function(e){\n            e.preventDefault();\n            if(page_question_check()){\n                pagina = pagina + 1;\n                $('.page-examen').css('display','none');\n\n                $('.page-'+pagina).fadeIn();\n\n                if(pagina<=1){\n                    $('#anterior').css('display','none');\n                }else{\n                    $('#anterior').css('display','');\n                }\n\n                if(pagina>=2){\n                    $('#enviar').css('display','');\n                    $('#siguiente').css('display','none');\n                }else{\n                    $('#enviar').css('display','none');\n                    $('#siguiente').css('display','');\n                }\n\n                \n            }else{\n\n            }\n\n        });\n\n        $('#anterior').click(function(e){\n            e.preventDefault();\n\n            pagina = pagina - 1;\n            $('.page-examen').css('display','none');\n\n            $('.page-'+pagina).fadeIn();\n\n            if(pagina<=1){\n                $('#anterior').css('display','none');\n            }else{\n                $('#anterior').css('display','');\n            }\n\n            if(pagina>=2){\n                $('#enviar').css('display','');\n                $('#siguiente').css('display','none');\n            }else{\n                $('#enviar').css('display','none');\n                $('#siguiente').css('display','');\n            }\n\n        });\n\n\n        $('.pregunta-row input[type=radio]').click(function(){\n            \/\/alert('click');\n            $(this).parent().siblings('.message-question').html('');\n        });\n\n\n        $('#llamada').click(function(){\n            if($(this).is(':checked')){\n                $('#siguiente').css('display','');\n                $('#llamada_cont').css('display','');\n            }else{\n                $('#siguiente').css('display','none');\n                $('#llamada_cont').css('display','none');\n            }\n        });\n\n        $('#enviar').click(function(){\n\n            if(page_question_check()){\n                progres_size = 100;\n                $('.progress-bar').css('width',progres_size+'%');\n                $('#page_count').html(pagina);\n                $(\"html, body\").animate({ scrollTop: 0 }, \"slow\");\n                $('#anterior').fadeOut();\n                $('#enviar').fadeOut();\n\n\n                $('.page-examen').css('display','none');\n\n                \/\/remplazamos el nombre\n                var tyhtml = $('#page-fin').html();\n\n                var nombre = $('input[name=nombre]').val();\n\n                tyhtml =  tyhtml.replace(\"##NOMBRE##\", nombre);\n\n                tyhtml =  tyhtml.replace(\"##NOMBRE##\", nombre);\n\n\n                $('#page-fin').html(tyhtml);\n                $('#page-fin').fadeIn();\n                $(\"html, body\").animate({ scrollTop: 0 }, \"slow\");\n\n                $('#formulario_examen').submit();\n            }\n\n            \/\/aqui enviamos la info por POST a algun lugar de almacenaje (el mismo server?)\n        });\n\n        function page_question_check(){\n            var resultado = true;\n\n            console.log(\"Revisamos la pagina: \"+ pagina );\n\n            $('.page-'+pagina+' .pregunta-row').each(function( index ) {\n                \/\/revisamos el tipo de pregunta y si esta contextado\n\n                \/\/revisamos si el row tiene radios\n                if($(this).find('input[type=radio]').length > 0){\n                    var cantcheck = $(this).find('input[type=radio]:checked').length;\n\n                    if(cantcheck==0){\n                        resultado = false;\n                        $(this).find('.message-question').html('Se necesita escribir o seleccionar una opci\u00f3n');\n                    }else{\n                        $(this).parent().siblings('.message-question').html('');\n                    }\n                }\n\n                \/\/ es input\n                if($(this).find('input[required]').length > 0){\n                    console.log('Tiene input esta pregunta');\n                    $(this).find('input[required]').each(function( index ) {\n                        var minsel = 0;\n                        var inptval = $(this).val()\n\n                        if(inptval!=\"\"){\n                            $(this).siblings('.message-question').html('');\n                        }else{\n                            $(this).siblings('.message-question').html('Se necesita escribir o seleccionar una opci\u00f3n')\n                            resultado = false;\n                        }\n                    });\n                }\n\n                \/\/ es textarea\n                if( $(this).find('textarea').length > 0 ){\n                    console.log('Tiene textarea esta pregunta');\n                    $(this).find(\"textarea\").each(function( index ) {\n                        var minsel = 0;\n                        var inptval = $(this).val()\n\n                        if(inptval!=\"\"){\n                            $(this).parent().siblings('.message-question').html('');\n                        }else{\n                            $(this).parent().siblings('.message-question').html('Se necesita escribir o seleccionar una opci\u00f3n');\n                            resultado = false;\n                        }\n                    });\n                }\n\n            });\n\n\n            return resultado;\n        }\n\n    <\/script>\n\n\n    \t\t\t\t\t<\/div>\n\t\t\t\t\t\t<\/div>\n\t\t\t\t<\/div>\n\t\t\t\t\t\t<\/div>\n\t\t\t\t\t<\/div>\n\t\t<\/div>\n\t\t\t\t\t\t\t\t<\/div>\n\t\t\t\t\t<\/div>\n\t\t<\/section>\n\t\t\t\t\t\t<\/div>\n\t\t\t\t\t\t<\/div>\n\t\t\t\t\t<\/div>\n\t\t","protected":false},"excerpt":{"rendered":"<p>\u00a1Conoce tu nivel de ingl\u00e9s! Este sencillo examen est\u00e1 dise\u00f1ado para conocer de una manera general el nivel de conocimiento del idioma ingles para adolescentes entre los 12 y 17 a\u00f1os.<\/p>\n","protected":false},"author":1,"featured_media":0,"parent":0,"menu_order":0,"comment_status":"closed","ping_status":"closed","template":"","meta":[],"categories":[],"tags":[8],"acf":[],"_links":{"self":[{"href":"https:\/\/www.cetys.mx\/idiomas\/wp-json\/wp\/v2\/pages\/2049"}],"collection":[{"href":"https:\/\/www.cetys.mx\/idiomas\/wp-json\/wp\/v2\/pages"}],"about":[{"href":"https:\/\/www.cetys.mx\/idiomas\/wp-json\/wp\/v2\/types\/page"}],"author":[{"embeddable":true,"href":"https:\/\/www.cetys.mx\/idiomas\/wp-json\/wp\/v2\/users\/1"}],"replies":[{"embeddable":true,"href":"https:\/\/www.cetys.mx\/idiomas\/wp-json\/wp\/v2\/comments?post=2049"}],"version-history":[{"count":19,"href":"https:\/\/www.cetys.mx\/idiomas\/wp-json\/wp\/v2\/pages\/2049\/revisions"}],"predecessor-version":[{"id":5521,"href":"https:\/\/www.cetys.mx\/idiomas\/wp-json\/wp\/v2\/pages\/2049\/revisions\/5521"}],"wp:attachment":[{"href":"https:\/\/www.cetys.mx\/idiomas\/wp-json\/wp\/v2\/media?parent=2049"}],"wp:term":[{"taxonomy":"category","embeddable":true,"href":"https:\/\/www.cetys.mx\/idiomas\/wp-json\/wp\/v2\/categories?post=2049"},{"taxonomy":"post_tag","embeddable":true,"href":"https:\/\/www.cetys.mx\/idiomas\/wp-json\/wp\/v2\/tags?post=2049"}],"curies":[{"name":"wp","href":"https:\/\/api.w.org\/{rel}","templated":true}]}}