{"id":5780,"date":"2019-09-23T00:24:53","date_gmt":"2019-09-23T06:24:53","guid":{"rendered":"https:\/\/protondigital.xyz\/cetysdeportes\/?page_id=5780"},"modified":"2020-08-31T23:21:34","modified_gmt":"2020-09-01T05:21:34","slug":"instalaciones-campus-tijuana","status":"publish","type":"page","link":"https:\/\/www.cetys.mx\/gozorros\/instalaciones-campus-tijuana\/","title":{"rendered":"Instalaciones Campus Tijuana"},"content":{"rendered":"<div class=\"vce-row-container\"><div class=\"vce-row vce-element--has-background vce-row--col-gap-30 vce-row-columns--top vce-row-content--top\" data-vce-full-width=\"true\" id=\"el-1bd05215\" data-vce-do-apply=\"all el-1bd05215\"><div class=\"vce-content-background-container\"><div class=\"vce-asset-background-simple-container vce-visible-all-only vce-asset-background-simple--style-cover vce-asset-background-simple--position-center-center\"><div class=\"vce-asset-background-simple\"><div class=\"vce-asset-background-simple-item\" style=\"background-image: url('https:\/\/www.cetys.mx\/gozorros\/wp-content\/uploads\/2019\/09\/15235836_1333179160034343_5113655972040478161_o.jpg');\"><\/div><\/div><\/div><div class=\"vce-asset-color-gradient-container vce-visible-all-only\" data-vce-do-apply=\"gradient el-1bd05215\"><\/div><\/div><div class=\"vce-row-content\" data-vce-element-content=\"true\" style=\"padding-left: 149.444px; padding-right: 149.444px;\"><div class=\"vce-col vce-col--md-auto vce-col--xs-1 vce-col--xs-last vce-col--xs-first vce-col--sm-last vce-col--sm-first vce-col--md-last vce-col--lg-last vce-col--xl-last vce-col--md-first vce-col--lg-first vce-col--xl-first\" id=\"el-acee6051\"><div class=\"vce-col-inner\" data-vce-do-apply=\"border margin background  el-acee6051\"><div class=\"vce-col-content\" data-vce-element-content=\"true\" data-vce-do-apply=\"padding el-acee6051\"><div class=\"vce-text-block\"><div class=\"vce-text-block-wrapper vce\" id=\"el-aaf3f7f1\" data-vce-do-apply=\"all el-aaf3f7f1\"><p style=\"text-align: center;\"><span style=\"color: #ffffff; font-size: 36pt;\">GIMNASIO AUDITORIO RODRIGO VALLE HERN\u00c1NDEZ<\/span><\/p><\/div><\/div><div class=\"vce vce-separator-container vce-separator--align-center vce-separator--style-solid\" id=\"el-4f22f024\" data-vce-do-apply=\"margin el-4f22f024\"><div class=\"vce-separator vce-separator--color-b-255-255-255 vce-separator--width-10 vce-separator--thickness-3\" data-vce-do-apply=\"border padding background  el-4f22f024\"><\/div><\/div><div class=\"vce-row-container\"><div class=\"vce-row vce-row--col-gap-30 vce-row-columns--top vce-row-content--middle\" id=\"el-5c31519c\" data-vce-do-apply=\"all el-5c31519c\"><div class=\"vce-row-content\" data-vce-element-content=\"true\"><div class=\"vce-col vce-col--md-51-15p vce-col--xs-1 vce-col--xs-last vce-col--xs-first vce-col--sm-last vce-col--sm-first vce-col--md-first vce-col--lg-first vce-col--xl-first\" id=\"el-366757d6\"><div class=\"vce-col-inner\" data-vce-do-apply=\"border margin background  el-366757d6\"><div class=\"vce-col-content\" data-vce-element-content=\"true\" data-vce-do-apply=\"padding el-366757d6\"><div class=\"vce-single-image-container vce-single-image--align-left\"><div class=\"vce vce-single-image-wrapper\" id=\"el-eb8d2058\" data-vce-do-apply=\"all el-eb8d2058\"><figure><div class=\"vce-single-image-inner vce-single-image--absolute\" style=\"padding-bottom: 52.2461%; width: 1024px;\"><img class=\"vce-single-image\" width=\"1024\" height=\"535\"src=\"https:\/\/www.cetys.mx\/gozorros\/wp-content\/uploads\/2020\/08\/29982781_1848975538454700_9086252278662019812_o-1-1024x535.jpg\" srcset=\"https:\/\/www.cetys.mx\/gozorros\/wp-content\/uploads\/2020\/08\/29982781_1848975538454700_9086252278662019812_o-1-320x167.jpg 320w,https:\/\/www.cetys.mx\/gozorros\/wp-content\/uploads\/2020\/08\/29982781_1848975538454700_9086252278662019812_o-1-480x251.jpg 480w,https:\/\/www.cetys.mx\/gozorros\/wp-content\/uploads\/2020\/08\/29982781_1848975538454700_9086252278662019812_o-1-800x418.jpg 800w,https:\/\/www.cetys.mx\/gozorros\/wp-content\/uploads\/2020\/08\/29982781_1848975538454700_9086252278662019812_o-1-1024x535.jpg 1024w\" data-img-src=\"https:\/\/www.cetys.mx\/gozorros\/wp-content\/uploads\/2019\/09\/29982781_1848975538454700_9086252278662019812_o-1.jpg\" alt=\"\" title=\"29982781_1848975538454700_9086252278662019812_o\" \/><\/div><figcaption hidden=\"\"><\/figcaption><\/figure><\/div><\/div><\/div><\/div><\/div><div class=\"vce-col vce-col--md-48-85p vce-col--xs-1 vce-col--xs-last vce-col--xs-first vce-col--sm-last vce-col--sm-first vce-col--md-last vce-col--lg-last vce-col--xl-last\" id=\"el-83ce75a6\"><div class=\"vce-col-inner\" data-vce-do-apply=\"border margin background  el-83ce75a6\"><div class=\"vce-col-content\" data-vce-element-content=\"true\" data-vce-do-apply=\"padding el-83ce75a6\"><div class=\"vce-text-block\"><div class=\"vce-text-block-wrapper vce\" id=\"el-7884f8c0\" data-vce-do-apply=\"all el-7884f8c0\"><p dir=\"ltr\" style=\"line-height: 1.38; margin-top: 0pt; margin-bottom: 0pt; text-align: center;\"><span style=\"font-size: 12pt; color: #ffffff; background-color: transparent; font-weight: bold; font-style: normal; font-variant: normal; text-decoration: none; vertical-align: baseline; white-space: pre-wrap;\"><span style=\"background-color: transparent; font-variant-numeric: normal; font-variant-east-asian: normal; font-size: 12pt; vertical-align: baseline;\">E<\/span><span style=\"background-color: transparent; font-variant-numeric: normal; font-variant-east-asian: normal; font-size: 12pt; vertical-align: baseline;\">n la duela del Gimnasio Auditorio Rodrigo Valle Hern\u00e1ndez se encienden emociones y se cumplen sue\u00f1os. Fue inaugurado el 28 de agosto del 2014. <\/span><\/span><\/p>\n<p dir=\"ltr\" style=\"line-height: 1.38; margin-top: 0pt; margin-bottom: 0pt; text-align: center;\"><span style=\"font-size: 12pt; color: #ffffff; background-color: transparent; font-weight: bold; font-style: normal; font-variant: normal; text-decoration: none; vertical-align: baseline; white-space: pre-wrap;\">Es el espacio deportivo m\u00e1s moderno del noroeste de M\u00e9xico y casa del representativo Zorros de Basquetbol en la Liga ABE y de los atletas CETYS que compiten en la CONADEIP. <\/span><\/p>\n<p dir=\"ltr\" style=\"line-height: 1.38; margin-top: 0pt; margin-bottom: 0pt; text-align: center;\">&nbsp;<\/p>\n<p dir=\"ltr\" style=\"line-height: 1.38; margin-top: 0pt; margin-bottom: 0pt; text-align: center;\">&nbsp;<\/p>\n<p dir=\"ltr\" style=\"line-height: 1.38; margin-top: 0pt; margin-bottom: 0pt;\"><span style=\"font-size: 12pt; color: #ffffff; background-color: transparent; font-weight: 400; font-style: normal; font-variant: normal; text-decoration: none; vertical-align: baseline; white-space: pre-wrap;\">\u2022<span style=\"font-weight: bold;\">Caracter\u00edsticas<\/span>:<\/span><\/p>\n<p dir=\"ltr\" style=\"margin-top: 0pt; margin-bottom: 0pt; line-height: 1.38;\"><span style=\"font-size: 12pt; color: #ffffff; background-color: transparent; font-variant-numeric: normal; font-variant-east-asian: normal; vertical-align: baseline; white-space: pre-wrap;\"><span style=\"font-weight: 400; font-style: normal;\">-Extensi\u00f3n:<\/span> 5 mil m\u00b2<\/span><\/p>\n<p dir=\"ltr\" style=\"line-height: 1.38; margin-top: 0pt; margin-bottom: 0pt;\"><span style=\"font-size: 12pt; color: #ffffff; background-color: transparent; font-weight: 400; font-style: normal; font-variant: normal; text-decoration: none; vertical-align: baseline; white-space: pre-wrap;\">-Capacidad de 1,500 espectadores<\/span><\/p>\n<p dir=\"ltr\" style=\"line-height: 1.38; margin-top: 0pt; margin-bottom: 0pt;\"><span style=\"font-size: 12pt; color: #ffffff; background-color: transparent; font-weight: 400; font-style: normal; font-variant: normal; text-decoration: none; vertical-align: baseline; white-space: pre-wrap;\">-2 canchas de b\u00e1squetbol y voleibol con duela quitap\u00f3n<\/span><\/p>\n<p dir=\"ltr\" style=\"line-height: 1.38; margin-top: 0pt; margin-bottom: 0pt;\"><span style=\"font-size: 12pt; color: #ffffff; background-color: transparent; font-weight: 400; font-style: normal; font-variant: normal; text-decoration: none; vertical-align: baseline; white-space: pre-wrap;\">-Gradas retr\u00e1ctiles<\/span><\/p>\n<p dir=\"ltr\" style=\"line-height: 1.38; margin-top: 0pt; margin-bottom: 0pt;\"><span style=\"font-size: 12pt; color: #ffffff; background-color: transparent; font-weight: 400; font-style: normal; font-variant: normal; text-decoration: none; vertical-align: baseline; white-space: pre-wrap;\">-Scoreboard con 4 pantallas LED<\/span><\/p>\n<p dir=\"ltr\" style=\"line-height: 1.38; margin-top: 0pt; margin-bottom: 0pt;\"><span style=\"font-size: 12pt; color: #ffffff; background-color: transparent; font-weight: 400; font-style: normal; font-variant: normal; text-decoration: none; vertical-align: baseline; white-space: pre-wrap;\">-Palco de cronistas<\/span><\/p>\n<p dir=\"ltr\" style=\"line-height: 1.38; margin-top: 0pt; margin-bottom: 0pt;\"><span style=\"font-size: 12pt; color: #ffffff; background-color: transparent; font-weight: 400; font-style: normal; font-variant: normal; text-decoration: none; vertical-align: baseline; white-space: pre-wrap;\">-\u00c1rea de pesas y aparatos con capacidad de 60 personas<\/span><\/p>\n<p dir=\"ltr\" style=\"line-height: 1.38; margin-top: 0pt; margin-bottom: 0pt;\"><span style=\"font-size: 12pt; color: #ffffff; background-color: transparent; font-weight: 400; font-style: normal; font-variant: normal; text-decoration: none; vertical-align: baseline; white-space: pre-wrap;\">-\u00c1rea de enfermer\u00eda<\/span><\/p>\n<p dir=\"ltr\" style=\"line-height: 1.38; margin-top: 0pt; margin-bottom: 0pt;\">&nbsp;<\/p>\n<p dir=\"ltr\" style=\"line-height: 1.38; margin-top: 0pt; margin-bottom: 0pt; text-align: center;\"><span style=\"font-size: 12pt; color: #ffffff; background-color: transparent; font-weight: 400; font-style: normal; font-variant: normal; text-decoration: none; vertical-align: baseline; white-space: pre-wrap;\">Este recinto fue sede del Campeonato de los Ocho Grandes y el Final Four de Voleibol en el 2018.<\/span><\/p>\n<p class=\"MsoNoSpacing\">&nbsp;<\/p><\/div><\/div><\/div><\/div><\/div><div class=\"vce-col vce-col--md-auto vce-col--xs-1 vce-col--xs-last vce-col--xs-first vce-col--sm-last vce-col--sm-first vce-col--md-last vce-col--lg-last vce-col--xl-last vce-col--md-first vce-col--lg-first vce-col--xl-first\" id=\"el-02c7b1bc\"><div class=\"vce-col-inner\" data-vce-do-apply=\"border margin background  el-02c7b1bc\"><div class=\"vce-col-content\" data-vce-element-content=\"true\" data-vce-do-apply=\"padding el-02c7b1bc\"><\/div><\/div><\/div><\/div><\/div><\/div><\/div><\/div><\/div><\/div><\/div><\/div><div class=\"vce-row-container\"><div class=\"vce-row vce-row--col-gap-30 vce-row-columns--top vce-row-content--top\" id=\"el-93f36244\" data-vce-do-apply=\"all el-93f36244\"><div class=\"vce-row-content\" data-vce-element-content=\"true\"><div class=\"vce-col vce-col--md-auto vce-col--xs-1 vce-col--xs-last vce-col--xs-first vce-col--sm-last vce-col--sm-first vce-col--md-last vce-col--lg-last vce-col--xl-last vce-col--md-first vce-col--lg-first vce-col--xl-first\" id=\"el-bd877804\"><div class=\"vce-col-inner\" data-vce-do-apply=\"border margin background  el-bd877804\"><div class=\"vce-col-content\" data-vce-element-content=\"true\" data-vce-do-apply=\"padding el-bd877804\"><\/div><\/div><\/div><\/div><\/div><\/div><div class=\"vce-row-container\"><div class=\"vce-row vce-element--has-background vce-row--col-gap-30 vce-row-columns--top vce-row-content--top\" data-vce-full-width=\"true\" id=\"el-cf4ebebf\" data-vce-do-apply=\"all el-cf4ebebf\"><div class=\"vce-content-background-container\"><div class=\"vce-asset-background-simple-container vce-visible-all-only vce-asset-background-simple--style-cover vce-asset-background-simple--position-center-center\"><div class=\"vce-asset-background-simple\"><div class=\"vce-asset-background-simple-item\" style=\"background-image: url('https:\/\/www.cetys.mx\/gozorros\/wp-content\/uploads\/2019\/09\/10669043_1079142605438001_1615091089295256729_o.jpg');\"><\/div><\/div><\/div><div class=\"vce-asset-color-gradient-container vce-visible-all-only\" data-vce-do-apply=\"gradient el-cf4ebebf\"><\/div><\/div><div class=\"vce-row-content\" data-vce-element-content=\"true\" style=\"padding-left: 149.444px; padding-right: 149.444px;\"><div class=\"vce-col vce-col--md-auto vce-col--xs-1 vce-col--xs-last vce-col--xs-first vce-col--sm-last vce-col--sm-first vce-col--md-last vce-col--lg-last vce-col--xl-last vce-col--md-first vce-col--lg-first vce-col--xl-first\" id=\"el-1ffc8b84\"><div class=\"vce-col-inner\" data-vce-do-apply=\"border margin background  el-1ffc8b84\"><div class=\"vce-col-content\" data-vce-element-content=\"true\" data-vce-do-apply=\"padding el-1ffc8b84\"><div class=\"vce-text-block\"><div class=\"vce-text-block-wrapper vce\" id=\"el-37ed6f45\" data-vce-do-apply=\"all el-37ed6f45\"><h2 style=\"text-align: center;\"><span style=\"font-size: 36pt; color: #ffffff;\">ESTADIO DEPORTIVO MARGARITA ASTIAZAR\u00c1N DE FIMBRES<\/span><\/h2><\/div><\/div><div class=\"vce vce-separator-container vce-separator--align-center vce-separator--style-solid\" id=\"el-1b9c97c2\" data-vce-do-apply=\"margin el-1b9c97c2\"><div class=\"vce-separator vce-separator--color-b-255-255-255 vce-separator--width-10 vce-separator--thickness-3\" data-vce-do-apply=\"border padding background  el-1b9c97c2\"><\/div><\/div><div class=\"vce-row-container\"><div class=\"vce-row vce-row--col-gap-30 vce-row-columns--top vce-row-content--middle\" id=\"el-6879e0fa\" data-vce-do-apply=\"all el-6879e0fa\"><div class=\"vce-row-content\" data-vce-element-content=\"true\"><div class=\"vce-col vce-col--md-auto vce-col--xs-1 vce-col--xs-last vce-col--xs-first vce-col--sm-last vce-col--sm-first vce-col--md-first vce-col--lg-first vce-col--xl-first\" id=\"el-e606794c\"><div class=\"vce-col-inner\" data-vce-do-apply=\"border margin background  el-e606794c\"><div class=\"vce-col-content\" data-vce-element-content=\"true\" data-vce-do-apply=\"padding el-e606794c\"><div class=\"vce-single-image-container vce-single-image--align-left\"><div class=\"vce vce-single-image-wrapper\" id=\"el-2f877134\" data-vce-do-apply=\"all el-2f877134\"><figure><div class=\"vce-single-image-inner vce-single-image--absolute\" style=\"padding-bottom: 75%; width: 1024px;\"><img class=\"vce-single-image\" width=\"1024\" height=\"768\"src=\"https:\/\/www.cetys.mx\/gozorros\/wp-content\/uploads\/2020\/08\/IMG_20190129_150317-1-1024x768.jpg\" srcset=\"https:\/\/www.cetys.mx\/gozorros\/wp-content\/uploads\/2020\/08\/IMG_20190129_150317-1-320x240.jpg 320w,https:\/\/www.cetys.mx\/gozorros\/wp-content\/uploads\/2020\/08\/IMG_20190129_150317-1-480x360.jpg 480w,https:\/\/www.cetys.mx\/gozorros\/wp-content\/uploads\/2020\/08\/IMG_20190129_150317-1-800x600.jpg 800w,https:\/\/www.cetys.mx\/gozorros\/wp-content\/uploads\/2020\/08\/IMG_20190129_150317-1-1024x768.jpg 1024w\" data-img-src=\"https:\/\/www.cetys.mx\/gozorros\/wp-content\/uploads\/2019\/09\/IMG_20190129_150317-1.jpg\" alt=\"\" title=\"IMG_20190129_150317\" \/><\/div><figcaption hidden=\"\"><\/figcaption><\/figure><\/div><\/div><\/div><\/div><\/div><div class=\"vce-col vce-col--md-auto vce-col--xs-1 vce-col--xs-last vce-col--xs-first vce-col--sm-last vce-col--sm-first vce-col--md-last vce-col--lg-last vce-col--xl-last\" id=\"el-53ece15a\"><div class=\"vce-col-inner\" data-vce-do-apply=\"border margin background  el-53ece15a\"><div class=\"vce-col-content\" data-vce-element-content=\"true\" data-vce-do-apply=\"padding el-53ece15a\"><div class=\"vce-text-block\"><div class=\"vce-text-block-wrapper vce\" id=\"el-1a84e528\" data-vce-do-apply=\"all el-1a84e528\"><p class=\"MsoNoSpacing\" style=\"text-align: center;\"><span style=\"background-color: transparent; color: #ffffff; font-size: 12pt; font-weight: bold; white-space: pre-wrap;\">Su versatilidad, equipamiento y espectacular vista lo convierten en el espacio ideal para disfrutar al m\u00e1ximo la pr\u00e1ctica de diversas disciplinas como futbol soccer, futbol americano y banderitas. As\u00ed lo han comprobado equipos profesionales del futbol nacional como el Club Tijuana, Club Universidad y el Club Monterrey, quienes han realizado pr\u00e1cticas en este inmueble.<\/span><\/p>\n<p class=\"MsoNoSpacing\">&nbsp;<\/p>\n<p class=\"MsoNoSpacing\"><span style=\"background-color: transparent; color: #ffffff; font-size: 12pt; font-weight: bold; white-space: pre-wrap;\">\u2022Inauguraci\u00f3n: <span style=\"font-weight: 400; font-style: normal;\">13 de abril del 2000<\/span><\/span><\/p>\n<p class=\"MsoNoSpacing\"><span style=\"background-color: transparent; color: #ffffff; font-size: 12pt; font-weight: bold; white-space: pre-wrap;\">\u2022Caracter\u00edsticas:<\/span><\/p>\n<p dir=\"ltr\" style=\"line-height: 1.656; margin-top: 0pt; margin-bottom: 0pt;\"><span style=\"font-size: 12pt; color: #ffffff; background-color: transparent; font-weight: 400; font-variant-numeric: normal; font-variant-east-asian: normal; vertical-align: baseline; white-space: pre-wrap; font-style: normal;\">-Capacidad para 3,000 espectadores<\/span><\/p>\n<p dir=\"ltr\" style=\"line-height: 1.656; margin-top: 0pt; margin-bottom: 0pt;\"><span style=\"font-weight: 400; font-style: normal;\"><span style=\"font-size: 12pt; color: #ffffff; background-color: transparent; font-variant-numeric: normal; font-variant-east-asian: normal; vertical-align: baseline; white-space: pre-wrap;\">-Campo sint\u00e9tico<\/span> <\/span><\/p>\n<p dir=\"ltr\" style=\"line-height: 1.656; margin-top: 0pt; margin-bottom: 0pt;\"><span style=\"font-size: 12pt; color: #ffffff; background-color: transparent; font-weight: 400; font-variant-numeric: normal; font-variant-east-asian: normal; vertical-align: baseline; white-space: pre-wrap; font-style: normal;\">-Pista de carreras pedestres<\/span><\/p>\n<p dir=\"ltr\" style=\"line-height: 1.656; margin-top: 0pt; margin-bottom: 0pt;\"><span style=\"font-size: 12pt; color: #ffffff; background-color: transparent; font-weight: 400; font-variant-numeric: normal; font-variant-east-asian: normal; vertical-align: baseline; white-space: pre-wrap; font-style: normal;\">-Jaula de bateo<\/span><\/p>\n<p dir=\"ltr\" style=\"line-height: 1.656; margin-top: 0pt; margin-bottom: 0pt;\"><span style=\"font-size: 12pt; color: #ffffff; background-color: transparent; font-weight: 400; font-variant-numeric: normal; font-variant-east-asian: normal; vertical-align: baseline; white-space: pre-wrap; font-style: normal;\">-Tablero electr\u00f3nico<\/span><\/p>\n<p dir=\"ltr\" style=\"line-height: 1.656; margin-top: 0pt; margin-bottom: 0pt;\"><span style=\"font-weight: 400; font-style: normal;\"><span style=\"font-size: 12pt; color: #ffffff; background-color: transparent; font-variant-numeric: normal; font-variant-east-asian: normal; vertical-align: baseline; white-space: pre-wrap;\">-Palcos<\/span> <\/span><\/p>\n<p dir=\"ltr\" style=\"line-height: 1.656; margin-top: 0pt; margin-bottom: 0pt;\"><span style=\"font-size: 12pt; color: #ffffff; background-color: transparent; font-weight: 400; font-variant-numeric: normal; font-variant-east-asian: normal; vertical-align: baseline; white-space: pre-wrap; font-style: normal;\">-Restaurante<\/span><\/p>\n<p dir=\"ltr\" style=\"line-height: 1.656; margin-top: 0pt; margin-bottom: 0pt;\"><span style=\"font-size: 12pt; font-family: Arial; color: #ffffff; background-color: transparent; font-weight: bold; font-variant-numeric: normal; font-variant-east-asian: normal; vertical-align: baseline; white-space: pre-wrap;\">&nbsp;<\/span><\/p>\n<p dir=\"ltr\" style=\"line-height: 1.656; margin-top: 0pt; margin-bottom: 0pt; text-align: center;\"><span style=\"font-weight: 400; font-style: normal;\"><span style=\"font-size: 12pt; color: #ffffff; background-color: transparent; font-variant-numeric: normal; font-variant-east-asian: normal; vertical-align: baseline; white-space: pre-wrap;\"> El Estadio Margarita Astiazar\u00e1n de Fimbres fue sede del Taz\u00f3n de las Estrellas CONADEIP en 2015 y 2017.<\/span><span style=\"font-size: 12pt; color: #000000; background-color: transparent; font-variant-numeric: normal; font-variant-east-asian: normal; vertical-align: baseline; white-space: pre-wrap;\">&nbsp;<\/span><\/span><\/p>\n<p style=\"text-align: center;\"><span style=\"font-size: 12pt; font-family: Arial; color: #000000; background-color: transparent; font-weight: bold; font-variant-numeric: normal; font-variant-east-asian: normal; vertical-align: baseline; white-space: pre-wrap;\">&nbsp;<\/span><\/p><\/div><\/div><\/div><\/div><\/div><\/div><\/div><\/div><\/div><\/div><\/div><\/div><\/div><\/div>\n","protected":false},"excerpt":{"rendered":"<p>GIMNASIO AUDITORIO RODRIGO VALLE HERN\u00c1NDEZEn la duela del Gimnasio Auditorio Rodrigo Valle Hern\u00e1ndez se encienden emociones y se cumplen sue\u00f1os. Fue inaugurado el 28 de agosto del 2014. Es el [&hellip;]<\/p>\n","protected":false},"author":1,"featured_media":0,"parent":0,"menu_order":0,"comment_status":"closed","ping_status":"closed","template":"","meta":{"footnotes":""},"class_list":["post-5780","page","type-page","status-publish","hentry"],"yoast_head":"<!-- This site is optimized with the Yoast SEO plugin v27.4 - https:\/\/yoast.com\/product\/yoast-seo-wordpress\/ -->\n<title>Instalaciones Campus Tijuana - CETYS Deportes<\/title>\n<meta name=\"robots\" content=\"index, follow, max-snippet:-1, max-image-preview:large, max-video-preview:-1\" \/>\n<link rel=\"canonical\" href=\"https:\/\/www.cetys.mx\/gozorros\/instalaciones-campus-tijuana\/\" \/>\n<meta property=\"og:locale\" content=\"es_MX\" \/>\n<meta property=\"og:type\" content=\"article\" \/>\n<meta property=\"og:title\" content=\"Instalaciones Campus Tijuana - CETYS Deportes\" \/>\n<meta property=\"og:description\" content=\"GIMNASIO AUDITORIO RODRIGO VALLE HERN\u00c1NDEZEn la duela del Gimnasio Auditorio Rodrigo Valle Hern\u00e1ndez se encienden emociones y se cumplen sue\u00f1os. Fue inaugurado el 28 de agosto del 2014. Es el [&hellip;]\" \/>\n<meta property=\"og:url\" content=\"https:\/\/www.cetys.mx\/gozorros\/instalaciones-campus-tijuana\/\" \/>\n<meta property=\"og:site_name\" content=\"CETYS Deportes\" \/>\n<meta property=\"article:modified_time\" content=\"2020-09-01T05:21:34+00:00\" \/>\n<meta name=\"twitter:card\" content=\"summary_large_image\" \/>\n<meta name=\"twitter:label1\" content=\"Tiempo de lectura\" \/>\n\t<meta name=\"twitter:data1\" content=\"1 minuto\" \/>\n<script type=\"application\/ld+json\" class=\"yoast-schema-graph\">{\"@context\":\"https:\\\/\\\/schema.org\",\"@graph\":[{\"@type\":\"WebPage\",\"@id\":\"https:\\\/\\\/www.cetys.mx\\\/gozorros\\\/instalaciones-campus-tijuana\\\/\",\"url\":\"https:\\\/\\\/www.cetys.mx\\\/gozorros\\\/instalaciones-campus-tijuana\\\/\",\"name\":\"Instalaciones Campus Tijuana - CETYS Deportes\",\"isPartOf\":{\"@id\":\"https:\\\/\\\/www.cetys.mx\\\/gozorros\\\/#website\"},\"datePublished\":\"2019-09-23T06:24:53+00:00\",\"dateModified\":\"2020-09-01T05:21:34+00:00\",\"breadcrumb\":{\"@id\":\"https:\\\/\\\/www.cetys.mx\\\/gozorros\\\/instalaciones-campus-tijuana\\\/#breadcrumb\"},\"inLanguage\":\"es\",\"potentialAction\":[{\"@type\":\"ReadAction\",\"target\":[\"https:\\\/\\\/www.cetys.mx\\\/gozorros\\\/instalaciones-campus-tijuana\\\/\"]}]},{\"@type\":\"BreadcrumbList\",\"@id\":\"https:\\\/\\\/www.cetys.mx\\\/gozorros\\\/instalaciones-campus-tijuana\\\/#breadcrumb\",\"itemListElement\":[{\"@type\":\"ListItem\",\"position\":1,\"name\":\"Inicio\",\"item\":\"https:\\\/\\\/www.cetys.mx\\\/gozorros\\\/\"},{\"@type\":\"ListItem\",\"position\":2,\"name\":\"Instalaciones Campus Tijuana\"}]},{\"@type\":\"WebSite\",\"@id\":\"https:\\\/\\\/www.cetys.mx\\\/gozorros\\\/#website\",\"url\":\"https:\\\/\\\/www.cetys.mx\\\/gozorros\\\/\",\"name\":\"CETYS Deportes\",\"description\":\"\",\"potentialAction\":[{\"@type\":\"SearchAction\",\"target\":{\"@type\":\"EntryPoint\",\"urlTemplate\":\"https:\\\/\\\/www.cetys.mx\\\/gozorros\\\/?s={search_term_string}\"},\"query-input\":{\"@type\":\"PropertyValueSpecification\",\"valueRequired\":true,\"valueName\":\"search_term_string\"}}],\"inLanguage\":\"es\"}]}<\/script>\n<!-- \/ Yoast SEO plugin. -->","yoast_head_json":{"title":"Instalaciones Campus Tijuana - CETYS Deportes","robots":{"index":"index","follow":"follow","max-snippet":"max-snippet:-1","max-image-preview":"max-image-preview:large","max-video-preview":"max-video-preview:-1"},"canonical":"https:\/\/www.cetys.mx\/gozorros\/instalaciones-campus-tijuana\/","og_locale":"es_MX","og_type":"article","og_title":"Instalaciones Campus Tijuana - CETYS Deportes","og_description":"GIMNASIO AUDITORIO RODRIGO VALLE HERN\u00c1NDEZEn la duela del Gimnasio Auditorio Rodrigo Valle Hern\u00e1ndez se encienden emociones y se cumplen sue\u00f1os. Fue inaugurado el 28 de agosto del 2014. Es el [&hellip;]","og_url":"https:\/\/www.cetys.mx\/gozorros\/instalaciones-campus-tijuana\/","og_site_name":"CETYS Deportes","article_modified_time":"2020-09-01T05:21:34+00:00","twitter_card":"summary_large_image","twitter_misc":{"Tiempo de lectura":"1 minuto"},"schema":{"@context":"https:\/\/schema.org","@graph":[{"@type":"WebPage","@id":"https:\/\/www.cetys.mx\/gozorros\/instalaciones-campus-tijuana\/","url":"https:\/\/www.cetys.mx\/gozorros\/instalaciones-campus-tijuana\/","name":"Instalaciones Campus Tijuana - CETYS Deportes","isPartOf":{"@id":"https:\/\/www.cetys.mx\/gozorros\/#website"},"datePublished":"2019-09-23T06:24:53+00:00","dateModified":"2020-09-01T05:21:34+00:00","breadcrumb":{"@id":"https:\/\/www.cetys.mx\/gozorros\/instalaciones-campus-tijuana\/#breadcrumb"},"inLanguage":"es","potentialAction":[{"@type":"ReadAction","target":["https:\/\/www.cetys.mx\/gozorros\/instalaciones-campus-tijuana\/"]}]},{"@type":"BreadcrumbList","@id":"https:\/\/www.cetys.mx\/gozorros\/instalaciones-campus-tijuana\/#breadcrumb","itemListElement":[{"@type":"ListItem","position":1,"name":"Inicio","item":"https:\/\/www.cetys.mx\/gozorros\/"},{"@type":"ListItem","position":2,"name":"Instalaciones Campus Tijuana"}]},{"@type":"WebSite","@id":"https:\/\/www.cetys.mx\/gozorros\/#website","url":"https:\/\/www.cetys.mx\/gozorros\/","name":"CETYS Deportes","description":"","potentialAction":[{"@type":"SearchAction","target":{"@type":"EntryPoint","urlTemplate":"https:\/\/www.cetys.mx\/gozorros\/?s={search_term_string}"},"query-input":{"@type":"PropertyValueSpecification","valueRequired":true,"valueName":"search_term_string"}}],"inLanguage":"es"}]}},"_links":{"self":[{"href":"https:\/\/www.cetys.mx\/gozorros\/wp-json\/wp\/v2\/pages\/5780","targetHints":{"allow":["GET"]}}],"collection":[{"href":"https:\/\/www.cetys.mx\/gozorros\/wp-json\/wp\/v2\/pages"}],"about":[{"href":"https:\/\/www.cetys.mx\/gozorros\/wp-json\/wp\/v2\/types\/page"}],"author":[{"embeddable":true,"href":"https:\/\/www.cetys.mx\/gozorros\/wp-json\/wp\/v2\/users\/1"}],"replies":[{"embeddable":true,"href":"https:\/\/www.cetys.mx\/gozorros\/wp-json\/wp\/v2\/comments?post=5780"}],"version-history":[{"count":0,"href":"https:\/\/www.cetys.mx\/gozorros\/wp-json\/wp\/v2\/pages\/5780\/revisions"}],"wp:attachment":[{"href":"https:\/\/www.cetys.mx\/gozorros\/wp-json\/wp\/v2\/media?parent=5780"}],"curies":[{"name":"wp","href":"https:\/\/api.w.org\/{rel}","templated":true}]}}