{"id":5741,"date":"2019-09-22T23:42:22","date_gmt":"2019-09-23T05:42:22","guid":{"rendered":"https:\/\/protondigital.xyz\/cetysdeportes\/?page_id=5741"},"modified":"2019-09-23T00:05:44","modified_gmt":"2019-09-23T06:05:44","slug":"estadio-de-los-zorros","status":"publish","type":"page","link":"https:\/\/www.cetys.mx\/gozorros\/estadio-de-los-zorros\/","title":{"rendered":"ESTADIO DE LOS ZORROS"},"content":{"rendered":"<div class=\"vce-row-container\"><div class=\"vce-row vce-element--has-background vce-row--col-gap-30 vce-row-columns--top vce-row-content--top\" data-vce-full-width=\"true\" id=\"el-1bd05215\" data-vce-do-apply=\"all el-1bd05215\"><div class=\"vce-content-background-container\"><div class=\"vce-asset-background-simple-container vce-visible-all-only vce-asset-background-simple--style-cover vce-asset-background-simple--position-center-center\"><div class=\"vce-asset-background-simple\"><div class=\"vce-asset-background-simple-item\" style=\"background-image: url('https:\/\/www.cetys.mx\/gozorros\/wp-content\/uploads\/2019\/09\/estadio01.jpg');\"><\/div><\/div><\/div><div class=\"vce-asset-color-gradient-container vce-visible-all-only\" data-vce-do-apply=\"gradient el-1bd05215\"><\/div><\/div><div class=\"vce-row-content\" data-vce-element-content=\"true\" style=\"padding-left: 146.5px; padding-right: 146.5px;\"><div class=\"vce-col vce-col--md-auto vce-col--xs-1 vce-col--xs-last vce-col--xs-first vce-col--sm-last vce-col--sm-first vce-col--md-last vce-col--lg-last vce-col--xl-last vce-col--md-first vce-col--lg-first vce-col--xl-first\" id=\"el-acee6051\"><div class=\"vce-col-inner\" data-vce-do-apply=\"border margin background  el-acee6051\"><div class=\"vce-col-content\" data-vce-element-content=\"true\" data-vce-do-apply=\"padding el-acee6051\"><div class=\"vce-text-block\"><div class=\"vce-text-block-wrapper vce\" id=\"el-aaf3f7f1\" data-vce-do-apply=\"all el-aaf3f7f1\"><h2 style=\"text-align: center;\"><span style=\"font-size: 36pt; color: #ffffff;\">ESTADIO DE LOS ZORROS<\/span><\/h2><\/div><\/div><div class=\"vce vce-separator-container vce-separator--align-center vce-separator--style-solid\" id=\"el-4f22f024\" data-vce-do-apply=\"margin el-4f22f024\"><div class=\"vce-separator vce-separator--color-b-255-255-255 vce-separator--width-10 vce-separator--thickness-3\" data-vce-do-apply=\"border padding background  el-4f22f024\"><\/div><\/div><div class=\"vce-row-container\"><div class=\"vce-row vce-row--col-gap-30 vce-row-columns--top vce-row-content--middle\" id=\"el-5c31519c\" data-vce-do-apply=\"all el-5c31519c\"><div class=\"vce-row-content\" data-vce-element-content=\"true\"><div class=\"vce-col vce-col--md-auto vce-col--xs-1 vce-col--xs-last vce-col--xs-first vce-col--sm-last vce-col--sm-first vce-col--md-first vce-col--lg-first vce-col--xl-first\" id=\"el-366757d6\"><div class=\"vce-col-inner\" data-vce-do-apply=\"border margin background  el-366757d6\"><div class=\"vce-col-content\" data-vce-element-content=\"true\" data-vce-do-apply=\"padding el-366757d6\"><div class=\"vce-single-image-container vce-single-image--align-left\"><div class=\"vce vce-single-image-wrapper\" id=\"el-eb8d2058\" data-vce-do-apply=\"all el-eb8d2058\"><figure><div class=\"vce-single-image-inner\"><img class=\"vce-single-image\" data-width=\"1024\" data-height=\"683\"src=\"https:\/\/www.cetys.mx\/gozorros\/wp-content\/uploads\/2019\/09\/estadio17-1024x683.jpg\" data-img-src=\"https:\/\/www.cetys.mx\/gozorros\/wp-content\/uploads\/2019\/09\/estadio17.jpg\" alt=\"\" title=\"estadio17\"\/><\/div><\/figure><\/div><\/div><\/div><\/div><\/div><div class=\"vce-col vce-col--md-auto vce-col--xs-1 vce-col--xs-last vce-col--xs-first vce-col--sm-last vce-col--sm-first vce-col--md-last vce-col--lg-last vce-col--xl-last\" id=\"el-83ce75a6\"><div class=\"vce-col-inner\" data-vce-do-apply=\"border margin background  el-83ce75a6\"><div class=\"vce-col-content\" data-vce-element-content=\"true\" data-vce-do-apply=\"padding el-83ce75a6\"><div class=\"vce-text-block\"><div class=\"vce-text-block-wrapper vce\" id=\"el-7884f8c0\" data-vce-do-apply=\"all el-7884f8c0\"><p class=\"MsoNoSpacing\"><span lang=\"ES-MX\" style=\"font-size: 14pt; color: #ffffff;\">La casa de los Zorros en el football americano, remozadoen su capacidad y acceso en 2016, cuenta con un aforo de 1500 aficionados, marcador electr\u00f3nico, \u00e1reas de regaderas, gimnasio y fisioterapia, as\u00ed como palco de prensa y oficinas para los entrenadores.<a style=\"color: #ffffff;\" name=\"_GoBack\"><\/a><\/span><\/p><p class=\"MsoNoSpacing\"><span lang=\"ES-MX\" style=\"font-size: 14pt; color: #ffffff;\">Innumerables campeonatos en las diferentes categor\u00edas se han vivido en el c\u00e9sped de \u201cLa Madriguera\u201d.<\/span><\/p><p class=\"MsoNoSpacing\"><span lang=\"ES-MX\" style=\"font-size: 14pt; color: #ffffff;\">En diciembre de 2016 fue sede del Taz\u00f3n de las Estrellas donde se enfrentaron selecciones de NCAA Divisi\u00f3n III y de la Comisi\u00f3n Nacional Deportiva Estudiantil de Instituciones Privadas (CONADEIP).<\/span><\/p><\/div><\/div><\/div><\/div><\/div><\/div><\/div><\/div><\/div><\/div><\/div><\/div><\/div><\/div><div class=\"vce-row-container\"><div class=\"vce-row vce-row--col-gap-30 vce-row-columns--top vce-row-content--top\" id=\"el-93f36244\" data-vce-do-apply=\"all el-93f36244\"><div class=\"vce-row-content\" data-vce-element-content=\"true\"><div class=\"vce-col vce-col--md-auto vce-col--xs-1 vce-col--xs-last vce-col--xs-first vce-col--sm-last vce-col--sm-first vce-col--md-last vce-col--lg-last vce-col--xl-last vce-col--md-first vce-col--lg-first vce-col--xl-first\" id=\"el-bd877804\"><div class=\"vce-col-inner\" data-vce-do-apply=\"border margin background  el-bd877804\"><div class=\"vce-col-content\" data-vce-element-content=\"true\" data-vce-do-apply=\"padding el-bd877804\"><div class=\"vce-text-block\"><div class=\"vce-text-block-wrapper vce\" id=\"el-42f9e3f2\" data-vce-do-apply=\"all el-42f9e3f2\"><h2 style=\"text-align: center;\">GALER\u00cdA DE FOTOS<\/h2><\/div><\/div><div class=\"vce vce-separator-container vce-separator--align-center vce-separator--style-solid\" id=\"el-5cac4231\" data-vce-do-apply=\"margin el-5cac4231\"><div class=\"vce-separator vce-separator--color-b-255-208-0 vce-separator--width-10 vce-separator--thickness-3\" data-vce-do-apply=\"border padding background  el-5cac4231\"><\/div><\/div><div class=\"vce-text-block\"><div class=\"vce-text-block-wrapper vce\" id=\"el-6973a273\" data-vce-do-apply=\"all el-6973a273\"><p>\n\t\t<style type=\"text\/css\">\n\t\t\t#gallery-1 {\n\t\t\t\tmargin: auto;\n\t\t\t}\n\t\t\t#gallery-1 .gallery-item {\n\t\t\t\tfloat: left;\n\t\t\t\tmargin-top: 10px;\n\t\t\t\ttext-align: center;\n\t\t\t\twidth: 25%;\n\t\t\t}\n\t\t\t#gallery-1 img {\n\t\t\t\tborder: 2px solid #cfcfcf;\n\t\t\t}\n\t\t\t#gallery-1 .gallery-caption {\n\t\t\t\tmargin-left: 0;\n\t\t\t}\n\t\t\t\/* see gallery_shortcode() in wp-includes\/media.php *\/\n\t\t<\/style>\n\t\t<div id='gallery-1' class='gallery galleryid-5741 gallery-columns-4 gallery-size-thumbnail'><dl class='gallery-item'>\n\t\t\t<dt class='gallery-icon landscape'>\n\t\t\t\t<a href='https:\/\/www.cetys.mx\/gozorros\/wp-content\/uploads\/2019\/09\/estadio04.jpg'><img width=\"150\" height=\"150\" src=\"https:\/\/www.cetys.mx\/gozorros\/wp-content\/uploads\/2019\/09\/estadio04-150x150.jpg\" class=\"attachment-thumbnail size-thumbnail\" alt=\"\" srcset=\"https:\/\/www.cetys.mx\/gozorros\/wp-content\/uploads\/2019\/09\/estadio04-150x150.jpg 150w, https:\/\/www.cetys.mx\/gozorros\/wp-content\/uploads\/2019\/09\/estadio04-300x300.jpg 300w\" sizes=\"(max-width: 150px) 100vw, 150px\" \/><\/a>\n\t\t\t<\/dt><\/dl><dl class='gallery-item'>\n\t\t\t<dt class='gallery-icon landscape'>\n\t\t\t\t<a href='https:\/\/www.cetys.mx\/gozorros\/wp-content\/uploads\/2019\/09\/estadio09.jpg'><img width=\"150\" height=\"150\" src=\"https:\/\/www.cetys.mx\/gozorros\/wp-content\/uploads\/2019\/09\/estadio09-150x150.jpg\" class=\"attachment-thumbnail size-thumbnail\" alt=\"\" srcset=\"https:\/\/www.cetys.mx\/gozorros\/wp-content\/uploads\/2019\/09\/estadio09-150x150.jpg 150w, https:\/\/www.cetys.mx\/gozorros\/wp-content\/uploads\/2019\/09\/estadio09-300x300.jpg 300w\" sizes=\"(max-width: 150px) 100vw, 150px\" \/><\/a>\n\t\t\t<\/dt><\/dl><dl class='gallery-item'>\n\t\t\t<dt class='gallery-icon landscape'>\n\t\t\t\t<a href='https:\/\/www.cetys.mx\/gozorros\/wp-content\/uploads\/2019\/09\/estadio20.jpg'><img width=\"150\" height=\"150\" src=\"https:\/\/www.cetys.mx\/gozorros\/wp-content\/uploads\/2019\/09\/estadio20-150x150.jpg\" class=\"attachment-thumbnail size-thumbnail\" alt=\"\" srcset=\"https:\/\/www.cetys.mx\/gozorros\/wp-content\/uploads\/2019\/09\/estadio20-150x150.jpg 150w, https:\/\/www.cetys.mx\/gozorros\/wp-content\/uploads\/2019\/09\/estadio20-300x300.jpg 300w\" sizes=\"(max-width: 150px) 100vw, 150px\" \/><\/a>\n\t\t\t<\/dt><\/dl><dl class='gallery-item'>\n\t\t\t<dt class='gallery-icon landscape'>\n\t\t\t\t<a href='https:\/\/www.cetys.mx\/gozorros\/wp-content\/uploads\/2019\/09\/estadio21.jpg'><img width=\"150\" height=\"150\" src=\"https:\/\/www.cetys.mx\/gozorros\/wp-content\/uploads\/2019\/09\/estadio21-150x150.jpg\" class=\"attachment-thumbnail size-thumbnail\" alt=\"\" srcset=\"https:\/\/www.cetys.mx\/gozorros\/wp-content\/uploads\/2019\/09\/estadio21-150x150.jpg 150w, https:\/\/www.cetys.mx\/gozorros\/wp-content\/uploads\/2019\/09\/estadio21-300x300.jpg 300w\" sizes=\"(max-width: 150px) 100vw, 150px\" \/><\/a>\n\t\t\t<\/dt><\/dl><br style=\"clear: both\" \/><dl class='gallery-item'>\n\t\t\t<dt class='gallery-icon landscape'>\n\t\t\t\t<a href='https:\/\/www.cetys.mx\/gozorros\/wp-content\/uploads\/2019\/09\/estadio02.jpg'><img width=\"150\" height=\"150\" src=\"https:\/\/www.cetys.mx\/gozorros\/wp-content\/uploads\/2019\/09\/estadio02-150x150.jpg\" class=\"attachment-thumbnail size-thumbnail\" alt=\"\" srcset=\"https:\/\/www.cetys.mx\/gozorros\/wp-content\/uploads\/2019\/09\/estadio02-150x150.jpg 150w, https:\/\/www.cetys.mx\/gozorros\/wp-content\/uploads\/2019\/09\/estadio02-300x300.jpg 300w\" sizes=\"(max-width: 150px) 100vw, 150px\" \/><\/a>\n\t\t\t<\/dt><\/dl><dl class='gallery-item'>\n\t\t\t<dt class='gallery-icon landscape'>\n\t\t\t\t<a href='https:\/\/www.cetys.mx\/gozorros\/wp-content\/uploads\/2019\/09\/estadio03.jpg'><img width=\"150\" height=\"150\" src=\"https:\/\/www.cetys.mx\/gozorros\/wp-content\/uploads\/2019\/09\/estadio03-150x150.jpg\" class=\"attachment-thumbnail size-thumbnail\" alt=\"\" srcset=\"https:\/\/www.cetys.mx\/gozorros\/wp-content\/uploads\/2019\/09\/estadio03-150x150.jpg 150w, https:\/\/www.cetys.mx\/gozorros\/wp-content\/uploads\/2019\/09\/estadio03-300x300.jpg 300w\" sizes=\"(max-width: 150px) 100vw, 150px\" \/><\/a>\n\t\t\t<\/dt><\/dl><dl class='gallery-item'>\n\t\t\t<dt class='gallery-icon landscape'>\n\t\t\t\t<a href='https:\/\/www.cetys.mx\/gozorros\/wp-content\/uploads\/2019\/09\/estadio05.jpg'><img width=\"150\" height=\"150\" src=\"https:\/\/www.cetys.mx\/gozorros\/wp-content\/uploads\/2019\/09\/estadio05-150x150.jpg\" class=\"attachment-thumbnail size-thumbnail\" alt=\"\" srcset=\"https:\/\/www.cetys.mx\/gozorros\/wp-content\/uploads\/2019\/09\/estadio05-150x150.jpg 150w, https:\/\/www.cetys.mx\/gozorros\/wp-content\/uploads\/2019\/09\/estadio05-300x300.jpg 300w\" sizes=\"(max-width: 150px) 100vw, 150px\" \/><\/a>\n\t\t\t<\/dt><\/dl><dl class='gallery-item'>\n\t\t\t<dt class='gallery-icon landscape'>\n\t\t\t\t<a href='https:\/\/www.cetys.mx\/gozorros\/wp-content\/uploads\/2019\/09\/estadio07.jpg'><img width=\"150\" height=\"150\" src=\"https:\/\/www.cetys.mx\/gozorros\/wp-content\/uploads\/2019\/09\/estadio07-150x150.jpg\" class=\"attachment-thumbnail size-thumbnail\" alt=\"\" srcset=\"https:\/\/www.cetys.mx\/gozorros\/wp-content\/uploads\/2019\/09\/estadio07-150x150.jpg 150w, https:\/\/www.cetys.mx\/gozorros\/wp-content\/uploads\/2019\/09\/estadio07-300x300.jpg 300w\" sizes=\"(max-width: 150px) 100vw, 150px\" \/><\/a>\n\t\t\t<\/dt><\/dl><br style=\"clear: both\" \/><dl class='gallery-item'>\n\t\t\t<dt class='gallery-icon landscape'>\n\t\t\t\t<a href='https:\/\/www.cetys.mx\/gozorros\/wp-content\/uploads\/2019\/09\/estadio08.jpg'><img width=\"150\" height=\"150\" src=\"https:\/\/www.cetys.mx\/gozorros\/wp-content\/uploads\/2019\/09\/estadio08-150x150.jpg\" class=\"attachment-thumbnail size-thumbnail\" alt=\"\" srcset=\"https:\/\/www.cetys.mx\/gozorros\/wp-content\/uploads\/2019\/09\/estadio08-150x150.jpg 150w, https:\/\/www.cetys.mx\/gozorros\/wp-content\/uploads\/2019\/09\/estadio08-300x300.jpg 300w\" sizes=\"(max-width: 150px) 100vw, 150px\" \/><\/a>\n\t\t\t<\/dt><\/dl><dl class='gallery-item'>\n\t\t\t<dt class='gallery-icon landscape'>\n\t\t\t\t<a href='https:\/\/www.cetys.mx\/gozorros\/wp-content\/uploads\/2019\/09\/estadio10.jpg'><img width=\"150\" height=\"150\" src=\"https:\/\/www.cetys.mx\/gozorros\/wp-content\/uploads\/2019\/09\/estadio10-150x150.jpg\" class=\"attachment-thumbnail size-thumbnail\" alt=\"\" srcset=\"https:\/\/www.cetys.mx\/gozorros\/wp-content\/uploads\/2019\/09\/estadio10-150x150.jpg 150w, https:\/\/www.cetys.mx\/gozorros\/wp-content\/uploads\/2019\/09\/estadio10-300x300.jpg 300w\" sizes=\"(max-width: 150px) 100vw, 150px\" \/><\/a>\n\t\t\t<\/dt><\/dl><dl class='gallery-item'>\n\t\t\t<dt class='gallery-icon landscape'>\n\t\t\t\t<a href='https:\/\/www.cetys.mx\/gozorros\/wp-content\/uploads\/2019\/09\/estadio11.jpg'><img width=\"150\" height=\"150\" src=\"https:\/\/www.cetys.mx\/gozorros\/wp-content\/uploads\/2019\/09\/estadio11-150x150.jpg\" class=\"attachment-thumbnail size-thumbnail\" alt=\"\" srcset=\"https:\/\/www.cetys.mx\/gozorros\/wp-content\/uploads\/2019\/09\/estadio11-150x150.jpg 150w, https:\/\/www.cetys.mx\/gozorros\/wp-content\/uploads\/2019\/09\/estadio11-300x300.jpg 300w\" sizes=\"(max-width: 150px) 100vw, 150px\" \/><\/a>\n\t\t\t<\/dt><\/dl><dl class='gallery-item'>\n\t\t\t<dt class='gallery-icon landscape'>\n\t\t\t\t<a href='https:\/\/www.cetys.mx\/gozorros\/wp-content\/uploads\/2019\/09\/estadio12.jpg'><img width=\"150\" height=\"150\" src=\"https:\/\/www.cetys.mx\/gozorros\/wp-content\/uploads\/2019\/09\/estadio12-150x150.jpg\" class=\"attachment-thumbnail size-thumbnail\" alt=\"\" srcset=\"https:\/\/www.cetys.mx\/gozorros\/wp-content\/uploads\/2019\/09\/estadio12-150x150.jpg 150w, https:\/\/www.cetys.mx\/gozorros\/wp-content\/uploads\/2019\/09\/estadio12-300x300.jpg 300w\" sizes=\"(max-width: 150px) 100vw, 150px\" \/><\/a>\n\t\t\t<\/dt><\/dl><br style=\"clear: both\" \/><dl class='gallery-item'>\n\t\t\t<dt class='gallery-icon landscape'>\n\t\t\t\t<a href='https:\/\/www.cetys.mx\/gozorros\/wp-content\/uploads\/2019\/09\/estadio13.jpg'><img width=\"150\" height=\"150\" src=\"https:\/\/www.cetys.mx\/gozorros\/wp-content\/uploads\/2019\/09\/estadio13-150x150.jpg\" class=\"attachment-thumbnail size-thumbnail\" alt=\"\" srcset=\"https:\/\/www.cetys.mx\/gozorros\/wp-content\/uploads\/2019\/09\/estadio13-150x150.jpg 150w, https:\/\/www.cetys.mx\/gozorros\/wp-content\/uploads\/2019\/09\/estadio13-300x300.jpg 300w\" sizes=\"(max-width: 150px) 100vw, 150px\" \/><\/a>\n\t\t\t<\/dt><\/dl><dl class='gallery-item'>\n\t\t\t<dt class='gallery-icon landscape'>\n\t\t\t\t<a href='https:\/\/www.cetys.mx\/gozorros\/wp-content\/uploads\/2019\/09\/estadio14.jpg'><img width=\"150\" height=\"150\" src=\"https:\/\/www.cetys.mx\/gozorros\/wp-content\/uploads\/2019\/09\/estadio14-150x150.jpg\" class=\"attachment-thumbnail size-thumbnail\" alt=\"\" srcset=\"https:\/\/www.cetys.mx\/gozorros\/wp-content\/uploads\/2019\/09\/estadio14-150x150.jpg 150w, https:\/\/www.cetys.mx\/gozorros\/wp-content\/uploads\/2019\/09\/estadio14-300x300.jpg 300w\" sizes=\"(max-width: 150px) 100vw, 150px\" \/><\/a>\n\t\t\t<\/dt><\/dl><dl class='gallery-item'>\n\t\t\t<dt class='gallery-icon landscape'>\n\t\t\t\t<a href='https:\/\/www.cetys.mx\/gozorros\/wp-content\/uploads\/2019\/09\/estadio06.jpg'><img width=\"150\" height=\"150\" src=\"https:\/\/www.cetys.mx\/gozorros\/wp-content\/uploads\/2019\/09\/estadio06-150x150.jpg\" class=\"attachment-thumbnail size-thumbnail\" alt=\"\" srcset=\"https:\/\/www.cetys.mx\/gozorros\/wp-content\/uploads\/2019\/09\/estadio06-150x150.jpg 150w, https:\/\/www.cetys.mx\/gozorros\/wp-content\/uploads\/2019\/09\/estadio06-300x300.jpg 300w\" sizes=\"(max-width: 150px) 100vw, 150px\" \/><\/a>\n\t\t\t<\/dt><\/dl><dl class='gallery-item'>\n\t\t\t<dt class='gallery-icon landscape'>\n\t\t\t\t<a href='https:\/\/www.cetys.mx\/gozorros\/wp-content\/uploads\/2019\/09\/estadio15.jpg'><img width=\"150\" height=\"150\" src=\"https:\/\/www.cetys.mx\/gozorros\/wp-content\/uploads\/2019\/09\/estadio15-150x150.jpg\" class=\"attachment-thumbnail size-thumbnail\" alt=\"\" srcset=\"https:\/\/www.cetys.mx\/gozorros\/wp-content\/uploads\/2019\/09\/estadio15-150x150.jpg 150w, https:\/\/www.cetys.mx\/gozorros\/wp-content\/uploads\/2019\/09\/estadio15-300x300.jpg 300w\" sizes=\"(max-width: 150px) 100vw, 150px\" \/><\/a>\n\t\t\t<\/dt><\/dl><br style=\"clear: both\" \/><dl class='gallery-item'>\n\t\t\t<dt class='gallery-icon landscape'>\n\t\t\t\t<a href='https:\/\/www.cetys.mx\/gozorros\/wp-content\/uploads\/2019\/09\/estadio19.jpg'><img width=\"150\" height=\"150\" src=\"https:\/\/www.cetys.mx\/gozorros\/wp-content\/uploads\/2019\/09\/estadio19-150x150.jpg\" class=\"attachment-thumbnail size-thumbnail\" alt=\"\" srcset=\"https:\/\/www.cetys.mx\/gozorros\/wp-content\/uploads\/2019\/09\/estadio19-150x150.jpg 150w, https:\/\/www.cetys.mx\/gozorros\/wp-content\/uploads\/2019\/09\/estadio19-300x300.jpg 300w\" sizes=\"(max-width: 150px) 100vw, 150px\" \/><\/a>\n\t\t\t<\/dt><\/dl>\n\t\t\t<br style='clear: both' \/>\n\t\t<\/div>\n<\/p><\/div><\/div><\/div><\/div><\/div><\/div><\/div><\/div>\n","protected":false},"excerpt":{"rendered":"<p>ESTADIO DE LOS ZORROSLa casa de los Zorros en el football americano, remozadoen su capacidad y acceso en 2016, cuenta con un aforo de 1500 aficionados, marcador electr\u00f3nico, \u00e1reas de [&hellip;]<\/p>\n","protected":false},"author":1,"featured_media":0,"parent":0,"menu_order":0,"comment_status":"closed","ping_status":"closed","template":"","meta":{"footnotes":""},"class_list":["post-5741","page","type-page","status-publish","hentry"],"yoast_head":"<!-- This site is optimized with the Yoast SEO plugin v27.2 - https:\/\/yoast.com\/product\/yoast-seo-wordpress\/ -->\n<title>ESTADIO DE LOS ZORROS - CETYS Deportes<\/title>\n<meta name=\"robots\" content=\"index, follow, max-snippet:-1, max-image-preview:large, max-video-preview:-1\" \/>\n<link rel=\"canonical\" href=\"https:\/\/www.cetys.mx\/gozorros\/estadio-de-los-zorros\/\" \/>\n<meta property=\"og:locale\" content=\"es_MX\" \/>\n<meta property=\"og:type\" content=\"article\" \/>\n<meta property=\"og:title\" content=\"ESTADIO DE LOS ZORROS - CETYS Deportes\" \/>\n<meta property=\"og:description\" content=\"ESTADIO DE LOS ZORROSLa casa de los Zorros en el football americano, remozadoen su capacidad y acceso en 2016, cuenta con un aforo de 1500 aficionados, marcador electr\u00f3nico, \u00e1reas de [&hellip;]\" \/>\n<meta property=\"og:url\" content=\"https:\/\/www.cetys.mx\/gozorros\/estadio-de-los-zorros\/\" \/>\n<meta property=\"og:site_name\" content=\"CETYS Deportes\" \/>\n<meta property=\"article:modified_time\" content=\"2019-09-23T06:05:44+00:00\" \/>\n<meta property=\"og:image\" content=\"https:\/\/www.cetys.mx\/gozorros\/wp-content\/uploads\/2019\/09\/estadio04-150x150.jpg\" \/>\n<meta name=\"twitter:card\" content=\"summary_large_image\" \/>\n<meta name=\"twitter:label1\" content=\"Tiempo de lectura\" \/>\n\t<meta name=\"twitter:data1\" content=\"1 minuto\" \/>\n<script type=\"application\/ld+json\" class=\"yoast-schema-graph\">{\"@context\":\"https:\/\/schema.org\",\"@graph\":[{\"@type\":\"WebPage\",\"@id\":\"https:\/\/www.cetys.mx\/gozorros\/estadio-de-los-zorros\/\",\"url\":\"https:\/\/www.cetys.mx\/gozorros\/estadio-de-los-zorros\/\",\"name\":\"ESTADIO DE LOS ZORROS - CETYS Deportes\",\"isPartOf\":{\"@id\":\"https:\/\/www.cetys.mx\/gozorros\/#website\"},\"datePublished\":\"2019-09-23T05:42:22+00:00\",\"dateModified\":\"2019-09-23T06:05:44+00:00\",\"breadcrumb\":{\"@id\":\"https:\/\/www.cetys.mx\/gozorros\/estadio-de-los-zorros\/#breadcrumb\"},\"inLanguage\":\"es\",\"potentialAction\":[{\"@type\":\"ReadAction\",\"target\":[\"https:\/\/www.cetys.mx\/gozorros\/estadio-de-los-zorros\/\"]}]},{\"@type\":\"BreadcrumbList\",\"@id\":\"https:\/\/www.cetys.mx\/gozorros\/estadio-de-los-zorros\/#breadcrumb\",\"itemListElement\":[{\"@type\":\"ListItem\",\"position\":1,\"name\":\"Inicio\",\"item\":\"https:\/\/www.cetys.mx\/gozorros\/\"},{\"@type\":\"ListItem\",\"position\":2,\"name\":\"ESTADIO DE LOS ZORROS\"}]},{\"@type\":\"WebSite\",\"@id\":\"https:\/\/www.cetys.mx\/gozorros\/#website\",\"url\":\"https:\/\/www.cetys.mx\/gozorros\/\",\"name\":\"CETYS Deportes\",\"description\":\"\",\"potentialAction\":[{\"@type\":\"SearchAction\",\"target\":{\"@type\":\"EntryPoint\",\"urlTemplate\":\"https:\/\/www.cetys.mx\/gozorros\/?s={search_term_string}\"},\"query-input\":{\"@type\":\"PropertyValueSpecification\",\"valueRequired\":true,\"valueName\":\"search_term_string\"}}],\"inLanguage\":\"es\"}]}<\/script>\n<!-- \/ Yoast SEO plugin. -->","yoast_head_json":{"title":"ESTADIO DE LOS ZORROS - CETYS Deportes","robots":{"index":"index","follow":"follow","max-snippet":"max-snippet:-1","max-image-preview":"max-image-preview:large","max-video-preview":"max-video-preview:-1"},"canonical":"https:\/\/www.cetys.mx\/gozorros\/estadio-de-los-zorros\/","og_locale":"es_MX","og_type":"article","og_title":"ESTADIO DE LOS ZORROS - CETYS Deportes","og_description":"ESTADIO DE LOS ZORROSLa casa de los Zorros en el football americano, remozadoen su capacidad y acceso en 2016, cuenta con un aforo de 1500 aficionados, marcador electr\u00f3nico, \u00e1reas de [&hellip;]","og_url":"https:\/\/www.cetys.mx\/gozorros\/estadio-de-los-zorros\/","og_site_name":"CETYS Deportes","article_modified_time":"2019-09-23T06:05:44+00:00","og_image":[{"url":"https:\/\/www.cetys.mx\/gozorros\/wp-content\/uploads\/2019\/09\/estadio04-150x150.jpg","type":"","width":"","height":""}],"twitter_card":"summary_large_image","twitter_misc":{"Tiempo de lectura":"1 minuto"},"schema":{"@context":"https:\/\/schema.org","@graph":[{"@type":"WebPage","@id":"https:\/\/www.cetys.mx\/gozorros\/estadio-de-los-zorros\/","url":"https:\/\/www.cetys.mx\/gozorros\/estadio-de-los-zorros\/","name":"ESTADIO DE LOS ZORROS - CETYS Deportes","isPartOf":{"@id":"https:\/\/www.cetys.mx\/gozorros\/#website"},"datePublished":"2019-09-23T05:42:22+00:00","dateModified":"2019-09-23T06:05:44+00:00","breadcrumb":{"@id":"https:\/\/www.cetys.mx\/gozorros\/estadio-de-los-zorros\/#breadcrumb"},"inLanguage":"es","potentialAction":[{"@type":"ReadAction","target":["https:\/\/www.cetys.mx\/gozorros\/estadio-de-los-zorros\/"]}]},{"@type":"BreadcrumbList","@id":"https:\/\/www.cetys.mx\/gozorros\/estadio-de-los-zorros\/#breadcrumb","itemListElement":[{"@type":"ListItem","position":1,"name":"Inicio","item":"https:\/\/www.cetys.mx\/gozorros\/"},{"@type":"ListItem","position":2,"name":"ESTADIO DE LOS ZORROS"}]},{"@type":"WebSite","@id":"https:\/\/www.cetys.mx\/gozorros\/#website","url":"https:\/\/www.cetys.mx\/gozorros\/","name":"CETYS Deportes","description":"","potentialAction":[{"@type":"SearchAction","target":{"@type":"EntryPoint","urlTemplate":"https:\/\/www.cetys.mx\/gozorros\/?s={search_term_string}"},"query-input":{"@type":"PropertyValueSpecification","valueRequired":true,"valueName":"search_term_string"}}],"inLanguage":"es"}]}},"_links":{"self":[{"href":"https:\/\/www.cetys.mx\/gozorros\/wp-json\/wp\/v2\/pages\/5741","targetHints":{"allow":["GET"]}}],"collection":[{"href":"https:\/\/www.cetys.mx\/gozorros\/wp-json\/wp\/v2\/pages"}],"about":[{"href":"https:\/\/www.cetys.mx\/gozorros\/wp-json\/wp\/v2\/types\/page"}],"author":[{"embeddable":true,"href":"https:\/\/www.cetys.mx\/gozorros\/wp-json\/wp\/v2\/users\/1"}],"replies":[{"embeddable":true,"href":"https:\/\/www.cetys.mx\/gozorros\/wp-json\/wp\/v2\/comments?post=5741"}],"version-history":[{"count":0,"href":"https:\/\/www.cetys.mx\/gozorros\/wp-json\/wp\/v2\/pages\/5741\/revisions"}],"wp:attachment":[{"href":"https:\/\/www.cetys.mx\/gozorros\/wp-json\/wp\/v2\/media?parent=5741"}],"curies":[{"name":"wp","href":"https:\/\/api.w.org\/{rel}","templated":true}]}}