{"id":5678,"date":"2019-09-22T21:10:51","date_gmt":"2019-09-23T03:10:51","guid":{"rendered":"https:\/\/protondigital.xyz\/cetysdeportes\/?page_id=5678"},"modified":"2019-12-16T14:34:07","modified_gmt":"2019-12-16T20:34:07","slug":"clubs","status":"publish","type":"page","link":"https:\/\/www.cetys.mx\/gozorros\/sobre-nosotros\/clubs\/","title":{"rendered":"Clubs"},"content":{"rendered":"<div class=\"vce-row-container\"><div class=\"vce-row vce-element--has-background vce-row--col-gap-30 vce-row-columns--top vce-row-content--bottom\" data-vce-full-width=\"true\" id=\"el-34982b3e\" data-vce-do-apply=\"all el-34982b3e\"><div class=\"vce-content-background-container\"><div class=\"vce-asset-background-simple-container vce-visible-all-only vce-asset-background-simple--style-full-width vce-asset-background-simple--position-center-center\"><div class=\"vce-asset-background-simple\"><div class=\"vce-asset-background-simple-item\" style=\"background-image: url('https:\/\/www.cetys.mx\/gozorros\/wp-content\/uploads\/2019\/11\/equipment-bn.jpg');\"><\/div><\/div><\/div><div class=\"vce-asset-color-gradient-container vce-visible-all-only\" data-vce-do-apply=\"gradient el-34982b3e\"><\/div><\/div><div class=\"vce-row-content\" data-vce-element-content=\"true\" style=\"padding-left: 351.5px; padding-right: 351.5px;\"><div class=\"vce-col vce-col--md-auto vce-col--xs-1 vce-col--xs-last vce-col--xs-first vce-col--sm-last vce-col--sm-first vce-col--md-last vce-col--lg-last vce-col--xl-last vce-col--md-first vce-col--lg-first vce-col--xl-first\" id=\"el-8a813d83\"><div class=\"vce-col-inner\" data-vce-do-apply=\"border margin background  el-8a813d83\"><div class=\"vce-content-background-container\"><\/div><div class=\"vce-col-content\" data-vce-element-content=\"true\" data-vce-do-apply=\"padding el-8a813d83\"><div class=\"vce-text-block\"><div class=\"vce-text-block-wrapper vce\" id=\"el-7921e8b6\" data-vce-do-apply=\"all el-7921e8b6\"><h1 style=\"text-align: left;\"><span style=\"color: #ffffff; font-size: 56pt; letter-spacing: 3px;\">CLUBS&nbsp;<\/span><\/h1><\/div><\/div><\/div><\/div><\/div><\/div><\/div><\/div><div class=\"vce-row-container\"><div class=\"vce-row vce-row--col-gap-30 vce-row-columns--top vce-row-content--top\" id=\"el-75ac555e\" data-vce-do-apply=\"all el-75ac555e\"><div class=\"vce-row-content\" data-vce-element-content=\"true\"><div class=\"vce-col vce-col--md-auto vce-col--xs-1 vce-col--xs-last vce-col--xs-first vce-col--sm-last vce-col--sm-first vce-col--md-last vce-col--lg-last vce-col--xl-last vce-col--md-first vce-col--lg-first vce-col--xl-first\" id=\"el-93f89323\"><div class=\"vce-col-inner\" data-vce-do-apply=\"border margin background  el-93f89323\"><div class=\"vce-col-content\" data-vce-element-content=\"true\" data-vce-do-apply=\"padding el-93f89323\"><\/div><\/div><\/div><\/div><\/div><\/div><div class=\"vce-row-container\"><div class=\"vce-row vce-row--col-gap-30 vce-row-columns--top vce-row-content--top\" id=\"el-e7aa141b\" data-vce-do-apply=\"all el-e7aa141b\"><div class=\"vce-row-content\" data-vce-element-content=\"true\"><div class=\"vce-col vce-col--md-auto vce-col--xs-1 vce-col--xs-last vce-col--xs-first vce-col--sm-last vce-col--sm-first vce-col--md-last vce-col--lg-last vce-col--xl-last vce-col--md-first vce-col--lg-first vce-col--xl-first\" id=\"el-8f31bb20\"><div class=\"vce-col-inner\" data-vce-do-apply=\"border margin background  el-8f31bb20\"><div class=\"vce-col-content\" data-vce-element-content=\"true\" data-vce-do-apply=\"padding el-8f31bb20\"><div class=\"vce-text-block\"><div class=\"vce-text-block-wrapper vce\" id=\"el-32d3c01d\" data-vce-do-apply=\"all el-32d3c01d\"><h1 style=\"text-align: center;\"><span style=\"font-size: 48pt;\">CAMPUS MEXICALI<\/span><\/h1><\/div><\/div><div class=\"vce vce-separator-container vce-separator--align-center vce-separator--style-solid\" id=\"el-fe4f3cfb\" data-vce-do-apply=\"margin el-fe4f3cfb\"><div class=\"vce-separator vce-separator--color-b-255-221-0 vce-separator--width-60 vce-separator--thickness-2\" data-vce-do-apply=\"border padding background  el-fe4f3cfb\"><\/div><\/div><\/div><\/div><\/div><\/div><\/div><\/div><div class=\"vce-row-container\"><div class=\"vce-row vce-row--col-gap-30 vce-row-columns--top vce-row-content--top\" id=\"el-7e16d28e\" data-vce-do-apply=\"all el-7e16d28e\"><div class=\"vce-row-content\" data-vce-element-content=\"true\"><div class=\"vce-col vce-col--md-auto vce-col--xs-1 vce-col--xs-last vce-col--xs-first vce-col--sm-last vce-col--sm-first vce-col--md-first vce-col--lg-first vce-col--xl-first\" id=\"el-f378c483\"><div class=\"vce-col-inner\" data-vce-do-apply=\"border margin background  el-f378c483\"><div class=\"vce-col-content\" data-vce-element-content=\"true\" data-vce-do-apply=\"padding el-f378c483\"><div class=\"vce-text-block\"><div class=\"vce-text-block-wrapper vce\" id=\"el-35fbe549\" data-vce-do-apply=\"all el-35fbe549\"><h2><span style=\"font-size: 24pt;\">BANDERITAS<\/span><\/h2><p><span style=\"font-size: 14pt;\">Edades: 6-16 a\u00f1os <\/span><br><span style=\"font-size: 14pt;\">Contacto: <strong>Remsi Contreras<\/strong><\/span><br><span style=\"font-size: 14pt;\">Cel.: <\/span><span style=\"font-size: 14pt;\">(686) 179-1419<\/span><\/p><\/div><\/div><\/div><\/div><\/div><div class=\"vce-col vce-col--md-auto vce-col--xs-1 vce-col--xs-last vce-col--xs-first vce-col--sm-last vce-col--sm-first\" id=\"el-dd6c9cd9\"><div class=\"vce-col-inner\" data-vce-do-apply=\"border margin background  el-dd6c9cd9\"><div class=\"vce-col-content\" data-vce-element-content=\"true\" data-vce-do-apply=\"padding el-dd6c9cd9\"><div class=\"vce-text-block\"><div class=\"vce-text-block-wrapper vce\" id=\"el-3a22a7c7\" data-vce-do-apply=\"all el-3a22a7c7\"><h2><span style=\"font-size: 24pt;\">B\u00c1SQUETBOL<\/span><\/h2>\n<p><span style=\"font-size: 14pt;\">Edades: 5-18 a\u00f1os<\/span><br><span style=\"font-size: 14pt;\">Contacto:<strong> Ignacio Gella<\/strong> <\/span><br><span style=\"font-size: 18.6667px;\">Cel.: <\/span><span style=\"font-size: 14pt;\">(686) 227-7417<\/span><\/p><\/div><\/div><\/div><\/div><\/div><div class=\"vce-col vce-col--md-auto vce-col--xs-1 vce-col--xs-last vce-col--xs-first vce-col--sm-last vce-col--sm-first vce-col--md-last vce-col--lg-last vce-col--xl-last\" id=\"el-0ed6411f\"><div class=\"vce-col-inner\" data-vce-do-apply=\"border margin background  el-0ed6411f\"><div class=\"vce-col-content\" data-vce-element-content=\"true\" data-vce-do-apply=\"padding el-0ed6411f\"><div class=\"vce-text-block\"><div class=\"vce-text-block-wrapper vce\" id=\"el-3eeaa6c8\" data-vce-do-apply=\"all el-3eeaa6c8\"><h2><span style=\"font-size: 24pt;\">F\u00daTBOL AM\u00c9RICANO<\/span><\/h2>\n<p><span style=\"font-size: 14pt;\">Edades: 8-14 a\u00f1os<\/span><br><span style=\"font-size: 14pt;\">Contacto: <strong>Juan Carlos Tonella <\/strong><\/span><br><span style=\"font-size: 18.6667px;\">Cel.: <\/span><span style=\"font-size: 14pt;\">(686) 946-2916<\/span><\/p><\/div><\/div><\/div><\/div><\/div><\/div><\/div><\/div><div class=\"vce-row-container\"><div class=\"vce-row vce-row--col-gap-30 vce-row-columns--top vce-row-content--top\" id=\"el-a436b49b\" data-vce-do-apply=\"all el-a436b49b\"><div class=\"vce-row-content\" data-vce-element-content=\"true\"><div class=\"vce-col vce-col--md-auto vce-col--xs-1 vce-col--xs-last vce-col--xs-first vce-col--sm-last vce-col--sm-first vce-col--md-first vce-col--lg-first vce-col--xl-first\" id=\"el-dd9c7c19\"><div class=\"vce-col-inner\" data-vce-do-apply=\"border margin background  el-dd9c7c19\"><div class=\"vce-col-content\" data-vce-element-content=\"true\" data-vce-do-apply=\"padding el-dd9c7c19\"><\/div><\/div><\/div><div class=\"vce-col vce-col--md-auto vce-col--xs-1 vce-col--xs-last vce-col--xs-first vce-col--sm-last vce-col--sm-first vce-col--md-last vce-col--lg-last vce-col--xl-last\" id=\"el-2a0af6f4\"><div class=\"vce-col-inner\" data-vce-do-apply=\"border margin background  el-2a0af6f4\"><div class=\"vce-col-content\" data-vce-element-content=\"true\" data-vce-do-apply=\"padding el-2a0af6f4\"><\/div><\/div><\/div><\/div><\/div><\/div><div class=\"vce-row-container\"><div class=\"vce-row vce-row--col-gap-30 vce-row-columns--top vce-row-content--top\" id=\"el-2dc8beb8\" data-vce-do-apply=\"all el-2dc8beb8\"><div class=\"vce-row-content\" data-vce-element-content=\"true\"><div class=\"vce-col vce-col--md-auto vce-col--xs-1 vce-col--xs-last vce-col--xs-first vce-col--sm-last vce-col--sm-first vce-col--md-first vce-col--lg-first vce-col--xl-first\" id=\"el-0f2203f0\"><div class=\"vce-col-inner\" data-vce-do-apply=\"border margin background  el-0f2203f0\"><div class=\"vce-col-content\" data-vce-element-content=\"true\" data-vce-do-apply=\"padding el-0f2203f0\"><div class=\"vce-text-block\"><div class=\"vce-text-block-wrapper vce\" id=\"el-58a81f8b\" data-vce-do-apply=\"all el-58a81f8b\"><h2><span style=\"font-size: 24pt;\">F\u00daTBOL<\/span><\/h2>\n<p><span style=\"font-size: 14pt;\">Edades: 4-17 a\u00f1os <\/span><br><span style=\"font-size: 14pt;\">Contacto: <strong>Carlos \u00c1lvarez<\/strong><\/span><br><span style=\"font-size: 18.6667px;\">Cel.: <\/span><span style=\"font-size: 14pt;\">(686) 278-7221<\/span><\/p><\/div><\/div><\/div><\/div><\/div><div class=\"vce-col vce-col--md-auto vce-col--xs-1 vce-col--xs-last vce-col--xs-first vce-col--sm-last vce-col--sm-first\" id=\"el-3f5aa5db\"><div class=\"vce-col-inner\" data-vce-do-apply=\"border margin background  el-3f5aa5db\"><div class=\"vce-col-content\" data-vce-element-content=\"true\" data-vce-do-apply=\"padding el-3f5aa5db\"><div class=\"vce-text-block\"><div class=\"vce-text-block-wrapper vce\" id=\"el-41605663\" data-vce-do-apply=\"all el-41605663\"><h2><span style=\"font-size: 24pt;\">TIRO CON ARCO<\/span><\/h2>\n<p><span style=\"font-size: 14pt;\">Edades: 5-18 a\u00f1os <\/span><br><span style=\"font-size: 14pt;\">Contacto: <strong>Mario Guevara<\/strong><\/span><br><span style=\"font-size: 18.6667px;\">Cel.: <\/span><span style=\"font-size: 14pt;\">(686) 946-2674<\/span><\/p><\/div><\/div><\/div><\/div><\/div><div class=\"vce-col vce-col--md-auto vce-col--xs-1 vce-col--xs-last vce-col--xs-first vce-col--sm-last vce-col--sm-first vce-col--md-last vce-col--lg-last vce-col--xl-last\" id=\"el-eb6a08b4\"><div class=\"vce-col-inner\" data-vce-do-apply=\"border margin background  el-eb6a08b4\"><div class=\"vce-col-content\" data-vce-element-content=\"true\" data-vce-do-apply=\"padding el-eb6a08b4\"><\/div><\/div><\/div><\/div><\/div><\/div>\n","protected":false},"excerpt":{"rendered":"<p>CLUBS&nbsp;CAMPUS MEXICALIBANDERITASEdades: 6-16 a\u00f1os Contacto: Remsi ContrerasCel.: (686) 179-1419B\u00c1SQUETBOL Edades: 5-18 a\u00f1osContacto: Ignacio Gella Cel.: (686) 227-7417F\u00daTBOL AM\u00c9RICANO Edades: 8-14 a\u00f1osContacto: Juan Carlos Tonella Cel.: (686) 946-2916F\u00daTBOL Edades: 4-17 a\u00f1os [&hellip;]<\/p>\n","protected":false},"author":1,"featured_media":0,"parent":17,"menu_order":0,"comment_status":"closed","ping_status":"closed","template":"","meta":{"footnotes":""},"class_list":["post-5678","page","type-page","status-publish","hentry"],"yoast_head":"<!-- This site is optimized with the Yoast SEO plugin v27.4 - https:\/\/yoast.com\/product\/yoast-seo-wordpress\/ -->\n<title>Clubs - CETYS Deportes<\/title>\n<meta name=\"robots\" content=\"index, follow, max-snippet:-1, max-image-preview:large, max-video-preview:-1\" \/>\n<link rel=\"canonical\" href=\"https:\/\/www.cetys.mx\/gozorros\/sobre-nosotros\/clubs\/\" \/>\n<meta property=\"og:locale\" content=\"es_MX\" \/>\n<meta property=\"og:type\" content=\"article\" \/>\n<meta property=\"og:title\" content=\"Clubs - CETYS Deportes\" \/>\n<meta property=\"og:description\" content=\"CLUBS&nbsp;CAMPUS MEXICALIBANDERITASEdades: 6-16 a\u00f1os Contacto: Remsi ContrerasCel.: (686) 179-1419B\u00c1SQUETBOL Edades: 5-18 a\u00f1osContacto: Ignacio Gella Cel.: (686) 227-7417F\u00daTBOL AM\u00c9RICANO Edades: 8-14 a\u00f1osContacto: Juan Carlos Tonella Cel.: (686) 946-2916F\u00daTBOL Edades: 4-17 a\u00f1os [&hellip;]\" \/>\n<meta property=\"og:url\" content=\"https:\/\/www.cetys.mx\/gozorros\/sobre-nosotros\/clubs\/\" \/>\n<meta property=\"og:site_name\" content=\"CETYS Deportes\" \/>\n<meta property=\"article:modified_time\" content=\"2019-12-16T20:34:07+00:00\" \/>\n<meta name=\"twitter:card\" content=\"summary_large_image\" \/>\n<script type=\"application\/ld+json\" class=\"yoast-schema-graph\">{\"@context\":\"https:\\\/\\\/schema.org\",\"@graph\":[{\"@type\":\"WebPage\",\"@id\":\"https:\\\/\\\/www.cetys.mx\\\/gozorros\\\/sobre-nosotros\\\/clubs\\\/\",\"url\":\"https:\\\/\\\/www.cetys.mx\\\/gozorros\\\/sobre-nosotros\\\/clubs\\\/\",\"name\":\"Clubs - CETYS Deportes\",\"isPartOf\":{\"@id\":\"https:\\\/\\\/www.cetys.mx\\\/gozorros\\\/#website\"},\"datePublished\":\"2019-09-23T03:10:51+00:00\",\"dateModified\":\"2019-12-16T20:34:07+00:00\",\"breadcrumb\":{\"@id\":\"https:\\\/\\\/www.cetys.mx\\\/gozorros\\\/sobre-nosotros\\\/clubs\\\/#breadcrumb\"},\"inLanguage\":\"es\",\"potentialAction\":[{\"@type\":\"ReadAction\",\"target\":[\"https:\\\/\\\/www.cetys.mx\\\/gozorros\\\/sobre-nosotros\\\/clubs\\\/\"]}]},{\"@type\":\"BreadcrumbList\",\"@id\":\"https:\\\/\\\/www.cetys.mx\\\/gozorros\\\/sobre-nosotros\\\/clubs\\\/#breadcrumb\",\"itemListElement\":[{\"@type\":\"ListItem\",\"position\":1,\"name\":\"Inicio\",\"item\":\"https:\\\/\\\/www.cetys.mx\\\/gozorros\\\/\"},{\"@type\":\"ListItem\",\"position\":2,\"name\":\"SOBRE NOSOTROS\",\"item\":\"https:\\\/\\\/www.cetys.mx\\\/gozorros\\\/sobre-nosotros\\\/\"},{\"@type\":\"ListItem\",\"position\":3,\"name\":\"Clubs\"}]},{\"@type\":\"WebSite\",\"@id\":\"https:\\\/\\\/www.cetys.mx\\\/gozorros\\\/#website\",\"url\":\"https:\\\/\\\/www.cetys.mx\\\/gozorros\\\/\",\"name\":\"CETYS Deportes\",\"description\":\"\",\"potentialAction\":[{\"@type\":\"SearchAction\",\"target\":{\"@type\":\"EntryPoint\",\"urlTemplate\":\"https:\\\/\\\/www.cetys.mx\\\/gozorros\\\/?s={search_term_string}\"},\"query-input\":{\"@type\":\"PropertyValueSpecification\",\"valueRequired\":true,\"valueName\":\"search_term_string\"}}],\"inLanguage\":\"es\"}]}<\/script>\n<!-- \/ Yoast SEO plugin. -->","yoast_head_json":{"title":"Clubs - CETYS Deportes","robots":{"index":"index","follow":"follow","max-snippet":"max-snippet:-1","max-image-preview":"max-image-preview:large","max-video-preview":"max-video-preview:-1"},"canonical":"https:\/\/www.cetys.mx\/gozorros\/sobre-nosotros\/clubs\/","og_locale":"es_MX","og_type":"article","og_title":"Clubs - CETYS Deportes","og_description":"CLUBS&nbsp;CAMPUS MEXICALIBANDERITASEdades: 6-16 a\u00f1os Contacto: Remsi ContrerasCel.: (686) 179-1419B\u00c1SQUETBOL Edades: 5-18 a\u00f1osContacto: Ignacio Gella Cel.: (686) 227-7417F\u00daTBOL AM\u00c9RICANO Edades: 8-14 a\u00f1osContacto: Juan Carlos Tonella Cel.: (686) 946-2916F\u00daTBOL Edades: 4-17 a\u00f1os [&hellip;]","og_url":"https:\/\/www.cetys.mx\/gozorros\/sobre-nosotros\/clubs\/","og_site_name":"CETYS Deportes","article_modified_time":"2019-12-16T20:34:07+00:00","twitter_card":"summary_large_image","schema":{"@context":"https:\/\/schema.org","@graph":[{"@type":"WebPage","@id":"https:\/\/www.cetys.mx\/gozorros\/sobre-nosotros\/clubs\/","url":"https:\/\/www.cetys.mx\/gozorros\/sobre-nosotros\/clubs\/","name":"Clubs - CETYS Deportes","isPartOf":{"@id":"https:\/\/www.cetys.mx\/gozorros\/#website"},"datePublished":"2019-09-23T03:10:51+00:00","dateModified":"2019-12-16T20:34:07+00:00","breadcrumb":{"@id":"https:\/\/www.cetys.mx\/gozorros\/sobre-nosotros\/clubs\/#breadcrumb"},"inLanguage":"es","potentialAction":[{"@type":"ReadAction","target":["https:\/\/www.cetys.mx\/gozorros\/sobre-nosotros\/clubs\/"]}]},{"@type":"BreadcrumbList","@id":"https:\/\/www.cetys.mx\/gozorros\/sobre-nosotros\/clubs\/#breadcrumb","itemListElement":[{"@type":"ListItem","position":1,"name":"Inicio","item":"https:\/\/www.cetys.mx\/gozorros\/"},{"@type":"ListItem","position":2,"name":"SOBRE NOSOTROS","item":"https:\/\/www.cetys.mx\/gozorros\/sobre-nosotros\/"},{"@type":"ListItem","position":3,"name":"Clubs"}]},{"@type":"WebSite","@id":"https:\/\/www.cetys.mx\/gozorros\/#website","url":"https:\/\/www.cetys.mx\/gozorros\/","name":"CETYS Deportes","description":"","potentialAction":[{"@type":"SearchAction","target":{"@type":"EntryPoint","urlTemplate":"https:\/\/www.cetys.mx\/gozorros\/?s={search_term_string}"},"query-input":{"@type":"PropertyValueSpecification","valueRequired":true,"valueName":"search_term_string"}}],"inLanguage":"es"}]}},"_links":{"self":[{"href":"https:\/\/www.cetys.mx\/gozorros\/wp-json\/wp\/v2\/pages\/5678","targetHints":{"allow":["GET"]}}],"collection":[{"href":"https:\/\/www.cetys.mx\/gozorros\/wp-json\/wp\/v2\/pages"}],"about":[{"href":"https:\/\/www.cetys.mx\/gozorros\/wp-json\/wp\/v2\/types\/page"}],"author":[{"embeddable":true,"href":"https:\/\/www.cetys.mx\/gozorros\/wp-json\/wp\/v2\/users\/1"}],"replies":[{"embeddable":true,"href":"https:\/\/www.cetys.mx\/gozorros\/wp-json\/wp\/v2\/comments?post=5678"}],"version-history":[{"count":0,"href":"https:\/\/www.cetys.mx\/gozorros\/wp-json\/wp\/v2\/pages\/5678\/revisions"}],"up":[{"embeddable":true,"href":"https:\/\/www.cetys.mx\/gozorros\/wp-json\/wp\/v2\/pages\/17"}],"wp:attachment":[{"href":"https:\/\/www.cetys.mx\/gozorros\/wp-json\/wp\/v2\/media?parent=5678"}],"curies":[{"name":"wp","href":"https:\/\/api.w.org\/{rel}","templated":true}]}}