{"id":19,"date":"2018-12-15T19:30:19","date_gmt":"2018-12-16T01:30:19","guid":{"rendered":"http:\/\/protondigital.xyz\/cetysdeportes\/?page_id=19"},"modified":"2020-08-31T22:45:35","modified_gmt":"2020-09-01T04:45:35","slug":"instalaciones-campus-mexicali","status":"publish","type":"page","link":"https:\/\/www.cetys.mx\/gozorros\/instalaciones-campus-mexicali\/","title":{"rendered":"Instalaciones Campus Mexicali"},"content":{"rendered":"<div class=\"vce-row-container\"><div class=\"vce-row vce-element--has-background vce-row--col-gap-30 vce-row-columns--top vce-row-content--top\" data-vce-full-width=\"true\" id=\"el-1bd05215\" data-vce-do-apply=\"all el-1bd05215\"><div class=\"vce-content-background-container\"><div class=\"vce-asset-background-simple-container vce-visible-all-only vce-asset-background-simple--style-cover vce-asset-background-simple--position-center-center\"><div class=\"vce-asset-background-simple\"><div class=\"vce-asset-background-simple-item\" style=\"background-image: url('https:\/\/www.cetys.mx\/gozorros\/wp-content\/uploads\/2019\/09\/gimnasio13-light.jpg');\"><\/div><\/div><\/div><div class=\"vce-asset-color-gradient-container vce-visible-all-only\" data-vce-do-apply=\"gradient el-1bd05215\"><\/div><\/div><div class=\"vce-row-content\" data-vce-element-content=\"true\" style=\"padding-left: 149.444px; padding-right: 149.444px;\"><div class=\"vce-col vce-col--md-auto vce-col--xs-1 vce-col--xs-last vce-col--xs-first vce-col--sm-last vce-col--sm-first vce-col--md-last vce-col--lg-last vce-col--xl-last vce-col--md-first vce-col--lg-first vce-col--xl-first\" id=\"el-acee6051\"><div class=\"vce-col-inner\" data-vce-do-apply=\"border margin background  el-acee6051\"><div class=\"vce-col-content\" data-vce-element-content=\"true\" data-vce-do-apply=\"padding el-acee6051\"><div class=\"vce-text-block\"><div class=\"vce-text-block-wrapper vce\" id=\"el-aaf3f7f1\" data-vce-do-apply=\"all el-aaf3f7f1\"><h2 style=\"text-align: center;\"><span style=\"font-size: 36pt; color: #ffffff;\">GIMNASIO DE LOS ZORROS<\/span><\/h2><\/div><\/div><div class=\"vce vce-separator-container vce-separator--align-center vce-separator--style-solid\" id=\"el-4f22f024\" data-vce-do-apply=\"margin el-4f22f024\"><div class=\"vce-separator vce-separator--color-b-255-255-255 vce-separator--width-10 vce-separator--thickness-3\" data-vce-do-apply=\"border padding background  el-4f22f024\"><\/div><\/div><div class=\"vce-row-container\"><div class=\"vce-row vce-row--col-gap-30 vce-row-columns--top vce-row-content--middle\" id=\"el-5c31519c\" data-vce-do-apply=\"all el-5c31519c\"><div class=\"vce-row-content\" data-vce-element-content=\"true\"><div class=\"vce-col vce-col--md-auto vce-col--xs-1 vce-col--xs-last vce-col--xs-first vce-col--sm-last vce-col--sm-first vce-col--md-first vce-col--lg-first vce-col--xl-first\" id=\"el-366757d6\"><div class=\"vce-col-inner\" data-vce-do-apply=\"border margin background  el-366757d6\"><div class=\"vce-col-content\" data-vce-element-content=\"true\" data-vce-do-apply=\"padding el-366757d6\"><div class=\"vce-single-image-container vce-single-image--align-left\"><div class=\"vce vce-single-image-wrapper\" id=\"el-eb8d2058\" data-vce-do-apply=\"all el-eb8d2058\"><figure><div class=\"vce-single-image-inner vce-single-image--absolute\" style=\"padding-bottom: 66.6992%; width: 1024px;\"><img class=\"vce-single-image\" width=\"1024\" height=\"683\"src=\"https:\/\/www.cetys.mx\/gozorros\/wp-content\/uploads\/2020\/08\/gimnasio01-1024x683.jpg\" srcset=\"https:\/\/www.cetys.mx\/gozorros\/wp-content\/uploads\/2020\/08\/gimnasio01-320x213.jpg 320w,https:\/\/www.cetys.mx\/gozorros\/wp-content\/uploads\/2020\/08\/gimnasio01-480x320.jpg 480w,https:\/\/www.cetys.mx\/gozorros\/wp-content\/uploads\/2020\/08\/gimnasio01-800x534.jpg 800w,https:\/\/www.cetys.mx\/gozorros\/wp-content\/uploads\/2020\/08\/gimnasio01-1024x683.jpg 1024w\" data-img-src=\"https:\/\/www.cetys.mx\/gozorros\/wp-content\/uploads\/2019\/09\/gimnasio01.jpg\" alt=\"\" title=\"gimnasio01\" \/><\/div><figcaption hidden=\"\"><\/figcaption><\/figure><\/div><\/div><\/div><\/div><\/div><div class=\"vce-col vce-col--md-auto vce-col--xs-1 vce-col--xs-last vce-col--xs-first vce-col--sm-last vce-col--sm-first vce-col--md-last vce-col--lg-last vce-col--xl-last\" id=\"el-83ce75a6\"><div class=\"vce-col-inner\" data-vce-do-apply=\"border margin background  el-83ce75a6\"><div class=\"vce-col-content\" data-vce-element-content=\"true\" data-vce-do-apply=\"padding el-83ce75a6\"><div class=\"vce-text-block\"><div class=\"vce-text-block-wrapper vce\" id=\"el-7884f8c0\" data-vce-do-apply=\"all el-7884f8c0\"><p dir=\"ltr\" style=\"line-height: 1.2; margin-top: 0pt; margin-bottom: 0pt; text-align: center;\">&nbsp;<\/p>\n<p dir=\"ltr\" style=\"line-height: 1.2; margin-top: 0pt; margin-bottom: 0pt; text-align: center;\"><span style=\"font-size: 12pt; color: #ffffff; background-color: transparent; font-weight: 400; font-variant-numeric: normal; font-variant-east-asian: normal; vertical-align: baseline; white-space: pre-wrap; font-style: normal;\"><span style=\"font-weight: bold;\">\u00cdcono y testigo de centenares de triunfos pintados de negro y amarillo: es el Gimnasio de los Zorros, huella dibujada con las victorias del pasado y semillero de los atletas que marcan pauta en la vida deportiva dentro y fuera de CETYS. Fue construido e inaugurado en los a\u00f1os 80's. <\/span><\/span><\/p>\n<p dir=\"ltr\" style=\"line-height: 1.2; margin-top: 0pt; margin-bottom: 0pt;\">&nbsp;<\/p>\n<p dir=\"ltr\" style=\"line-height: 1.2; margin-top: 0pt; margin-bottom: 0pt;\"><span style=\"font-size: 12pt; color: #ffffff; background-color: transparent; font-weight: 400; font-variant-numeric: normal; font-variant-east-asian: normal; vertical-align: baseline; white-space: pre-wrap; font-style: normal;\">\u2022<span style=\"font-weight: bold;\">Caracter\u00edsticas<\/span>:<\/span><\/p>\n<p dir=\"ltr\" style=\"line-height: 1.2; margin-top: 0pt; margin-bottom: 0pt;\"><span style=\"font-size: 12pt; color: #ffffff; background-color: transparent; font-weight: 400; font-variant-numeric: normal; font-variant-east-asian: normal; vertical-align: baseline; white-space: pre-wrap; font-style: normal;\">-Capacidad de 500 espectadores&nbsp;<\/span><\/p>\n<p dir=\"ltr\" style=\"line-height: 1.2; margin-top: 0pt; margin-bottom: 0pt;\"><span style=\"font-size: 12pt; color: #ffffff; background-color: transparent; font-weight: 400; font-variant-numeric: normal; font-variant-east-asian: normal; vertical-align: baseline; white-space: pre-wrap; font-style: normal;\">-Cancha para basquetbol y voleibol&nbsp;<\/span><\/p>\n<p dir=\"ltr\" style=\"line-height: 1.2; margin-top: 0pt; margin-bottom: 0pt;\"><span style=\"font-size: 12pt; color: #ffffff; background-color: transparent; font-weight: 400; font-variant-numeric: normal; font-variant-east-asian: normal; vertical-align: baseline; white-space: pre-wrap; font-style: normal;\">-Gradas retr\u00e1ctiles<\/span><\/p>\n<p dir=\"ltr\" style=\"line-height: 1.2; margin-top: 0pt; margin-bottom: 0pt;\">&nbsp;<\/p>\n<p dir=\"ltr\" style=\"line-height: 1.2; text-align: center; margin-top: 0pt; margin-bottom: 0pt;\"><span style=\"font-size: 12pt; color: #ffffff; background-color: transparent; font-weight: 400; font-variant-numeric: normal; font-variant-east-asian: normal; vertical-align: baseline; white-space: pre-wrap; font-style: normal;\">El Gimnasio de los Zorros fue sede de la Universiada Nacional 2002, los Campeonatos Nacionales de B\u00e1squetbol Varonil Divisi\u00f3n II de la ABE 2017 y 2019, los juegos de la Divisi\u00f3n I de la Liga ABE Femenil y los campeonatos panamericanos de Voleibol de Sala convocados por la Federaci\u00f3n Internacional de Voleibol (FIVB).<\/span><\/p>\n<p dir=\"ltr\" style=\"line-height: 1.2; text-align: center; margin-top: 0pt; margin-bottom: 0pt;\">&nbsp;<\/p><\/div><\/div><\/div><\/div><\/div><\/div><\/div><\/div><\/div><\/div><\/div><\/div><\/div><\/div><div class=\"vce-row-container\"><div class=\"vce-row vce-row--col-gap-30 vce-row-columns--top vce-row-content--top\" id=\"el-93f36244\" data-vce-do-apply=\"all el-93f36244\"><div class=\"vce-row-content\" data-vce-element-content=\"true\"><div class=\"vce-col vce-col--md-auto vce-col--xs-1 vce-col--xs-last vce-col--xs-first vce-col--sm-last vce-col--sm-first vce-col--md-last vce-col--lg-last vce-col--xl-last vce-col--md-first vce-col--lg-first vce-col--xl-first\" id=\"el-bd877804\"><div class=\"vce-col-inner\" data-vce-do-apply=\"border margin background  el-bd877804\"><div class=\"vce-col-content\" data-vce-element-content=\"true\" data-vce-do-apply=\"padding el-bd877804\"><div class=\"vce vce-separator-container vce-separator--align-center vce-separator--style-solid\" id=\"el-5cac4231\" data-vce-do-apply=\"margin el-5cac4231\"><div class=\"vce-separator vce-separator--color-b-255-208-0 vce-separator--width-10 vce-separator--thickness-3\" data-vce-do-apply=\"border padding background  el-5cac4231\"><\/div><\/div><\/div><\/div><\/div><\/div><\/div><\/div><div class=\"vce-row-container\"><div class=\"vce-row vce-element--has-background vce-row--col-gap-30 vce-row-columns--top vce-row-content--top\" data-vce-full-width=\"true\" id=\"el-d8ec993b\" data-vce-do-apply=\"all el-d8ec993b\"><div class=\"vce-content-background-container\"><div class=\"vce-asset-background-simple-container vce-visible-all-only vce-asset-background-simple--style-cover vce-asset-background-simple--position-center-center\"><div class=\"vce-asset-background-simple\"><div class=\"vce-asset-background-simple-item\" style=\"background-image: url('https:\/\/www.cetys.mx\/gozorros\/wp-content\/uploads\/2019\/09\/estadio01.jpg');\"><\/div><\/div><\/div><div class=\"vce-asset-color-gradient-container vce-visible-all-only\" data-vce-do-apply=\"gradient el-d8ec993b\"><\/div><\/div><div class=\"vce-row-content\" data-vce-element-content=\"true\" style=\"padding-left: 149.444px; padding-right: 149.444px;\"><div class=\"vce-col vce-col--md-auto vce-col--xs-1 vce-col--xs-last vce-col--xs-first vce-col--sm-last vce-col--sm-first vce-col--md-last vce-col--lg-last vce-col--xl-last vce-col--md-first vce-col--lg-first vce-col--xl-first\" id=\"el-82e4724f\"><div class=\"vce-col-inner\" data-vce-do-apply=\"border margin background  el-82e4724f\"><div class=\"vce-col-content\" data-vce-element-content=\"true\" data-vce-do-apply=\"padding el-82e4724f\"><div class=\"vce-text-block\"><div class=\"vce-text-block-wrapper vce\" id=\"el-3ec3a7f9\" data-vce-do-apply=\"all el-3ec3a7f9\"><h2 style=\"text-align: center;\"><span style=\"font-size: 36pt; color: #ffffff;\">ESTADIO DE LOS ZORROS<\/span><\/h2><\/div><\/div><div class=\"vce vce-separator-container vce-separator--align-center vce-separator--style-solid\" id=\"el-0b1c6ff1\" data-vce-do-apply=\"margin el-0b1c6ff1\"><div class=\"vce-separator vce-separator--color-b-255-255-255 vce-separator--width-10 vce-separator--thickness-3\" data-vce-do-apply=\"border padding background  el-0b1c6ff1\"><\/div><\/div><div class=\"vce-row-container\"><div class=\"vce-row vce-row--col-gap-30 vce-row-columns--top vce-row-content--middle\" id=\"el-83b5f0b1\" data-vce-do-apply=\"all el-83b5f0b1\"><div class=\"vce-row-content\" data-vce-element-content=\"true\"><div class=\"vce-col vce-col--md-50-99p vce-col--xs-1 vce-col--xs-last vce-col--xs-first vce-col--sm-last vce-col--sm-first vce-col--md-first vce-col--lg-first vce-col--xl-first\" id=\"el-ae638a7d\"><div class=\"vce-col-inner\" data-vce-do-apply=\"border margin background  el-ae638a7d\"><div class=\"vce-col-content\" data-vce-element-content=\"true\" data-vce-do-apply=\"padding el-ae638a7d\"><div class=\"vce-single-image-container vce-single-image--align-left\"><div class=\"vce vce-single-image-wrapper\" id=\"el-a01ccc23\" data-vce-do-apply=\"all el-a01ccc23\"><figure><div class=\"vce-single-image-inner vce-single-image--absolute\" style=\"padding-bottom: 66.6992%; width: 1024px;\"><img class=\"vce-single-image\" width=\"1024\" height=\"683\"src=\"https:\/\/www.cetys.mx\/gozorros\/wp-content\/uploads\/2020\/08\/estadio17-1024x683.jpg\" srcset=\"https:\/\/www.cetys.mx\/gozorros\/wp-content\/uploads\/2020\/08\/estadio17-320x213.jpg 320w,https:\/\/www.cetys.mx\/gozorros\/wp-content\/uploads\/2020\/08\/estadio17-480x320.jpg 480w,https:\/\/www.cetys.mx\/gozorros\/wp-content\/uploads\/2020\/08\/estadio17-800x534.jpg 800w,https:\/\/www.cetys.mx\/gozorros\/wp-content\/uploads\/2020\/08\/estadio17-1024x683.jpg 1024w\" data-img-src=\"https:\/\/www.cetys.mx\/gozorros\/wp-content\/uploads\/2019\/09\/estadio17.jpg\" alt=\"\" title=\"estadio17\" \/><\/div><figcaption hidden=\"\"><\/figcaption><\/figure><\/div><\/div><\/div><\/div><\/div><div class=\"vce-col vce-col--md-49-01p vce-col--xs-1 vce-col--xs-last vce-col--xs-first vce-col--sm-last vce-col--sm-first vce-col--md-last vce-col--lg-last vce-col--xl-last\" id=\"el-72aea669\"><div class=\"vce-col-inner\" data-vce-do-apply=\"border margin background  el-72aea669\"><div class=\"vce-col-content\" data-vce-element-content=\"true\" data-vce-do-apply=\"padding el-72aea669\"><div class=\"vce-text-block\"><div class=\"vce-text-block-wrapper vce\" id=\"el-05e9207e\" data-vce-do-apply=\"all el-05e9207e\"><p dir=\"ltr\" style=\"line-height: 1.2; margin-top: 0pt; margin-bottom: 0pt;\">&nbsp;<\/p>\n<p dir=\"ltr\" style=\"line-height: 1.2; margin-top: 0pt; margin-bottom: 0pt; text-align: center;\"><span style=\"font-size: 12pt; color: #ffffff; background-color: transparent; font-weight: bold; font-variant-numeric: normal; font-variant-east-asian: normal; vertical-align: baseline; white-space: pre-wrap;\">La pasi\u00f3n y la adrenalina del futbol americano se viven intensamente en el emparrillado de los Zorros. En sus gradas, miles de espectadores han aplaudido la garra y el esfuerzo, y han celebrado las victorias y campeonatos de m\u00faltiples generaciones del representativo de casa. <\/span><\/p>\n<p dir=\"ltr\" style=\"line-height: 1.2; margin-top: 0pt; margin-bottom: 0pt;\">&nbsp;<\/p>\n<p dir=\"ltr\" style=\"line-height: 1.2; margin-top: 0pt; margin-bottom: 0pt;\"><span style=\"font-size: 12pt; color: #ffffff; background-color: transparent; font-weight: bold; font-variant-numeric: normal; font-variant-east-asian: normal; vertical-align: baseline; white-space: pre-wrap;\">\u2022Caracter\u00edsticas:<\/span><\/p>\n<p dir=\"ltr\" style=\"line-height: 1.2; margin-top: 0pt; margin-bottom: 0pt;\"><span style=\"font-size: 12pt; color: #ffffff; background-color: transparent; font-weight: 400; font-variant-numeric: normal; font-variant-east-asian: normal; vertical-align: baseline; white-space: pre-wrap; font-style: normal;\">-Remodelado y reinaugurado en el 2016<\/span><\/p>\n<p dir=\"ltr\" style=\"line-height: 1.2; margin-top: 0pt; margin-bottom: 0pt;\"><span style=\"font-size: 12pt; color: #ffffff; background-color: transparent; font-weight: 400; font-variant-numeric: normal; font-variant-east-asian: normal; vertical-align: baseline; white-space: pre-wrap; font-style: normal;\">-Capacidad para 1,500 espectadores <\/span><\/p>\n<p dir=\"ltr\" style=\"line-height: 1.2; margin-top: 0pt; margin-bottom: 0pt;\"><span style=\"font-size: 12pt; color: #ffffff; background-color: transparent; font-weight: 400; font-variant-numeric: normal; font-variant-east-asian: normal; vertical-align: baseline; white-space: pre-wrap; font-style: normal;\">-Gimnasio&nbsp;<\/span><\/p>\n<p dir=\"ltr\" style=\"line-height: 1.2; margin-top: 0pt; margin-bottom: 0pt;\"><span style=\"font-size: 12pt; color: #ffffff; background-color: transparent; font-weight: 400; font-variant-numeric: normal; font-variant-east-asian: normal; vertical-align: baseline; white-space: pre-wrap; font-style: normal;\">-\u00c1rea de fisioterapia<\/span><\/p>\n<p dir=\"ltr\" style=\"line-height: 1.2; margin-top: 0pt; margin-bottom: 0pt;\"><span style=\"font-size: 12pt; color: #ffffff; background-color: transparent; font-weight: 400; font-variant-numeric: normal; font-variant-east-asian: normal; vertical-align: baseline; white-space: pre-wrap; font-style: normal;\">-Palco de prensa<\/span><\/p>\n<p dir=\"ltr\" style=\"line-height: 1.2; margin-top: 0pt; margin-bottom: 0pt;\"><span style=\"font-size: 12pt; color: #ffffff; background-color: transparent; font-weight: 400; font-variant-numeric: normal; font-variant-east-asian: normal; vertical-align: baseline; white-space: pre-wrap; font-style: normal;\">-Marcador electr\u00f3nico<\/span><\/p>\n<p dir=\"ltr\" style=\"line-height: 1.2; margin-top: 0pt; margin-bottom: 0pt;\">&nbsp;<\/p>\n<p dir=\"ltr\" style=\"line-height: 1.2; margin: 0pt -11pt; text-align: center;\"><span style=\"font-weight: 400; font-style: normal;\"><span style=\"font-size: 12pt; color: #ffffff; background-color: transparent; font-variant-numeric: normal; font-variant-east-asian: normal; vertical-align: baseline; white-space: pre-wrap;\">En el Estadio de los Zorros se llev\u00f3 a cabo el Taz\u00f3n de las Estrellas durante diciembre del 2016, albergando encuentros entre las selecciones de la <\/span><span style=\"font-size: 12pt; color: #ffffff; background-color: transparent; font-variant-numeric: normal; font-variant-east-asian: normal; vertical-align: baseline; white-space: pre-wrap;\">National Collegiate Athletic Association<\/span><span style=\"font-size: 12pt; color: #ffffff; background-color: transparent; font-variant-numeric: normal; font-variant-east-asian: normal; vertical-align: baseline; white-space: pre-wrap;\"> (NCAA) Divisi\u00f3n III y de la Comisi\u00f3n Nacional Deportiva Estudiantil de Instituciones Privadas (CONADEIP).<\/span><\/span><\/p>\n<p dir=\"ltr\" style=\"line-height: 1.2; text-align: center; margin-top: 0pt; margin-bottom: 0pt;\">&nbsp;<\/p><\/div><\/div><\/div><\/div><\/div><\/div><\/div><\/div><\/div><\/div><\/div><\/div><\/div><\/div>\n","protected":false},"excerpt":{"rendered":"<p>GIMNASIO DE LOS ZORROS&nbsp; \u00cdcono y testigo de centenares de triunfos pintados de negro y amarillo: es el Gimnasio de los Zorros, huella dibujada con las victorias del pasado y [&hellip;]<\/p>\n","protected":false},"author":1,"featured_media":0,"parent":0,"menu_order":0,"comment_status":"closed","ping_status":"closed","template":"","meta":{"footnotes":""},"class_list":["post-19","page","type-page","status-publish","hentry"],"yoast_head":"<!-- This site is optimized with the Yoast SEO plugin v27.4 - https:\/\/yoast.com\/product\/yoast-seo-wordpress\/ -->\n<title>Instalaciones Campus Mexicali - CETYS Deportes<\/title>\n<meta name=\"robots\" content=\"index, follow, max-snippet:-1, max-image-preview:large, max-video-preview:-1\" \/>\n<link rel=\"canonical\" href=\"https:\/\/www.cetys.mx\/gozorros\/instalaciones-campus-mexicali\/\" \/>\n<meta property=\"og:locale\" content=\"es_MX\" \/>\n<meta property=\"og:type\" content=\"article\" \/>\n<meta property=\"og:title\" content=\"Instalaciones Campus Mexicali - CETYS Deportes\" \/>\n<meta property=\"og:description\" content=\"GIMNASIO DE LOS ZORROS&nbsp; \u00cdcono y testigo de centenares de triunfos pintados de negro y amarillo: es el Gimnasio de los Zorros, huella dibujada con las victorias del pasado y [&hellip;]\" \/>\n<meta property=\"og:url\" content=\"https:\/\/www.cetys.mx\/gozorros\/instalaciones-campus-mexicali\/\" \/>\n<meta property=\"og:site_name\" content=\"CETYS Deportes\" \/>\n<meta property=\"article:modified_time\" content=\"2020-09-01T04:45:35+00:00\" \/>\n<meta name=\"twitter:card\" content=\"summary_large_image\" \/>\n<meta name=\"twitter:label1\" content=\"Tiempo de lectura\" \/>\n\t<meta name=\"twitter:data1\" content=\"1 minuto\" \/>\n<script type=\"application\/ld+json\" class=\"yoast-schema-graph\">{\"@context\":\"https:\\\/\\\/schema.org\",\"@graph\":[{\"@type\":\"WebPage\",\"@id\":\"https:\\\/\\\/www.cetys.mx\\\/gozorros\\\/instalaciones-campus-mexicali\\\/\",\"url\":\"https:\\\/\\\/www.cetys.mx\\\/gozorros\\\/instalaciones-campus-mexicali\\\/\",\"name\":\"Instalaciones Campus Mexicali - CETYS Deportes\",\"isPartOf\":{\"@id\":\"https:\\\/\\\/www.cetys.mx\\\/gozorros\\\/#website\"},\"datePublished\":\"2018-12-16T01:30:19+00:00\",\"dateModified\":\"2020-09-01T04:45:35+00:00\",\"breadcrumb\":{\"@id\":\"https:\\\/\\\/www.cetys.mx\\\/gozorros\\\/instalaciones-campus-mexicali\\\/#breadcrumb\"},\"inLanguage\":\"es\",\"potentialAction\":[{\"@type\":\"ReadAction\",\"target\":[\"https:\\\/\\\/www.cetys.mx\\\/gozorros\\\/instalaciones-campus-mexicali\\\/\"]}]},{\"@type\":\"BreadcrumbList\",\"@id\":\"https:\\\/\\\/www.cetys.mx\\\/gozorros\\\/instalaciones-campus-mexicali\\\/#breadcrumb\",\"itemListElement\":[{\"@type\":\"ListItem\",\"position\":1,\"name\":\"Inicio\",\"item\":\"https:\\\/\\\/www.cetys.mx\\\/gozorros\\\/\"},{\"@type\":\"ListItem\",\"position\":2,\"name\":\"Instalaciones Campus Mexicali\"}]},{\"@type\":\"WebSite\",\"@id\":\"https:\\\/\\\/www.cetys.mx\\\/gozorros\\\/#website\",\"url\":\"https:\\\/\\\/www.cetys.mx\\\/gozorros\\\/\",\"name\":\"CETYS Deportes\",\"description\":\"\",\"potentialAction\":[{\"@type\":\"SearchAction\",\"target\":{\"@type\":\"EntryPoint\",\"urlTemplate\":\"https:\\\/\\\/www.cetys.mx\\\/gozorros\\\/?s={search_term_string}\"},\"query-input\":{\"@type\":\"PropertyValueSpecification\",\"valueRequired\":true,\"valueName\":\"search_term_string\"}}],\"inLanguage\":\"es\"}]}<\/script>\n<!-- \/ Yoast SEO plugin. -->","yoast_head_json":{"title":"Instalaciones Campus Mexicali - CETYS Deportes","robots":{"index":"index","follow":"follow","max-snippet":"max-snippet:-1","max-image-preview":"max-image-preview:large","max-video-preview":"max-video-preview:-1"},"canonical":"https:\/\/www.cetys.mx\/gozorros\/instalaciones-campus-mexicali\/","og_locale":"es_MX","og_type":"article","og_title":"Instalaciones Campus Mexicali - CETYS Deportes","og_description":"GIMNASIO DE LOS ZORROS&nbsp; \u00cdcono y testigo de centenares de triunfos pintados de negro y amarillo: es el Gimnasio de los Zorros, huella dibujada con las victorias del pasado y [&hellip;]","og_url":"https:\/\/www.cetys.mx\/gozorros\/instalaciones-campus-mexicali\/","og_site_name":"CETYS Deportes","article_modified_time":"2020-09-01T04:45:35+00:00","twitter_card":"summary_large_image","twitter_misc":{"Tiempo de lectura":"1 minuto"},"schema":{"@context":"https:\/\/schema.org","@graph":[{"@type":"WebPage","@id":"https:\/\/www.cetys.mx\/gozorros\/instalaciones-campus-mexicali\/","url":"https:\/\/www.cetys.mx\/gozorros\/instalaciones-campus-mexicali\/","name":"Instalaciones Campus Mexicali - CETYS Deportes","isPartOf":{"@id":"https:\/\/www.cetys.mx\/gozorros\/#website"},"datePublished":"2018-12-16T01:30:19+00:00","dateModified":"2020-09-01T04:45:35+00:00","breadcrumb":{"@id":"https:\/\/www.cetys.mx\/gozorros\/instalaciones-campus-mexicali\/#breadcrumb"},"inLanguage":"es","potentialAction":[{"@type":"ReadAction","target":["https:\/\/www.cetys.mx\/gozorros\/instalaciones-campus-mexicali\/"]}]},{"@type":"BreadcrumbList","@id":"https:\/\/www.cetys.mx\/gozorros\/instalaciones-campus-mexicali\/#breadcrumb","itemListElement":[{"@type":"ListItem","position":1,"name":"Inicio","item":"https:\/\/www.cetys.mx\/gozorros\/"},{"@type":"ListItem","position":2,"name":"Instalaciones Campus Mexicali"}]},{"@type":"WebSite","@id":"https:\/\/www.cetys.mx\/gozorros\/#website","url":"https:\/\/www.cetys.mx\/gozorros\/","name":"CETYS Deportes","description":"","potentialAction":[{"@type":"SearchAction","target":{"@type":"EntryPoint","urlTemplate":"https:\/\/www.cetys.mx\/gozorros\/?s={search_term_string}"},"query-input":{"@type":"PropertyValueSpecification","valueRequired":true,"valueName":"search_term_string"}}],"inLanguage":"es"}]}},"_links":{"self":[{"href":"https:\/\/www.cetys.mx\/gozorros\/wp-json\/wp\/v2\/pages\/19","targetHints":{"allow":["GET"]}}],"collection":[{"href":"https:\/\/www.cetys.mx\/gozorros\/wp-json\/wp\/v2\/pages"}],"about":[{"href":"https:\/\/www.cetys.mx\/gozorros\/wp-json\/wp\/v2\/types\/page"}],"author":[{"embeddable":true,"href":"https:\/\/www.cetys.mx\/gozorros\/wp-json\/wp\/v2\/users\/1"}],"replies":[{"embeddable":true,"href":"https:\/\/www.cetys.mx\/gozorros\/wp-json\/wp\/v2\/comments?post=19"}],"version-history":[{"count":0,"href":"https:\/\/www.cetys.mx\/gozorros\/wp-json\/wp\/v2\/pages\/19\/revisions"}],"wp:attachment":[{"href":"https:\/\/www.cetys.mx\/gozorros\/wp-json\/wp\/v2\/media?parent=19"}],"curies":[{"name":"wp","href":"https:\/\/api.w.org\/{rel}","templated":true}]}}