{"id":15,"date":"2018-12-15T19:29:43","date_gmt":"2018-12-16T01:29:43","guid":{"rendered":"http:\/\/protondigital.xyz\/cetysdeportes\/?page_id=15"},"modified":"2019-12-13T12:56:14","modified_gmt":"2019-12-13T18:56:14","slug":"consejos-estudiantiles","status":"publish","type":"page","link":"https:\/\/www.cetys.mx\/gozorros\/consejos-estudiantiles\/","title":{"rendered":"CONSEJOS ESTUDIANTILES"},"content":{"rendered":"<div class=\"vce-row-container\"><div class=\"vce-row vce-element--has-background vce-row--col-gap-30 vce-row-columns--top vce-row-content--bottom\" data-vce-full-width=\"true\" id=\"el-fd8cf3e5\" data-vce-do-apply=\"all el-fd8cf3e5\"><div class=\"vce-content-background-container\"><div class=\"vce-asset-background-simple-container vce-visible-all-only vce-asset-background-simple--style-full-width vce-asset-background-simple--position-center-center\"><div class=\"vce-asset-background-simple\"><div class=\"vce-asset-background-simple-item\" style=\"background-image: url('https:\/\/www.cetys.mx\/gozorros\/wp-content\/uploads\/2019\/10\/28516740_800533973480701_5722488743571246652_o.jpg');\"><\/div><div class=\"vce-asset-background-simple-item\" style=\"background-image: url('https:\/\/www.cetys.mx\/gozorros\/wp-content\/uploads\/2019\/10\/S\u00e9-parte-del-juego-GR\u00c1FICO_ZORRO.png');\"><\/div><\/div><\/div><div class=\"vce-asset-color-gradient-container vce-visible-all-only\" data-vce-do-apply=\"gradient el-fd8cf3e5\"><\/div><\/div><div class=\"vce-row-content\" data-vce-element-content=\"true\" style=\"padding-left: 351.5px; padding-right: 351.5px;\"><div class=\"vce-col vce-col--md-auto vce-col--xs-1 vce-col--xs-last vce-col--xs-first vce-col--sm-last vce-col--sm-first vce-col--md-last vce-col--lg-last vce-col--xl-last vce-col--md-first vce-col--lg-first vce-col--xl-first\" id=\"el-f5200b7c\"><div class=\"vce-col-inner\" data-vce-do-apply=\"border margin background  el-f5200b7c\"><div class=\"vce-content-background-container\"><\/div><div class=\"vce-col-content\" data-vce-element-content=\"true\" data-vce-do-apply=\"padding el-f5200b7c\"><div class=\"vce-text-block\"><div class=\"vce-text-block-wrapper vce\" id=\"el-77fd5790\" data-vce-do-apply=\"all el-77fd5790\"><p style=\"text-align: left;\"><span style=\"color: #ffffff; font-size: 56pt; letter-spacing: 3px; font-family: inherit;\">CONSEJOS ESTUDIANTILES<\/span><\/p>\n<p style=\"text-align: left;\"><span style=\"color: #ffffff; font-size: 21.3333px;\">\u00a1Participamos en las mejores competencias!&nbsp;<\/span><\/p><\/div><\/div><\/div><\/div><\/div><\/div><\/div><\/div><div class=\"vce-row-container\"><div class=\"vce-row vce-row--col-gap-30 vce-row-columns--top vce-row-content--top\" id=\"el-a0e428e4\" data-vce-do-apply=\"all el-a0e428e4\"><div class=\"vce-content-background-container\"><\/div><div class=\"vce-row-content\" data-vce-element-content=\"true\"><div class=\"vce-col vce-col--md-auto vce-col--xs-1 vce-col--xs-last vce-col--xs-first vce-col--sm-last vce-col--sm-first vce-col--md-first vce-col--lg-first vce-col--xl-first\" id=\"el-61bb93b9\"><div class=\"vce-col-inner\" data-vce-do-apply=\"border margin background  el-61bb93b9\"><div class=\"vce-col-content\" data-vce-element-content=\"true\" data-vce-do-apply=\"padding el-61bb93b9\"><div class=\"vce-text-block\"><div class=\"vce-text-block-wrapper vce\" id=\"el-f737fbdf\" data-vce-do-apply=\"all el-f737fbdf\"><p><a href=\"http:\/\/www.abemexico.org\/\" target=\"_blank\" rel=\"noopener noreferrer\"><img loading=\"lazy\" decoding=\"async\" class=\"img-responsive aligncenter wp-image-5888 size-full\" src=\"https:\/\/www.cetys.mx\/gozorros\/wp-content\/uploads\/2019\/09\/logo-abe-png-e1550038833925-300x116.png\" alt=\"\" width=\"300\" height=\"300\" srcset=\"https:\/\/www.cetys.mx\/gozorros\/wp-content\/uploads\/2019\/09\/logo-abe-png-e1550038833925-300x116.png 300w, https:\/\/www.cetys.mx\/gozorros\/wp-content\/uploads\/2019\/09\/logo-abe-png-e1550038833925-300x116-150x150.png 150w\" sizes=\"auto, (max-width: 300px) 100vw, 300px\" \/><\/a><\/p><p style=\"text-align: center;\"><a href=\"http:\/\/www.abemexico.org\/\"><span style=\"font-size: 14pt;\">ABE<\/span><\/a><\/p><p style=\"text-align: center;\">Asociaci\u00f3n de Basquetbol Estudiantil A. C.<\/p><\/div><\/div><\/div><\/div><\/div><div class=\"vce-col vce-col--md-auto vce-col--xs-1 vce-col--xs-last vce-col--xs-first vce-col--sm-last vce-col--sm-first\" id=\"el-b2f77a01\"><div class=\"vce-col-inner\" data-vce-do-apply=\"border margin background  el-b2f77a01\"><div class=\"vce-col-content\" data-vce-element-content=\"true\" data-vce-do-apply=\"padding el-b2f77a01\"><div class=\"vce-text-block\"><div class=\"vce-text-block-wrapper vce\" id=\"el-6f10eba8\" data-vce-do-apply=\"all el-6f10eba8\"><p><a href=\"http:\/\/www.conadeip.mx\/\" target=\"_blank\" rel=\"noopener noreferrer\"><img loading=\"lazy\" decoding=\"async\" class=\"img-responsive aligncenter wp-image-5884 size-medium\" src=\"https:\/\/www.cetys.mx\/gozorros\/wp-content\/uploads\/2019\/09\/logo-conaidep-300x300.png\" alt=\"\" width=\"300\" height=\"300\" srcset=\"https:\/\/www.cetys.mx\/gozorros\/wp-content\/uploads\/2019\/09\/logo-conaidep-300x300.png 300w, https:\/\/www.cetys.mx\/gozorros\/wp-content\/uploads\/2019\/09\/logo-conaidep-150x150.png 150w, https:\/\/www.cetys.mx\/gozorros\/wp-content\/uploads\/2019\/09\/logo-conaidep.png 512w\" sizes=\"auto, (max-width: 300px) 100vw, 300px\" \/><\/a><\/p><p style=\"text-align: center;\"><a href=\"http:\/\/www.conadeip.mx\/\"><span style=\"font-size: 14pt;\">CONADEIP<\/span><\/a><\/p><p style=\"text-align: center;\"><br>Comisi\u00f3n Nacional Deportiva Estudiantil de Instituciones Privadas, A. C.<\/p><\/div><\/div><\/div><\/div><\/div><div class=\"vce-col vce-col--md-auto vce-col--xs-1 vce-col--xs-last vce-col--xs-first vce-col--sm-last vce-col--sm-first\" id=\"el-7c3a90a3\"><div class=\"vce-col-inner\" data-vce-do-apply=\"border margin background  el-7c3a90a3\"><div class=\"vce-col-content\" data-vce-element-content=\"true\" data-vce-do-apply=\"padding el-7c3a90a3\"><div class=\"vce-text-block\"><div class=\"vce-text-block-wrapper vce\" id=\"el-e79d3550\" data-vce-do-apply=\"all el-e79d3550\"><p><a href=\"http:\/\/www.conadeip.mx\/\" target=\"_blank\" rel=\"noopener noreferrer\"><img loading=\"lazy\" decoding=\"async\" class=\"img-responsive aligncenter wp-image-5886 size-medium\" src=\"https:\/\/www.cetys.mx\/gozorros\/wp-content\/uploads\/2019\/09\/CONDDE-300x300.jpg\" alt=\"\" width=\"300\" height=\"300\" srcset=\"https:\/\/www.cetys.mx\/gozorros\/wp-content\/uploads\/2019\/09\/CONDDE-300x300.jpg 300w, https:\/\/www.cetys.mx\/gozorros\/wp-content\/uploads\/2019\/09\/CONDDE-150x150.jpg 150w, https:\/\/www.cetys.mx\/gozorros\/wp-content\/uploads\/2019\/09\/CONDDE.jpg 600w\" sizes=\"auto, (max-width: 300px) 100vw, 300px\" \/><\/a><\/p><p style=\"text-align: center;\"><a href=\"http:\/\/www.conadeip.mx\/\"><span style=\"font-size: 14pt;\">CONDDE<\/span><\/a><\/p><p style=\"text-align: center;\"><br>Consejo Nacional del Deporte de la Educaci\u00f3n A. C.<\/p><\/div><\/div><\/div><\/div><\/div><div class=\"vce-col vce-col--md-auto vce-col--xs-1 vce-col--xs-last vce-col--xs-first vce-col--sm-last vce-col--sm-first\" id=\"el-8519a529\"><div class=\"vce-col-inner\" data-vce-do-apply=\"border margin background  el-8519a529\"><div class=\"vce-col-content\" data-vce-element-content=\"true\" data-vce-do-apply=\"padding el-8519a529\"><div class=\"vce-text-block\"><div class=\"vce-text-block-wrapper vce\" id=\"el-4810c1e6\" data-vce-do-apply=\"all el-4810c1e6\"><p><a href=\"https:\/\/www.fisu.net\/\" target=\"_blank\" rel=\"noopener noreferrer\"><img loading=\"lazy\" decoding=\"async\" class=\"img-responsive aligncenter wp-image-6074\" src=\"https:\/\/www.cetys.mx\/gozorros\/wp-content\/uploads\/2019\/10\/fisu-259x300.jpeg\" alt=\"\" width=\"181\" height=\"210\" srcset=\"https:\/\/www.cetys.mx\/gozorros\/wp-content\/uploads\/2019\/10\/fisu-259x300.jpeg 259w, https:\/\/www.cetys.mx\/gozorros\/wp-content\/uploads\/2019\/10\/fisu.jpeg 474w\" sizes=\"auto, (max-width: 181px) 100vw, 181px\" \/><\/a><\/p><p style=\"text-align: center;\"><a href=\"https:\/\/www.fisu.net\/\"><span style=\"font-size: 14pt;\">FISU<\/span><\/a><\/p><p style=\"text-align: center;\"><br>Federaci\u00f3n Internacional de Deportes Universitarios<\/p><div class=\"a2a_kit a2a_kit_size_32 a2a_floating_style a2a_default_style\" style=\"bottom: 0px; right: 0px; background-color: transparent;\">&nbsp;<\/div><\/div><\/div><\/div><\/div><\/div><div class=\"vce-col vce-col--md-auto vce-col--xs-1 vce-col--xs-last vce-col--xs-first vce-col--sm-last vce-col--sm-first vce-col--md-last vce-col--lg-last vce-col--xl-last\" id=\"el-8dbbeecf\"><div class=\"vce-col-inner\" data-vce-do-apply=\"border margin background  el-8dbbeecf\"><div class=\"vce-col-content\" data-vce-element-content=\"true\" data-vce-do-apply=\"padding el-8dbbeecf\"><div class=\"vce-text-block\"><div class=\"vce-text-block-wrapper vce\" id=\"el-d5c1f704\" data-vce-do-apply=\"all el-d5c1f704\"><p><a href=\"http:\/\/www.conadeipfba.org.mx\/\" target=\"_blank\" rel=\"noopener noreferrer\"><img loading=\"lazy\" decoding=\"async\" class=\"img-responsive alignnone wp-image-5891 size-medium\" src=\"https:\/\/www.cetys.mx\/gozorros\/wp-content\/uploads\/2019\/09\/logo-premier-definitivo-1-300x300.png\" alt=\"\" width=\"300\" height=\"300\" srcset=\"https:\/\/www.cetys.mx\/gozorros\/wp-content\/uploads\/2019\/09\/logo-premier-definitivo-1-300x300.png 300w, https:\/\/www.cetys.mx\/gozorros\/wp-content\/uploads\/2019\/09\/logo-premier-definitivo-1-150x150.png 150w, https:\/\/www.cetys.mx\/gozorros\/wp-content\/uploads\/2019\/09\/logo-premier-definitivo-1.png 600w\" sizes=\"auto, (max-width: 300px) 100vw, 300px\" \/><\/a><\/p><p style=\"text-align: center;\"><a href=\"http:\/\/www.conadeipfba.org.mx\/\"><span style=\"font-size: 14pt;\">PREMIER CONADEIP <\/span><\/a><\/p><p style=\"text-align: center;\"><br>Conferencia Premier de F\u00fatbol Americano<\/p><\/div><\/div><\/div><\/div><\/div><\/div><\/div><\/div><div class=\"vce-row-container\"><div class=\"vce-row vce-row--col-gap-30 vce-row-columns--top vce-row-content--top\" id=\"el-58d1b9e2\" data-vce-do-apply=\"all el-58d1b9e2\"><div class=\"vce-row-content\" data-vce-element-content=\"true\"><div class=\"vce-col vce-col--md-auto vce-col--xs-1 vce-col--xs-last vce-col--xs-first vce-col--sm-last vce-col--sm-first vce-col--md-last vce-col--lg-last vce-col--xl-last vce-col--md-first vce-col--lg-first vce-col--xl-first\" id=\"el-c71e6565\"><div class=\"vce-col-inner\" data-vce-do-apply=\"border margin background  el-c71e6565\"><div class=\"vce-col-content\" data-vce-element-content=\"true\" data-vce-do-apply=\"padding el-c71e6565\"><\/div><\/div><\/div><\/div><\/div><\/div><div class=\"vce-row-container\"><div class=\"vce-row vce-row--col-gap-30 vce-row-columns--top vce-row-content--top\" id=\"el-1ff81446\" data-vce-do-apply=\"all el-1ff81446\"><div class=\"vce-row-content\" data-vce-element-content=\"true\"><div class=\"vce-col vce-col--md-auto vce-col--xs-1 vce-col--xs-last vce-col--xs-first vce-col--sm-last vce-col--sm-first vce-col--md-last vce-col--lg-last vce-col--xl-last vce-col--md-first vce-col--lg-first vce-col--xl-first\" id=\"el-6ad6cd3a\"><div class=\"vce-col-inner\" data-vce-do-apply=\"border margin background  el-6ad6cd3a\"><div class=\"vce-col-content\" data-vce-element-content=\"true\" data-vce-do-apply=\"padding el-6ad6cd3a\"><\/div><\/div><\/div><\/div><\/div><\/div>\n","protected":false},"excerpt":{"rendered":"<p>CONSEJOS ESTUDIANTILES \u00a1Participamos en las mejores competencias!&nbsp;ABEAsociaci\u00f3n de Basquetbol Estudiantil A. C.CONADEIPComisi\u00f3n Nacional Deportiva Estudiantil de Instituciones Privadas, A. C.CONDDEConsejo Nacional del Deporte de la Educaci\u00f3n A. C.FISUFederaci\u00f3n Internacional de [&hellip;]<\/p>\n","protected":false},"author":1,"featured_media":0,"parent":0,"menu_order":0,"comment_status":"closed","ping_status":"closed","template":"","meta":{"footnotes":""},"class_list":["post-15","page","type-page","status-publish","hentry"],"yoast_head":"<!-- This site is optimized with the Yoast SEO plugin v27.4 - https:\/\/yoast.com\/product\/yoast-seo-wordpress\/ -->\n<title>CONSEJOS ESTUDIANTILES - CETYS Deportes<\/title>\n<meta name=\"robots\" content=\"index, follow, max-snippet:-1, max-image-preview:large, max-video-preview:-1\" \/>\n<link rel=\"canonical\" href=\"https:\/\/www.cetys.mx\/gozorros\/consejos-estudiantiles\/\" \/>\n<meta property=\"og:locale\" content=\"es_MX\" \/>\n<meta property=\"og:type\" content=\"article\" \/>\n<meta property=\"og:title\" content=\"CONSEJOS ESTUDIANTILES - CETYS Deportes\" \/>\n<meta property=\"og:description\" content=\"CONSEJOS ESTUDIANTILES \u00a1Participamos en las mejores competencias!&nbsp;ABEAsociaci\u00f3n de Basquetbol Estudiantil A. C.CONADEIPComisi\u00f3n Nacional Deportiva Estudiantil de Instituciones Privadas, A. C.CONDDEConsejo Nacional del Deporte de la Educaci\u00f3n A. C.FISUFederaci\u00f3n Internacional de [&hellip;]\" \/>\n<meta property=\"og:url\" content=\"https:\/\/www.cetys.mx\/gozorros\/consejos-estudiantiles\/\" \/>\n<meta property=\"og:site_name\" content=\"CETYS Deportes\" \/>\n<meta property=\"article:modified_time\" content=\"2019-12-13T18:56:14+00:00\" \/>\n<meta name=\"twitter:card\" content=\"summary_large_image\" \/>\n<script type=\"application\/ld+json\" class=\"yoast-schema-graph\">{\"@context\":\"https:\\\/\\\/schema.org\",\"@graph\":[{\"@type\":\"WebPage\",\"@id\":\"https:\\\/\\\/www.cetys.mx\\\/gozorros\\\/consejos-estudiantiles\\\/\",\"url\":\"https:\\\/\\\/www.cetys.mx\\\/gozorros\\\/consejos-estudiantiles\\\/\",\"name\":\"CONSEJOS ESTUDIANTILES - CETYS Deportes\",\"isPartOf\":{\"@id\":\"https:\\\/\\\/www.cetys.mx\\\/gozorros\\\/#website\"},\"datePublished\":\"2018-12-16T01:29:43+00:00\",\"dateModified\":\"2019-12-13T18:56:14+00:00\",\"breadcrumb\":{\"@id\":\"https:\\\/\\\/www.cetys.mx\\\/gozorros\\\/consejos-estudiantiles\\\/#breadcrumb\"},\"inLanguage\":\"es\",\"potentialAction\":[{\"@type\":\"ReadAction\",\"target\":[\"https:\\\/\\\/www.cetys.mx\\\/gozorros\\\/consejos-estudiantiles\\\/\"]}]},{\"@type\":\"BreadcrumbList\",\"@id\":\"https:\\\/\\\/www.cetys.mx\\\/gozorros\\\/consejos-estudiantiles\\\/#breadcrumb\",\"itemListElement\":[{\"@type\":\"ListItem\",\"position\":1,\"name\":\"Inicio\",\"item\":\"https:\\\/\\\/www.cetys.mx\\\/gozorros\\\/\"},{\"@type\":\"ListItem\",\"position\":2,\"name\":\"CONSEJOS ESTUDIANTILES\"}]},{\"@type\":\"WebSite\",\"@id\":\"https:\\\/\\\/www.cetys.mx\\\/gozorros\\\/#website\",\"url\":\"https:\\\/\\\/www.cetys.mx\\\/gozorros\\\/\",\"name\":\"CETYS Deportes\",\"description\":\"\",\"potentialAction\":[{\"@type\":\"SearchAction\",\"target\":{\"@type\":\"EntryPoint\",\"urlTemplate\":\"https:\\\/\\\/www.cetys.mx\\\/gozorros\\\/?s={search_term_string}\"},\"query-input\":{\"@type\":\"PropertyValueSpecification\",\"valueRequired\":true,\"valueName\":\"search_term_string\"}}],\"inLanguage\":\"es\"}]}<\/script>\n<!-- \/ Yoast SEO plugin. -->","yoast_head_json":{"title":"CONSEJOS ESTUDIANTILES - CETYS Deportes","robots":{"index":"index","follow":"follow","max-snippet":"max-snippet:-1","max-image-preview":"max-image-preview:large","max-video-preview":"max-video-preview:-1"},"canonical":"https:\/\/www.cetys.mx\/gozorros\/consejos-estudiantiles\/","og_locale":"es_MX","og_type":"article","og_title":"CONSEJOS ESTUDIANTILES - CETYS Deportes","og_description":"CONSEJOS ESTUDIANTILES \u00a1Participamos en las mejores competencias!&nbsp;ABEAsociaci\u00f3n de Basquetbol Estudiantil A. C.CONADEIPComisi\u00f3n Nacional Deportiva Estudiantil de Instituciones Privadas, A. C.CONDDEConsejo Nacional del Deporte de la Educaci\u00f3n A. C.FISUFederaci\u00f3n Internacional de [&hellip;]","og_url":"https:\/\/www.cetys.mx\/gozorros\/consejos-estudiantiles\/","og_site_name":"CETYS Deportes","article_modified_time":"2019-12-13T18:56:14+00:00","twitter_card":"summary_large_image","schema":{"@context":"https:\/\/schema.org","@graph":[{"@type":"WebPage","@id":"https:\/\/www.cetys.mx\/gozorros\/consejos-estudiantiles\/","url":"https:\/\/www.cetys.mx\/gozorros\/consejos-estudiantiles\/","name":"CONSEJOS ESTUDIANTILES - CETYS Deportes","isPartOf":{"@id":"https:\/\/www.cetys.mx\/gozorros\/#website"},"datePublished":"2018-12-16T01:29:43+00:00","dateModified":"2019-12-13T18:56:14+00:00","breadcrumb":{"@id":"https:\/\/www.cetys.mx\/gozorros\/consejos-estudiantiles\/#breadcrumb"},"inLanguage":"es","potentialAction":[{"@type":"ReadAction","target":["https:\/\/www.cetys.mx\/gozorros\/consejos-estudiantiles\/"]}]},{"@type":"BreadcrumbList","@id":"https:\/\/www.cetys.mx\/gozorros\/consejos-estudiantiles\/#breadcrumb","itemListElement":[{"@type":"ListItem","position":1,"name":"Inicio","item":"https:\/\/www.cetys.mx\/gozorros\/"},{"@type":"ListItem","position":2,"name":"CONSEJOS ESTUDIANTILES"}]},{"@type":"WebSite","@id":"https:\/\/www.cetys.mx\/gozorros\/#website","url":"https:\/\/www.cetys.mx\/gozorros\/","name":"CETYS Deportes","description":"","potentialAction":[{"@type":"SearchAction","target":{"@type":"EntryPoint","urlTemplate":"https:\/\/www.cetys.mx\/gozorros\/?s={search_term_string}"},"query-input":{"@type":"PropertyValueSpecification","valueRequired":true,"valueName":"search_term_string"}}],"inLanguage":"es"}]}},"_links":{"self":[{"href":"https:\/\/www.cetys.mx\/gozorros\/wp-json\/wp\/v2\/pages\/15","targetHints":{"allow":["GET"]}}],"collection":[{"href":"https:\/\/www.cetys.mx\/gozorros\/wp-json\/wp\/v2\/pages"}],"about":[{"href":"https:\/\/www.cetys.mx\/gozorros\/wp-json\/wp\/v2\/types\/page"}],"author":[{"embeddable":true,"href":"https:\/\/www.cetys.mx\/gozorros\/wp-json\/wp\/v2\/users\/1"}],"replies":[{"embeddable":true,"href":"https:\/\/www.cetys.mx\/gozorros\/wp-json\/wp\/v2\/comments?post=15"}],"version-history":[{"count":0,"href":"https:\/\/www.cetys.mx\/gozorros\/wp-json\/wp\/v2\/pages\/15\/revisions"}],"wp:attachment":[{"href":"https:\/\/www.cetys.mx\/gozorros\/wp-json\/wp\/v2\/media?parent=15"}],"curies":[{"name":"wp","href":"https:\/\/api.w.org\/{rel}","templated":true}]}}