{"id":26023,"date":"2023-06-07T11:01:18","date_gmt":"2023-06-07T18:01:18","guid":{"rendered":"https:\/\/www.cetys.mx\/solidario\/?post_type=product&#038;p=26023"},"modified":"2023-06-07T11:18:23","modified_gmt":"2023-06-07T18:18:23","slug":"clinica-de-basketball-profesores-de-educacion-fisica","status":"publish","type":"product","link":"https:\/\/www.cetys.mx\/generosidad\/product\/clinica-de-basketball-profesores-de-educacion-fisica\/","title":{"rendered":"Cl\u00ednica de Basketball Profesores de Educaci\u00f3n F\u00edsica"},"content":{"rendered":"","protected":false},"excerpt":{"rendered":"","protected":false},"featured_media":26016,"template":"","meta":{"_et_pb_use_builder":"","_et_pb_old_content":"","_et_gb_content_width":""},"product_brand":[],"product_cat":[40],"product_tag":[],"class_list":{"0":"post-26023","1":"product","2":"type-product","3":"status-publish","4":"has-post-thumbnail","6":"product_cat-eventos","8":"first","9":"instock","10":"shipping-taxable","11":"purchasable","12":"product-type-simple"},"_links":{"self":[{"href":"https:\/\/www.cetys.mx\/generosidad\/wp-json\/wp\/v2\/product\/26023","targetHints":{"allow":["GET"]}}],"collection":[{"href":"https:\/\/www.cetys.mx\/generosidad\/wp-json\/wp\/v2\/product"}],"about":[{"href":"https:\/\/www.cetys.mx\/generosidad\/wp-json\/wp\/v2\/types\/product"}],"wp:featuredmedia":[{"embeddable":true,"href":"https:\/\/www.cetys.mx\/generosidad\/wp-json\/wp\/v2\/media\/26016"}],"wp:attachment":[{"href":"https:\/\/www.cetys.mx\/generosidad\/wp-json\/wp\/v2\/media?parent=26023"}],"wp:term":[{"taxonomy":"product_brand","embeddable":true,"href":"https:\/\/www.cetys.mx\/generosidad\/wp-json\/wp\/v2\/product_brand?post=26023"},{"taxonomy":"product_cat","embeddable":true,"href":"https:\/\/www.cetys.mx\/generosidad\/wp-json\/wp\/v2\/product_cat?post=26023"},{"taxonomy":"product_tag","embeddable":true,"href":"https:\/\/www.cetys.mx\/generosidad\/wp-json\/wp\/v2\/product_tag?post=26023"}],"curies":[{"name":"wp","href":"https:\/\/api.w.org\/{rel}","templated":true}]}}