{"id":27569,"date":"2024-09-30T13:37:17","date_gmt":"2024-09-30T20:37:17","guid":{"rendered":"https:\/\/www.cetys.mx\/generosidad\/?page_id=27569"},"modified":"2025-10-23T15:19:05","modified_gmt":"2025-10-23T22:19:05","slug":"dia-de-dar","status":"publish","type":"page","link":"https:\/\/www.cetys.mx\/generosidad\/campanas\/dia-de-dar\/","title":{"rendered":"D\u00eda De Dar"},"content":{"rendered":"<p>[et_pb_section fb_built=\u00bb1&#8243; _builder_version=\u00bb4.14.9&#8243; _module_preset=\u00bbdefault\u00bb width=\u00bb100%\u00bb max_width=\u00bb100%\u00bb custom_margin=\u00bb0px||0px||true|false\u00bb custom_padding=\u00bb0px||0px||true|false\u00bb global_colors_info=\u00bb{}\u00bb][et_pb_row use_custom_gutter=\u00bbon\u00bb gutter_width=\u00bb1&#8243; _builder_version=\u00bb4.14.9&#8243; _module_preset=\u00bbdefault\u00bb width=\u00bb100%\u00bb max_width=\u00bb100%\u00bb custom_margin=\u00bb0px||0px||false|false\u00bb custom_padding=\u00bb0px||0px||true|false\u00bb global_colors_info=\u00bb{}\u00bb][et_pb_column type=\u00bb4_4&#8243; _builder_version=\u00bb4.14.9&#8243; _module_preset=\u00bbdefault\u00bb global_colors_info=\u00bb{}\u00bb][et_pb_image src=\u00bbhttps:\/\/www.cetys.mx\/generosidad\/wp-content\/uploads\/2025\/09\/Banner_CETYS_DiaDeDar_1920x640px.png\u00bb title_text=\u00bbBanner_CETYS_D\u00edaDeDar_1920x640px\u00bb align=\u00bbcenter\u00bb _builder_version=\u00bb4.14.9&#8243; _module_preset=\u00bbdefault\u00bb global_colors_info=\u00bb{}\u00bb][\/et_pb_image][\/et_pb_column][\/et_pb_row][\/et_pb_section][et_pb_section fb_built=\u00bb1&#8243; _builder_version=\u00bb4.14.9&#8243; _module_preset=\u00bbdefault\u00bb global_colors_info=\u00bb{}\u00bb][et_pb_row column_structure=\u00bb1_2,1_2&#8243; _builder_version=\u00bb4.14.9&#8243; _module_preset=\u00bbdefault\u00bb global_colors_info=\u00bb{}\u00bb][et_pb_column type=\u00bb1_2&#8243; _builder_version=\u00bb4.14.9&#8243; _module_preset=\u00bbdefault\u00bb global_colors_info=\u00bb{}\u00bb][et_pb_image src=\u00bbhttps:\/\/www.cetys.mx\/generosidad\/wp-content\/uploads\/2025\/09\/Logo_CETYS_Di\u0301aDeDar-03-scaled.png\u00bb title_text=\u00bbLogo_CETYS_Di\u0301aDeDar-03&#8243; align=\u00bbcenter\u00bb _builder_version=\u00bb4.14.9&#8243; _module_preset=\u00bbdefault\u00bb width=\u00bb50%\u00bb global_colors_info=\u00bb{}\u00bb][\/et_pb_image][\/et_pb_column][et_pb_column type=\u00bb1_2&#8243; _builder_version=\u00bb4.14.9&#8243; _module_preset=\u00bbdefault\u00bb global_colors_info=\u00bb{}\u00bb][et_pb_text _builder_version=\u00bb4.14.9&#8243; text_font_size=\u00bb18px\u00bb text_orientation=\u00bbjustified\u00bb custom_padding=\u00bb||0px|||\u00bb locked=\u00bboff\u00bb global_colors_info=\u00bb{}\u00bb]<\/p>\n<p><strong>\u00a1Gracias por hacer posible este gran paso!<\/strong><br \/>Tu donativo al Fondo de Becas<br \/>enciende sue\u00f1os y abre puertas.<\/p>\n<p>En este D\u00eda de Dar aportaste m\u00e1s que ayuda,<br \/>impulsaste futuros y ganas que no se dudan.<\/p>\n<p>Cada beca es una historia que empieza,<br \/>cada apoyo, una vida que se fortalece.<\/p>\n<p>Lo que diste hoy, ma\u00f1ana ser\u00e1 esperanza.<\/p>\n<p>CETYS Universidad<\/p>\n<p>[\/et_pb_text][et_pb_video src=\u00bbhttps:\/\/www.youtube.com\/watch?v=N8WPhX_Y1GY\u00bb _builder_version=\u00bb4.14.9&#8243; _module_preset=\u00bbdefault\u00bb hover_enabled=\u00bb0&#8243; global_colors_info=\u00bb{}\u00bb disabled_on=\u00bbon|on|on\u00bb disabled=\u00bbon\u00bb sticky_enabled=\u00bb0&#8243;][\/et_pb_video][\/et_pb_column][\/et_pb_row][\/et_pb_section]<\/p>\n","protected":false},"excerpt":{"rendered":"<p>\u00a1Gracias por hacer posible este gran paso!Tu donativo al Fondo de Becasenciende sue\u00f1os y abre puertas. En este D\u00eda de Dar aportaste m\u00e1s que ayuda,impulsaste futuros y ganas que no se dudan. Cada beca es una historia que empieza,cada apoyo, una vida que se fortalece. Lo que diste hoy, ma\u00f1ana ser\u00e1 esperanza. CETYS Universidad<\/p>\n","protected":false},"author":1,"featured_media":0,"parent":1185,"menu_order":0,"comment_status":"closed","ping_status":"closed","template":"","meta":{"_et_pb_use_builder":"on","_et_pb_old_content":"","_et_gb_content_width":"","footnotes":""},"class_list":["post-27569","page","type-page","status-publish","hentry"],"_links":{"self":[{"href":"https:\/\/www.cetys.mx\/generosidad\/wp-json\/wp\/v2\/pages\/27569","targetHints":{"allow":["GET"]}}],"collection":[{"href":"https:\/\/www.cetys.mx\/generosidad\/wp-json\/wp\/v2\/pages"}],"about":[{"href":"https:\/\/www.cetys.mx\/generosidad\/wp-json\/wp\/v2\/types\/page"}],"author":[{"embeddable":true,"href":"https:\/\/www.cetys.mx\/generosidad\/wp-json\/wp\/v2\/users\/1"}],"replies":[{"embeddable":true,"href":"https:\/\/www.cetys.mx\/generosidad\/wp-json\/wp\/v2\/comments?post=27569"}],"version-history":[{"count":28,"href":"https:\/\/www.cetys.mx\/generosidad\/wp-json\/wp\/v2\/pages\/27569\/revisions"}],"predecessor-version":[{"id":51992,"href":"https:\/\/www.cetys.mx\/generosidad\/wp-json\/wp\/v2\/pages\/27569\/revisions\/51992"}],"up":[{"embeddable":true,"href":"https:\/\/www.cetys.mx\/generosidad\/wp-json\/wp\/v2\/pages\/1185"}],"wp:attachment":[{"href":"https:\/\/www.cetys.mx\/generosidad\/wp-json\/wp\/v2\/media?parent=27569"}],"curies":[{"name":"wp","href":"https:\/\/api.w.org\/{rel}","templated":true}]}}