{"id":27864,"date":"2025-02-20T18:23:29","date_gmt":"2025-02-21T02:23:29","guid":{"rendered":"https:\/\/www.cetys.mx\/generosidad\/?post_type=product&#038;p=27864"},"modified":"2025-03-07T10:49:49","modified_gmt":"2025-03-07T18:49:49","slug":"touchdown-zorros","status":"publish","type":"product","link":"https:\/\/www.cetys.mx\/generosidad\/en\/product\/touchdown-zorros\/","title":{"rendered":"Touchdown Zorros"},"content":{"rendered":"<p><strong>Apadrina una butaca, deja tu huella en la historia<\/strong><\/p>\n<p>S\u00e9 parte de la transformaci\u00f3n de nuestra casa y apadrina una butaca. Con tu donativo, no solo ayudas a renovar este espacio ic\u00f3nico, sino que tambi\u00e9n grabas tu nombre en cada emoci\u00f3n vivida aqu\u00ed.<\/p>\n<p>Tu asiento, tu legado.<\/p>","protected":false},"excerpt":{"rendered":"<p>Apadrina una butaca, deja tu huella en la historia S\u00e9 parte de la transformaci\u00f3n de nuestra casa y apadrina una butaca. Con tu donativo, no solo ayudas a renovar este espacio ic\u00f3nico, sino que tambi\u00e9n grabas tu nombre en cada emoci\u00f3n vivida aqu\u00ed. Tu asiento, tu legado.<\/p>","protected":false},"featured_media":27816,"template":"","meta":{"_et_pb_use_builder":"","_et_pb_old_content":"","_et_gb_content_width":""},"product_brand":[],"product_cat":[183],"product_tag":[],"class_list":{"0":"post-27864","1":"product","2":"type-product","3":"status-publish","4":"has-post-thumbnail","6":"product_cat-deportivos","8":"first","9":"instock","10":"shipping-taxable","11":"purchasable","12":"product-type-variable-subscription"},"_links":{"self":[{"href":"https:\/\/www.cetys.mx\/generosidad\/en\/wp-json\/wp\/v2\/product\/27864","targetHints":{"allow":["GET"]}}],"collection":[{"href":"https:\/\/www.cetys.mx\/generosidad\/en\/wp-json\/wp\/v2\/product"}],"about":[{"href":"https:\/\/www.cetys.mx\/generosidad\/en\/wp-json\/wp\/v2\/types\/product"}],"wp:featuredmedia":[{"embeddable":true,"href":"https:\/\/www.cetys.mx\/generosidad\/en\/wp-json\/wp\/v2\/media\/27816"}],"wp:attachment":[{"href":"https:\/\/www.cetys.mx\/generosidad\/en\/wp-json\/wp\/v2\/media?parent=27864"}],"wp:term":[{"taxonomy":"product_brand","embeddable":true,"href":"https:\/\/www.cetys.mx\/generosidad\/en\/wp-json\/wp\/v2\/product_brand?post=27864"},{"taxonomy":"product_cat","embeddable":true,"href":"https:\/\/www.cetys.mx\/generosidad\/en\/wp-json\/wp\/v2\/product_cat?post=27864"},{"taxonomy":"product_tag","embeddable":true,"href":"https:\/\/www.cetys.mx\/generosidad\/en\/wp-json\/wp\/v2\/product_tag?post=27864"}],"curies":[{"name":"wp","href":"https:\/\/api.w.org\/{rel}","templated":true}]}}