{"id":26988,"date":"2024-03-13T13:32:56","date_gmt":"2024-03-13T20:32:56","guid":{"rendered":"https:\/\/www.cetys.mx\/generosidad\/?post_type=product&#038;p=26988"},"modified":"2025-03-07T10:51:33","modified_gmt":"2025-03-07T18:51:33","slug":"beca-eduardo-letayf-slim-rgs","status":"publish","type":"product","link":"https:\/\/www.cetys.mx\/generosidad\/en\/product\/beca-eduardo-letayf-slim-rgs\/","title":{"rendered":"Beca Eduardo Letayf Slim &#8211; RGS"},"content":{"rendered":"<p>[et_pb_section fb_built=\u00bb1&#8243; _builder_version=\u00bb3.22&#8243; custom_padding=\u00bb0px||||false|false\u00bb global_colors_info=\u00bb{}\u00bb][et_pb_row _builder_version=\u00bb3.25&#8243; background_size=\u00bbinitial\u00bb background_position=\u00bbtop_left\u00bb background_repeat=\u00bbrepeat\u00bb width=\u00bb100%\u00bb custom_padding=\u00bb0px||0px||false|false\u00bb global_colors_info=\u00bb{}\u00bb][et_pb_column type=\u00bb4_4&#8243; _builder_version=\u00bb3.25&#8243; custom_padding=\u00bb|||\u00bb global_colors_info=\u00bb{}\u00bb custom_padding__hover=\u00bb|||\u00bb][et_pb_wc_breadcrumb _builder_version=\u00bb3.0.47&#8243; global_colors_info=\u00bb{}\u00bb][\/et_pb_wc_breadcrumb][et_pb_wc_cart_notice global_colors_info=\u00bb{}\u00bb][\/et_pb_wc_cart_notice][\/et_pb_column][\/et_pb_row][et_pb_row column_structure=\u00bb1_2,1_2&#8243; _builder_version=\u00bb3.25&#8243; background_size=\u00bbinitial\u00bb background_position=\u00bbtop_left\u00bb background_repeat=\u00bbrepeat\u00bb width=\u00bb100%\u00bb custom_padding=\u00bb0px||||false|false\u00bb global_colors_info=\u00bb{}\u00bb][et_pb_column type=\u00bb1_2&#8243; _builder_version=\u00bb3.25&#8243; custom_padding=\u00bb|||\u00bb global_colors_info=\u00bb{}\u00bb custom_padding__hover=\u00bb|||\u00bb][et_pb_wc_images _builder_version=\u00bb3.0.47&#8243; global_colors_info=\u00bb{}\u00bb][\/et_pb_wc_images][\/et_pb_column][et_pb_column type=\u00bb1_2&#8243; _builder_version=\u00bb3.25&#8243; custom_padding=\u00bb|||\u00bb global_colors_info=\u00bb{}\u00bb custom_padding__hover=\u00bb|||\u00bb][et_pb_wc_title _builder_version=\u00bb3.0.47&#8243; global_colors_info=\u00bb{}\u00bb][\/et_pb_wc_title][et_pb_wc_rating _builder_version=\u00bb3.0.47&#8243; global_colors_info=\u00bb{}\u00bb][\/et_pb_wc_rating][et_pb_wc_price _builder_version=\u00bb3.0.47&#8243; global_colors_info=\u00bb{}\u00bb][\/et_pb_wc_price][et_pb_wc_description _builder_version=\u00bb3.0.47&#8243; global_colors_info=\u00bb{}\u00bb][\/et_pb_wc_description][et_pb_wc_add_to_cart global_colors_info=\u00bb{}\u00bb][\/et_pb_wc_add_to_cart][et_pb_wc_meta _builder_version=\u00bb3.0.47&#8243; global_colors_info=\u00bb{}\u00bb][\/et_pb_wc_meta][et_pb_text _builder_version=\u00bb4.14.9&#8243; _module_preset=\u00bbdefault\u00bb global_colors_info=\u00bb{}\u00bb]<\/p>\n<p>Esta beca busca honrar a <strong>Don Eduardo Letayf Slim<\/strong>, quien otorg\u00f3 40 a\u00f1os de servicio al CETYS y siempre estuvo comprometido con el desarrollo de M\u00e9xico a trav\u00e9s de la educaci\u00f3n de calidad.<\/p>\n<p>El esp\u00edritu de este programa de becas se distingue por dos caracter\u00edsticas, primeramente invitar a que los becados tengan adem\u00e1s de su educaci\u00f3n, experiencias laborales que fortalezcan su car\u00e1cter, vocaci\u00f3n y respeto por la actividad laboral que lo ayude a madurar profesionalmente en complemento con sus estudios. Segundo, invitar a personas y empresas a que se sumen a este esfuerzo filantr\u00f3pico para que apoyen a j\u00f3venes talentosos para la transformaci\u00f3n de nuestra comunidad.<\/p>\n<p>[\/et_pb_text][\/et_pb_column][\/et_pb_row][et_pb_row _builder_version=\u00bb3.25&#8243; background_size=\u00bbinitial\u00bb background_position=\u00bbtop_left\u00bb background_repeat=\u00bbrepeat\u00bb width=\u00bb100%\u00bb global_colors_info=\u00bb{}\u00bb][et_pb_column type=\u00bb4_4&#8243; _builder_version=\u00bb3.25&#8243; custom_padding=\u00bb|||\u00bb global_colors_info=\u00bb{}\u00bb custom_padding__hover=\u00bb|||\u00bb][et_pb_wc_tabs _builder_version=\u00bb3.0.47&#8243; global_colors_info=\u00bb{}\u00bb]\t\t\t\t\t[\/et_pb_wc_tabs][et_pb_wc_upsells _builder_version=\u00bb3.0.47&#8243; global_colors_info=\u00bb{}\u00bb][\/et_pb_wc_upsells][et_pb_wc_related_products _builder_version=\u00bb3.0.47&#8243; global_colors_info=\u00bb{}\u00bb][\/et_pb_wc_related_products][\/et_pb_column][\/et_pb_row][\/et_pb_section]<\/p>","protected":false},"excerpt":{"rendered":"<p>Esta beca busca honrar a Don Eduardo Letayf Slim, quien otorg\u00f3 40 a\u00f1os de servicio al CETYS y siempre estuvo comprometido con el desarrollo de M\u00e9xico a trav\u00e9s de la educaci\u00f3n de calidad. El esp\u00edritu de este programa de becas se distingue por dos caracter\u00edsticas, primeramente invitar a que los becados tengan adem\u00e1s de su [&hellip;]<\/p>","protected":false},"featured_media":27001,"template":"","meta":{"_et_pb_use_builder":"on","_et_pb_old_content":"","_et_gb_content_width":""},"product_brand":[],"product_cat":[187],"product_tag":[],"class_list":{"0":"post-26988","1":"product","2":"type-product","3":"status-publish","4":"has-post-thumbnail","6":"product_cat-becas","8":"first","9":"instock","10":"shipping-taxable","11":"purchasable","12":"product-type-subscription"},"_links":{"self":[{"href":"https:\/\/www.cetys.mx\/generosidad\/en\/wp-json\/wp\/v2\/product\/26988","targetHints":{"allow":["GET"]}}],"collection":[{"href":"https:\/\/www.cetys.mx\/generosidad\/en\/wp-json\/wp\/v2\/product"}],"about":[{"href":"https:\/\/www.cetys.mx\/generosidad\/en\/wp-json\/wp\/v2\/types\/product"}],"wp:featuredmedia":[{"embeddable":true,"href":"https:\/\/www.cetys.mx\/generosidad\/en\/wp-json\/wp\/v2\/media\/27001"}],"wp:attachment":[{"href":"https:\/\/www.cetys.mx\/generosidad\/en\/wp-json\/wp\/v2\/media?parent=26988"}],"wp:term":[{"taxonomy":"product_brand","embeddable":true,"href":"https:\/\/www.cetys.mx\/generosidad\/en\/wp-json\/wp\/v2\/product_brand?post=26988"},{"taxonomy":"product_cat","embeddable":true,"href":"https:\/\/www.cetys.mx\/generosidad\/en\/wp-json\/wp\/v2\/product_cat?post=26988"},{"taxonomy":"product_tag","embeddable":true,"href":"https:\/\/www.cetys.mx\/generosidad\/en\/wp-json\/wp\/v2\/product_tag?post=26988"}],"curies":[{"name":"wp","href":"https:\/\/api.w.org\/{rel}","templated":true}]}}