{"id":2034,"date":"2021-01-04T09:00:12","date_gmt":"2021-01-04T17:00:12","guid":{"rendered":"https:\/\/www.cetys.mx\/solidario\/?post_type=product&#038;p=2034"},"modified":"2021-01-12T17:37:24","modified_gmt":"2021-01-13T01:37:24","slug":"mi-butaca-tijuana","status":"publish","type":"product","link":"https:\/\/www.cetys.mx\/generosidad\/en\/product\/mi-butaca-tijuana\/","title":{"rendered":"Gimnasio Auditorio \u201cRodrigo Valle Hern\u00e1ndez\u201d"},"content":{"rendered":"<div class=\"et_pb_module et_pb_text et_pb_text_1 et_pb_text_align_left et_pb_bg_layout_light\">\n<div class=\"et_pb_text_inner\">\n<p>Con tu donativo, desarrollamos el talento de j\u00f3venes deportistas, brind\u00e1ndoles la oportunidad de contar con una formaci\u00f3n integral, que les permita lograr sus metas y sue\u00f1os al sobresalir en el \u00e1mbito deportivo, en instalaciones de alto nivel, representando a nuestra Instituci\u00f3n y al Estado en competencias de talla nacional e internacional.<\/p>\n<p>Este programa consiste en colocar a perpetuidad el nombre o marca comercial que nos indiques en una butaca en el Gimnasio Auditorio del Campus de tu elecci\u00f3n como un s\u00edmbolo de filantrop\u00eda y apoyo a la educaci\u00f3n y el deporte como elementos fundamentales de la vida estudiantil en CETYS.<\/p>\n<\/div>\n<\/div>","protected":false},"excerpt":{"rendered":"<p>Con tu donativo, desarrollamos el talento de j\u00f3venes deportistas, brind\u00e1ndoles la oportunidad de contar con una formaci\u00f3n integral, que les permita lograr sus metas y sue\u00f1os al sobresalir en el \u00e1mbito deportivo, en instalaciones de alto nivel, representando a nuestra Instituci\u00f3n y al Estado en competencias de talla nacional e internacional. Este programa consiste en [&hellip;]<\/p>","protected":false},"featured_media":2064,"template":"","meta":{"_et_pb_use_builder":"","_et_pb_old_content":"","_et_gb_content_width":""},"product_brand":[],"product_cat":[26,37],"product_tag":[],"class_list":{"0":"post-2034","1":"product","2":"type-product","3":"status-publish","4":"has-post-thumbnail","6":"product_cat-mi-butaca","7":"product_cat-mi-butaca-tijuana","9":"first","10":"instock","11":"shipping-taxable","12":"purchasable","13":"product-type-simple"},"_links":{"self":[{"href":"https:\/\/www.cetys.mx\/generosidad\/en\/wp-json\/wp\/v2\/product\/2034","targetHints":{"allow":["GET"]}}],"collection":[{"href":"https:\/\/www.cetys.mx\/generosidad\/en\/wp-json\/wp\/v2\/product"}],"about":[{"href":"https:\/\/www.cetys.mx\/generosidad\/en\/wp-json\/wp\/v2\/types\/product"}],"wp:featuredmedia":[{"embeddable":true,"href":"https:\/\/www.cetys.mx\/generosidad\/en\/wp-json\/wp\/v2\/media\/2064"}],"wp:attachment":[{"href":"https:\/\/www.cetys.mx\/generosidad\/en\/wp-json\/wp\/v2\/media?parent=2034"}],"wp:term":[{"taxonomy":"product_brand","embeddable":true,"href":"https:\/\/www.cetys.mx\/generosidad\/en\/wp-json\/wp\/v2\/product_brand?post=2034"},{"taxonomy":"product_cat","embeddable":true,"href":"https:\/\/www.cetys.mx\/generosidad\/en\/wp-json\/wp\/v2\/product_cat?post=2034"},{"taxonomy":"product_tag","embeddable":true,"href":"https:\/\/www.cetys.mx\/generosidad\/en\/wp-json\/wp\/v2\/product_tag?post=2034"}],"curies":[{"name":"wp","href":"https:\/\/api.w.org\/{rel}","templated":true}]}}