{"id":2879,"date":"2021-02-22T14:15:41","date_gmt":"2021-02-22T22:15:41","guid":{"rendered":"https:\/\/www.cetys.mx\/solidario\/?page_id=2879"},"modified":"2021-02-28T23:01:06","modified_gmt":"2021-03-01T07:01:06","slug":"tijuana","status":"publish","type":"page","link":"https:\/\/www.cetys.mx\/generosidad\/en\/campanas\/mi-butaca\/tijuana\/","title":{"rendered":"Tijuana"},"content":{"rendered":"<p>[et_pb_section fb_built=\u00bb1&#8243; fullwidth=\u00bbon\u00bb _builder_version=\u00bb4.4.2&#8243;][et_pb_fullwidth_slider _builder_version=\u00bb4.4.2&#8243; custom_margin=\u00bb0px||0px||true|false\u00bb custom_padding=\u00bb250px||250px||true|false\u00bb custom_padding_tablet=\u00bb142px||142px||true|false\u00bb custom_padding_phone=\u00bb89px||89px||true|false\u00bb custom_padding_last_edited=\u00bbon|phone\u00bb][et_pb_slide use_bg_overlay=\u00bboff\u00bb use_text_overlay=\u00bboff\u00bb _builder_version=\u00bb4.4.2&#8243; header_level=\u00bbh2&#8243; header_font=\u00bb|700|||||||\u00bb background_image=\u00bbhttps:\/\/www.cetys.mx\/generosidad\/wp-content\/uploads\/2020\/09\/cetys-solidario-full-width-mi-butaca.png\u00bb background_enable_image=\u00bbon\u00bb custom_button=\u00bbon\u00bb button_bg_color=\u00bb#231f20&#8243; button_border_color=\u00bbrgba(0,0,0,0)\u00bb header_text_shadow_style=\u00bbpreset1&#8243; box_shadow_style_button=\u00bbpreset1&#8243; box_shadow_color_button=\u00bbrgba(0,0,0,0.5)\u00bb sticky_transition=\u00bbon\u00bb][\/et_pb_slide][\/et_pb_fullwidth_slider][\/et_pb_section][et_pb_section fb_built=\u00bb1&#8243; _builder_version=\u00bb4.4.2&#8243;][et_pb_row _builder_version=\u00bb4.4.2&#8243;][et_pb_column type=\u00bb4_4&#8243; _builder_version=\u00bb4.4.2&#8243;][et_pb_text _builder_version=\u00bb4.6.6&#8243;]<\/p>\n<h1 style=\"text-align: center;\">MI BUTACA TIJUANA<\/h1>\n<p>[\/et_pb_text][et_pb_divider divider_weight=\u00bb2px\u00bb _builder_version=\u00bb4.4.2&#8243; width=\u00bb360px\u00bb module_alignment=\u00bbcenter\u00bb custom_margin=\u00bb-30px||||false|false\u00bb][\/et_pb_divider][et_pb_text _builder_version=\u00bb4.4.2&#8243;]<\/p>\n<p><span style=\"font-family: Arial,Helvetica,sans-serif;\">Con tu donativo, desarrollamos el talento de j\u00f3venes deportistas, brind\u00e1ndoles la oportunidad de contar con una formaci\u00f3n integral, que les permita lograr sus metas y sue\u00f1os al sobresalir en el \u00e1mbito deportivo, en instalaciones de alto nivel, representando a nuestra Instituci\u00f3n y al Estado en competencias de talla nacional e internacional. <\/span><\/p>\n<p><span style=\"font-family: Arial,Helvetica,sans-serif;\">Este programa consiste en colocar a perpetuidad el nombre o marca comercial que nos indiques en una butaca en el Gimnasio Auditorio del Campus de tu elecci\u00f3n como un s\u00edmbolo de filantrop\u00eda y apoyo a la educaci\u00f3n y el deporte como elementos fundamentales de la vida estudiantil en CETYS.<\/span><\/p>\n<p>[\/et_pb_text][\/et_pb_column][\/et_pb_row][et_pb_row _builder_version=\u00bb4.6.6&#8243; _module_preset=\u00bbdefault\u00bb column_structure=\u00bb1_2,1_2&#8243;][et_pb_column _builder_version=\u00bb4.6.6&#8243; _module_preset=\u00bbdefault\u00bb type=\u00bb1_2&#8243;][et_pb_button button_text=\u00bbSecci\u00f3n %22A%22&#8243; _builder_version=\u00bb4.6.6&#8243; _module_preset=\u00bbdefault\u00bb button_alignment=\u00bbright\u00bb hover_enabled=\u00bb0&#8243; sticky_enabled=\u00bb0&#8243; button_url=\u00bb#secciona\u00bb][\/et_pb_button][\/et_pb_column][et_pb_column _builder_version=\u00bb4.6.6&#8243; _module_preset=\u00bbdefault\u00bb type=\u00bb1_2&#8243;][et_pb_button button_text=\u00bbSecci\u00f3n %22B%22&#8243; _builder_version=\u00bb4.6.6&#8243; _module_preset=\u00bbdefault\u00bb button_alignment=\u00bbleft\u00bb hover_enabled=\u00bb0&#8243; sticky_enabled=\u00bb0&#8243; button_url=\u00bb#seccionb\u00bb][\/et_pb_button][\/et_pb_column][\/et_pb_row][\/et_pb_section][et_pb_section fb_built=\u00bb1&#8243; disabled_on=\u00bboff|off|off\u00bb _builder_version=\u00bb4.6.6&#8243; _module_preset=\u00bbdefault\u00bb][et_pb_row _builder_version=\u00bb4.6.6&#8243; _module_preset=\u00bbdefault\u00bb hover_enabled=\u00bb0&#8243; module_id=\u00bbsecciona\u00bb sticky_enabled=\u00bb0&#8243;][et_pb_column type=\u00bb4_4&#8243; _builder_version=\u00bb4.6.6&#8243; _module_preset=\u00bbdefault\u00bb][et_pb_text _builder_version=\u00bb4.6.6&#8243; _module_preset=\u00bbdefault\u00bb]<\/p>\n<h1 style=\"text-align: center;\">SECCI\u00d3N \u00abA\u00bb EGRESADOS<\/h1>\n<p>[\/et_pb_text][et_pb_divider divider_weight=\u00bb3px\u00bb _builder_version=\u00bb4.6.6&#8243; _module_preset=\u00bbdefault\u00bb width=\u00bb200px\u00bb module_alignment=\u00bbcenter\u00bb custom_margin=\u00bb-30px||0px||false|false\u00bb custom_padding=\u00bb0px||0px||false|false\u00bb][\/et_pb_divider][et_pb_shop type=\u00bbproduct_category\u00bb posts_number=\u00bb168&#8243; include_categories=\u00bb72&#8243; columns_number=\u00bb6&#8243; orderby=\u00bbprice\u00bb _builder_version=\u00bb4.6.6&#8243; _module_preset=\u00bbdefault\u00bb][\/et_pb_shop][\/et_pb_column][\/et_pb_row][et_pb_row _builder_version=\u00bb4.6.6&#8243; _module_preset=\u00bbdefault\u00bb hover_enabled=\u00bb0&#8243; module_id=\u00bbseccionb\u00bb sticky_enabled=\u00bb0&#8243;][et_pb_column type=\u00bb4_4&#8243; _builder_version=\u00bb4.6.6&#8243; _module_preset=\u00bbdefault\u00bb][et_pb_text _builder_version=\u00bb4.6.6&#8243; _module_preset=\u00bbdefault\u00bb]<\/p>\n<h1 style=\"text-align: center;\">SECCI\u00d3N \u00abB\u00bb COMERCIO<\/h1>\n<p>[\/et_pb_text][et_pb_divider divider_weight=\u00bb3px\u00bb _builder_version=\u00bb4.6.6&#8243; _module_preset=\u00bbdefault\u00bb width=\u00bb200px\u00bb module_alignment=\u00bbcenter\u00bb custom_margin=\u00bb-30px||0px||false|false\u00bb custom_padding=\u00bb0px||0px||false|false\u00bb][\/et_pb_divider][et_pb_shop type=\u00bbproduct_category\u00bb posts_number=\u00bb168&#8243; include_categories=\u00bb73&#8243; columns_number=\u00bb6&#8243; orderby=\u00bbprice\u00bb _builder_version=\u00bb4.6.6&#8243; _module_preset=\u00bbdefault\u00bb][\/et_pb_shop][\/et_pb_column][\/et_pb_row][\/et_pb_section][et_pb_section fb_built=\u00bb1&#8243; _builder_version=\u00bb4.4.2&#8243; background_color=\u00bb#f7d204&#8243;][et_pb_row _builder_version=\u00bb4.4.2&#8243;][et_pb_column type=\u00bb4_4&#8243; _builder_version=\u00bb4.4.2&#8243;][et_pb_contact_form email=\u00bbfilantropia@cetys.mx\u00bb title=\u00bbSuscr\u00edbete y sigue los avances de la campa\u00f1a\u00bb success_message=\u00bb\u00a1Gracias! Te estaremos enviando informaci\u00f3n sobre nuestros avances. \u00bb submit_button_text=\u00bbSuscribirme\u00bb _builder_version=\u00bb4.4.2&#8243; title_font=\u00bb|700|||||||\u00bb title_text_align=\u00bbcenter\u00bb custom_button=\u00bbon\u00bb button_bg_color=\u00bb#212020&#8243; global_module=\u00bb679&#8243; saved_tabs=\u00bball\u00bb][et_pb_contact_field field_id=\u00bbEmail\u00bb field_title=\u00bbCorreo electr\u00f3nico\u00bb field_type=\u00bbemail\u00bb fullwidth_field=\u00bbon\u00bb _builder_version=\u00bb4.4.2&#8243; button_text_size__hover_enabled=\u00bboff\u00bb button_one_text_size__hover_enabled=\u00bboff\u00bb button_two_text_size__hover_enabled=\u00bboff\u00bb button_text_color__hover_enabled=\u00bboff\u00bb button_one_text_color__hover_enabled=\u00bboff\u00bb button_two_text_color__hover_enabled=\u00bboff\u00bb button_border_width__hover_enabled=\u00bboff\u00bb button_one_border_width__hover_enabled=\u00bboff\u00bb button_two_border_width__hover_enabled=\u00bboff\u00bb button_border_color__hover_enabled=\u00bboff\u00bb button_one_border_color__hover_enabled=\u00bboff\u00bb button_two_border_color__hover_enabled=\u00bboff\u00bb button_border_radius__hover_enabled=\u00bboff\u00bb button_one_border_radius__hover_enabled=\u00bboff\u00bb button_two_border_radius__hover_enabled=\u00bboff\u00bb button_letter_spacing__hover_enabled=\u00bboff\u00bb button_one_letter_spacing__hover_enabled=\u00bboff\u00bb button_two_letter_spacing__hover_enabled=\u00bboff\u00bb button_bg_color__hover_enabled=\u00bboff\u00bb button_one_bg_color__hover_enabled=\u00bboff\u00bb button_two_bg_color__hover_enabled=\u00bboff\u00bb][\/et_pb_contact_field][\/et_pb_contact_form][\/et_pb_column][\/et_pb_row][\/et_pb_section]<\/p>","protected":false},"excerpt":{"rendered":"<p>MI BUTACA TIJUANACon tu donativo, desarrollamos el talento de j\u00f3venes deportistas, brind\u00e1ndoles la oportunidad de contar con una formaci\u00f3n integral, que les permita lograr sus metas y sue\u00f1os al sobresalir en el \u00e1mbito deportivo, en instalaciones de alto nivel, representando a nuestra Instituci\u00f3n y al Estado en competencias de talla nacional e internacional. Este programa [&hellip;]<\/p>","protected":false},"author":1,"featured_media":0,"parent":1210,"menu_order":0,"comment_status":"closed","ping_status":"closed","template":"","meta":{"_et_pb_use_builder":"on","_et_pb_old_content":"","_et_gb_content_width":"","footnotes":""},"class_list":["post-2879","page","type-page","status-publish","hentry"],"_links":{"self":[{"href":"https:\/\/www.cetys.mx\/generosidad\/en\/wp-json\/wp\/v2\/pages\/2879","targetHints":{"allow":["GET"]}}],"collection":[{"href":"https:\/\/www.cetys.mx\/generosidad\/en\/wp-json\/wp\/v2\/pages"}],"about":[{"href":"https:\/\/www.cetys.mx\/generosidad\/en\/wp-json\/wp\/v2\/types\/page"}],"author":[{"embeddable":true,"href":"https:\/\/www.cetys.mx\/generosidad\/en\/wp-json\/wp\/v2\/users\/1"}],"replies":[{"embeddable":true,"href":"https:\/\/www.cetys.mx\/generosidad\/en\/wp-json\/wp\/v2\/comments?post=2879"}],"version-history":[{"count":0,"href":"https:\/\/www.cetys.mx\/generosidad\/en\/wp-json\/wp\/v2\/pages\/2879\/revisions"}],"up":[{"embeddable":true,"href":"https:\/\/www.cetys.mx\/generosidad\/en\/wp-json\/wp\/v2\/pages\/1210"}],"wp:attachment":[{"href":"https:\/\/www.cetys.mx\/generosidad\/en\/wp-json\/wp\/v2\/media?parent=2879"}],"curies":[{"name":"wp","href":"https:\/\/api.w.org\/{rel}","templated":true}]}}