{"id":1196,"date":"2020-09-04T09:35:49","date_gmt":"2020-09-04T16:35:49","guid":{"rendered":"https:\/\/www.cetys.mx\/solidario\/?page_id=1196"},"modified":"2021-01-14T22:33:34","modified_gmt":"2021-01-15T06:33:34","slug":"fondo-de-becas","status":"publish","type":"page","link":"https:\/\/www.cetys.mx\/generosidad\/en\/campanas\/fondo-de-becas\/","title":{"rendered":"Fondo de Becas"},"content":{"rendered":"<p>[et_pb_section fb_built=\u00bb1&#8243; fullwidth=\u00bbon\u00bb _builder_version=\u00bb4.4.2&#8243;][et_pb_fullwidth_slider _builder_version=\u00bb4.4.2&#8243; custom_margin=\u00bb0px||0px||true|false\u00bb custom_padding=\u00bb250px||250px||true|false\u00bb custom_padding_tablet=\u00bb142px||142px||true|false\u00bb custom_padding_phone=\u00bb89px||89px||true|false\u00bb custom_padding_last_edited=\u00bbon|phone\u00bb][et_pb_slide use_bg_overlay=\u00bboff\u00bb use_text_overlay=\u00bboff\u00bb _builder_version=\u00bb4.4.2&#8243; header_level=\u00bbh2&#8243; header_font=\u00bb|700|||||||\u00bb background_image=\u00bbhttps:\/\/www.cetys.mx\/generosidad\/wp-content\/uploads\/2020\/09\/cetys-solidario-full-width-fondo-de-becas.png\u00bb background_enable_image=\u00bbon\u00bb custom_button=\u00bbon\u00bb button_bg_color=\u00bb#231f20&#8243; button_border_color=\u00bbrgba(0,0,0,0)\u00bb header_text_shadow_style=\u00bbpreset1&#8243; box_shadow_style_button=\u00bbpreset1&#8243; box_shadow_color_button=\u00bbrgba(0,0,0,0.5)\u00bb sticky_transition=\u00bbon\u00bb][\/et_pb_slide][\/et_pb_fullwidth_slider][\/et_pb_section][et_pb_section fb_built=\u00bb1&#8243; _builder_version=\u00bb4.4.2&#8243;][et_pb_row _builder_version=\u00bb4.4.2&#8243;][et_pb_column type=\u00bb4_4&#8243; _builder_version=\u00bb4.4.2&#8243;][et_pb_text _builder_version=\u00bb4.4.2&#8243;]<\/p>\n<h1 style=\"text-align: center;\">FONDO DE BECAS<\/h1>\n<p>[\/et_pb_text][et_pb_divider divider_weight=\u00bb2px\u00bb _builder_version=\u00bb4.4.2&#8243; width=\u00bb360px\u00bb module_alignment=\u00bbcenter\u00bb custom_margin=\u00bb-30px||||false|false\u00bb][\/et_pb_divider][\/et_pb_column][\/et_pb_row][et_pb_row column_structure=\u00bb1_2,1_2&#8243; _builder_version=\u00bb4.4.2&#8243;][et_pb_column type=\u00bb1_2&#8243; _builder_version=\u00bb4.4.2&#8243;][et_pb_code _builder_version=\u00bb4.4.2&#8243;]<script src=\"https:\/\/donorbox.org\/widget.js\" paypalexpress=\"true\"><\/script><iframe loading=\"lazy\" allowpaymentrequest=\"\" frameborder=\"0\" height=\"900px\" name=\"donorbox\" scrolling=\"no\" seamless=\"seamless\" src=\"https:\/\/donorbox.org\/embed\/fondo-de-becas\" style=\"max-width: 500px; min-width: 250px; max-height:none!important\" width=\"100%\"><\/iframe>[\/et_pb_code][\/et_pb_column][et_pb_column type=\u00bb1_2&#8243; _builder_version=\u00bb4.4.2&#8243;][et_pb_image src=\u00bbhttps:\/\/www.cetys.mx\/generosidad\/wp-content\/uploads\/2020\/09\/f140fe73-5300-43c7-be11-59c88d22e663.jpg\u00bb _builder_version=\u00bb4.4.2&#8243; width=\u00bb50%\u00bb module_alignment=\u00bbcenter\u00bb][\/et_pb_image][et_pb_text _builder_version=\u00bb4.6.6&#8243;]<\/p>\n<p><span style=\"font-family: Arial,Helvetica,sans-serif;\">En CETYS, ocho de cada diez estudiantes cuentan con apoyos financieros; esto es gracias a la comunidad CETYS que cree en la educaci\u00f3n, dejando un compromiso genuino con las generaciones futuras. <\/span><\/p>\n<p><span style=\"font-family: Arial,Helvetica,sans-serif;\">Te invitamos a apoyar transformando vidas de j\u00f3venes de recursos limitados con resultados acad\u00e9micos sobresalientes, y que tienen el \u00e1nimo de salir adelante. <\/span><\/p>\n<p><strong><span style=\"font-family: Arial,Helvetica,sans-serif;\">\u00a1Vamos juntos por la educaci\u00f3n!<\/span><\/strong><\/p>\n<p>[\/et_pb_text][\/et_pb_column][\/et_pb_row][\/et_pb_section][et_pb_section fb_built=\u00bb1&#8243; _builder_version=\u00bb4.4.2&#8243; background_color=\u00bb#f7d204&#8243;][et_pb_row _builder_version=\u00bb4.4.2&#8243;][et_pb_column type=\u00bb4_4&#8243; _builder_version=\u00bb4.4.2&#8243;][et_pb_contact_form email=\u00bbfilantropia@cetys.mx\u00bb title=\u00bbSuscr\u00edbete y sigue los avances de la campa\u00f1a\u00bb success_message=\u00bb\u00a1Gracias! Te estaremos enviando informaci\u00f3n sobre nuestros avances. \u00bb submit_button_text=\u00bbSuscribirme\u00bb _builder_version=\u00bb4.4.2&#8243; title_font=\u00bb|700|||||||\u00bb title_text_align=\u00bbcenter\u00bb custom_button=\u00bbon\u00bb button_bg_color=\u00bb#212020&#8243; global_module=\u00bb679&#8243; saved_tabs=\u00bball\u00bb][et_pb_contact_field field_id=\u00bbEmail\u00bb field_title=\u00bbCorreo electr\u00f3nico\u00bb field_type=\u00bbemail\u00bb fullwidth_field=\u00bbon\u00bb _builder_version=\u00bb4.4.2&#8243; button_text_size__hover_enabled=\u00bboff\u00bb button_one_text_size__hover_enabled=\u00bboff\u00bb button_two_text_size__hover_enabled=\u00bboff\u00bb button_text_color__hover_enabled=\u00bboff\u00bb button_one_text_color__hover_enabled=\u00bboff\u00bb button_two_text_color__hover_enabled=\u00bboff\u00bb button_border_width__hover_enabled=\u00bboff\u00bb button_one_border_width__hover_enabled=\u00bboff\u00bb button_two_border_width__hover_enabled=\u00bboff\u00bb button_border_color__hover_enabled=\u00bboff\u00bb button_one_border_color__hover_enabled=\u00bboff\u00bb button_two_border_color__hover_enabled=\u00bboff\u00bb button_border_radius__hover_enabled=\u00bboff\u00bb button_one_border_radius__hover_enabled=\u00bboff\u00bb button_two_border_radius__hover_enabled=\u00bboff\u00bb button_letter_spacing__hover_enabled=\u00bboff\u00bb button_one_letter_spacing__hover_enabled=\u00bboff\u00bb button_two_letter_spacing__hover_enabled=\u00bboff\u00bb button_bg_color__hover_enabled=\u00bboff\u00bb button_one_bg_color__hover_enabled=\u00bboff\u00bb button_two_bg_color__hover_enabled=\u00bboff\u00bb][\/et_pb_contact_field][\/et_pb_contact_form][\/et_pb_column][\/et_pb_row][\/et_pb_section]<\/p>","protected":false},"excerpt":{"rendered":"<p>FONDO DE BECASEn CETYS, ocho de cada diez estudiantes cuentan con apoyos financieros; esto es gracias a la comunidad CETYS que cree en la educaci\u00f3n, dejando un compromiso genuino con las generaciones futuras. Te invitamos a apoyar transformando vidas de j\u00f3venes de recursos limitados con resultados acad\u00e9micos sobresalientes, y que tienen el \u00e1nimo de salir [&hellip;]<\/p>","protected":false},"author":1,"featured_media":0,"parent":1185,"menu_order":0,"comment_status":"closed","ping_status":"closed","template":"","meta":{"_et_pb_use_builder":"on","_et_pb_old_content":"","_et_gb_content_width":"","footnotes":""},"class_list":["post-1196","page","type-page","status-publish","hentry"],"_links":{"self":[{"href":"https:\/\/www.cetys.mx\/generosidad\/en\/wp-json\/wp\/v2\/pages\/1196","targetHints":{"allow":["GET"]}}],"collection":[{"href":"https:\/\/www.cetys.mx\/generosidad\/en\/wp-json\/wp\/v2\/pages"}],"about":[{"href":"https:\/\/www.cetys.mx\/generosidad\/en\/wp-json\/wp\/v2\/types\/page"}],"author":[{"embeddable":true,"href":"https:\/\/www.cetys.mx\/generosidad\/en\/wp-json\/wp\/v2\/users\/1"}],"replies":[{"embeddable":true,"href":"https:\/\/www.cetys.mx\/generosidad\/en\/wp-json\/wp\/v2\/comments?post=1196"}],"version-history":[{"count":0,"href":"https:\/\/www.cetys.mx\/generosidad\/en\/wp-json\/wp\/v2\/pages\/1196\/revisions"}],"up":[{"embeddable":true,"href":"https:\/\/www.cetys.mx\/generosidad\/en\/wp-json\/wp\/v2\/pages\/1185"}],"wp:attachment":[{"href":"https:\/\/www.cetys.mx\/generosidad\/en\/wp-json\/wp\/v2\/media?parent=1196"}],"curies":[{"name":"wp","href":"https:\/\/api.w.org\/{rel}","templated":true}]}}