{"id":8615,"date":"2023-05-02T04:30:17","date_gmt":"2023-05-02T11:30:17","guid":{"rendered":"https:\/\/www.cetys.mx\/en\/?page_id=8615"},"modified":"2023-05-02T04:30:18","modified_gmt":"2023-05-02T11:30:18","slug":"directorio","status":"publish","type":"page","link":"https:\/\/www.cetys.mx\/en\/directorio\/","title":{"rendered":"Directorio"},"content":{"rendered":"\n<div style=\"height:50px\" aria-hidden=\"true\" class=\"wp-block-spacer\"><\/div>\n\n\n\n<h1 class=\"has-text-align-center wp-block-heading\">DIRECTORIO<\/h1>\n\n\n\n<p class=\"has-text-align-center\">\u00a1Ponte en contacto con nosotros!<br>Aqu\u00ed encontrar\u00e1s los datos de todos quienes formamos parte,<br>a trav\u00e9s de nuestro trabajo, de esta gran Familia CETYS.<\/p>\n\n\n\n<div style=\"height:50px\" aria-hidden=\"true\" class=\"wp-block-spacer\"><\/div>\n\n\n\n<p><strong>Directorio simplificado por departamento<\/strong><\/p>\n\n\n<div class=\"colmd-4\"><ul class=\"\" ><li><h3>A<\/h3><\/li><li><a href=\"https:\/\/www.cetys.mx\/en\/wp-json\/wp\/v2\/pages\/8615?departamento=acreditaciones-institucionales-y-efectividad\">Acreditaciones Institucionales y Efectividad<\/a><\/li><li><a href=\"https:\/\/www.cetys.mx\/en\/wp-json\/wp\/v2\/pages\/8615?departamento=administracion-y-finanzas\">Administraci\u00f3n y Finanzas<\/a><\/li><li><a href=\"https:\/\/www.cetys.mx\/en\/wp-json\/wp\/v2\/pages\/8615?departamento=administracion-y-negocios\">Administraci\u00f3n y Negocios<\/a><\/li><li><a href=\"https:\/\/www.cetys.mx\/en\/wp-json\/wp\/v2\/pages\/8615?departamento=admisiones\">Admisiones<\/a><\/li><li><a href=\"https:\/\/www.cetys.mx\/en\/wp-json\/wp\/v2\/pages\/8615?departamento=alumni\">Alumni<\/a><\/li><li><a href=\"https:\/\/www.cetys.mx\/en\/wp-json\/wp\/v2\/pages\/8615?departamento=asuntos-estudiantiles\">Asuntos Estudiantiles<\/a><\/li><li><a href=\"https:\/\/www.cetys.mx\/en\/wp-json\/wp\/v2\/pages\/8615?departamento=auditoria\">Auditor\u00eda<\/a><\/li><li><a href=\"https:\/\/www.cetys.mx\/en\/wp-json\/wp\/v2\/pages\/8615?departamento=avance-institucional\">Avance Institucional<\/a><\/li><\/ul><\/div><div class=\"colmd-4\"><ul class=\"\" ><li><h3>B<\/h3><\/li><li><a href=\"https:\/\/www.cetys.mx\/en\/wp-json\/wp\/v2\/pages\/8615?departamento=biblioteca\">Biblioteca<\/a><\/li><li><a href=\"https:\/\/www.cetys.mx\/en\/wp-json\/wp\/v2\/pages\/8615?departamento=bienestar-integral\">Bienestar Integral<\/a><\/li><\/ul><\/div><div class=\"colmd-4\"><ul class=\"\" ><li><h3>C<\/h3><\/li><li><a href=\"https:\/\/www.cetys.mx\/en\/wp-json\/wp\/v2\/pages\/8615?departamento=cafeteria\">Cafeter\u00eda<\/a><\/li><li><a href=\"https:\/\/www.cetys.mx\/en\/wp-json\/wp\/v2\/pages\/8615?departamento=cajas\">Cajas<\/a><\/li><li><a href=\"https:\/\/www.cetys.mx\/en\/wp-json\/wp\/v2\/pages\/8615?departamento=centro-de-admision-y-servicios-al-estudiante\">Centro de Admisi\u00f3n y Servicios al Estudiante<\/a><\/li><li><a href=\"https:\/\/www.cetys.mx\/en\/wp-json\/wp\/v2\/pages\/8615?departamento=centro-de-apoyo-y-orientacion-psicologica\">Centro de Apoyo y Orientaci\u00f3n Psicol\u00f3gica<\/a><\/li><li><a href=\"https:\/\/www.cetys.mx\/en\/wp-json\/wp\/v2\/pages\/8615?departamento=centro-de-asesoria-legal\">Centro de Asesor\u00eda Legal<\/a><\/li><li><a href=\"https:\/\/www.cetys.mx\/en\/wp-json\/wp\/v2\/pages\/8615?departamento=centro-de-desarrollo-estudiantil\">Centro de Desarrollo Estudiantil<\/a><\/li><li><a href=\"https:\/\/www.cetys.mx\/en\/wp-json\/wp\/v2\/pages\/8615?departamento=centro-de-desarrollo-y-mejoramiento-academico\">Centro de Desarrollo y Mejoramiento Acad\u00e9mico<\/a><\/li><li><a href=\"https:\/\/www.cetys.mx\/en\/wp-json\/wp\/v2\/pages\/8615?departamento=cevit\">Centro de Estudios Vitivin\u00edcolas (CEVIT)<\/a><\/li><li><a href=\"https:\/\/www.cetys.mx\/en\/wp-json\/wp\/v2\/pages\/8615?departamento=centro-de-excelencia-en-competitividad-y-emprendimiento\">Centro de Excelencia en Competitividad y Emprendimiento<\/a><\/li><li><a href=\"https:\/\/www.cetys.mx\/en\/wp-json\/wp\/v2\/pages\/8615?departamento=centro-de-excelencia-en-desarrollo-humano-y-social\">Centro de Excelencia en Desarrollo Humano y Social<\/a><\/li><li><a href=\"https:\/\/www.cetys.mx\/en\/wp-json\/wp\/v2\/pages\/8615?departamento=centro-de-idiomas\">Centro de Idiomas<\/a><\/li><li><a href=\"https:\/\/www.cetys.mx\/en\/wp-json\/wp\/v2\/pages\/8615?departamento=centro-de-innovacion-y-dise\u00f1o\">Centro de Innovaci\u00f3n y Dise\u00f1o<\/a><\/li><li><a href=\"https:\/\/www.cetys.mx\/en\/wp-json\/wp\/v2\/pages\/8615?departamento=ciencias-sociales-y-humanidades\">Ciencias Sociales y Humanidades<\/a><\/li><li><a href=\"https:\/\/www.cetys.mx\/en\/wp-json\/wp\/v2\/pages\/8615?departamento=compras\">Compras<\/a><\/li><li><a href=\"https:\/\/www.cetys.mx\/en\/wp-json\/wp\/v2\/pages\/8615?departamento=comunicacion-institucional\">Comunicaci\u00f3n Institucional<\/a><\/li><li><a href=\"https:\/\/www.cetys.mx\/en\/wp-json\/wp\/v2\/pages\/8615?departamento=comunicacion-y-relaciones-publicas\">Comunicaci\u00f3n y Relaciones P\u00fablicas<\/a><\/li><li><a href=\"https:\/\/www.cetys.mx\/en\/wp-json\/wp\/v2\/pages\/8615?departamento=contabilidad\">Contabilidad<\/a><\/li><li><a href=\"https:\/\/www.cetys.mx\/en\/wp-json\/wp\/v2\/pages\/8615?departamento=contraloria\">Contraloria<\/a><\/li><li><a href=\"https:\/\/www.cetys.mx\/en\/wp-json\/wp\/v2\/pages\/8615?departamento=credito-educativo-con-eu\">Cr\u00e9dito Educativo con EU<\/a><\/li><\/ul><\/div><div class=\"colmd-4\"><ul class=\"\" ><li><h3>D<\/h3><\/li><li><a href=\"https:\/\/www.cetys.mx\/en\/wp-json\/wp\/v2\/pages\/8615?departamento=deportes\">Deportes<\/a><\/li><li><a href=\"https:\/\/www.cetys.mx\/en\/wp-json\/wp\/v2\/pages\/8615?departamento=derecho\">Derecho<\/a><\/li><li><a href=\"https:\/\/www.cetys.mx\/en\/wp-json\/wp\/v2\/pages\/8615?departamento=desarrollo-y-promocion-academica\">Desarrollo y Promoci\u00f3n Acad\u00e9mica<\/a><\/li><li><a href=\"https:\/\/www.cetys.mx\/en\/wp-json\/wp\/v2\/pages\/8615?departamento=difusion-cultural\">Difusi\u00f3n Cultural<\/a><\/li><li><a href=\"https:\/\/www.cetys.mx\/en\/wp-json\/wp\/v2\/pages\/8615?departamento=direccion-academica\">Direcci\u00f3n Acad\u00e9mica<\/a><\/li><li><a href=\"https:\/\/www.cetys.mx\/en\/wp-json\/wp\/v2\/pages\/8615?departamento=direccion-campus-ensenada\">Direcci\u00f3n Campus Ensenada<\/a><\/li><li><a href=\"https:\/\/www.cetys.mx\/en\/wp-json\/wp\/v2\/pages\/8615?departamento=direccion-campus-mexicali\">Direcci\u00f3n Campus Mexicali<\/a><\/li><li><a href=\"https:\/\/www.cetys.mx\/en\/wp-json\/wp\/v2\/pages\/8615?departamento=direccion-campus-tijuana\">Direcci\u00f3n Campus Tijuana<\/a><\/li><\/ul><\/div><div class=\"colmd-4\"><ul class=\"\" ><li><h3>E<\/h3><\/li><li><a href=\"https:\/\/www.cetys.mx\/en\/wp-json\/wp\/v2\/pages\/8615?departamento=edificio-de-didactica-aplicada-(dat)-luis-fimbres-moreno\">Edificio de Did\u00e1ctica Aplicada (DAT) \"Luis Fimbres Moreno\"<\/a><\/li><li><a href=\"https:\/\/www.cetys.mx\/en\/wp-json\/wp\/v2\/pages\/8615?departamento=extension-y-educacion-continua\">Extensi\u00f3n y Educaci\u00f3n Continua<\/a><\/li><\/ul><\/div><div class=\"colmd-4\"><ul class=\"\" ><li><h3>F<\/h3><\/li><li><a href=\"https:\/\/www.cetys.mx\/en\/wp-json\/wp\/v2\/pages\/8615?departamento=finanzas-estudiantiles\">Finanzas Estudiantiles<\/a><\/li><li><a href=\"https:\/\/www.cetys.mx\/en\/wp-json\/wp\/v2\/pages\/8615?departamento=formacion-integral-del-profesorado\">Formaci\u00f3n Integral del Profesorado<\/a><\/li><\/ul><\/div><div class=\"colmd-4\"><ul class=\"\" ><li><h3>I<\/h3><\/li><li><a href=\"https:\/\/www.cetys.mx\/en\/wp-json\/wp\/v2\/pages\/8615?departamento=incubadora-de-negocios\">Incubadora de Negocios<\/a><\/li><li><a href=\"https:\/\/www.cetys.mx\/en\/wp-json\/wp\/v2\/pages\/8615?departamento=informatica\">Inform\u00e1tica<\/a><\/li><li><a href=\"https:\/\/www.cetys.mx\/en\/wp-json\/wp\/v2\/pages\/8615?departamento=ingenieria\">Ingenier\u00eda<\/a><\/li><li><a href=\"https:\/\/www.cetys.mx\/en\/wp-json\/wp\/v2\/pages\/8615?departamento=investigacion\">Investigaci\u00f3n<\/a><\/li><\/ul><\/div><div class=\"colmd-4\"><ul class=\"\" ><li><h3>L<\/h3><\/li><li><a href=\"https:\/\/www.cetys.mx\/en\/wp-json\/wp\/v2\/pages\/8615?departamento=laboratorio-de-ciencias\">Laboratorio de Ciencias<\/a><\/li><li><a href=\"https:\/\/www.cetys.mx\/en\/wp-json\/wp\/v2\/pages\/8615?departamento=laboratorios-del-cat\">Laboratorios del CAT<\/a><\/li><li><a href=\"https:\/\/www.cetys.mx\/en\/wp-json\/wp\/v2\/pages\/8615?departamento=liderazgo-estudiantil\">Liderazgo Estudiantil<\/a><\/li><\/ul><\/div><div class=\"colmd-4\"><ul class=\"\" ><li><h3>M<\/h3><\/li><li><a href=\"https:\/\/www.cetys.mx\/en\/wp-json\/wp\/v2\/pages\/8615?departamento=mantenimiento\">Mantenimiento<\/a><\/li><\/ul><\/div><div class=\"colmd-4\"><ul class=\"\" ><li><h3>O<\/h3><\/li><li><a href=\"https:\/\/www.cetys.mx\/en\/wp-json\/wp\/v2\/pages\/8615?departamento=operacion-academica\">Operaci\u00f3n Acad\u00e9mica<\/a><\/li><\/ul><\/div><div class=\"colmd-4\"><ul class=\"\" ><li><h3>P<\/h3><\/li><li><a href=\"https:\/\/www.cetys.mx\/en\/wp-json\/wp\/v2\/pages\/8615?departamento=papeleria\">Papeler\u00eda<\/a><\/li><li><a href=\"https:\/\/www.cetys.mx\/en\/wp-json\/wp\/v2\/pages\/8615?departamento=patrimonio\">Patrimonio<\/a><\/li><li><a href=\"https:\/\/www.cetys.mx\/en\/wp-json\/wp\/v2\/pages\/8615?departamento=patrimonio-y-compras\">Patrimonio y Compras<\/a><\/li><li><a href=\"https:\/\/www.cetys.mx\/en\/wp-json\/wp\/v2\/pages\/8615?departamento=planta-fisica\">Planta F\u00edsica<\/a><\/li><li><a href=\"https:\/\/www.cetys.mx\/en\/wp-json\/wp\/v2\/pages\/8615?departamento=posgrado\">Posgrado<\/a><\/li><li><a href=\"https:\/\/www.cetys.mx\/en\/wp-json\/wp\/v2\/pages\/8615?departamento=preparatoria\">Preparatoria<\/a><\/li><li><a href=\"https:\/\/www.cetys.mx\/en\/wp-json\/wp\/v2\/pages\/8615?departamento=programas-internacionales\">Programas Internacionales<\/a><\/li><li><a href=\"https:\/\/www.cetys.mx\/en\/wp-json\/wp\/v2\/pages\/8615?departamento=psicologia\">Psicolog\u00eda<\/a><\/li><\/ul><\/div><div class=\"colmd-4\"><ul class=\"\" ><li><h3>R<\/h3><\/li><li><a href=\"https:\/\/www.cetys.mx\/en\/wp-json\/wp\/v2\/pages\/8615?departamento=rectoria\">Rector\u00eda<\/a><\/li><li><a href=\"https:\/\/www.cetys.mx\/en\/wp-json\/wp\/v2\/pages\/8615?departamento=recursos-humanos\">Recursos Humanos<\/a><\/li><li><a href=\"https:\/\/www.cetys.mx\/en\/wp-json\/wp\/v2\/pages\/8615?departamento=relaciones-internacionales\">Relaciones Internacionales<\/a><\/li><\/ul><\/div><div class=\"colmd-4\"><ul class=\"\" ><li><h3>S<\/h3><\/li><li><a href=\"https:\/\/www.cetys.mx\/en\/wp-json\/wp\/v2\/pages\/8615?departamento=sala-de-videoconferencia\">Sala de Videoconferencia<\/a><\/li><li><a href=\"https:\/\/www.cetys.mx\/en\/wp-json\/wp\/v2\/pages\/8615?departamento=seguridad-y-proteccion-civil\">Seguridad y Protecci\u00f3n Civil<\/a><\/li><li><a href=\"https:\/\/www.cetys.mx\/en\/wp-json\/wp\/v2\/pages\/8615?departamento=servicio-social-y-practicas-profesionales\">Servicio Social y Pr\u00e1cticas Profesionales<\/a><\/li><li><a href=\"https:\/\/www.cetys.mx\/en\/wp-json\/wp\/v2\/pages\/8615?departamento=servicios-escolares\">Servicios Escolares<\/a><\/li><li><a href=\"https:\/\/www.cetys.mx\/en\/wp-json\/wp\/v2\/pages\/8615?departamento=servicios-medicos\">Servicios M\u00e9dicos<\/a><\/li><li><a href=\"https:\/\/www.cetys.mx\/en\/wp-json\/wp\/v2\/pages\/8615?departamento=sorteos\">Sorteos<\/a><\/li><\/ul><\/div><div class=\"colmd-4\"><ul class=\"\" ><li><h3>V<\/h3><\/li><li><a href=\"https:\/\/www.cetys.mx\/en\/wp-json\/wp\/v2\/pages\/8615?departamento=vicerrectoria-academica\">Vicerrector\u00eda Acad\u00e9mica<\/a><\/li><li><a href=\"https:\/\/www.cetys.mx\/en\/wp-json\/wp\/v2\/pages\/8615?departamento=vicerrectoria-academica\">Vicerrectoria Acad\u00e9mica<\/a><\/li><li><a href=\"https:\/\/www.cetys.mx\/en\/wp-json\/wp\/v2\/pages\/8615?departamento=vicerrectoria-administrativa\">Vicerrector\u00eda Administrativa<\/a><\/li><li><a href=\"https:\/\/www.cetys.mx\/en\/wp-json\/wp\/v2\/pages\/8615?departamento=vicerrectoria-de-desarrollo-y-experiencia-estudiantil-vdee\">Vicerrector\u00eda de Desarrollo y Experiencia Estudiantil (VDEE)<\/a><\/li><li><a href=\"https:\/\/www.cetys.mx\/en\/wp-json\/wp\/v2\/pages\/8615?departamento=vinculacion\">Vinculaci\u00f3n<\/a><\/li> <style>\n\n .empleado_list{\n }\n\n  .empleado_cont{\n    width: 23%;\n    display: inline-grid;\n    margin: 10px;\n    margin-top: 15px;\n    margin-bottom: 15px;\n  }\n\n  .empleado_datos h4{\n    font-weight: bold;\n  }\n\n  .empleado_foto img\n  {\n    border-width: 1px;\n    border-radius: 64px;\n  }\n\n  .colmd-4\n  {\n    width: 23%;\n    padding: 5px;\n    display: inline-flex;\n\n  }\n\n  .colmd-4 ul{\n    list-style: none;\n  }\n\n  .colmd-4 ul li a{\n    font-weight: normal;\n    text-decoration: underline;\n  }\n\n <\/style>\n\n \n\n\n\n<div style=\"height:50px\" aria-hidden=\"true\" class=\"wp-block-spacer\"><\/div>\n\n\n\n<p class=\"has-text-align-right\" style=\"font-size:16px\">\u00bfBuscas a alguien en particular? Comun\u00edcate al conmutador de cada campus<br><strong>Mexicali<\/strong>: +52 (686) 567-3700<br><strong>Tijuana<\/strong>: +52 (664) 903-1800<br><strong>Ensenada<\/strong>: +52 (646) 222-2300<\/p>\n\n\n\n<p class=\"has-text-align-right\" style=\"font-size:16px\">\u00bfEncuentras alg\u00fan error en la informaci\u00f3n? M\u00e1ndanos un correo a <strong>webmaster@cetys.mx<\/strong><\/p>\n\n\n\n<div style=\"height:50px\" aria-hidden=\"true\" class=\"wp-block-spacer\"><\/div>\n","protected":false},"excerpt":{"rendered":"<p>DIRECTORIO \u00a1Ponte en contacto con nosotros!Aqu\u00ed encontrar\u00e1s los datos de todos quienes formamos parte,a trav\u00e9s de nuestro trabajo, de esta gran Familia CETYS. Directorio simplificado por departamento \u00bfBuscas a alguien en particular? Comun\u00edcate al conmutador de cada campusMexicali: +52 (686) 567-3700Tijuana: +52 (664) 903-1800Ensenada: +52 (646) 222-2300 \u00bfEncuentras alg\u00fan error en la informaci\u00f3n? M\u00e1ndanos un<\/p>\n","protected":false},"author":4,"featured_media":0,"parent":0,"menu_order":0,"comment_status":"closed","ping_status":"closed","template":"tpl-general-container.php","meta":{"footnotes":""},"class_list":["post-8615","page","type-page","status-publish","hentry"],"acf":[],"yoast_head":"<!-- This site is optimized with the Yoast SEO plugin v27.5 - https:\/\/yoast.com\/product\/yoast-seo-wordpress\/ -->\n<title>Directorio - CETYS Universidad<\/title>\n<meta name=\"robots\" content=\"index, follow, max-snippet:-1, max-image-preview:large, max-video-preview:-1\" \/>\n<link rel=\"canonical\" href=\"https:\/\/www.cetys.mx\/en\/directorio\/\" \/>\n<meta property=\"og:locale\" content=\"en_US\" \/>\n<meta property=\"og:type\" content=\"article\" \/>\n<meta property=\"og:title\" content=\"Directorio - CETYS Universidad\" \/>\n<meta property=\"og:description\" content=\"DIRECTORIO \u00a1Ponte en contacto con nosotros!Aqu\u00ed encontrar\u00e1s los datos de todos quienes formamos parte,a trav\u00e9s de nuestro trabajo, de esta gran Familia CETYS. Directorio simplificado por departamento \u00bfBuscas a alguien en particular? Comun\u00edcate al conmutador de cada campusMexicali: +52 (686) 567-3700Tijuana: +52 (664) 903-1800Ensenada: +52 (646) 222-2300 \u00bfEncuentras alg\u00fan error en la informaci\u00f3n? M\u00e1ndanos un\" \/>\n<meta property=\"og:url\" content=\"https:\/\/www.cetys.mx\/en\/directorio\/\" \/>\n<meta property=\"og:site_name\" content=\"CETYS Universidad\" \/>\n<meta property=\"article:modified_time\" content=\"2023-05-02T11:30:18+00:00\" \/>\n<meta name=\"twitter:card\" content=\"summary_large_image\" \/>\n<meta name=\"twitter:label1\" content=\"Est. reading time\" \/>\n\t<meta name=\"twitter:data1\" content=\"1 minute\" \/>\n<script type=\"application\/ld+json\" class=\"yoast-schema-graph\">{\"@context\":\"https:\\\/\\\/schema.org\",\"@graph\":[{\"@type\":\"WebPage\",\"@id\":\"https:\\\/\\\/www.cetys.mx\\\/en\\\/directorio\\\/\",\"url\":\"https:\\\/\\\/www.cetys.mx\\\/en\\\/directorio\\\/\",\"name\":\"Directorio - CETYS Universidad\",\"isPartOf\":{\"@id\":\"https:\\\/\\\/www.cetys.mx\\\/en\\\/#website\"},\"datePublished\":\"2023-05-02T11:30:17+00:00\",\"dateModified\":\"2023-05-02T11:30:18+00:00\",\"breadcrumb\":{\"@id\":\"https:\\\/\\\/www.cetys.mx\\\/en\\\/directorio\\\/#breadcrumb\"},\"inLanguage\":\"en-US\",\"potentialAction\":[{\"@type\":\"ReadAction\",\"target\":[\"https:\\\/\\\/www.cetys.mx\\\/en\\\/directorio\\\/\"]}]},{\"@type\":\"BreadcrumbList\",\"@id\":\"https:\\\/\\\/www.cetys.mx\\\/en\\\/directorio\\\/#breadcrumb\",\"itemListElement\":[{\"@type\":\"ListItem\",\"position\":1,\"name\":\"Portada\",\"item\":\"https:\\\/\\\/www.cetys.mx\\\/en\\\/\"},{\"@type\":\"ListItem\",\"position\":2,\"name\":\"Directorio\"}]},{\"@type\":\"WebSite\",\"@id\":\"https:\\\/\\\/www.cetys.mx\\\/en\\\/#website\",\"url\":\"https:\\\/\\\/www.cetys.mx\\\/en\\\/\",\"name\":\"CETYS Universidad\",\"description\":\"\",\"publisher\":{\"@id\":\"https:\\\/\\\/www.cetys.mx\\\/en\\\/#organization\"},\"potentialAction\":[{\"@type\":\"SearchAction\",\"target\":{\"@type\":\"EntryPoint\",\"urlTemplate\":\"https:\\\/\\\/www.cetys.mx\\\/en\\\/?s={search_term_string}\"},\"query-input\":{\"@type\":\"PropertyValueSpecification\",\"valueRequired\":true,\"valueName\":\"search_term_string\"}}],\"inLanguage\":\"en-US\"},{\"@type\":\"Organization\",\"@id\":\"https:\\\/\\\/www.cetys.mx\\\/en\\\/#organization\",\"name\":\"CETYS Universidad\",\"url\":\"https:\\\/\\\/www.cetys.mx\\\/en\\\/\",\"logo\":{\"@type\":\"ImageObject\",\"inLanguage\":\"en-US\",\"@id\":\"https:\\\/\\\/www.cetys.mx\\\/en\\\/#\\\/schema\\\/logo\\\/image\\\/\",\"url\":\"https:\\\/\\\/www.cetys.mx\\\/en\\\/wp-content\\\/uploads\\\/2022\\\/09\\\/Logotipo-blanco.png\",\"contentUrl\":\"https:\\\/\\\/www.cetys.mx\\\/en\\\/wp-content\\\/uploads\\\/2022\\\/09\\\/Logotipo-blanco.png\",\"width\":792,\"height\":612,\"caption\":\"CETYS Universidad\"},\"image\":{\"@id\":\"https:\\\/\\\/www.cetys.mx\\\/en\\\/#\\\/schema\\\/logo\\\/image\\\/\"}}]}<\/script>\n<!-- \/ Yoast SEO plugin. -->","yoast_head_json":{"title":"Directorio - CETYS Universidad","robots":{"index":"index","follow":"follow","max-snippet":"max-snippet:-1","max-image-preview":"max-image-preview:large","max-video-preview":"max-video-preview:-1"},"canonical":"https:\/\/www.cetys.mx\/en\/directorio\/","og_locale":"en_US","og_type":"article","og_title":"Directorio - CETYS Universidad","og_description":"DIRECTORIO \u00a1Ponte en contacto con nosotros!Aqu\u00ed encontrar\u00e1s los datos de todos quienes formamos parte,a trav\u00e9s de nuestro trabajo, de esta gran Familia CETYS. Directorio simplificado por departamento \u00bfBuscas a alguien en particular? Comun\u00edcate al conmutador de cada campusMexicali: +52 (686) 567-3700Tijuana: +52 (664) 903-1800Ensenada: +52 (646) 222-2300 \u00bfEncuentras alg\u00fan error en la informaci\u00f3n? M\u00e1ndanos un","og_url":"https:\/\/www.cetys.mx\/en\/directorio\/","og_site_name":"CETYS Universidad","article_modified_time":"2023-05-02T11:30:18+00:00","twitter_card":"summary_large_image","twitter_misc":{"Est. reading time":"1 minute"},"schema":{"@context":"https:\/\/schema.org","@graph":[{"@type":"WebPage","@id":"https:\/\/www.cetys.mx\/en\/directorio\/","url":"https:\/\/www.cetys.mx\/en\/directorio\/","name":"Directorio - CETYS Universidad","isPartOf":{"@id":"https:\/\/www.cetys.mx\/en\/#website"},"datePublished":"2023-05-02T11:30:17+00:00","dateModified":"2023-05-02T11:30:18+00:00","breadcrumb":{"@id":"https:\/\/www.cetys.mx\/en\/directorio\/#breadcrumb"},"inLanguage":"en-US","potentialAction":[{"@type":"ReadAction","target":["https:\/\/www.cetys.mx\/en\/directorio\/"]}]},{"@type":"BreadcrumbList","@id":"https:\/\/www.cetys.mx\/en\/directorio\/#breadcrumb","itemListElement":[{"@type":"ListItem","position":1,"name":"Portada","item":"https:\/\/www.cetys.mx\/en\/"},{"@type":"ListItem","position":2,"name":"Directorio"}]},{"@type":"WebSite","@id":"https:\/\/www.cetys.mx\/en\/#website","url":"https:\/\/www.cetys.mx\/en\/","name":"CETYS Universidad","description":"","publisher":{"@id":"https:\/\/www.cetys.mx\/en\/#organization"},"potentialAction":[{"@type":"SearchAction","target":{"@type":"EntryPoint","urlTemplate":"https:\/\/www.cetys.mx\/en\/?s={search_term_string}"},"query-input":{"@type":"PropertyValueSpecification","valueRequired":true,"valueName":"search_term_string"}}],"inLanguage":"en-US"},{"@type":"Organization","@id":"https:\/\/www.cetys.mx\/en\/#organization","name":"CETYS Universidad","url":"https:\/\/www.cetys.mx\/en\/","logo":{"@type":"ImageObject","inLanguage":"en-US","@id":"https:\/\/www.cetys.mx\/en\/#\/schema\/logo\/image\/","url":"https:\/\/www.cetys.mx\/en\/wp-content\/uploads\/2022\/09\/Logotipo-blanco.png","contentUrl":"https:\/\/www.cetys.mx\/en\/wp-content\/uploads\/2022\/09\/Logotipo-blanco.png","width":792,"height":612,"caption":"CETYS Universidad"},"image":{"@id":"https:\/\/www.cetys.mx\/en\/#\/schema\/logo\/image\/"}}]}},"_links":{"self":[{"href":"https:\/\/www.cetys.mx\/en\/wp-json\/wp\/v2\/pages\/8615","targetHints":{"allow":["GET"]}}],"collection":[{"href":"https:\/\/www.cetys.mx\/en\/wp-json\/wp\/v2\/pages"}],"about":[{"href":"https:\/\/www.cetys.mx\/en\/wp-json\/wp\/v2\/types\/page"}],"author":[{"embeddable":true,"href":"https:\/\/www.cetys.mx\/en\/wp-json\/wp\/v2\/users\/4"}],"replies":[{"embeddable":true,"href":"https:\/\/www.cetys.mx\/en\/wp-json\/wp\/v2\/comments?post=8615"}],"version-history":[{"count":1,"href":"https:\/\/www.cetys.mx\/en\/wp-json\/wp\/v2\/pages\/8615\/revisions"}],"predecessor-version":[{"id":8616,"href":"https:\/\/www.cetys.mx\/en\/wp-json\/wp\/v2\/pages\/8615\/revisions\/8616"}],"wp:attachment":[{"href":"https:\/\/www.cetys.mx\/en\/wp-json\/wp\/v2\/media?parent=8615"}],"curies":[{"name":"wp","href":"https:\/\/api.w.org\/{rel}","templated":true}]}}