{"id":4987,"date":"2021-09-22T23:36:41","date_gmt":"2021-09-23T06:36:41","guid":{"rendered":"https:\/\/www.cetys.mx\/educon\/?page_id=4987"},"modified":"2025-12-24T10:27:57","modified_gmt":"2025-12-24T18:27:57","slug":"oferta-octubre-mexicali","status":"publish","type":"page","link":"https:\/\/www.cetys.mx\/educon\/oferta-octubre-mexicali\/","title":{"rendered":"Oferta Octubre &#8211; Mexicali"},"content":{"rendered":"\t\t<div data-elementor-type=\"wp-page\" data-elementor-id=\"4987\" class=\"elementor elementor-4987\">\n\t\t\t\t\t\t<div class=\"elementor-inner\">\n\t\t\t\t<div class=\"elementor-section-wrap\">\n\t\t\t\t\t\t\t\t\t<section data-dce-background-overlay-color=\"#FFFFFF00\" data-dce-background-image-url=\"https:\/\/www.cetys.mx\/educon\/wp-content\/uploads\/2021\/09\/brunette-woman-typing-email-laptop-computer-while-sitting-home-selective-focus-hand-scaled.jpg\" class=\"elementor-section elementor-top-section elementor-element elementor-element-84e11ef elementor-section-height-min-height elementor-section-items-bottom elementor-section-boxed elementor-section-height-default\" data-id=\"84e11ef\" data-element_type=\"section\" data-settings=\"{&quot;background_background&quot;:&quot;classic&quot;}\">\n\t\t\t\t\t\t\t<div class=\"elementor-background-overlay\"><\/div>\n\t\t\t\t\t\t\t<div class=\"elementor-container elementor-column-gap-default\">\n\t\t\t\t\t\t\t<div class=\"elementor-row\">\n\t\t\t\t\t<div class=\"elementor-column elementor-col-100 elementor-top-column elementor-element elementor-element-184e26e\" data-id=\"184e26e\" data-element_type=\"column\" data-settings=\"{&quot;animation&quot;:&quot;none&quot;}\">\n\t\t\t<div class=\"elementor-column-wrap elementor-element-populated\">\n\t\t\t\t\t\t\t<div class=\"elementor-widget-wrap\">\n\t\t\t\t\t\t<div class=\"elementor-element elementor-element-a392ac6 elementor-invisible elementor-widget elementor-widget-text-editor\" data-id=\"a392ac6\" data-element_type=\"widget\" data-settings=\"{&quot;_animation&quot;:&quot;fadeInLeft&quot;}\" data-widget_type=\"text-editor.default\">\n\t\t\t\t<div class=\"elementor-widget-container\">\n\t\t\t\t\t\t\t\t<div class=\"elementor-text-editor elementor-clearfix\">\n\t\t\t\t<p>campus mexicali<\/p>\t\t\t\t\t<\/div>\n\t\t\t\t\t\t<\/div>\n\t\t\t\t<\/div>\n\t\t\t\t<div class=\"elementor-element elementor-element-ceea92e elementor-invisible elementor-widget elementor-widget-heading\" data-id=\"ceea92e\" data-element_type=\"widget\" data-settings=\"{&quot;_animation&quot;:&quot;fadeInUp&quot;,&quot;_animation_delay&quot;:1000}\" data-widget_type=\"heading.default\">\n\t\t\t\t<div class=\"elementor-widget-container\">\n\t\t\t<h1 class=\"elementor-heading-title elementor-size-default\">Oferta Educativa - Octubre 2026<\/h1>\t\t<\/div>\n\t\t\t\t<\/div>\n\t\t\t\t<div class=\"elementor-element elementor-element-fae6512 elementor-invisible elementor-widget elementor-widget-text-editor\" data-id=\"fae6512\" data-element_type=\"widget\" data-settings=\"{&quot;_animation&quot;:&quot;fadeIn&quot;,&quot;_animation_delay&quot;:1500}\" data-widget_type=\"text-editor.default\">\n\t\t\t\t<div class=\"elementor-widget-container\">\n\t\t\t\t\t\t\t\t<div class=\"elementor-text-editor elementor-clearfix\">\n\t\t\t\t<p>\u00a1Ve m\u00e1s all\u00e1 de un grado acad\u00e9mico! Encuentra el programa de estudio adecuado para el futuro de tu carrera profesional.<\/p>\t\t\t\t\t<\/div>\n\t\t\t\t\t\t<\/div>\n\t\t\t\t<\/div>\n\t\t\t\t\t\t<\/div>\n\t\t\t\t\t<\/div>\n\t\t<\/div>\n\t\t\t\t\t\t\t\t<\/div>\n\t\t\t\t\t<\/div>\n\t\t<\/section>\n\t\t\t\t<section class=\"elementor-section elementor-top-section elementor-element elementor-element-f1296ff elementor-section-boxed elementor-section-height-default elementor-section-height-default\" data-id=\"f1296ff\" data-element_type=\"section\">\n\t\t\t\t\t\t<div class=\"elementor-container elementor-column-gap-default\">\n\t\t\t\t\t\t\t<div class=\"elementor-row\">\n\t\t\t\t\t<div class=\"elementor-column elementor-col-100 elementor-top-column elementor-element elementor-element-48a0341\" data-id=\"48a0341\" data-element_type=\"column\">\n\t\t\t<div class=\"elementor-column-wrap elementor-element-populated\">\n\t\t\t\t\t\t\t<div class=\"elementor-widget-wrap\">\n\t\t\t\t\t\t<div class=\"elementor-element elementor-element-1e01f74 elementor-widget elementor-widget-text-editor\" data-id=\"1e01f74\" data-element_type=\"widget\" data-widget_type=\"text-editor.default\">\n\t\t\t\t<div class=\"elementor-widget-container\">\n\t\t\t\t\t\t\t\t<div class=\"elementor-text-editor elementor-clearfix\">\n\t\t\t\t<p>OFERTA OCTUBRE 2026<\/p>\t\t\t\t\t<\/div>\n\t\t\t\t\t\t<\/div>\n\t\t\t\t<\/div>\n\t\t\t\t<div class=\"elementor-element elementor-element-e27ce36 elementor-widget elementor-widget-heading\" data-id=\"e27ce36\" data-element_type=\"widget\" data-widget_type=\"heading.default\">\n\t\t\t\t<div class=\"elementor-widget-container\">\n\t\t\t<h1 class=\"elementor-heading-title elementor-size-default\">Cursos<\/h1>\t\t<\/div>\n\t\t\t\t<\/div>\n\t\t\t\t<div class=\"elementor-element elementor-element-41e2457 elementor-grid-4 elementor-posts--thumbnail-top elementor-grid-tablet-2 elementor-grid-mobile-1 elementor-widget elementor-widget-posts\" data-id=\"41e2457\" data-element_type=\"widget\" data-settings=\"{&quot;custom_columns&quot;:&quot;4&quot;,&quot;custom_columns_tablet&quot;:&quot;2&quot;,&quot;custom_columns_mobile&quot;:&quot;1&quot;,&quot;custom_row_gap&quot;:{&quot;unit&quot;:&quot;px&quot;,&quot;size&quot;:35,&quot;sizes&quot;:[]},&quot;custom_row_gap_tablet&quot;:{&quot;unit&quot;:&quot;px&quot;,&quot;size&quot;:&quot;&quot;,&quot;sizes&quot;:[]},&quot;custom_row_gap_mobile&quot;:{&quot;unit&quot;:&quot;px&quot;,&quot;size&quot;:&quot;&quot;,&quot;sizes&quot;:[]}}\" data-widget_type=\"posts.custom\">\n\t\t\t\t<div class=\"elementor-widget-container\">\n\t\t\t      <div class=\"ecs-posts elementor-posts-container elementor-posts   elementor-grid elementor-posts--skin-custom\" data-settings=\"{&quot;current_page&quot;:1,&quot;max_num_pages&quot;:0,&quot;load_method&quot;:&quot;&quot;,&quot;widget_id&quot;:&quot;41e2457&quot;,&quot;post_id&quot;:4987,&quot;theme_id&quot;:4987,&quot;change_url&quot;:false,&quot;reinit_js&quot;:false}\">\n      <div class=\"elementor-posts-nothing-found\"><\/div>\t\t<\/div>\n\t\t\t\t<\/div>\n\t\t\t\t<\/div>\n\t\t\t\t\t\t<\/div>\n\t\t\t\t\t<\/div>\n\t\t<\/div>\n\t\t\t\t\t\t\t\t<\/div>\n\t\t\t\t\t<\/div>\n\t\t<\/section>\n\t\t\t\t<section class=\"elementor-section elementor-top-section elementor-element elementor-element-f2dca05 elementor-section-boxed elementor-section-height-default elementor-section-height-default\" data-id=\"f2dca05\" data-element_type=\"section\">\n\t\t\t\t\t\t<div class=\"elementor-container elementor-column-gap-default\">\n\t\t\t\t\t\t\t<div class=\"elementor-row\">\n\t\t\t\t\t<div class=\"elementor-column elementor-col-100 elementor-top-column elementor-element elementor-element-58aff2a\" data-id=\"58aff2a\" data-element_type=\"column\">\n\t\t\t<div class=\"elementor-column-wrap elementor-element-populated\">\n\t\t\t\t\t\t\t<div class=\"elementor-widget-wrap\">\n\t\t\t\t\t\t<div class=\"elementor-element elementor-element-e55f06a elementor-widget elementor-widget-heading\" data-id=\"e55f06a\" data-element_type=\"widget\" data-widget_type=\"heading.default\">\n\t\t\t\t<div class=\"elementor-widget-container\">\n\t\t\t<h1 class=\"elementor-heading-title elementor-size-default\">Diplomados<\/h1>\t\t<\/div>\n\t\t\t\t<\/div>\n\t\t\t\t<div class=\"elementor-element elementor-element-9e3a1d2 elementor-grid-4 elementor-posts--thumbnail-top elementor-grid-tablet-2 elementor-grid-mobile-1 elementor-widget elementor-widget-posts\" data-id=\"9e3a1d2\" data-element_type=\"widget\" data-settings=\"{&quot;custom_columns&quot;:&quot;4&quot;,&quot;custom_columns_tablet&quot;:&quot;2&quot;,&quot;custom_columns_mobile&quot;:&quot;1&quot;,&quot;custom_row_gap&quot;:{&quot;unit&quot;:&quot;px&quot;,&quot;size&quot;:35,&quot;sizes&quot;:[]},&quot;custom_row_gap_tablet&quot;:{&quot;unit&quot;:&quot;px&quot;,&quot;size&quot;:&quot;&quot;,&quot;sizes&quot;:[]},&quot;custom_row_gap_mobile&quot;:{&quot;unit&quot;:&quot;px&quot;,&quot;size&quot;:&quot;&quot;,&quot;sizes&quot;:[]}}\" data-widget_type=\"posts.custom\">\n\t\t\t\t<div class=\"elementor-widget-container\">\n\t\t\t      <div class=\"ecs-posts elementor-posts-container elementor-posts   elementor-grid elementor-posts--skin-custom\" data-settings=\"{&quot;current_page&quot;:1,&quot;max_num_pages&quot;:0,&quot;load_method&quot;:&quot;&quot;,&quot;widget_id&quot;:&quot;9e3a1d2&quot;,&quot;post_id&quot;:4987,&quot;theme_id&quot;:4987,&quot;change_url&quot;:false,&quot;reinit_js&quot;:false}\">\n      <div class=\"elementor-posts-nothing-found\"><\/div>\t\t<\/div>\n\t\t\t\t<\/div>\n\t\t\t\t<\/div>\n\t\t\t\t\t\t<\/div>\n\t\t\t\t\t<\/div>\n\t\t<\/div>\n\t\t\t\t\t\t\t\t<\/div>\n\t\t\t\t\t<\/div>\n\t\t<\/section>\n\t\t\t\t<section class=\"elementor-section elementor-top-section elementor-element elementor-element-684ab6c elementor-section-boxed elementor-section-height-default elementor-section-height-default\" data-id=\"684ab6c\" data-element_type=\"section\">\n\t\t\t\t\t\t<div class=\"elementor-container elementor-column-gap-default\">\n\t\t\t\t\t\t\t<div class=\"elementor-row\">\n\t\t\t\t\t<div class=\"elementor-column elementor-col-100 elementor-top-column elementor-element elementor-element-f6f45fb\" data-id=\"f6f45fb\" data-element_type=\"column\">\n\t\t\t<div class=\"elementor-column-wrap elementor-element-populated\">\n\t\t\t\t\t\t\t<div class=\"elementor-widget-wrap\">\n\t\t\t\t\t\t<div class=\"elementor-element elementor-element-1a8cbb0 elementor-widget elementor-widget-heading\" data-id=\"1a8cbb0\" data-element_type=\"widget\" data-widget_type=\"heading.default\">\n\t\t\t\t<div class=\"elementor-widget-container\">\n\t\t\t<h1 class=\"elementor-heading-title elementor-size-default\">Certificaciones<\/h1>\t\t<\/div>\n\t\t\t\t<\/div>\n\t\t\t\t<div class=\"elementor-element elementor-element-13bc9ff elementor-grid-4 elementor-posts--thumbnail-top elementor-grid-tablet-2 elementor-grid-mobile-1 elementor-widget elementor-widget-posts\" data-id=\"13bc9ff\" data-element_type=\"widget\" data-settings=\"{&quot;custom_columns&quot;:&quot;4&quot;,&quot;custom_columns_tablet&quot;:&quot;2&quot;,&quot;custom_columns_mobile&quot;:&quot;1&quot;,&quot;custom_row_gap&quot;:{&quot;unit&quot;:&quot;px&quot;,&quot;size&quot;:35,&quot;sizes&quot;:[]},&quot;custom_row_gap_tablet&quot;:{&quot;unit&quot;:&quot;px&quot;,&quot;size&quot;:&quot;&quot;,&quot;sizes&quot;:[]},&quot;custom_row_gap_mobile&quot;:{&quot;unit&quot;:&quot;px&quot;,&quot;size&quot;:&quot;&quot;,&quot;sizes&quot;:[]}}\" data-widget_type=\"posts.custom\">\n\t\t\t\t<div class=\"elementor-widget-container\">\n\t\t\t      <div class=\"ecs-posts elementor-posts-container elementor-posts   elementor-grid elementor-posts--skin-custom\" data-settings=\"{&quot;current_page&quot;:1,&quot;max_num_pages&quot;:0,&quot;load_method&quot;:&quot;&quot;,&quot;widget_id&quot;:&quot;13bc9ff&quot;,&quot;post_id&quot;:4987,&quot;theme_id&quot;:4987,&quot;change_url&quot;:false,&quot;reinit_js&quot;:false}\">\n      <div class=\"elementor-posts-nothing-found\"><\/div>\t\t<\/div>\n\t\t\t\t<\/div>\n\t\t\t\t<\/div>\n\t\t\t\t\t\t<\/div>\n\t\t\t\t\t<\/div>\n\t\t<\/div>\n\t\t\t\t\t\t\t\t<\/div>\n\t\t\t\t\t<\/div>\n\t\t<\/section>\n\t\t\t\t<section class=\"elementor-section elementor-top-section elementor-element elementor-element-a747742 elementor-section-boxed elementor-section-height-default elementor-section-height-default\" data-id=\"a747742\" data-element_type=\"section\">\n\t\t\t\t\t\t<div class=\"elementor-container elementor-column-gap-default\">\n\t\t\t\t\t\t\t<div class=\"elementor-row\">\n\t\t\t\t\t<div class=\"elementor-column elementor-col-100 elementor-top-column elementor-element elementor-element-385dee5\" data-id=\"385dee5\" data-element_type=\"column\">\n\t\t\t<div class=\"elementor-column-wrap elementor-element-populated\">\n\t\t\t\t\t\t\t<div class=\"elementor-widget-wrap\">\n\t\t\t\t\t\t<div class=\"elementor-element elementor-element-95766a1 elementor-widget elementor-widget-heading\" data-id=\"95766a1\" data-element_type=\"widget\" data-widget_type=\"heading.default\">\n\t\t\t\t<div class=\"elementor-widget-container\">\n\t\t\t<h1 class=\"elementor-heading-title elementor-size-default\">Talleres<\/h1>\t\t<\/div>\n\t\t\t\t<\/div>\n\t\t\t\t<div class=\"elementor-element elementor-element-144efb7 elementor-grid-4 elementor-posts--thumbnail-top elementor-grid-tablet-2 elementor-grid-mobile-1 elementor-widget elementor-widget-posts\" data-id=\"144efb7\" data-element_type=\"widget\" data-settings=\"{&quot;custom_columns&quot;:&quot;4&quot;,&quot;custom_columns_tablet&quot;:&quot;2&quot;,&quot;custom_columns_mobile&quot;:&quot;1&quot;,&quot;custom_row_gap&quot;:{&quot;unit&quot;:&quot;px&quot;,&quot;size&quot;:35,&quot;sizes&quot;:[]},&quot;custom_row_gap_tablet&quot;:{&quot;unit&quot;:&quot;px&quot;,&quot;size&quot;:&quot;&quot;,&quot;sizes&quot;:[]},&quot;custom_row_gap_mobile&quot;:{&quot;unit&quot;:&quot;px&quot;,&quot;size&quot;:&quot;&quot;,&quot;sizes&quot;:[]}}\" data-widget_type=\"posts.custom\">\n\t\t\t\t<div class=\"elementor-widget-container\">\n\t\t\t      <div class=\"ecs-posts elementor-posts-container elementor-posts   elementor-grid elementor-posts--skin-custom\" data-settings=\"{&quot;current_page&quot;:1,&quot;max_num_pages&quot;:0,&quot;load_method&quot;:&quot;&quot;,&quot;widget_id&quot;:&quot;144efb7&quot;,&quot;post_id&quot;:4987,&quot;theme_id&quot;:4987,&quot;change_url&quot;:false,&quot;reinit_js&quot;:false}\">\n      <div class=\"elementor-posts-nothing-found\"><\/div>\t\t<\/div>\n\t\t\t\t<\/div>\n\t\t\t\t<\/div>\n\t\t\t\t\t\t<\/div>\n\t\t\t\t\t<\/div>\n\t\t<\/div>\n\t\t\t\t\t\t\t\t<\/div>\n\t\t\t\t\t<\/div>\n\t\t<\/section>\n\t\t\t\t\t\t\t\t\t<\/div>\n\t\t\t<\/div>\n\t\t\t\t\t<\/div>\n\t\t","protected":false},"excerpt":{"rendered":"<p>campus mexicali Oferta Educativa &#8211; Octubre 2026 \u00a1Ve m\u00e1s all\u00e1 de un grado acad\u00e9mico! Encuentra el programa de estudio adecuado para el futuro de tu carrera profesional. OFERTA OCTUBRE 2026 Cursos Diplomados Certificaciones Talleres<\/p>\n","protected":false},"author":1,"featured_media":4876,"parent":0,"menu_order":0,"comment_status":"closed","ping_status":"closed","template":"","meta":{"footnotes":""},"class_list":["post-4987","page","type-page","status-publish","has-post-thumbnail","hentry"],"acf":[],"yoast_head":"<!-- This site is optimized with the Yoast SEO plugin v20.9 - https:\/\/yoast.com\/wordpress\/plugins\/seo\/ -->\n<title>Oferta Octubre - Mexicali - CETYS Educaci\u00f3n Continua<\/title>\n<meta name=\"description\" content=\"\u00a1Conoce nuestras certificaciones, cursos, diplomados y talleres de octubre 2021!\" \/>\n<meta name=\"robots\" content=\"index, follow, max-snippet:-1, max-image-preview:large, max-video-preview:-1\" \/>\n<link rel=\"canonical\" href=\"https:\/\/www.cetys.mx\/educon\/oferta-octubre-mexicali\/\" \/>\n<meta property=\"og:locale\" content=\"es_MX\" \/>\n<meta property=\"og:type\" content=\"article\" \/>\n<meta property=\"og:title\" content=\"Oferta Octubre - Mexicali - CETYS Educaci\u00f3n Continua\" \/>\n<meta property=\"og:description\" content=\"\u00a1Conoce nuestras certificaciones, cursos, diplomados y talleres de octubre 2021!\" \/>\n<meta property=\"og:url\" content=\"https:\/\/www.cetys.mx\/educon\/oferta-octubre-mexicali\/\" \/>\n<meta property=\"og:site_name\" content=\"CETYS Educaci\u00f3n Continua\" \/>\n<meta property=\"article:modified_time\" content=\"2025-12-24T18:27:57+00:00\" \/>\n<meta property=\"og:image\" content=\"https:\/\/www.cetys.mx\/educon\/wp-content\/uploads\/2021\/08\/business-man-owner-company-office-scaled.jpg\" \/>\n\t<meta property=\"og:image:width\" content=\"1800\" \/>\n\t<meta property=\"og:image:height\" content=\"1200\" \/>\n\t<meta property=\"og:image:type\" content=\"image\/jpeg\" \/>\n<meta name=\"twitter:card\" content=\"summary_large_image\" \/>\n<meta name=\"twitter:label1\" content=\"Tiempo de lectura\" \/>\n\t<meta name=\"twitter:data1\" content=\"3 minutos\" \/>\n<script type=\"application\/ld+json\" class=\"yoast-schema-graph\">{\"@context\":\"https:\/\/schema.org\",\"@graph\":[{\"@type\":\"WebPage\",\"@id\":\"https:\/\/www.cetys.mx\/educon\/oferta-octubre-mexicali\/\",\"url\":\"https:\/\/www.cetys.mx\/educon\/oferta-octubre-mexicali\/\",\"name\":\"Oferta Octubre - Mexicali - CETYS Educaci\u00f3n Continua\",\"isPartOf\":{\"@id\":\"https:\/\/www.cetys.mx\/educon\/#website\"},\"datePublished\":\"2021-09-23T06:36:41+00:00\",\"dateModified\":\"2025-12-24T18:27:57+00:00\",\"description\":\"\u00a1Conoce nuestras certificaciones, cursos, diplomados y talleres de octubre 2021!\",\"breadcrumb\":{\"@id\":\"https:\/\/www.cetys.mx\/educon\/oferta-octubre-mexicali\/#breadcrumb\"},\"inLanguage\":\"es\",\"potentialAction\":[{\"@type\":\"ReadAction\",\"target\":[\"https:\/\/www.cetys.mx\/educon\/oferta-octubre-mexicali\/\"]}]},{\"@type\":\"BreadcrumbList\",\"@id\":\"https:\/\/www.cetys.mx\/educon\/oferta-octubre-mexicali\/#breadcrumb\",\"itemListElement\":[{\"@type\":\"ListItem\",\"position\":1,\"name\":\"Home\",\"item\":\"https:\/\/www.cetys.mx\/educon\/\"},{\"@type\":\"ListItem\",\"position\":2,\"name\":\"Oferta Octubre &#8211; Mexicali\"}]},{\"@type\":\"WebSite\",\"@id\":\"https:\/\/www.cetys.mx\/educon\/#website\",\"url\":\"https:\/\/www.cetys.mx\/educon\/\",\"name\":\"CETYS Educaci\u00f3n Continua\",\"description\":\"\",\"potentialAction\":[{\"@type\":\"SearchAction\",\"target\":{\"@type\":\"EntryPoint\",\"urlTemplate\":\"https:\/\/www.cetys.mx\/educon\/?s={search_term_string}\"},\"query-input\":\"required name=search_term_string\"}],\"inLanguage\":\"es\"}]}<\/script>\n<!-- \/ Yoast SEO plugin. -->","yoast_head_json":{"title":"Oferta Octubre - Mexicali - CETYS Educaci\u00f3n Continua","description":"\u00a1Conoce nuestras certificaciones, cursos, diplomados y talleres de octubre 2021!","robots":{"index":"index","follow":"follow","max-snippet":"max-snippet:-1","max-image-preview":"max-image-preview:large","max-video-preview":"max-video-preview:-1"},"canonical":"https:\/\/www.cetys.mx\/educon\/oferta-octubre-mexicali\/","og_locale":"es_MX","og_type":"article","og_title":"Oferta Octubre - Mexicali - CETYS Educaci\u00f3n Continua","og_description":"\u00a1Conoce nuestras certificaciones, cursos, diplomados y talleres de octubre 2021!","og_url":"https:\/\/www.cetys.mx\/educon\/oferta-octubre-mexicali\/","og_site_name":"CETYS Educaci\u00f3n Continua","article_modified_time":"2025-12-24T18:27:57+00:00","og_image":[{"width":1800,"height":1200,"url":"https:\/\/www.cetys.mx\/educon\/wp-content\/uploads\/2021\/08\/business-man-owner-company-office-scaled.jpg","type":"image\/jpeg"}],"twitter_card":"summary_large_image","twitter_misc":{"Tiempo de lectura":"3 minutos"},"schema":{"@context":"https:\/\/schema.org","@graph":[{"@type":"WebPage","@id":"https:\/\/www.cetys.mx\/educon\/oferta-octubre-mexicali\/","url":"https:\/\/www.cetys.mx\/educon\/oferta-octubre-mexicali\/","name":"Oferta Octubre - Mexicali - CETYS Educaci\u00f3n Continua","isPartOf":{"@id":"https:\/\/www.cetys.mx\/educon\/#website"},"datePublished":"2021-09-23T06:36:41+00:00","dateModified":"2025-12-24T18:27:57+00:00","description":"\u00a1Conoce nuestras certificaciones, cursos, diplomados y talleres de octubre 2021!","breadcrumb":{"@id":"https:\/\/www.cetys.mx\/educon\/oferta-octubre-mexicali\/#breadcrumb"},"inLanguage":"es","potentialAction":[{"@type":"ReadAction","target":["https:\/\/www.cetys.mx\/educon\/oferta-octubre-mexicali\/"]}]},{"@type":"BreadcrumbList","@id":"https:\/\/www.cetys.mx\/educon\/oferta-octubre-mexicali\/#breadcrumb","itemListElement":[{"@type":"ListItem","position":1,"name":"Home","item":"https:\/\/www.cetys.mx\/educon\/"},{"@type":"ListItem","position":2,"name":"Oferta Octubre &#8211; Mexicali"}]},{"@type":"WebSite","@id":"https:\/\/www.cetys.mx\/educon\/#website","url":"https:\/\/www.cetys.mx\/educon\/","name":"CETYS Educaci\u00f3n Continua","description":"","potentialAction":[{"@type":"SearchAction","target":{"@type":"EntryPoint","urlTemplate":"https:\/\/www.cetys.mx\/educon\/?s={search_term_string}"},"query-input":"required name=search_term_string"}],"inLanguage":"es"}]}},"_links":{"self":[{"href":"https:\/\/www.cetys.mx\/educon\/wp-json\/wp\/v2\/pages\/4987","targetHints":{"allow":["GET"]}}],"collection":[{"href":"https:\/\/www.cetys.mx\/educon\/wp-json\/wp\/v2\/pages"}],"about":[{"href":"https:\/\/www.cetys.mx\/educon\/wp-json\/wp\/v2\/types\/page"}],"author":[{"embeddable":true,"href":"https:\/\/www.cetys.mx\/educon\/wp-json\/wp\/v2\/users\/1"}],"replies":[{"embeddable":true,"href":"https:\/\/www.cetys.mx\/educon\/wp-json\/wp\/v2\/comments?post=4987"}],"version-history":[{"count":34,"href":"https:\/\/www.cetys.mx\/educon\/wp-json\/wp\/v2\/pages\/4987\/revisions"}],"predecessor-version":[{"id":8042,"href":"https:\/\/www.cetys.mx\/educon\/wp-json\/wp\/v2\/pages\/4987\/revisions\/8042"}],"wp:featuredmedia":[{"embeddable":true,"href":"https:\/\/www.cetys.mx\/educon\/wp-json\/wp\/v2\/media\/4876"}],"wp:attachment":[{"href":"https:\/\/www.cetys.mx\/educon\/wp-json\/wp\/v2\/media?parent=4987"}],"curies":[{"name":"wp","href":"https:\/\/api.w.org\/{rel}","templated":true}]}}