{"id":2742,"date":"2020-12-04T17:19:06","date_gmt":"2020-12-05T01:19:06","guid":{"rendered":"http:\/\/www.manifestomarketing.mx\/?page_id=2742"},"modified":"2020-12-08T11:14:51","modified_gmt":"2020-12-08T19:14:51","slug":"solicitud-de-inscripcion-ensenada","status":"publish","type":"page","link":"https:\/\/www.cetys.mx\/educon\/solicitud-de-inscripcion-ensenada\/","title":{"rendered":"Solicitud de Inscripci\u00f3n &#8211; Ensenada"},"content":{"rendered":"\t\t<div data-elementor-type=\"wp-page\" data-elementor-id=\"2742\" class=\"elementor elementor-2742\">\n\t\t\t\t\t\t<div class=\"elementor-inner\">\n\t\t\t\t<div class=\"elementor-section-wrap\">\n\t\t\t\t\t\t\t\t\t<section class=\"elementor-section elementor-top-section elementor-element elementor-element-a868790 elementor-section-boxed elementor-section-height-default elementor-section-height-default\" data-id=\"a868790\" data-element_type=\"section\">\n\t\t\t\t\t\t<div class=\"elementor-container elementor-column-gap-default\">\n\t\t\t\t\t\t\t<div class=\"elementor-row\">\n\t\t\t\t\t<div class=\"elementor-column elementor-col-100 elementor-top-column elementor-element elementor-element-2b7ee30\" data-id=\"2b7ee30\" data-element_type=\"column\">\n\t\t\t<div class=\"elementor-column-wrap elementor-element-populated\">\n\t\t\t\t\t\t\t<div class=\"elementor-widget-wrap\">\n\t\t\t\t\t\t<div class=\"elementor-element elementor-element-7782ecb elementor-widget elementor-widget-spacer\" data-id=\"7782ecb\" data-element_type=\"widget\" data-widget_type=\"spacer.default\">\n\t\t\t\t<div class=\"elementor-widget-container\">\n\t\t\t\t\t<div class=\"elementor-spacer\">\n\t\t\t<div class=\"elementor-spacer-inner\"><\/div>\n\t\t<\/div>\n\t\t\t\t<\/div>\n\t\t\t\t<\/div>\n\t\t\t\t<div class=\"elementor-element elementor-element-ec8b1e5 elementor-hidden-phone dce_masking-none elementor-widget elementor-widget-image\" data-id=\"ec8b1e5\" data-element_type=\"widget\" data-widget_type=\"image.default\">\n\t\t\t\t<div class=\"elementor-widget-container\">\n\t\t\t\t\t\t\t\t<div class=\"elementor-image\">\n\t\t\t\t\t\t\t\t\t\t\t\t<img loading=\"lazy\" decoding=\"async\" width=\"800\" height=\"800\" src=\"https:\/\/www.cetys.mx\/educon\/wp-content\/uploads\/2020\/12\/logo-educon-negro.svg\" class=\"attachment-large size-large wp-image-2661\" alt=\"\" srcset=\"https:\/\/www.cetys.mx\/educon\/wp-content\/uploads\/\/2020\/12\/logo-educon-negro.svg 150w, https:\/\/www.cetys.mx\/educon\/wp-content\/uploads\/\/2020\/12\/logo-educon-negro.svg 300w, https:\/\/www.cetys.mx\/educon\/wp-content\/uploads\/\/2020\/12\/logo-educon-negro.svg 1024w\" sizes=\"auto, (max-width: 800px) 100vw, 800px\" \/>\t\t\t\t\t\t\t\t\t\t\t\t\t\t<\/div>\n\t\t\t\t\t\t<\/div>\n\t\t\t\t<\/div>\n\t\t\t\t<div class=\"elementor-element elementor-element-6064a76 elementor-hidden-phone elementor-widget elementor-widget-spacer\" data-id=\"6064a76\" data-element_type=\"widget\" data-widget_type=\"spacer.default\">\n\t\t\t\t<div class=\"elementor-widget-container\">\n\t\t\t\t\t<div class=\"elementor-spacer\">\n\t\t\t<div class=\"elementor-spacer-inner\"><\/div>\n\t\t<\/div>\n\t\t\t\t<\/div>\n\t\t\t\t<\/div>\n\t\t\t\t<div class=\"elementor-element elementor-element-7a4f7d2 elementor-widget elementor-widget-heading\" data-id=\"7a4f7d2\" data-element_type=\"widget\" data-widget_type=\"heading.default\">\n\t\t\t\t<div class=\"elementor-widget-container\">\n\t\t\t<h2 class=\"elementor-heading-title elementor-size-default\">Solicitud de Inscripci\u00f3n - Ensenada<\/h2>\t\t<\/div>\n\t\t\t\t<\/div>\n\t\t\t\t<div class=\"elementor-element elementor-element-521f943 elementor-widget elementor-widget-text-editor\" data-id=\"521f943\" data-element_type=\"widget\" data-settings=\"{&quot;_animation&quot;:&quot;none&quot;,&quot;_animation_delay&quot;:1500}\" data-widget_type=\"text-editor.default\">\n\t\t\t\t<div class=\"elementor-widget-container\">\n\t\t\t\t\t\t\t\t<div class=\"elementor-text-editor elementor-clearfix\">\n\t\t\t\t<p>Por favor verifica que los datos que ingreses se encuentren actualizados ya que estos ser\u00e1n utilizados para tus documentos e inscripci\u00f3n.<\/p><p>NOTA.- Los campos marcados con asterisco (*) son obligatorios.<\/p>\t\t\t\t\t<\/div>\n\t\t\t\t\t\t<\/div>\n\t\t\t\t<\/div>\n\t\t\t\t<div class=\"elementor-element elementor-element-4ab06bb elementor-widget elementor-widget-text-editor\" data-id=\"4ab06bb\" data-element_type=\"widget\" data-widget_type=\"text-editor.default\">\n\t\t\t\t<div class=\"elementor-widget-container\">\n\t\t\t\t\t\t\t\t<div class=\"elementor-text-editor elementor-clearfix\">\n\t\t\t\t<p><strong>ESTA SOLICITUD ES EXCLUSIVAMENTE PARA PROGRAMAS OFRECIDOS EN ENSENADA<\/strong><\/p>\t\t\t\t\t<\/div>\n\t\t\t\t\t\t<\/div>\n\t\t\t\t<\/div>\n\t\t\t\t<div class=\"elementor-element elementor-element-ea88bc5 elementor-widget elementor-widget-html\" data-id=\"ea88bc5\" data-element_type=\"widget\" data-widget_type=\"html.default\">\n\t\t\t\t<div class=\"elementor-widget-container\">\n\t\t\t\r\n    <iframe\r\n      id=\"JotFormIFrame-91357584970873\"\r\n      title=\"SOLICITUD DE INSCRIPCI\u00d3N - Ensenada\"\r\n      onload=\"window.parent.scrollTo(0,0)\"\r\n      allowtransparency=\"true\"\r\n      allowfullscreen=\"true\"\r\n      allow=\"geolocation; microphone; camera\"\r\n      src=\"https:\/\/form.jotform.co\/91357584970873\"\r\n      frameborder=\"0\"\r\n      style=\"\r\n      min-width: 100%;\r\n      height:539px;\r\n      border:none;\"\r\n      scrolling=\"no\"\r\n    >\r\n    <\/iframe>\r\n    <script type=\"text\/javascript\">\r\n      var ifr = document.getElementById(\"JotFormIFrame-91357584970873\");\r\n      if(window.location.href && window.location.href.indexOf(\"?\") > -1) {\r\n        var get = window.location.href.substr(window.location.href.indexOf(\"?\") + 1);\r\n        if(ifr && get.length > 0) {\r\n          var src = ifr.src;\r\n          src = src.indexOf(\"?\") > -1 ? src + \"&\" + get : src  + \"?\" + get;\r\n          ifr.src = src;\r\n          ifr.src += (ifr.src.indexOf(\"?\") > -1 ? \"&\" : \"?\") + \"isIframeEmbed=1\";\r\n        }\r\n      }\r\n      window.handleIFrameMessage = function(e) {\r\n        if (typeof e.data === 'object') { return; }\r\n        var args = e.data.split(\":\");\r\n        if (args.length > 2) { iframe = document.getElementById(\"JotFormIFrame-\" + args[(args.length - 1)]); } else { iframe = document.getElementById(\"JotFormIFrame\"); }\r\n        if (!iframe) { return; }\r\n        switch (args[0]) {\r\n          case \"scrollIntoView\":\r\n            iframe.scrollIntoView();\r\n            break;\r\n          case \"setHeight\":\r\n            iframe.style.height = args[1] + \"px\";\r\n            break;\r\n          case \"collapseErrorPage\":\r\n            if (iframe.clientHeight > window.innerHeight) {\r\n              iframe.style.height = window.innerHeight + \"px\";\r\n            }\r\n            break;\r\n          case \"reloadPage\":\r\n            window.location.reload();\r\n            break;\r\n          case \"loadScript\":\r\n            var src = args[1];\r\n            if (args.length > 3) {\r\n                src = args[1] + ':' + args[2];\r\n            }\r\n            var script = document.createElement('script');\r\n            script.src = src;\r\n            script.type = 'text\/javascript';\r\n            document.body.appendChild(script);\r\n            break;\r\n          case \"exitFullscreen\":\r\n            if      (window.document.exitFullscreen)        window.document.exitFullscreen();\r\n            else if (window.document.mozCancelFullScreen)   window.document.mozCancelFullScreen();\r\n            else if (window.document.mozCancelFullscreen)   window.document.mozCancelFullScreen();\r\n            else if (window.document.webkitExitFullscreen)  window.document.webkitExitFullscreen();\r\n            else if (window.document.msExitFullscreen)      window.document.msExitFullscreen();\r\n            break;\r\n        }\r\n        var isJotForm = (e.origin.indexOf(\"jotform\") > -1) ? true : false;\r\n        if(isJotForm && \"contentWindow\" in iframe && \"postMessage\" in iframe.contentWindow) {\r\n          var urls = {\"docurl\":encodeURIComponent(document.URL),\"referrer\":encodeURIComponent(document.referrer)};\r\n          iframe.contentWindow.postMessage(JSON.stringify({\"type\":\"urls\",\"value\":urls}), \"*\");\r\n        }\r\n      };\r\n      if (window.addEventListener) {\r\n        window.addEventListener(\"message\", handleIFrameMessage, false);\r\n      } else if (window.attachEvent) {\r\n        window.attachEvent(\"onmessage\", handleIFrameMessage);\r\n      }\r\n      <\/script>\t\t<\/div>\n\t\t\t\t<\/div>\n\t\t\t\t<div class=\"elementor-element elementor-element-0e01d3d elementor-widget elementor-widget-spacer\" data-id=\"0e01d3d\" data-element_type=\"widget\" data-widget_type=\"spacer.default\">\n\t\t\t\t<div class=\"elementor-widget-container\">\n\t\t\t\t\t<div class=\"elementor-spacer\">\n\t\t\t<div class=\"elementor-spacer-inner\"><\/div>\n\t\t<\/div>\n\t\t\t\t<\/div>\n\t\t\t\t<\/div>\n\t\t\t\t\t\t<\/div>\n\t\t\t\t\t<\/div>\n\t\t<\/div>\n\t\t\t\t\t\t\t\t<\/div>\n\t\t\t\t\t<\/div>\n\t\t<\/section>\n\t\t\t\t\t\t\t\t\t<\/div>\n\t\t\t<\/div>\n\t\t\t\t\t<\/div>\n\t\t","protected":false},"excerpt":{"rendered":"<p>Solicitud de Inscripci\u00f3n &#8211; Ensenada Por favor verifica que los datos que ingreses se encuentren actualizados ya que estos ser\u00e1n utilizados para tus documentos e inscripci\u00f3n. NOTA.- Los campos marcados con asterisco (*) son obligatorios. ESTA SOLICITUD ES EXCLUSIVAMENTE PARA PROGRAMAS OFRECIDOS EN ENSENADA<\/p>\n","protected":false},"author":1,"featured_media":0,"parent":0,"menu_order":0,"comment_status":"closed","ping_status":"closed","template":"","meta":{"footnotes":""},"class_list":["post-2742","page","type-page","status-publish","hentry"],"acf":[],"yoast_head":"<!-- This site is optimized with the Yoast SEO plugin v20.9 - https:\/\/yoast.com\/wordpress\/plugins\/seo\/ -->\n<title>Solicitud de Inscripci\u00f3n - Ensenada - CETYS Educaci\u00f3n Continua<\/title>\n<meta name=\"robots\" content=\"index, follow, max-snippet:-1, max-image-preview:large, max-video-preview:-1\" \/>\n<link rel=\"canonical\" href=\"https:\/\/www.cetys.mx\/educon\/solicitud-de-inscripcion-ensenada\/\" \/>\n<meta property=\"og:locale\" content=\"es_MX\" \/>\n<meta property=\"og:type\" content=\"article\" \/>\n<meta property=\"og:title\" content=\"Solicitud de Inscripci\u00f3n - Ensenada - CETYS Educaci\u00f3n Continua\" \/>\n<meta property=\"og:description\" content=\"Solicitud de Inscripci\u00f3n &#8211; Ensenada Por favor verifica que los datos que ingreses se encuentren actualizados ya que estos ser\u00e1n utilizados para tus documentos e inscripci\u00f3n. NOTA.- Los campos marcados con asterisco (*) son obligatorios. ESTA SOLICITUD ES EXCLUSIVAMENTE PARA PROGRAMAS OFRECIDOS EN ENSENADA\" \/>\n<meta property=\"og:url\" content=\"https:\/\/www.cetys.mx\/educon\/solicitud-de-inscripcion-ensenada\/\" \/>\n<meta property=\"og:site_name\" content=\"CETYS Educaci\u00f3n Continua\" \/>\n<meta property=\"article:modified_time\" content=\"2020-12-08T19:14:51+00:00\" \/>\n<meta property=\"og:image\" content=\"https:\/\/www.cetys.mx\/educon\/wp-content\/uploads\/2020\/12\/logo-educon-negro.svg\" \/>\n<meta name=\"twitter:card\" content=\"summary_large_image\" \/>\n<script type=\"application\/ld+json\" class=\"yoast-schema-graph\">{\"@context\":\"https:\/\/schema.org\",\"@graph\":[{\"@type\":\"WebPage\",\"@id\":\"https:\/\/www.cetys.mx\/educon\/solicitud-de-inscripcion-ensenada\/\",\"url\":\"https:\/\/www.cetys.mx\/educon\/solicitud-de-inscripcion-ensenada\/\",\"name\":\"Solicitud de Inscripci\u00f3n - Ensenada - CETYS Educaci\u00f3n Continua\",\"isPartOf\":{\"@id\":\"https:\/\/www.cetys.mx\/educon\/#website\"},\"datePublished\":\"2020-12-05T01:19:06+00:00\",\"dateModified\":\"2020-12-08T19:14:51+00:00\",\"breadcrumb\":{\"@id\":\"https:\/\/www.cetys.mx\/educon\/solicitud-de-inscripcion-ensenada\/#breadcrumb\"},\"inLanguage\":\"es\",\"potentialAction\":[{\"@type\":\"ReadAction\",\"target\":[\"https:\/\/www.cetys.mx\/educon\/solicitud-de-inscripcion-ensenada\/\"]}]},{\"@type\":\"BreadcrumbList\",\"@id\":\"https:\/\/www.cetys.mx\/educon\/solicitud-de-inscripcion-ensenada\/#breadcrumb\",\"itemListElement\":[{\"@type\":\"ListItem\",\"position\":1,\"name\":\"Home\",\"item\":\"https:\/\/www.cetys.mx\/educon\/\"},{\"@type\":\"ListItem\",\"position\":2,\"name\":\"Solicitud de Inscripci\u00f3n &#8211; Ensenada\"}]},{\"@type\":\"WebSite\",\"@id\":\"https:\/\/www.cetys.mx\/educon\/#website\",\"url\":\"https:\/\/www.cetys.mx\/educon\/\",\"name\":\"CETYS Educaci\u00f3n Continua\",\"description\":\"\",\"potentialAction\":[{\"@type\":\"SearchAction\",\"target\":{\"@type\":\"EntryPoint\",\"urlTemplate\":\"https:\/\/www.cetys.mx\/educon\/?s={search_term_string}\"},\"query-input\":\"required name=search_term_string\"}],\"inLanguage\":\"es\"}]}<\/script>\n<!-- \/ Yoast SEO plugin. -->","yoast_head_json":{"title":"Solicitud de Inscripci\u00f3n - Ensenada - CETYS Educaci\u00f3n Continua","robots":{"index":"index","follow":"follow","max-snippet":"max-snippet:-1","max-image-preview":"max-image-preview:large","max-video-preview":"max-video-preview:-1"},"canonical":"https:\/\/www.cetys.mx\/educon\/solicitud-de-inscripcion-ensenada\/","og_locale":"es_MX","og_type":"article","og_title":"Solicitud de Inscripci\u00f3n - Ensenada - CETYS Educaci\u00f3n Continua","og_description":"Solicitud de Inscripci\u00f3n &#8211; Ensenada Por favor verifica que los datos que ingreses se encuentren actualizados ya que estos ser\u00e1n utilizados para tus documentos e inscripci\u00f3n. NOTA.- Los campos marcados con asterisco (*) son obligatorios. ESTA SOLICITUD ES EXCLUSIVAMENTE PARA PROGRAMAS OFRECIDOS EN ENSENADA","og_url":"https:\/\/www.cetys.mx\/educon\/solicitud-de-inscripcion-ensenada\/","og_site_name":"CETYS Educaci\u00f3n Continua","article_modified_time":"2020-12-08T19:14:51+00:00","og_image":[{"url":"https:\/\/www.cetys.mx\/educon\/wp-content\/uploads\/2020\/12\/logo-educon-negro.svg"}],"twitter_card":"summary_large_image","schema":{"@context":"https:\/\/schema.org","@graph":[{"@type":"WebPage","@id":"https:\/\/www.cetys.mx\/educon\/solicitud-de-inscripcion-ensenada\/","url":"https:\/\/www.cetys.mx\/educon\/solicitud-de-inscripcion-ensenada\/","name":"Solicitud de Inscripci\u00f3n - Ensenada - CETYS Educaci\u00f3n Continua","isPartOf":{"@id":"https:\/\/www.cetys.mx\/educon\/#website"},"datePublished":"2020-12-05T01:19:06+00:00","dateModified":"2020-12-08T19:14:51+00:00","breadcrumb":{"@id":"https:\/\/www.cetys.mx\/educon\/solicitud-de-inscripcion-ensenada\/#breadcrumb"},"inLanguage":"es","potentialAction":[{"@type":"ReadAction","target":["https:\/\/www.cetys.mx\/educon\/solicitud-de-inscripcion-ensenada\/"]}]},{"@type":"BreadcrumbList","@id":"https:\/\/www.cetys.mx\/educon\/solicitud-de-inscripcion-ensenada\/#breadcrumb","itemListElement":[{"@type":"ListItem","position":1,"name":"Home","item":"https:\/\/www.cetys.mx\/educon\/"},{"@type":"ListItem","position":2,"name":"Solicitud de Inscripci\u00f3n &#8211; Ensenada"}]},{"@type":"WebSite","@id":"https:\/\/www.cetys.mx\/educon\/#website","url":"https:\/\/www.cetys.mx\/educon\/","name":"CETYS Educaci\u00f3n Continua","description":"","potentialAction":[{"@type":"SearchAction","target":{"@type":"EntryPoint","urlTemplate":"https:\/\/www.cetys.mx\/educon\/?s={search_term_string}"},"query-input":"required name=search_term_string"}],"inLanguage":"es"}]}},"_links":{"self":[{"href":"https:\/\/www.cetys.mx\/educon\/wp-json\/wp\/v2\/pages\/2742","targetHints":{"allow":["GET"]}}],"collection":[{"href":"https:\/\/www.cetys.mx\/educon\/wp-json\/wp\/v2\/pages"}],"about":[{"href":"https:\/\/www.cetys.mx\/educon\/wp-json\/wp\/v2\/types\/page"}],"author":[{"embeddable":true,"href":"https:\/\/www.cetys.mx\/educon\/wp-json\/wp\/v2\/users\/1"}],"replies":[{"embeddable":true,"href":"https:\/\/www.cetys.mx\/educon\/wp-json\/wp\/v2\/comments?post=2742"}],"version-history":[{"count":6,"href":"https:\/\/www.cetys.mx\/educon\/wp-json\/wp\/v2\/pages\/2742\/revisions"}],"predecessor-version":[{"id":3097,"href":"https:\/\/www.cetys.mx\/educon\/wp-json\/wp\/v2\/pages\/2742\/revisions\/3097"}],"wp:attachment":[{"href":"https:\/\/www.cetys.mx\/educon\/wp-json\/wp\/v2\/media?parent=2742"}],"curies":[{"name":"wp","href":"https:\/\/api.w.org\/{rel}","templated":true}]}}