{"id":2730,"date":"2020-12-04T17:14:14","date_gmt":"2020-12-05T01:14:14","guid":{"rendered":"http:\/\/www.manifestomarketing.mx\/?page_id=2730"},"modified":"2020-12-08T11:02:38","modified_gmt":"2020-12-08T19:02:38","slug":"articulos-tijuana","status":"publish","type":"page","link":"https:\/\/www.cetys.mx\/educon\/articulos-tijuana\/","title":{"rendered":"Art\u00edculos &#8211; Tijuana"},"content":{"rendered":"\t\t<div data-elementor-type=\"wp-page\" data-elementor-id=\"2730\" class=\"elementor elementor-2730\">\n\t\t\t\t\t\t<div class=\"elementor-inner\">\n\t\t\t\t<div class=\"elementor-section-wrap\">\n\t\t\t\t\t\t\t\t\t<section class=\"elementor-section elementor-top-section elementor-element elementor-element-9b6056d elementor-section-boxed elementor-section-height-default elementor-section-height-default\" data-id=\"9b6056d\" data-element_type=\"section\">\n\t\t\t\t\t\t<div class=\"elementor-container elementor-column-gap-default\">\n\t\t\t\t\t\t\t<div class=\"elementor-row\">\n\t\t\t\t\t<div class=\"elementor-column elementor-col-100 elementor-top-column elementor-element elementor-element-ac4a563\" data-id=\"ac4a563\" data-element_type=\"column\">\n\t\t\t<div class=\"elementor-column-wrap elementor-element-populated\">\n\t\t\t\t\t\t\t<div class=\"elementor-widget-wrap\">\n\t\t\t\t\t\t<div class=\"elementor-element elementor-element-7743e46 elementor-widget elementor-widget-text-editor\" data-id=\"7743e46\" data-element_type=\"widget\" data-widget_type=\"text-editor.default\">\n\t\t\t\t<div class=\"elementor-widget-container\">\n\t\t\t\t\t\t\t\t<div class=\"elementor-text-editor elementor-clearfix\">\n\t\t\t\t<p>campus tijuana<\/p>\t\t\t\t\t<\/div>\n\t\t\t\t\t\t<\/div>\n\t\t\t\t<\/div>\n\t\t\t\t<div class=\"elementor-element elementor-element-234b839 elementor-widget elementor-widget-heading\" data-id=\"234b839\" data-element_type=\"widget\" data-widget_type=\"heading.default\">\n\t\t\t\t<div class=\"elementor-widget-container\">\n\t\t\t<h1 class=\"elementor-heading-title elementor-size-default\">Art\u00edculos<\/h1>\t\t<\/div>\n\t\t\t\t<\/div>\n\t\t\t\t\t\t<\/div>\n\t\t\t\t\t<\/div>\n\t\t<\/div>\n\t\t\t\t\t\t\t\t<\/div>\n\t\t\t\t\t<\/div>\n\t\t<\/section>\n\t\t\t\t<section class=\"elementor-section elementor-top-section elementor-element elementor-element-96e7905 elementor-section-boxed elementor-section-height-default elementor-section-height-default\" data-id=\"96e7905\" data-element_type=\"section\">\n\t\t\t\t\t\t<div class=\"elementor-container elementor-column-gap-default\">\n\t\t\t\t\t\t\t<div class=\"elementor-row\">\n\t\t\t\t\t<div class=\"elementor-column elementor-col-66 elementor-top-column elementor-element elementor-element-3964a91\" data-id=\"3964a91\" data-element_type=\"column\">\n\t\t\t<div class=\"elementor-column-wrap elementor-element-populated\">\n\t\t\t\t\t\t\t<div class=\"elementor-widget-wrap\">\n\t\t\t\t\t\t\t\t<\/div>\n\t\t\t\t\t<\/div>\n\t\t<\/div>\n\t\t\t\t<div class=\"elementor-column elementor-col-33 elementor-top-column elementor-element elementor-element-f96390a\" data-id=\"f96390a\" data-element_type=\"column\">\n\t\t\t<div class=\"elementor-column-wrap\">\n\t\t\t\t\t\t\t<div class=\"elementor-widget-wrap\">\n\t\t\t\t\t\t\t\t<\/div>\n\t\t\t\t\t<\/div>\n\t\t<\/div>\n\t\t\t\t\t\t\t\t<\/div>\n\t\t\t\t\t<\/div>\n\t\t<\/section>\n\t\t\t\t\t\t\t\t\t<\/div>\n\t\t\t<\/div>\n\t\t\t\t\t<\/div>\n\t\t","protected":false},"excerpt":{"rendered":"<p>campus tijuana Art\u00edculos<\/p>\n","protected":false},"author":1,"featured_media":0,"parent":0,"menu_order":0,"comment_status":"closed","ping_status":"closed","template":"","meta":{"footnotes":""},"class_list":["post-2730","page","type-page","status-publish","hentry"],"acf":[],"yoast_head":"<!-- This site is optimized with the Yoast SEO plugin v20.9 - https:\/\/yoast.com\/wordpress\/plugins\/seo\/ -->\n<title>CETYS Educaci\u00f3n Continua - Art\u00edculos - Tijuana<\/title>\n<meta name=\"description\" content=\"En el blog de CETYS Educaci\u00f3n Continua aprender\u00e1s sobre proyectos, manufactura, negocios, cadena de suministro, desarrollo gerencial, finanzas y m\u00e1s.\" \/>\n<meta name=\"robots\" content=\"index, follow, max-snippet:-1, max-image-preview:large, max-video-preview:-1\" \/>\n<link rel=\"canonical\" href=\"https:\/\/www.cetys.mx\/educon\/articulos-tijuana\/\" \/>\n<meta property=\"og:locale\" content=\"es_MX\" \/>\n<meta property=\"og:type\" content=\"article\" \/>\n<meta property=\"og:title\" content=\"CETYS Educaci\u00f3n Continua - Art\u00edculos - Tijuana\" \/>\n<meta property=\"og:description\" content=\"En el blog de CETYS Educaci\u00f3n Continua aprender\u00e1s sobre proyectos, manufactura, negocios, cadena de suministro, desarrollo gerencial, finanzas y m\u00e1s.\" \/>\n<meta property=\"og:url\" content=\"https:\/\/www.cetys.mx\/educon\/articulos-tijuana\/\" \/>\n<meta property=\"og:site_name\" content=\"CETYS Educaci\u00f3n Continua\" \/>\n<meta property=\"article:modified_time\" content=\"2020-12-08T19:02:38+00:00\" \/>\n<meta name=\"twitter:card\" content=\"summary_large_image\" \/>\n<script type=\"application\/ld+json\" class=\"yoast-schema-graph\">{\"@context\":\"https:\/\/schema.org\",\"@graph\":[{\"@type\":\"WebPage\",\"@id\":\"https:\/\/www.cetys.mx\/educon\/articulos-tijuana\/\",\"url\":\"https:\/\/www.cetys.mx\/educon\/articulos-tijuana\/\",\"name\":\"CETYS Educaci\u00f3n Continua - Art\u00edculos - Tijuana\",\"isPartOf\":{\"@id\":\"https:\/\/www.cetys.mx\/educon\/#website\"},\"datePublished\":\"2020-12-05T01:14:14+00:00\",\"dateModified\":\"2020-12-08T19:02:38+00:00\",\"description\":\"En el blog de CETYS Educaci\u00f3n Continua aprender\u00e1s sobre proyectos, manufactura, negocios, cadena de suministro, desarrollo gerencial, finanzas y m\u00e1s.\",\"breadcrumb\":{\"@id\":\"https:\/\/www.cetys.mx\/educon\/articulos-tijuana\/#breadcrumb\"},\"inLanguage\":\"es\",\"potentialAction\":[{\"@type\":\"ReadAction\",\"target\":[\"https:\/\/www.cetys.mx\/educon\/articulos-tijuana\/\"]}]},{\"@type\":\"BreadcrumbList\",\"@id\":\"https:\/\/www.cetys.mx\/educon\/articulos-tijuana\/#breadcrumb\",\"itemListElement\":[{\"@type\":\"ListItem\",\"position\":1,\"name\":\"Home\",\"item\":\"https:\/\/www.cetys.mx\/educon\/\"},{\"@type\":\"ListItem\",\"position\":2,\"name\":\"Art\u00edculos &#8211; Tijuana\"}]},{\"@type\":\"WebSite\",\"@id\":\"https:\/\/www.cetys.mx\/educon\/#website\",\"url\":\"https:\/\/www.cetys.mx\/educon\/\",\"name\":\"CETYS Educaci\u00f3n Continua\",\"description\":\"\",\"potentialAction\":[{\"@type\":\"SearchAction\",\"target\":{\"@type\":\"EntryPoint\",\"urlTemplate\":\"https:\/\/www.cetys.mx\/educon\/?s={search_term_string}\"},\"query-input\":\"required name=search_term_string\"}],\"inLanguage\":\"es\"}]}<\/script>\n<!-- \/ Yoast SEO plugin. -->","yoast_head_json":{"title":"CETYS Educaci\u00f3n Continua - Art\u00edculos - Tijuana","description":"En el blog de CETYS Educaci\u00f3n Continua aprender\u00e1s sobre proyectos, manufactura, negocios, cadena de suministro, desarrollo gerencial, finanzas y m\u00e1s.","robots":{"index":"index","follow":"follow","max-snippet":"max-snippet:-1","max-image-preview":"max-image-preview:large","max-video-preview":"max-video-preview:-1"},"canonical":"https:\/\/www.cetys.mx\/educon\/articulos-tijuana\/","og_locale":"es_MX","og_type":"article","og_title":"CETYS Educaci\u00f3n Continua - Art\u00edculos - Tijuana","og_description":"En el blog de CETYS Educaci\u00f3n Continua aprender\u00e1s sobre proyectos, manufactura, negocios, cadena de suministro, desarrollo gerencial, finanzas y m\u00e1s.","og_url":"https:\/\/www.cetys.mx\/educon\/articulos-tijuana\/","og_site_name":"CETYS Educaci\u00f3n Continua","article_modified_time":"2020-12-08T19:02:38+00:00","twitter_card":"summary_large_image","schema":{"@context":"https:\/\/schema.org","@graph":[{"@type":"WebPage","@id":"https:\/\/www.cetys.mx\/educon\/articulos-tijuana\/","url":"https:\/\/www.cetys.mx\/educon\/articulos-tijuana\/","name":"CETYS Educaci\u00f3n Continua - Art\u00edculos - Tijuana","isPartOf":{"@id":"https:\/\/www.cetys.mx\/educon\/#website"},"datePublished":"2020-12-05T01:14:14+00:00","dateModified":"2020-12-08T19:02:38+00:00","description":"En el blog de CETYS Educaci\u00f3n Continua aprender\u00e1s sobre proyectos, manufactura, negocios, cadena de suministro, desarrollo gerencial, finanzas y m\u00e1s.","breadcrumb":{"@id":"https:\/\/www.cetys.mx\/educon\/articulos-tijuana\/#breadcrumb"},"inLanguage":"es","potentialAction":[{"@type":"ReadAction","target":["https:\/\/www.cetys.mx\/educon\/articulos-tijuana\/"]}]},{"@type":"BreadcrumbList","@id":"https:\/\/www.cetys.mx\/educon\/articulos-tijuana\/#breadcrumb","itemListElement":[{"@type":"ListItem","position":1,"name":"Home","item":"https:\/\/www.cetys.mx\/educon\/"},{"@type":"ListItem","position":2,"name":"Art\u00edculos &#8211; Tijuana"}]},{"@type":"WebSite","@id":"https:\/\/www.cetys.mx\/educon\/#website","url":"https:\/\/www.cetys.mx\/educon\/","name":"CETYS Educaci\u00f3n Continua","description":"","potentialAction":[{"@type":"SearchAction","target":{"@type":"EntryPoint","urlTemplate":"https:\/\/www.cetys.mx\/educon\/?s={search_term_string}"},"query-input":"required name=search_term_string"}],"inLanguage":"es"}]}},"_links":{"self":[{"href":"https:\/\/www.cetys.mx\/educon\/wp-json\/wp\/v2\/pages\/2730","targetHints":{"allow":["GET"]}}],"collection":[{"href":"https:\/\/www.cetys.mx\/educon\/wp-json\/wp\/v2\/pages"}],"about":[{"href":"https:\/\/www.cetys.mx\/educon\/wp-json\/wp\/v2\/types\/page"}],"author":[{"embeddable":true,"href":"https:\/\/www.cetys.mx\/educon\/wp-json\/wp\/v2\/users\/1"}],"replies":[{"embeddable":true,"href":"https:\/\/www.cetys.mx\/educon\/wp-json\/wp\/v2\/comments?post=2730"}],"version-history":[{"count":6,"href":"https:\/\/www.cetys.mx\/educon\/wp-json\/wp\/v2\/pages\/2730\/revisions"}],"predecessor-version":[{"id":3010,"href":"https:\/\/www.cetys.mx\/educon\/wp-json\/wp\/v2\/pages\/2730\/revisions\/3010"}],"wp:attachment":[{"href":"https:\/\/www.cetys.mx\/educon\/wp-json\/wp\/v2\/media?parent=2730"}],"curies":[{"name":"wp","href":"https:\/\/api.w.org\/{rel}","templated":true}]}}