{"id":9468,"date":"2023-05-09T08:56:31","date_gmt":"2023-05-09T15:56:31","guid":{"rendered":"https:\/\/www.cetys.mx\/cetyspromocion\/?page_id=9468"},"modified":"2023-05-09T09:54:42","modified_gmt":"2023-05-09T16:54:42","slug":"instrumentos-de-valoracion-de-las-funciones-ejecutivas-clase-muestra","status":"publish","type":"page","link":"https:\/\/www.cetys.mx\/cetyspromocion\/instrumentos-de-valoracion-de-las-funciones-ejecutivas-clase-muestra\/","title":{"rendered":"Instrumentos de valoraci\u00f3n de las funciones ejecutivas &#8211; Clase Muestra"},"content":{"rendered":"\t\t<div data-elementor-type=\"wp-page\" data-elementor-id=\"9468\" class=\"elementor elementor-9468\">\n\t\t\t\t\t\t\t\t\t<section class=\"elementor-section elementor-top-section elementor-element elementor-element-121b8ba elementor-section-height-min-height elementor-section-items-bottom elementor-section-boxed elementor-section-height-default\" data-id=\"121b8ba\" data-element_type=\"section\" data-settings=\"{&quot;background_background&quot;:&quot;classic&quot;}\">\n\t\t\t\t\t\t\t<div class=\"elementor-background-overlay\"><\/div>\n\t\t\t\t\t\t\t<div class=\"elementor-container elementor-column-gap-wider\">\n\t\t\t\t\t<div class=\"elementor-column elementor-col-50 elementor-top-column elementor-element elementor-element-ba65a82\" data-id=\"ba65a82\" data-element_type=\"column\">\n\t\t\t<div class=\"elementor-widget-wrap elementor-element-populated\">\n\t\t\t\t\t\t\t\t<div class=\"elementor-element elementor-element-fc29bca elementor-widget elementor-widget-image\" data-id=\"fc29bca\" data-element_type=\"widget\" data-widget_type=\"image.default\">\n\t\t\t\t<div class=\"elementor-widget-container\">\n\t\t\t\t\t\t\t\t\t\t\t\t\t\t\t<img loading=\"lazy\" decoding=\"async\" width=\"300\" height=\"229\" src=\"https:\/\/www.cetys.mx\/cetyspromocion\/wp-content\/uploads\/2022\/05\/logo-blanco-amarillo.svg\" class=\"attachment-medium size-medium wp-image-6760\" alt=\"\" \/>\t\t\t\t\t\t\t\t\t\t\t\t\t\t\t<\/div>\n\t\t\t\t<\/div>\n\t\t\t\t<div class=\"elementor-element elementor-element-6feb3e5 elementor-widget elementor-widget-text-editor\" data-id=\"6feb3e5\" data-element_type=\"widget\" data-widget_type=\"text-editor.default\">\n\t\t\t\t<div class=\"elementor-widget-container\">\n\t\t\t\t\t\t\t<p>clase muestra<\/p>\t\t\t\t\t\t<\/div>\n\t\t\t\t<\/div>\n\t\t\t\t<div class=\"elementor-element elementor-element-a3cfae6 elementor-widget elementor-widget-text-editor\" data-id=\"a3cfae6\" data-element_type=\"widget\" data-widget_type=\"text-editor.default\">\n\t\t\t\t<div class=\"elementor-widget-container\">\n\t\t\t\t\t\t\t<p>Instrumentos de valoraci\u00f3n de las funciones ejecutivas.<\/p>\t\t\t\t\t\t<\/div>\n\t\t\t\t<\/div>\n\t\t\t\t<div class=\"elementor-element elementor-element-c1eaa0f elementor-widget elementor-widget-text-editor\" data-id=\"c1eaa0f\" data-element_type=\"widget\" data-widget_type=\"text-editor.default\">\n\t\t\t\t<div class=\"elementor-widget-container\">\n\t\t\t\t\t\t\t<p>Impartida por el Dr. Arturo Ron.<\/p>\t\t\t\t\t\t<\/div>\n\t\t\t\t<\/div>\n\t\t\t\t<div class=\"elementor-element elementor-element-45d4ed1 elementor-icon-list--layout-traditional elementor-list-item-link-full_width elementor-widget elementor-widget-icon-list\" data-id=\"45d4ed1\" data-element_type=\"widget\" data-widget_type=\"icon-list.default\">\n\t\t\t\t<div class=\"elementor-widget-container\">\n\t\t\t\t\t<ul class=\"elementor-icon-list-items\">\n\t\t\t\t\t\t\t<li class=\"elementor-icon-list-item\">\n\t\t\t\t\t\t\t\t\t\t\t<span class=\"elementor-icon-list-icon\">\n\t\t\t\t\t\t\t<i aria-hidden=\"true\" class=\"far fa-calendar-alt\"><\/i>\t\t\t\t\t\t<\/span>\n\t\t\t\t\t\t\t\t\t\t<span class=\"elementor-icon-list-text\">S\u00e1bado 27 de mayo de 2023<\/span>\n\t\t\t\t\t\t\t\t\t<\/li>\n\t\t\t\t\t\t\t\t<li class=\"elementor-icon-list-item\">\n\t\t\t\t\t\t\t\t\t\t\t<span class=\"elementor-icon-list-icon\">\n\t\t\t\t\t\t\t<i aria-hidden=\"true\" class=\"far fa-clock\"><\/i>\t\t\t\t\t\t<\/span>\n\t\t\t\t\t\t\t\t\t\t<span class=\"elementor-icon-list-text\">11:30 A.M.<\/span>\n\t\t\t\t\t\t\t\t\t<\/li>\n\t\t\t\t\t\t\t\t<li class=\"elementor-icon-list-item\">\n\t\t\t\t\t\t\t\t\t\t\t<span class=\"elementor-icon-list-icon\">\n\t\t\t\t\t\t\t<i aria-hidden=\"true\" class=\"fas fa-location-arrow\"><\/i>\t\t\t\t\t\t<\/span>\n\t\t\t\t\t\t\t\t\t\t<span class=\"elementor-icon-list-text\">Auditorio Gulfstream<\/span>\n\t\t\t\t\t\t\t\t\t<\/li>\n\t\t\t\t\t\t<\/ul>\n\t\t\t\t<\/div>\n\t\t\t\t<\/div>\n\t\t\t\t<div class=\"elementor-element elementor-element-dffcc87 elementor-widget elementor-widget-spacer\" data-id=\"dffcc87\" data-element_type=\"widget\" data-widget_type=\"spacer.default\">\n\t\t\t\t<div class=\"elementor-widget-container\">\n\t\t\t\t\t<div class=\"elementor-spacer\">\n\t\t\t<div class=\"elementor-spacer-inner\"><\/div>\n\t\t<\/div>\n\t\t\t\t<\/div>\n\t\t\t\t<\/div>\n\t\t\t\t<div class=\"elementor-element elementor-element-50a2c48 elementor-widget elementor-widget-text-editor\" data-id=\"50a2c48\" data-element_type=\"widget\" data-widget_type=\"text-editor.default\">\n\t\t\t\t<div class=\"elementor-widget-container\">\n\t\t\t\t\t\t\t<p>La Maestr\u00eda en Neuropsicolog\u00eda de CETYS Universidad te invita.<\/p>\t\t\t\t\t\t<\/div>\n\t\t\t\t<\/div>\n\t\t\t\t\t<\/div>\n\t\t<\/div>\n\t\t\t\t<div class=\"elementor-column elementor-col-50 elementor-top-column elementor-element elementor-element-c30e42b\" data-id=\"c30e42b\" data-element_type=\"column\">\n\t\t\t<div class=\"elementor-widget-wrap elementor-element-populated\">\n\t\t\t\t\t\t\t\t<div class=\"elementor-element elementor-element-05213c3 elementor-widget elementor-widget-html\" data-id=\"05213c3\" data-element_type=\"widget\" data-widget_type=\"html.default\">\n\t\t\t\t<div class=\"elementor-widget-container\">\n\t\t\t<form class=\"jotform-form\" action=\"https:\/\/submit.jotform.com\/submit\/231284407899872\" method=\"post\" name=\"form_231284407899872\" id=\"231284407899872\" accept-charset=\"utf-8\" autocomplete=\"on\"><input type=\"hidden\" name=\"formID\" value=\"231284407899872\" \/><input type=\"hidden\" id=\"JWTContainer\" value=\"\" \/><input type=\"hidden\" id=\"cardinalOrderNumber\" value=\"\" \/>\r\n\r\n<input type=\"text\" id=\"input_3\" name=\"q3_nombres\" data-type=\"input-textbox\" class=\"form-textbox\" data-defaultvalue=\"\" value=\"\" data-component=\"textbox\" aria-labelledby=\"label_3\" placeholder=\"Nombre(s)\" required=\"\"\/>\r\n\r\n<input type=\"text\" id=\"input_4\" name=\"q4_typeA4\" data-type=\"input-textbox\" class=\"form-textbox\" data-defaultvalue=\"\" value=\"\" data-component=\"textbox\" aria-labelledby=\"label_4\" placeholder=\"Apellidos\" required=\"\"\/>\r\n\r\n<input type=\"text\" id=\"input_5\" name=\"q5_typeA5\" data-type=\"input-textbox\" class=\"form-textbox\" data-defaultvalue=\"\" value=\"\" data-component=\"textbox\" aria-labelledby=\"label_5\" placeholder=\"Email\" required=\"\"\/>\r\n\r\n<input type=\"text\" id=\"input_6\" name=\"q6_typeA6\" data-type=\"input-textbox\" class=\"form-textbox\" data-defaultvalue=\"\" value=\"\" data-component=\"textbox\" aria-labelledby=\"label_6\" placeholder=\"Tel\u00e9fono\" required=\"\"\/>\r\n\r\n<input type=\"checkbox\" aria-describedby=\"label_7\" class=\"form-checkbox\" id=\"input_7_0\" name=\"q7_typeA7[]\" value=\"Por este conducto manifiesto mi conformidad con el uso que podr\u00e1 hacer CETYS Universidad de mis datos personales de acuerdo al aviso de privacidad publicado en &lt;a href=&quot;http:\/\/www.cetys.mx\/aviso-de-privacidad\/&quot; rel=&quot;nofollow&quot;&gt;http:\/\/www.cetys.mx\/aviso-de-privacidad\/&lt;\/a&gt;\" required=\"\"\/><label id=\"label_input_7_0\" for=\"input_7_0\"> Por este conducto manifiesto mi conformidad con el uso que podr\u00e1 hacer CETYS Universidad de mis datos personales de acuerdo al aviso de privacidad publicado en <a href=\"http:\/\/www.cetys.mx\/aviso-de-privacidad\/\" rel=\"nofollow\">http:\/\/www.cetys.mx\/aviso-de-privacidad\/<\/a><\/label>\r\n\r\n<button id=\"input_2\" type=\"submit\" class=\"form-submit-button submit-button jf-form-buttons jsTest-submitField\" data-component=\"button\" data-content=\"\">Registrarme<\/button>\r\n\r\n<\/form>\t\t<\/div>\n\t\t\t\t<\/div>\n\t\t\t\t\t<\/div>\n\t\t<\/div>\n\t\t\t\t\t\t\t<\/div>\n\t\t<\/section>\n\t\t\t\t\t\t\t<\/div>\n\t\t","protected":false},"excerpt":{"rendered":"<p>clase muestra Instrumentos de valoraci\u00f3n de las funciones ejecutivas. Impartida por el Dr. Arturo Ron. S\u00e1bado 27 de mayo de 2023 11:30 A.M. Auditorio Gulfstream La Maestr\u00eda en Neuropsicolog\u00eda de CETYS Universidad te invita. Por este conducto manifiesto mi conformidad con el uso que podr\u00e1 hacer CETYS Universidad de mis datos personales de acuerdo al [&hellip;]<\/p>\n","protected":false},"author":1,"featured_media":0,"parent":0,"menu_order":0,"comment_status":"closed","ping_status":"closed","template":"elementor_canvas","meta":{"footnotes":""},"class_list":["post-9468","page","type-page","status-publish","hentry"],"yoast_head":"<!-- This site is optimized with the Yoast SEO plugin v26.0 - https:\/\/yoast.com\/wordpress\/plugins\/seo\/ -->\n<title>Instrumentos de valoraci\u00f3n de las funciones ejecutivas - Clase Muestra - CETYS Promoci\u00f3n<\/title>\n<meta name=\"robots\" content=\"index, follow, max-snippet:-1, max-image-preview:large, max-video-preview:-1\" \/>\n<link rel=\"canonical\" href=\"https:\/\/www.cetys.mx\/cetyspromocion\/instrumentos-de-valoracion-de-las-funciones-ejecutivas-clase-muestra\/\" \/>\n<meta property=\"og:locale\" content=\"en_US\" \/>\n<meta property=\"og:type\" content=\"article\" \/>\n<meta property=\"og:title\" content=\"Instrumentos de valoraci\u00f3n de las funciones ejecutivas - Clase Muestra - CETYS Promoci\u00f3n\" \/>\n<meta property=\"og:description\" content=\"clase muestra Instrumentos de valoraci\u00f3n de las funciones ejecutivas. Impartida por el Dr. Arturo Ron. S\u00e1bado 27 de mayo de 2023 11:30 A.M. Auditorio Gulfstream La Maestr\u00eda en Neuropsicolog\u00eda de CETYS Universidad te invita. Por este conducto manifiesto mi conformidad con el uso que podr\u00e1 hacer CETYS Universidad de mis datos personales de acuerdo al [&hellip;]\" \/>\n<meta property=\"og:url\" content=\"https:\/\/www.cetys.mx\/cetyspromocion\/instrumentos-de-valoracion-de-las-funciones-ejecutivas-clase-muestra\/\" \/>\n<meta property=\"og:site_name\" content=\"CETYS Promoci\u00f3n\" \/>\n<meta property=\"article:modified_time\" content=\"2023-05-09T16:54:42+00:00\" \/>\n<meta property=\"og:image\" content=\"https:\/\/www.cetys.mx\/cetyspromocion\/wp-content\/uploads\/2022\/05\/logo-blanco-amarillo.svg\" \/>\n<meta name=\"twitter:card\" content=\"summary_large_image\" \/>\n<meta name=\"twitter:label1\" content=\"Est. reading time\" \/>\n\t<meta name=\"twitter:data1\" content=\"1 minute\" \/>\n<script type=\"application\/ld+json\" class=\"yoast-schema-graph\">{\"@context\":\"https:\/\/schema.org\",\"@graph\":[{\"@type\":\"WebPage\",\"@id\":\"https:\/\/www.cetys.mx\/cetyspromocion\/instrumentos-de-valoracion-de-las-funciones-ejecutivas-clase-muestra\/\",\"url\":\"https:\/\/www.cetys.mx\/cetyspromocion\/instrumentos-de-valoracion-de-las-funciones-ejecutivas-clase-muestra\/\",\"name\":\"Instrumentos de valoraci\u00f3n de las funciones ejecutivas - Clase Muestra - CETYS Promoci\u00f3n\",\"isPartOf\":{\"@id\":\"https:\/\/www.cetys.mx\/cetyspromocion\/#website\"},\"primaryImageOfPage\":{\"@id\":\"https:\/\/www.cetys.mx\/cetyspromocion\/instrumentos-de-valoracion-de-las-funciones-ejecutivas-clase-muestra\/#primaryimage\"},\"image\":{\"@id\":\"https:\/\/www.cetys.mx\/cetyspromocion\/instrumentos-de-valoracion-de-las-funciones-ejecutivas-clase-muestra\/#primaryimage\"},\"thumbnailUrl\":\"https:\/\/www.cetys.mx\/cetyspromocion\/wp-content\/uploads\/2022\/05\/logo-blanco-amarillo.svg\",\"datePublished\":\"2023-05-09T15:56:31+00:00\",\"dateModified\":\"2023-05-09T16:54:42+00:00\",\"breadcrumb\":{\"@id\":\"https:\/\/www.cetys.mx\/cetyspromocion\/instrumentos-de-valoracion-de-las-funciones-ejecutivas-clase-muestra\/#breadcrumb\"},\"inLanguage\":\"en-US\",\"potentialAction\":[{\"@type\":\"ReadAction\",\"target\":[\"https:\/\/www.cetys.mx\/cetyspromocion\/instrumentos-de-valoracion-de-las-funciones-ejecutivas-clase-muestra\/\"]}]},{\"@type\":\"ImageObject\",\"inLanguage\":\"en-US\",\"@id\":\"https:\/\/www.cetys.mx\/cetyspromocion\/instrumentos-de-valoracion-de-las-funciones-ejecutivas-clase-muestra\/#primaryimage\",\"url\":\"https:\/\/www.cetys.mx\/cetyspromocion\/wp-content\/uploads\/2022\/05\/logo-blanco-amarillo.svg\",\"contentUrl\":\"https:\/\/www.cetys.mx\/cetyspromocion\/wp-content\/uploads\/2022\/05\/logo-blanco-amarillo.svg\",\"width\":392,\"height\":299},{\"@type\":\"BreadcrumbList\",\"@id\":\"https:\/\/www.cetys.mx\/cetyspromocion\/instrumentos-de-valoracion-de-las-funciones-ejecutivas-clase-muestra\/#breadcrumb\",\"itemListElement\":[{\"@type\":\"ListItem\",\"position\":1,\"name\":\"Home\",\"item\":\"https:\/\/www.cetys.mx\/cetyspromocion\/\"},{\"@type\":\"ListItem\",\"position\":2,\"name\":\"Instrumentos de valoraci\u00f3n de las funciones ejecutivas &#8211; Clase Muestra\"}]},{\"@type\":\"WebSite\",\"@id\":\"https:\/\/www.cetys.mx\/cetyspromocion\/#website\",\"url\":\"https:\/\/www.cetys.mx\/cetyspromocion\/\",\"name\":\"CETYS Promoci\u00f3n\",\"description\":\"\",\"potentialAction\":[{\"@type\":\"SearchAction\",\"target\":{\"@type\":\"EntryPoint\",\"urlTemplate\":\"https:\/\/www.cetys.mx\/cetyspromocion\/?s={search_term_string}\"},\"query-input\":{\"@type\":\"PropertyValueSpecification\",\"valueRequired\":true,\"valueName\":\"search_term_string\"}}],\"inLanguage\":\"en-US\"}]}<\/script>\n<!-- \/ Yoast SEO plugin. -->","yoast_head_json":{"title":"Instrumentos de valoraci\u00f3n de las funciones ejecutivas - Clase Muestra - CETYS Promoci\u00f3n","robots":{"index":"index","follow":"follow","max-snippet":"max-snippet:-1","max-image-preview":"max-image-preview:large","max-video-preview":"max-video-preview:-1"},"canonical":"https:\/\/www.cetys.mx\/cetyspromocion\/instrumentos-de-valoracion-de-las-funciones-ejecutivas-clase-muestra\/","og_locale":"en_US","og_type":"article","og_title":"Instrumentos de valoraci\u00f3n de las funciones ejecutivas - Clase Muestra - CETYS Promoci\u00f3n","og_description":"clase muestra Instrumentos de valoraci\u00f3n de las funciones ejecutivas. Impartida por el Dr. Arturo Ron. S\u00e1bado 27 de mayo de 2023 11:30 A.M. Auditorio Gulfstream La Maestr\u00eda en Neuropsicolog\u00eda de CETYS Universidad te invita. Por este conducto manifiesto mi conformidad con el uso que podr\u00e1 hacer CETYS Universidad de mis datos personales de acuerdo al [&hellip;]","og_url":"https:\/\/www.cetys.mx\/cetyspromocion\/instrumentos-de-valoracion-de-las-funciones-ejecutivas-clase-muestra\/","og_site_name":"CETYS Promoci\u00f3n","article_modified_time":"2023-05-09T16:54:42+00:00","og_image":[{"url":"https:\/\/www.cetys.mx\/cetyspromocion\/wp-content\/uploads\/2022\/05\/logo-blanco-amarillo.svg","type":"","width":"","height":""}],"twitter_card":"summary_large_image","twitter_misc":{"Est. reading time":"1 minute"},"schema":{"@context":"https:\/\/schema.org","@graph":[{"@type":"WebPage","@id":"https:\/\/www.cetys.mx\/cetyspromocion\/instrumentos-de-valoracion-de-las-funciones-ejecutivas-clase-muestra\/","url":"https:\/\/www.cetys.mx\/cetyspromocion\/instrumentos-de-valoracion-de-las-funciones-ejecutivas-clase-muestra\/","name":"Instrumentos de valoraci\u00f3n de las funciones ejecutivas - Clase Muestra - CETYS Promoci\u00f3n","isPartOf":{"@id":"https:\/\/www.cetys.mx\/cetyspromocion\/#website"},"primaryImageOfPage":{"@id":"https:\/\/www.cetys.mx\/cetyspromocion\/instrumentos-de-valoracion-de-las-funciones-ejecutivas-clase-muestra\/#primaryimage"},"image":{"@id":"https:\/\/www.cetys.mx\/cetyspromocion\/instrumentos-de-valoracion-de-las-funciones-ejecutivas-clase-muestra\/#primaryimage"},"thumbnailUrl":"https:\/\/www.cetys.mx\/cetyspromocion\/wp-content\/uploads\/2022\/05\/logo-blanco-amarillo.svg","datePublished":"2023-05-09T15:56:31+00:00","dateModified":"2023-05-09T16:54:42+00:00","breadcrumb":{"@id":"https:\/\/www.cetys.mx\/cetyspromocion\/instrumentos-de-valoracion-de-las-funciones-ejecutivas-clase-muestra\/#breadcrumb"},"inLanguage":"en-US","potentialAction":[{"@type":"ReadAction","target":["https:\/\/www.cetys.mx\/cetyspromocion\/instrumentos-de-valoracion-de-las-funciones-ejecutivas-clase-muestra\/"]}]},{"@type":"ImageObject","inLanguage":"en-US","@id":"https:\/\/www.cetys.mx\/cetyspromocion\/instrumentos-de-valoracion-de-las-funciones-ejecutivas-clase-muestra\/#primaryimage","url":"https:\/\/www.cetys.mx\/cetyspromocion\/wp-content\/uploads\/2022\/05\/logo-blanco-amarillo.svg","contentUrl":"https:\/\/www.cetys.mx\/cetyspromocion\/wp-content\/uploads\/2022\/05\/logo-blanco-amarillo.svg","width":392,"height":299},{"@type":"BreadcrumbList","@id":"https:\/\/www.cetys.mx\/cetyspromocion\/instrumentos-de-valoracion-de-las-funciones-ejecutivas-clase-muestra\/#breadcrumb","itemListElement":[{"@type":"ListItem","position":1,"name":"Home","item":"https:\/\/www.cetys.mx\/cetyspromocion\/"},{"@type":"ListItem","position":2,"name":"Instrumentos de valoraci\u00f3n de las funciones ejecutivas &#8211; Clase Muestra"}]},{"@type":"WebSite","@id":"https:\/\/www.cetys.mx\/cetyspromocion\/#website","url":"https:\/\/www.cetys.mx\/cetyspromocion\/","name":"CETYS Promoci\u00f3n","description":"","potentialAction":[{"@type":"SearchAction","target":{"@type":"EntryPoint","urlTemplate":"https:\/\/www.cetys.mx\/cetyspromocion\/?s={search_term_string}"},"query-input":{"@type":"PropertyValueSpecification","valueRequired":true,"valueName":"search_term_string"}}],"inLanguage":"en-US"}]}},"_links":{"self":[{"href":"https:\/\/www.cetys.mx\/cetyspromocion\/wp-json\/wp\/v2\/pages\/9468","targetHints":{"allow":["GET"]}}],"collection":[{"href":"https:\/\/www.cetys.mx\/cetyspromocion\/wp-json\/wp\/v2\/pages"}],"about":[{"href":"https:\/\/www.cetys.mx\/cetyspromocion\/wp-json\/wp\/v2\/types\/page"}],"author":[{"embeddable":true,"href":"https:\/\/www.cetys.mx\/cetyspromocion\/wp-json\/wp\/v2\/users\/1"}],"replies":[{"embeddable":true,"href":"https:\/\/www.cetys.mx\/cetyspromocion\/wp-json\/wp\/v2\/comments?post=9468"}],"version-history":[{"count":14,"href":"https:\/\/www.cetys.mx\/cetyspromocion\/wp-json\/wp\/v2\/pages\/9468\/revisions"}],"predecessor-version":[{"id":9483,"href":"https:\/\/www.cetys.mx\/cetyspromocion\/wp-json\/wp\/v2\/pages\/9468\/revisions\/9483"}],"wp:attachment":[{"href":"https:\/\/www.cetys.mx\/cetyspromocion\/wp-json\/wp\/v2\/media?parent=9468"}],"curies":[{"name":"wp","href":"https:\/\/api.w.org\/{rel}","templated":true}]}}