{"id":28,"date":"2021-11-16T04:17:51","date_gmt":"2021-11-16T04:17:51","guid":{"rendered":"https:\/\/www.cetys.mx\/quieroser\/?page_id=28"},"modified":"2021-11-16T08:03:51","modified_gmt":"2021-11-16T08:03:51","slug":"boletin","status":"publish","type":"page","link":"https:\/\/www.cetys.mx\/cambiastu\/boletin\/","title":{"rendered":"Bolet\u00edn"},"content":{"rendered":"<div class=\"vce-row-container\"><div class=\"vce-row vce-element--has-background vce-row--col-gap-30 vce-row-content--top\" data-vce-full-width=\"true\" id=\"el-fa014be7\" data-vce-do-apply=\"all el-fa014be7\"><div class=\"vce-content-background-container\"><\/div><div class=\"vce-row-content\" data-vce-element-content=\"true\"><div class=\"vce-col vce-col--md-auto vce-col--xs-1 vce-col--xs-last vce-col--xs-first vce-col--sm-last vce-col--sm-first vce-col--md-last vce-col--lg-last vce-col--xl-last vce-col--md-first vce-col--lg-first vce-col--xl-first\" id=\"el-bacf0ce6\"><div class=\"vce-col-inner\" data-vce-do-apply=\"border margin background  el-bacf0ce6\"><div class=\"vce-content-background-container\"><\/div><div class=\"vce-col-content\" data-vce-element-content=\"true\" data-vce-do-apply=\"padding el-bacf0ce6\"><div class=\"vce-text-block\"><div class=\"vce-text-block-wrapper vce\" id=\"el-74f91018\" data-vce-do-apply=\"all el-74f91018\"><p><span style=\"font-size: 24pt; font-weight: bold; font-style: normal;\"><strong>Estemos en contacto<\/strong><\/span><\/p><\/div><\/div><\/div><\/div><\/div><\/div><\/div><\/div><div class=\"vce-row-container\"><div class=\"vce-row vce-row--has-col-background vce-element--has-background vce-row--col-gap-80 vce-row-content--top vcv-state--show-resizer\" data-vce-full-width=\"true\" id=\"el-0a451af6\" data-vce-do-apply=\"all el-0a451af6\"><div class=\"vce-content-background-container\"><\/div><div class=\"vce-row-content\" data-vce-element-content=\"true\"><div class=\"vce-col vce-col--md-auto vce-col--xs-1 vce-col--xs-last vce-col--xs-first vce-col--sm-last vce-col--sm-first vce-col--md-first vce-col--lg-first vce-col--xl-first\" id=\"el-cc2e60bb\"><div class=\"vce-col-inner\" data-vce-do-apply=\"border margin background  el-cc2e60bb\"><div class=\"vce-col-content\" data-vce-element-content=\"true\" data-vce-do-apply=\"padding el-cc2e60bb\"><div class=\"vce-text-block\"><div class=\"vce-text-block-wrapper vce\" id=\"el-d41c87c1\" data-vce-do-apply=\"all el-d41c87c1\"><strong><span style=\"font-size: 30pt;\">\u00bfTe gustar\u00eda conocer m\u00e1s sobre CETYS Universidad?<\/span><\/strong><\/div><\/div><div class=\"vce-text-block\"><div class=\"vce-text-block-wrapper vce\" id=\"el-948c9b99\" data-vce-do-apply=\"all el-948c9b99\"><p><strong><span style=\"font-size: 30pt;\">Suscr\u00edbete a nuestro bolet\u00edn.<\/span><\/strong><\/p><\/div><\/div><\/div><\/div><\/div><div class=\"vce-col vce-element--has-background vce-col--md-auto vce-col--xs-1 vce-col--xs-last vce-col--xs-first vce-col--sm-last vce-col--sm-first vce-col--md-last vce-col--lg-last vce-col--xl-last\" id=\"el-19ecf0f1\"><div class=\"vce-col-inner\" data-vce-do-apply=\"border margin background  el-19ecf0f1\"><div class=\"vce-content-background-container\"><\/div><div class=\"vce-col-content\" data-vce-element-content=\"true\" data-vce-do-apply=\"padding el-19ecf0f1\"><div class=\"vce-text-block boletin-form\"><div class=\"vce-text-block-wrapper vce\" id=\"el-f6b86869\" data-vce-do-apply=\"all el-f6b86869\"><p>\n<div class=\"wpcf7 no-js\" id=\"wpcf7-f50-o1\" lang=\"es-MX\" dir=\"ltr\" data-wpcf7-id=\"50\">\n<div class=\"screen-reader-response\"><p role=\"status\" aria-live=\"polite\" aria-atomic=\"true\"><\/p> <ul><\/ul><\/div>\n<form action=\"\/cambiastu\/wp-json\/wp\/v2\/pages\/28#wpcf7-f50-o1\" method=\"post\" class=\"wpcf7-form init\" aria-label=\"Formulario de contacto\" novalidate=\"novalidate\" data-status=\"init\">\n<fieldset class=\"hidden-fields-container\"><input type=\"hidden\" name=\"_wpcf7\" value=\"50\" \/><input type=\"hidden\" name=\"_wpcf7_version\" value=\"6.1.4\" \/><input type=\"hidden\" name=\"_wpcf7_locale\" value=\"es_MX\" \/><input type=\"hidden\" name=\"_wpcf7_unit_tag\" value=\"wpcf7-f50-o1\" \/><input type=\"hidden\" name=\"_wpcf7_container_post\" value=\"0\" \/><input type=\"hidden\" name=\"_wpcf7_posted_data_hash\" value=\"\" \/>\n<\/fieldset>\n<p><span class=\"wpcf7-form-control-wrap\" data-name=\"nombre\"><input size=\"40\" maxlength=\"400\" class=\"wpcf7-form-control wpcf7-text wpcf7-validates-as-required\" aria-required=\"true\" aria-invalid=\"false\" placeholder=\"Nombre completo\" value=\"\" type=\"text\" name=\"nombre\" \/><\/span>\n<\/p>\n<p><span class=\"wpcf7-form-control-wrap\" data-name=\"correo\"><input size=\"40\" maxlength=\"400\" class=\"wpcf7-form-control wpcf7-email wpcf7-validates-as-required wpcf7-text wpcf7-validates-as-email\" aria-required=\"true\" aria-invalid=\"false\" placeholder=\"Correo electr\u00f3nico\" value=\"\" type=\"email\" name=\"correo\" \/><\/span>\n<\/p>\n<p><span class=\"wpcf7-form-control-wrap\" data-name=\"fecha-nacimiento\"><input class=\"wpcf7-form-control wpcf7-date wpcf7-validates-as-required wpcf7-validates-as-date\" aria-required=\"true\" aria-invalid=\"false\" placeholder=\"Fecha de nacimiento\" value=\"\" type=\"date\" name=\"fecha-nacimiento\" \/><\/span>\n<\/p>\n<p><strong>Queremos que recibas lo que te interesa, selecciona el correcto para ti:<\/strong>\n<\/p>\n<p><span class=\"wpcf7-form-control-wrap\" data-name=\"temas\"><span class=\"wpcf7-form-control wpcf7-checkbox\"><span class=\"wpcf7-list-item first\"><input type=\"checkbox\" name=\"temas[]\" value=\"Preparatoria\" \/><span class=\"wpcf7-list-item-label\">Preparatoria<\/span><\/span><span class=\"wpcf7-list-item\"><input type=\"checkbox\" name=\"temas[]\" value=\"Profesional\" \/><span class=\"wpcf7-list-item-label\">Profesional<\/span><\/span><span class=\"wpcf7-list-item last\"><input type=\"checkbox\" name=\"temas[]\" value=\"Padres de familia\" \/><span class=\"wpcf7-list-item-label\">Padres de familia<\/span><\/span><\/span><\/span>\n<\/p>\n<center>\n\t<p><span class=\"wpcf7-form-control-wrap\" data-name=\"acceptance-167\"><span class=\"wpcf7-form-control wpcf7-acceptance\"><span class=\"wpcf7-list-item\"><label><input type=\"checkbox\" name=\"acceptance-167\" value=\"1\" aria-invalid=\"false\" \/><span class=\"wpcf7-list-item-label\">Acepto los t\u00e9rminos y condiciones<\/span><\/label><\/span><\/span><\/span><br \/>\n<input class=\"wpcf7-form-control wpcf7-submit has-spinner btn-enviar\" type=\"submit\" value=\"Enviar respuestas\" \/>\n\t<\/p>\n<\/center><div class=\"wpcf7-response-output\" aria-hidden=\"true\"><\/div>\n<\/form>\n<\/div>\n<\/p><\/div><\/div><\/div><\/div><\/div><\/div><\/div><\/div>\n","protected":false},"excerpt":{"rendered":"<p>Estemos en contacto\u00bfTe gustar\u00eda conocer m\u00e1s sobre CETYS Universidad?Suscr\u00edbete a nuestro bolet\u00edn.<\/p>\n","protected":false},"author":1,"featured_media":0,"parent":0,"menu_order":0,"comment_status":"closed","ping_status":"closed","template":"","meta":{"_acf_changed":false,"footnotes":""},"class_list":["post-28","page","type-page","status-publish","hentry"],"acf":[],"yoast_head":"<!-- This site is optimized with the Yoast SEO plugin v26.6 - https:\/\/yoast.com\/wordpress\/plugins\/seo\/ -->\n<title>Bolet\u00edn - CETYS - Cambias t\u00fa, cambia el mundo.<\/title>\n<meta name=\"robots\" content=\"index, follow, max-snippet:-1, max-image-preview:large, max-video-preview:-1\" \/>\n<link rel=\"canonical\" href=\"https:\/\/www.cetys.mx\/cambiastu\/boletin\/\" \/>\n<meta property=\"og:locale\" content=\"es_MX\" \/>\n<meta property=\"og:type\" content=\"article\" \/>\n<meta property=\"og:title\" content=\"Bolet\u00edn - CETYS - Cambias t\u00fa, cambia el mundo.\" \/>\n<meta property=\"og:description\" content=\"Estemos en contacto\u00bfTe gustar\u00eda conocer m\u00e1s sobre CETYS Universidad?Suscr\u00edbete a nuestro bolet\u00edn.\" \/>\n<meta property=\"og:url\" content=\"https:\/\/www.cetys.mx\/cambiastu\/boletin\/\" \/>\n<meta property=\"og:site_name\" content=\"CETYS - Cambias t\u00fa, cambia el mundo.\" \/>\n<meta property=\"article:modified_time\" content=\"2021-11-16T08:03:51+00:00\" \/>\n<meta name=\"twitter:card\" content=\"summary_large_image\" \/>\n<script type=\"application\/ld+json\" class=\"yoast-schema-graph\">{\"@context\":\"https:\/\/schema.org\",\"@graph\":[{\"@type\":\"WebPage\",\"@id\":\"https:\/\/www.cetys.mx\/cambiastu\/boletin\/\",\"url\":\"https:\/\/www.cetys.mx\/cambiastu\/boletin\/\",\"name\":\"Bolet\u00edn - CETYS - Cambias t\u00fa, cambia el mundo.\",\"isPartOf\":{\"@id\":\"https:\/\/www.cetys.mx\/cambiastu\/#website\"},\"datePublished\":\"2021-11-16T04:17:51+00:00\",\"dateModified\":\"2021-11-16T08:03:51+00:00\",\"breadcrumb\":{\"@id\":\"https:\/\/www.cetys.mx\/cambiastu\/boletin\/#breadcrumb\"},\"inLanguage\":\"es\",\"potentialAction\":[{\"@type\":\"ReadAction\",\"target\":[\"https:\/\/www.cetys.mx\/cambiastu\/boletin\/\"]}]},{\"@type\":\"BreadcrumbList\",\"@id\":\"https:\/\/www.cetys.mx\/cambiastu\/boletin\/#breadcrumb\",\"itemListElement\":[{\"@type\":\"ListItem\",\"position\":1,\"name\":\"Inicio\",\"item\":\"https:\/\/www.cetys.mx\/cambiastu\/\"},{\"@type\":\"ListItem\",\"position\":2,\"name\":\"Bolet\u00edn\"}]},{\"@type\":\"WebSite\",\"@id\":\"https:\/\/www.cetys.mx\/cambiastu\/#website\",\"url\":\"https:\/\/www.cetys.mx\/cambiastu\/\",\"name\":\"CETYS - Cambias t\u00fa, cambia el mundo.\",\"description\":\"\",\"publisher\":{\"@id\":\"https:\/\/www.cetys.mx\/cambiastu\/#organization\"},\"potentialAction\":[{\"@type\":\"SearchAction\",\"target\":{\"@type\":\"EntryPoint\",\"urlTemplate\":\"https:\/\/www.cetys.mx\/cambiastu\/?s={search_term_string}\"},\"query-input\":{\"@type\":\"PropertyValueSpecification\",\"valueRequired\":true,\"valueName\":\"search_term_string\"}}],\"inLanguage\":\"es\"},{\"@type\":\"Organization\",\"@id\":\"https:\/\/www.cetys.mx\/cambiastu\/#organization\",\"name\":\"CETYS - Cambias t\u00fa, cambia el mundo.\",\"url\":\"https:\/\/www.cetys.mx\/cambiastu\/\",\"logo\":{\"@type\":\"ImageObject\",\"inLanguage\":\"es\",\"@id\":\"https:\/\/www.cetys.mx\/cambiastu\/#\/schema\/logo\/image\/\",\"url\":\"https:\/\/www.cetys.mx\/cambiastu\/wp-content\/uploads\/2021\/11\/logo-cetys-color-v3.png\",\"contentUrl\":\"https:\/\/www.cetys.mx\/cambiastu\/wp-content\/uploads\/2021\/11\/logo-cetys-color-v3.png\",\"width\":182,\"height\":150,\"caption\":\"CETYS - Cambias t\u00fa, cambia el mundo.\"},\"image\":{\"@id\":\"https:\/\/www.cetys.mx\/cambiastu\/#\/schema\/logo\/image\/\"}}]}<\/script>\n<!-- \/ Yoast SEO plugin. -->","yoast_head_json":{"title":"Bolet\u00edn - CETYS - Cambias t\u00fa, cambia el mundo.","robots":{"index":"index","follow":"follow","max-snippet":"max-snippet:-1","max-image-preview":"max-image-preview:large","max-video-preview":"max-video-preview:-1"},"canonical":"https:\/\/www.cetys.mx\/cambiastu\/boletin\/","og_locale":"es_MX","og_type":"article","og_title":"Bolet\u00edn - CETYS - Cambias t\u00fa, cambia el mundo.","og_description":"Estemos en contacto\u00bfTe gustar\u00eda conocer m\u00e1s sobre CETYS Universidad?Suscr\u00edbete a nuestro bolet\u00edn.","og_url":"https:\/\/www.cetys.mx\/cambiastu\/boletin\/","og_site_name":"CETYS - Cambias t\u00fa, cambia el mundo.","article_modified_time":"2021-11-16T08:03:51+00:00","twitter_card":"summary_large_image","schema":{"@context":"https:\/\/schema.org","@graph":[{"@type":"WebPage","@id":"https:\/\/www.cetys.mx\/cambiastu\/boletin\/","url":"https:\/\/www.cetys.mx\/cambiastu\/boletin\/","name":"Bolet\u00edn - CETYS - Cambias t\u00fa, cambia el mundo.","isPartOf":{"@id":"https:\/\/www.cetys.mx\/cambiastu\/#website"},"datePublished":"2021-11-16T04:17:51+00:00","dateModified":"2021-11-16T08:03:51+00:00","breadcrumb":{"@id":"https:\/\/www.cetys.mx\/cambiastu\/boletin\/#breadcrumb"},"inLanguage":"es","potentialAction":[{"@type":"ReadAction","target":["https:\/\/www.cetys.mx\/cambiastu\/boletin\/"]}]},{"@type":"BreadcrumbList","@id":"https:\/\/www.cetys.mx\/cambiastu\/boletin\/#breadcrumb","itemListElement":[{"@type":"ListItem","position":1,"name":"Inicio","item":"https:\/\/www.cetys.mx\/cambiastu\/"},{"@type":"ListItem","position":2,"name":"Bolet\u00edn"}]},{"@type":"WebSite","@id":"https:\/\/www.cetys.mx\/cambiastu\/#website","url":"https:\/\/www.cetys.mx\/cambiastu\/","name":"CETYS - Cambias t\u00fa, cambia el mundo.","description":"","publisher":{"@id":"https:\/\/www.cetys.mx\/cambiastu\/#organization"},"potentialAction":[{"@type":"SearchAction","target":{"@type":"EntryPoint","urlTemplate":"https:\/\/www.cetys.mx\/cambiastu\/?s={search_term_string}"},"query-input":{"@type":"PropertyValueSpecification","valueRequired":true,"valueName":"search_term_string"}}],"inLanguage":"es"},{"@type":"Organization","@id":"https:\/\/www.cetys.mx\/cambiastu\/#organization","name":"CETYS - Cambias t\u00fa, cambia el mundo.","url":"https:\/\/www.cetys.mx\/cambiastu\/","logo":{"@type":"ImageObject","inLanguage":"es","@id":"https:\/\/www.cetys.mx\/cambiastu\/#\/schema\/logo\/image\/","url":"https:\/\/www.cetys.mx\/cambiastu\/wp-content\/uploads\/2021\/11\/logo-cetys-color-v3.png","contentUrl":"https:\/\/www.cetys.mx\/cambiastu\/wp-content\/uploads\/2021\/11\/logo-cetys-color-v3.png","width":182,"height":150,"caption":"CETYS - Cambias t\u00fa, cambia el mundo."},"image":{"@id":"https:\/\/www.cetys.mx\/cambiastu\/#\/schema\/logo\/image\/"}}]}},"_links":{"self":[{"href":"https:\/\/www.cetys.mx\/cambiastu\/wp-json\/wp\/v2\/pages\/28","targetHints":{"allow":["GET"]}}],"collection":[{"href":"https:\/\/www.cetys.mx\/cambiastu\/wp-json\/wp\/v2\/pages"}],"about":[{"href":"https:\/\/www.cetys.mx\/cambiastu\/wp-json\/wp\/v2\/types\/page"}],"author":[{"embeddable":true,"href":"https:\/\/www.cetys.mx\/cambiastu\/wp-json\/wp\/v2\/users\/1"}],"replies":[{"embeddable":true,"href":"https:\/\/www.cetys.mx\/cambiastu\/wp-json\/wp\/v2\/comments?post=28"}],"version-history":[{"count":5,"href":"https:\/\/www.cetys.mx\/cambiastu\/wp-json\/wp\/v2\/pages\/28\/revisions"}],"predecessor-version":[{"id":62,"href":"https:\/\/www.cetys.mx\/cambiastu\/wp-json\/wp\/v2\/pages\/28\/revisions\/62"}],"wp:attachment":[{"href":"https:\/\/www.cetys.mx\/cambiastu\/wp-json\/wp\/v2\/media?parent=28"}],"curies":[{"name":"wp","href":"https:\/\/api.w.org\/{rel}","templated":true}]}}